{"id":13481,"date":"2022-11-03T14:19:41","date_gmt":"2022-11-03T13:19:41","guid":{"rendered":"http:\/\/aem.hr\/?page_id=13481"},"modified":"2022-11-03T14:19:42","modified_gmt":"2022-11-03T13:19:42","slug":"marija-pandzic-uloga-i-valorizacija-zena-razlicitih-religija-i-vjeroispovijesti-tijekom-pandemije-korona-virusa","status":"publish","type":"page","link":"https:\/\/aem.hr\/en\/marija-pandzic-uloga-i-valorizacija-zena-razlicitih-religija-i-vjeroispovijesti-tijekom-pandemije-korona-virusa\/","title":{"rendered":"Marija Pand\u017ei\u0107 &#8211; &#8220;Uloga i valorizacija \u017eena razli\u010ditih religija i vjeroispovijesti tijekom pandemije korona virusa&#8221;"},"content":{"rendered":"\n<div class=\"wp-block-file\"><a id=\"wp-block-file--media-efc08e1f-be8e-4377-8635-3bd70acb6621\" href=\"https:\/\/aem.hr\/wp-content\/uploads\/2022\/11\/1.-Sestra-Smilja-Cirko.pdf\">1. Sestra Smilja \u010cirko<\/a><a href=\"https:\/\/aem.hr\/wp-content\/uploads\/2022\/11\/1.-Sestra-Smilja-Cirko.pdf\" class=\"wp-block-file__button wp-element-button\" download aria-describedby=\"wp-block-file--media-efc08e1f-be8e-4377-8635-3bd70acb6621\">Preuzimanje<\/a><\/div>\n\n\n\n<div class=\"wp-block-file\"><a id=\"wp-block-file--media-a0352a7d-4073-448e-bc93-1990f58ee253\" href=\"https:\/\/aem.hr\/wp-content\/uploads\/2022\/11\/2.-Petir-i-Juretic-jednoglasne.pdf\">2. Petir i Jureti\u0107 jednoglasne<\/a><a href=\"https:\/\/aem.hr\/wp-content\/uploads\/2022\/11\/2.-Petir-i-Juretic-jednoglasne.pdf\" class=\"wp-block-file__button wp-element-button\" download aria-describedby=\"wp-block-file--media-a0352a7d-4073-448e-bc93-1990f58ee253\">Preuzimanje<\/a><\/div>\n\n\n\n<div class=\"wp-block-file\"><a id=\"wp-block-file--media-204a661b-4e58-4083-ae46-c809728e1742\" href=\"https:\/\/aem.hr\/wp-content\/uploads\/2022\/11\/3.-Redovnice-o-radu-na-HKR-a.pdf\">3. Redovnice o radu na HKR-a<\/a><a href=\"https:\/\/aem.hr\/wp-content\/uploads\/2022\/11\/3.-Redovnice-o-radu-na-HKR-a.pdf\" class=\"wp-block-file__button wp-element-button\" download aria-describedby=\"wp-block-file--media-204a661b-4e58-4083-ae46-c809728e1742\">Preuzimanje<\/a><\/div>\n\n\n\n<div class=\"wp-block-file\"><a id=\"wp-block-file--media-c6abcbb5-eed9-4726-9654-8af5ab421763\" href=\"https:\/\/aem.hr\/wp-content\/uploads\/2022\/11\/4.-Medijske-djelatnice-i-urednice.pdf\">4. Medijske djelatnice i urednice<\/a><a href=\"https:\/\/aem.hr\/wp-content\/uploads\/2022\/11\/4.-Medijske-djelatnice-i-urednice.pdf\" class=\"wp-block-file__button wp-element-button\" download aria-describedby=\"wp-block-file--media-c6abcbb5-eed9-4726-9654-8af5ab421763\">Preuzimanje<\/a><\/div>\n\n\n\n<div class=\"wp-block-file\"><a id=\"wp-block-file--media-60d9b95a-a52e-4c4a-8ebb-e83f2e7bf6e3\" href=\"https:\/\/aem.hr\/wp-content\/uploads\/2022\/11\/5.-Upoznajte-izuzetne-zene-koje.pdf\">5. Upoznajte izuzetne \u017eene koje<\/a><a href=\"https:\/\/aem.hr\/wp-content\/uploads\/2022\/11\/5.-Upoznajte-izuzetne-zene-koje.pdf\" class=\"wp-block-file__button wp-element-button\" download aria-describedby=\"wp-block-file--media-60d9b95a-a52e-4c4a-8ebb-e83f2e7bf6e3\">Preuzimanje<\/a><\/div>\n\n\n\n<p><\/p>\n","protected":false},"excerpt":{"rendered":"","protected":false},"author":18,"featured_media":0,"parent":0,"menu_order":0,"comment_status":"closed","ping_status":"closed","template":"","meta":{"_acf_changed":false,"inline_featured_image":false,"advgb_blocks_editor_width":"","advgb_blocks_columns_visual_guide":"","_links_to":"","_links_to_type":0,"footnotes":""},"class_list":["post-13481","page","type-page","status-publish","hentry"],"acf":[],"yoast_head":"<!-- This site is optimized with the Yoast SEO plugin v25.7 - https:\/\/yoast.com\/wordpress\/plugins\/seo\/ -->\n<title>Marija Pand\u017ei\u0107 - &quot;Uloga i valorizacija \u017eena razli\u010ditih religija i vjeroispovijesti tijekom pandemije korona virusa&quot; - Agencija za elektroni\u010dke medije<\/title>\n<meta name=\"robots\" content=\"index, follow, max-snippet:-1, max-image-preview:large, max-video-preview:-1\" \/>\n<link rel=\"canonical\" href=\"https:\/\/aem.hr\/marija-pandzic-uloga-i-valorizacija-zena-razlicitih-religija-i-vjeroispovijesti-tijekom-pandemije-korona-virusa\/\" \/>\n<meta property=\"og:locale\" content=\"en_US\" \/>\n<meta property=\"og:type\" content=\"article\" \/>\n<meta property=\"og:title\" content=\"Marija Pand\u017ei\u0107 - &quot;Uloga i valorizacija \u017eena razli\u010ditih religija i vjeroispovijesti tijekom pandemije korona virusa&quot; - Agencija za elektroni\u010dke medije\" \/>\n<meta property=\"og:url\" content=\"https:\/\/aem.hr\/marija-pandzic-uloga-i-valorizacija-zena-razlicitih-religija-i-vjeroispovijesti-tijekom-pandemije-korona-virusa\/\" \/>\n<meta property=\"og:site_name\" content=\"Agencija za elektroni\u010dke medije\" \/>\n<meta property=\"article:modified_time\" content=\"2022-11-03T13:19:42+00:00\" \/>\n<meta name=\"twitter:card\" content=\"summary_large_image\" \/>\n<meta name=\"twitter:label1\" content=\"Est. reading time\" \/>\n\t<meta name=\"twitter:data1\" content=\"1 minute\" \/>\n<script type=\"application\/ld+json\" class=\"yoast-schema-graph\">{\"@context\":\"https:\/\/schema.org\",\"@graph\":[{\"@type\":\"WebPage\",\"@id\":\"https:\/\/aem.hr\/marija-pandzic-uloga-i-valorizacija-zena-razlicitih-religija-i-vjeroispovijesti-tijekom-pandemije-korona-virusa\/\",\"url\":\"https:\/\/aem.hr\/marija-pandzic-uloga-i-valorizacija-zena-razlicitih-religija-i-vjeroispovijesti-tijekom-pandemije-korona-virusa\/\",\"name\":\"Marija Pand\u017ei\u0107 - \\\"Uloga i valorizacija \u017eena razli\u010ditih religija i vjeroispovijesti tijekom pandemije korona virusa\\\" - Agencija za elektroni\u010dke medije\",\"isPartOf\":{\"@id\":\"https:\/\/aem.hr\/#website\"},\"datePublished\":\"2022-11-03T13:19:41+00:00\",\"dateModified\":\"2022-11-03T13:19:42+00:00\",\"breadcrumb\":{\"@id\":\"https:\/\/aem.hr\/marija-pandzic-uloga-i-valorizacija-zena-razlicitih-religija-i-vjeroispovijesti-tijekom-pandemije-korona-virusa\/#breadcrumb\"},\"inLanguage\":\"en-US\",\"potentialAction\":[{\"@type\":\"ReadAction\",\"target\":[\"https:\/\/aem.hr\/marija-pandzic-uloga-i-valorizacija-zena-razlicitih-religija-i-vjeroispovijesti-tijekom-pandemije-korona-virusa\/\"]}]},{\"@type\":\"BreadcrumbList\",\"@id\":\"https:\/\/aem.hr\/marija-pandzic-uloga-i-valorizacija-zena-razlicitih-religija-i-vjeroispovijesti-tijekom-pandemije-korona-virusa\/#breadcrumb\",\"itemListElement\":[{\"@type\":\"ListItem\",\"position\":1,\"name\":\"Po\u010detna stranica\",\"item\":\"https:\/\/aem.hr\/\"},{\"@type\":\"ListItem\",\"position\":2,\"name\":\"Marija Pand\u017ei\u0107 &#8211; &#8220;Uloga i valorizacija \u017eena razli\u010ditih religija i vjeroispovijesti tijekom pandemije korona virusa&#8221;\"}]},{\"@type\":\"WebSite\",\"@id\":\"https:\/\/aem.hr\/#website\",\"url\":\"https:\/\/aem.hr\/\",\"name\":\"Agencija za elektroni\u010dke medije\",\"description\":\"\",\"potentialAction\":[{\"@type\":\"SearchAction\",\"target\":{\"@type\":\"EntryPoint\",\"urlTemplate\":\"https:\/\/aem.hr\/?s={search_term_string}\"},\"query-input\":{\"@type\":\"PropertyValueSpecification\",\"valueRequired\":true,\"valueName\":\"search_term_string\"}}],\"inLanguage\":\"en-US\"}]}<\/script>\n<!-- \/ Yoast SEO plugin. -->","yoast_head_json":{"title":"Marija Pand\u017ei\u0107 - \"Uloga i valorizacija \u017eena razli\u010ditih religija i vjeroispovijesti tijekom pandemije korona virusa\" - Agencija za elektroni\u010dke medije","robots":{"index":"index","follow":"follow","max-snippet":"max-snippet:-1","max-image-preview":"max-image-preview:large","max-video-preview":"max-video-preview:-1"},"canonical":"https:\/\/aem.hr\/marija-pandzic-uloga-i-valorizacija-zena-razlicitih-religija-i-vjeroispovijesti-tijekom-pandemije-korona-virusa\/","og_locale":"en_US","og_type":"article","og_title":"Marija Pand\u017ei\u0107 - \"Uloga i valorizacija \u017eena razli\u010ditih religija i vjeroispovijesti tijekom pandemije korona virusa\" - Agencija za elektroni\u010dke medije","og_url":"https:\/\/aem.hr\/marija-pandzic-uloga-i-valorizacija-zena-razlicitih-religija-i-vjeroispovijesti-tijekom-pandemije-korona-virusa\/","og_site_name":"Agencija za elektroni\u010dke medije","article_modified_time":"2022-11-03T13:19:42+00:00","twitter_card":"summary_large_image","twitter_misc":{"Est. reading time":"1 minute"},"schema":{"@context":"https:\/\/schema.org","@graph":[{"@type":"WebPage","@id":"https:\/\/aem.hr\/marija-pandzic-uloga-i-valorizacija-zena-razlicitih-religija-i-vjeroispovijesti-tijekom-pandemije-korona-virusa\/","url":"https:\/\/aem.hr\/marija-pandzic-uloga-i-valorizacija-zena-razlicitih-religija-i-vjeroispovijesti-tijekom-pandemije-korona-virusa\/","name":"Marija Pand\u017ei\u0107 - \"Uloga i valorizacija \u017eena razli\u010ditih religija i vjeroispovijesti tijekom pandemije korona virusa\" - Agencija za elektroni\u010dke medije","isPartOf":{"@id":"https:\/\/aem.hr\/#website"},"datePublished":"2022-11-03T13:19:41+00:00","dateModified":"2022-11-03T13:19:42+00:00","breadcrumb":{"@id":"https:\/\/aem.hr\/marija-pandzic-uloga-i-valorizacija-zena-razlicitih-religija-i-vjeroispovijesti-tijekom-pandemije-korona-virusa\/#breadcrumb"},"inLanguage":"en-US","potentialAction":[{"@type":"ReadAction","target":["https:\/\/aem.hr\/marija-pandzic-uloga-i-valorizacija-zena-razlicitih-religija-i-vjeroispovijesti-tijekom-pandemije-korona-virusa\/"]}]},{"@type":"BreadcrumbList","@id":"https:\/\/aem.hr\/marija-pandzic-uloga-i-valorizacija-zena-razlicitih-religija-i-vjeroispovijesti-tijekom-pandemije-korona-virusa\/#breadcrumb","itemListElement":[{"@type":"ListItem","position":1,"name":"Po\u010detna stranica","item":"https:\/\/aem.hr\/"},{"@type":"ListItem","position":2,"name":"Marija Pand\u017ei\u0107 &#8211; &#8220;Uloga i valorizacija \u017eena razli\u010ditih religija i vjeroispovijesti tijekom pandemije korona virusa&#8221;"}]},{"@type":"WebSite","@id":"https:\/\/aem.hr\/#website","url":"https:\/\/aem.hr\/","name":"Agencija za elektroni\u010dke medije","description":"","potentialAction":[{"@type":"SearchAction","target":{"@type":"EntryPoint","urlTemplate":"https:\/\/aem.hr\/?s={search_term_string}"},"query-input":{"@type":"PropertyValueSpecification","valueRequired":true,"valueName":"search_term_string"}}],"inLanguage":"en-US"}]}},"coauthors":[],"author_meta":{"author_link":"https:\/\/aem.hr\/en\/blog\/author\/mkirac\/","display_name":"Matko Kirac"},"relative_dates":{"created":"Posted 3 years ago","modified":"Updated 3 years ago"},"absolute_dates":{"created":"Posted on 3. November 2022.","modified":"Updated on 3. November 2022."},"absolute_dates_time":{"created":"Posted on 3. November 2022. 14:19","modified":"Updated on 3. November 2022. 14:19"},"featured_img_caption":"","featured_img":false,"series_order":"","_links":{"self":[{"href":"https:\/\/aem.hr\/en\/wp-json\/wp\/v2\/pages\/13481","targetHints":{"allow":["GET"]}}],"collection":[{"href":"https:\/\/aem.hr\/en\/wp-json\/wp\/v2\/pages"}],"about":[{"href":"https:\/\/aem.hr\/en\/wp-json\/wp\/v2\/types\/page"}],"author":[{"embeddable":true,"href":"https:\/\/aem.hr\/en\/wp-json\/wp\/v2\/users\/18"}],"replies":[{"embeddable":true,"href":"https:\/\/aem.hr\/en\/wp-json\/wp\/v2\/comments?post=13481"}],"version-history":[{"count":1,"href":"https:\/\/aem.hr\/en\/wp-json\/wp\/v2\/pages\/13481\/revisions"}],"predecessor-version":[{"id":13492,"href":"https:\/\/aem.hr\/en\/wp-json\/wp\/v2\/pages\/13481\/revisions\/13492"}],"wp:attachment":[{"href":"https:\/\/aem.hr\/en\/wp-json\/wp\/v2\/media?parent=13481"}],"curies":[{"name":"wp","href":"https:\/\/api.w.org\/{rel}","templated":true}]}}