{"id":13494,"date":"2022-11-03T14:22:27","date_gmt":"2022-11-03T13:22:27","guid":{"rendered":"http:\/\/aem.hr\/?page_id=13494"},"modified":"2022-11-03T14:22:28","modified_gmt":"2022-11-03T13:22:28","slug":"sasa-simpraga-zasto-nema-parka","status":"publish","type":"page","link":"https:\/\/aem.hr\/en\/sasa-simpraga-zasto-nema-parka\/","title":{"rendered":"Sa\u0161a \u0160impraga &#8211; Za\u0161to nema parka"},"content":{"rendered":"\n<div class=\"wp-block-file\"><a id=\"wp-block-file--media-6f05af7e-816d-4ad5-bac9-2a5ec57057df\" href=\"https:\/\/aem.hr\/wp-content\/uploads\/2022\/11\/1.-Zasto-nema-parkova_-Slucaj-Laniste.pdf\">1. Za\u0161to nema parkova_ Slu\u010daj Lani\u0161te<\/a><a href=\"https:\/\/aem.hr\/wp-content\/uploads\/2022\/11\/1.-Zasto-nema-parkova_-Slucaj-Laniste.pdf\" class=\"wp-block-file__button wp-element-button\" download aria-describedby=\"wp-block-file--media-6f05af7e-816d-4ad5-bac9-2a5ec57057df\">Preuzimanje<\/a><\/div>\n\n\n\n<div class=\"wp-block-file\"><a id=\"wp-block-file--media-e7721aaa-54ca-4554-a489-66c25267df84\" href=\"https:\/\/aem.hr\/wp-content\/uploads\/2022\/11\/2.-Slucaj-Kajzerica_-park-se-djelomicno-dogodio.pdf\">2. Slu\u010daj Kajzerica_ park se djelomi\u010dno dogodio<\/a><a href=\"https:\/\/aem.hr\/wp-content\/uploads\/2022\/11\/2.-Slucaj-Kajzerica_-park-se-djelomicno-dogodio.pdf\" class=\"wp-block-file__button wp-element-button\" download aria-describedby=\"wp-block-file--media-e7721aaa-54ca-4554-a489-66c25267df84\">Preuzimanje<\/a><\/div>\n\n\n\n<div class=\"wp-block-file\"><a id=\"wp-block-file--media-ad561856-5b6c-4108-9a1c-a99c06bdb910\" href=\"https:\/\/aem.hr\/wp-content\/uploads\/2022\/11\/3.-Kakav-park-zelimo_-Slucaj-Vrbani-2.pdf\">3. Kakav park \u017eelimo_ Slu\u010daj Vrbani 2<\/a><a href=\"https:\/\/aem.hr\/wp-content\/uploads\/2022\/11\/3.-Kakav-park-zelimo_-Slucaj-Vrbani-2.pdf\" class=\"wp-block-file__button wp-element-button\" download aria-describedby=\"wp-block-file--media-ad561856-5b6c-4108-9a1c-a99c06bdb910\">Preuzimanje<\/a><\/div>\n\n\n\n<div class=\"wp-block-file\"><a id=\"wp-block-file--media-2a03b39a-8491-45e1-adc1-cbf62d093b28\" href=\"https:\/\/aem.hr\/wp-content\/uploads\/2022\/11\/4.-Slucaj-Spansko-zapad_-Park-Dase-Drndic.pdf\">4. Slu\u010daj \u0160pansko zapad_ Park Da\u0161e Drndi\u0107<\/a><a href=\"https:\/\/aem.hr\/wp-content\/uploads\/2022\/11\/4.-Slucaj-Spansko-zapad_-Park-Dase-Drndic.pdf\" class=\"wp-block-file__button wp-element-button\" download aria-describedby=\"wp-block-file--media-2a03b39a-8491-45e1-adc1-cbf62d093b28\">Preuzimanje<\/a><\/div>\n\n\n\n<p><\/p>\n","protected":false},"excerpt":{"rendered":"","protected":false},"author":18,"featured_media":0,"parent":0,"menu_order":0,"comment_status":"closed","ping_status":"closed","template":"","meta":{"_acf_changed":false,"inline_featured_image":false,"advgb_blocks_editor_width":"","advgb_blocks_columns_visual_guide":"","_links_to":"","_links_to_type":0,"footnotes":""},"class_list":["post-13494","page","type-page","status-publish","hentry"],"acf":[],"yoast_head":"<!-- This site is optimized with the Yoast SEO plugin v25.7 - https:\/\/yoast.com\/wordpress\/plugins\/seo\/ -->\n<title>Sa\u0161a \u0160impraga - Za\u0161to nema parka - Agencija za elektroni\u010dke medije<\/title>\n<meta name=\"robots\" content=\"index, follow, max-snippet:-1, max-image-preview:large, max-video-preview:-1\" \/>\n<link rel=\"canonical\" href=\"https:\/\/aem.hr\/sasa-simpraga-zasto-nema-parka\/\" \/>\n<meta property=\"og:locale\" content=\"en_US\" \/>\n<meta property=\"og:type\" content=\"article\" \/>\n<meta property=\"og:title\" content=\"Sa\u0161a \u0160impraga - Za\u0161to nema parka - Agencija za elektroni\u010dke medije\" \/>\n<meta property=\"og:url\" content=\"https:\/\/aem.hr\/sasa-simpraga-zasto-nema-parka\/\" \/>\n<meta property=\"og:site_name\" content=\"Agencija za elektroni\u010dke medije\" \/>\n<meta property=\"article:modified_time\" content=\"2022-11-03T13:22:28+00:00\" \/>\n<meta name=\"twitter:card\" content=\"summary_large_image\" \/>\n<meta name=\"twitter:label1\" content=\"Est. reading time\" \/>\n\t<meta name=\"twitter:data1\" content=\"1 minute\" \/>\n<script type=\"application\/ld+json\" class=\"yoast-schema-graph\">{\"@context\":\"https:\/\/schema.org\",\"@graph\":[{\"@type\":\"WebPage\",\"@id\":\"https:\/\/aem.hr\/sasa-simpraga-zasto-nema-parka\/\",\"url\":\"https:\/\/aem.hr\/sasa-simpraga-zasto-nema-parka\/\",\"name\":\"Sa\u0161a \u0160impraga - Za\u0161to nema parka - Agencija za elektroni\u010dke medije\",\"isPartOf\":{\"@id\":\"https:\/\/aem.hr\/#website\"},\"datePublished\":\"2022-11-03T13:22:27+00:00\",\"dateModified\":\"2022-11-03T13:22:28+00:00\",\"breadcrumb\":{\"@id\":\"https:\/\/aem.hr\/sasa-simpraga-zasto-nema-parka\/#breadcrumb\"},\"inLanguage\":\"en-US\",\"potentialAction\":[{\"@type\":\"ReadAction\",\"target\":[\"https:\/\/aem.hr\/sasa-simpraga-zasto-nema-parka\/\"]}]},{\"@type\":\"BreadcrumbList\",\"@id\":\"https:\/\/aem.hr\/sasa-simpraga-zasto-nema-parka\/#breadcrumb\",\"itemListElement\":[{\"@type\":\"ListItem\",\"position\":1,\"name\":\"Po\u010detna stranica\",\"item\":\"https:\/\/aem.hr\/\"},{\"@type\":\"ListItem\",\"position\":2,\"name\":\"Sa\u0161a \u0160impraga &#8211; Za\u0161to nema parka\"}]},{\"@type\":\"WebSite\",\"@id\":\"https:\/\/aem.hr\/#website\",\"url\":\"https:\/\/aem.hr\/\",\"name\":\"Agencija za elektroni\u010dke medije\",\"description\":\"\",\"potentialAction\":[{\"@type\":\"SearchAction\",\"target\":{\"@type\":\"EntryPoint\",\"urlTemplate\":\"https:\/\/aem.hr\/?s={search_term_string}\"},\"query-input\":{\"@type\":\"PropertyValueSpecification\",\"valueRequired\":true,\"valueName\":\"search_term_string\"}}],\"inLanguage\":\"en-US\"}]}<\/script>\n<!-- \/ Yoast SEO plugin. -->","yoast_head_json":{"title":"Sa\u0161a \u0160impraga - Za\u0161to nema parka - Agencija za elektroni\u010dke medije","robots":{"index":"index","follow":"follow","max-snippet":"max-snippet:-1","max-image-preview":"max-image-preview:large","max-video-preview":"max-video-preview:-1"},"canonical":"https:\/\/aem.hr\/sasa-simpraga-zasto-nema-parka\/","og_locale":"en_US","og_type":"article","og_title":"Sa\u0161a \u0160impraga - Za\u0161to nema parka - Agencija za elektroni\u010dke medije","og_url":"https:\/\/aem.hr\/sasa-simpraga-zasto-nema-parka\/","og_site_name":"Agencija za elektroni\u010dke medije","article_modified_time":"2022-11-03T13:22:28+00:00","twitter_card":"summary_large_image","twitter_misc":{"Est. reading time":"1 minute"},"schema":{"@context":"https:\/\/schema.org","@graph":[{"@type":"WebPage","@id":"https:\/\/aem.hr\/sasa-simpraga-zasto-nema-parka\/","url":"https:\/\/aem.hr\/sasa-simpraga-zasto-nema-parka\/","name":"Sa\u0161a \u0160impraga - Za\u0161to nema parka - Agencija za elektroni\u010dke medije","isPartOf":{"@id":"https:\/\/aem.hr\/#website"},"datePublished":"2022-11-03T13:22:27+00:00","dateModified":"2022-11-03T13:22:28+00:00","breadcrumb":{"@id":"https:\/\/aem.hr\/sasa-simpraga-zasto-nema-parka\/#breadcrumb"},"inLanguage":"en-US","potentialAction":[{"@type":"ReadAction","target":["https:\/\/aem.hr\/sasa-simpraga-zasto-nema-parka\/"]}]},{"@type":"BreadcrumbList","@id":"https:\/\/aem.hr\/sasa-simpraga-zasto-nema-parka\/#breadcrumb","itemListElement":[{"@type":"ListItem","position":1,"name":"Po\u010detna stranica","item":"https:\/\/aem.hr\/"},{"@type":"ListItem","position":2,"name":"Sa\u0161a \u0160impraga &#8211; Za\u0161to nema parka"}]},{"@type":"WebSite","@id":"https:\/\/aem.hr\/#website","url":"https:\/\/aem.hr\/","name":"Agencija za elektroni\u010dke medije","description":"","potentialAction":[{"@type":"SearchAction","target":{"@type":"EntryPoint","urlTemplate":"https:\/\/aem.hr\/?s={search_term_string}"},"query-input":{"@type":"PropertyValueSpecification","valueRequired":true,"valueName":"search_term_string"}}],"inLanguage":"en-US"}]}},"coauthors":[],"author_meta":{"author_link":"https:\/\/aem.hr\/en\/blog\/author\/mkirac\/","display_name":"Matko Kirac"},"relative_dates":{"created":"Posted 3 years ago","modified":"Updated 3 years ago"},"absolute_dates":{"created":"Posted on 3. November 2022.","modified":"Updated on 3. November 2022."},"absolute_dates_time":{"created":"Posted on 3. November 2022. 14:22","modified":"Updated on 3. November 2022. 14:22"},"featured_img_caption":"","featured_img":false,"series_order":"","_links":{"self":[{"href":"https:\/\/aem.hr\/en\/wp-json\/wp\/v2\/pages\/13494","targetHints":{"allow":["GET"]}}],"collection":[{"href":"https:\/\/aem.hr\/en\/wp-json\/wp\/v2\/pages"}],"about":[{"href":"https:\/\/aem.hr\/en\/wp-json\/wp\/v2\/types\/page"}],"author":[{"embeddable":true,"href":"https:\/\/aem.hr\/en\/wp-json\/wp\/v2\/users\/18"}],"replies":[{"embeddable":true,"href":"https:\/\/aem.hr\/en\/wp-json\/wp\/v2\/comments?post=13494"}],"version-history":[{"count":1,"href":"https:\/\/aem.hr\/en\/wp-json\/wp\/v2\/pages\/13494\/revisions"}],"predecessor-version":[{"id":13504,"href":"https:\/\/aem.hr\/en\/wp-json\/wp\/v2\/pages\/13494\/revisions\/13504"}],"wp:attachment":[{"href":"https:\/\/aem.hr\/en\/wp-json\/wp\/v2\/media?parent=13494"}],"curies":[{"name":"wp","href":"https:\/\/api.w.org\/{rel}","templated":true}]}}