{"id":13506,"date":"2022-11-03T14:24:59","date_gmt":"2022-11-03T13:24:59","guid":{"rendered":"http:\/\/aem.hr\/?page_id=13506"},"modified":"2023-05-31T14:02:09","modified_gmt":"2023-05-31T12:02:09","slug":"drazen-tomic-utjecaj-digitalne-transformacije-na-razvoj-javnih-usluga-u-hrvatskoj","status":"publish","type":"page","link":"https:\/\/aem.hr\/en\/drazen-tomic-utjecaj-digitalne-transformacije-na-razvoj-javnih-usluga-u-hrvatskoj\/","title":{"rendered":"Dra\u017een Tomi\u0107 &#8211; Utjecaj digitalne transformacije na razvoj javnih usluga u Hrvatskoj"},"content":{"rendered":"\n<div class=\"wp-block-file\"><a id=\"wp-block-file--media-cef1074a-2c68-4e3f-a32d-735ab702d1bc\" href=\"https:\/\/aem.hr\/wp-content\/uploads\/2022\/11\/1.-Pad-Hrvatske-na-DESI-indeksu.pdf\">1. Pad Hrvatske na DESI indeksu<\/a><a href=\"https:\/\/aem.hr\/wp-content\/uploads\/2022\/11\/1.-Pad-Hrvatske-na-DESI-indeksu.pdf\" class=\"wp-block-file__button wp-element-button\" download aria-describedby=\"wp-block-file--media-cef1074a-2c68-4e3f-a32d-735ab702d1bc\">Preuzimanje<\/a><\/div>\n\n\n\n<div class=\"wp-block-file\"><a id=\"wp-block-file--media-8ddf2f8b-56cc-41b2-ab40-b89add056a4e\" href=\"https:\/\/aem.hr\/wp-content\/uploads\/2022\/11\/2.-Nova-strategija-digitalizacije-Hrvatske.pdf\">2. Nova strategija digitalizacije Hrvatske<\/a><a href=\"https:\/\/aem.hr\/wp-content\/uploads\/2022\/11\/2.-Nova-strategija-digitalizacije-Hrvatske.pdf\" class=\"wp-block-file__button wp-element-button\" download aria-describedby=\"wp-block-file--media-8ddf2f8b-56cc-41b2-ab40-b89add056a4e\">Preuzimanje<\/a><\/div>\n\n\n\n<div class=\"wp-block-file\"><a id=\"wp-block-file--media-fd8da562-83b2-4f44-a6dc-432156e1ae77\" href=\"https:\/\/aem.hr\/wp-content\/uploads\/2022\/11\/3.-Veliki-IT-projekti-za-drzavu-se-nastavljaju.pdf\">3. Veliki IT projekti za dr\u017eavu se nastavljaju<\/a><a href=\"https:\/\/aem.hr\/wp-content\/uploads\/2022\/11\/3.-Veliki-IT-projekti-za-drzavu-se-nastavljaju.pdf\" class=\"wp-block-file__button wp-element-button\" download aria-describedby=\"wp-block-file--media-fd8da562-83b2-4f44-a6dc-432156e1ae77\">Preuzimanje<\/a><\/div>\n\n\n\n<div class=\"wp-block-file\"><a id=\"wp-block-file--media-bf484bb6-3fa9-4dac-9f93-4292651fffba\" href=\"https:\/\/aem.hr\/wp-content\/uploads\/2022\/11\/4.-Vazna-rjesenja-za-digitalizaciju-i-digitalnu-transformaciju.pdf\">4. Va\u017ena rje\u0161enja za digitalizaciju i digitalnu transformaciju<\/a><a href=\"https:\/\/aem.hr\/wp-content\/uploads\/2022\/11\/4.-Vazna-rjesenja-za-digitalizaciju-i-digitalnu-transformaciju.pdf\" class=\"wp-block-file__button wp-element-button\" download aria-describedby=\"wp-block-file--media-bf484bb6-3fa9-4dac-9f93-4292651fffba\">Preuzimanje<\/a><\/div>\n\n\n\n<div class=\"wp-block-file\"><a id=\"wp-block-file--media-f5373f2c-4cf8-4d6e-bf90-36f53207b676\" href=\"https:\/\/aem.hr\/wp-content\/uploads\/2022\/11\/5.-Postoje-velike-prilike-za-poboljsanje-digitalizacije-javnih-usluga.pdf\">5. Postoje velike prilike za pobolj\u0161anje digitalizacije javnih usluga<\/a><a href=\"https:\/\/aem.hr\/wp-content\/uploads\/2022\/11\/5.-Postoje-velike-prilike-za-poboljsanje-digitalizacije-javnih-usluga.pdf\" class=\"wp-block-file__button wp-element-button\" download aria-describedby=\"wp-block-file--media-f5373f2c-4cf8-4d6e-bf90-36f53207b676\">Preuzimanje<\/a><\/div>\n\n\n\n<div class=\"wp-block-file\"><a id=\"wp-block-file--media-5fa0360a-a24a-4e22-ab5f-02de8eb3b956\" href=\"https:\/\/aem.hr\/wp-content\/uploads\/2022\/11\/6.-Kompleksne-digitalne-usluge-moraju-biti-jednostavne.pdf\">6. Kompleksne digitalne usluge moraju biti jednostavne<\/a><a href=\"https:\/\/aem.hr\/wp-content\/uploads\/2022\/11\/6.-Kompleksne-digitalne-usluge-moraju-biti-jednostavne.pdf\" class=\"wp-block-file__button wp-element-button\" download aria-describedby=\"wp-block-file--media-5fa0360a-a24a-4e22-ab5f-02de8eb3b956\">Preuzimanje<\/a><\/div>\n\n\n\n<div class=\"wp-block-file\"><a id=\"wp-block-file--media-d3b7f287-b479-47bb-84c1-3d7a5d75a94b\" href=\"https:\/\/aem.hr\/wp-content\/uploads\/2022\/11\/7.-Hrvatska-na-19-mjestu-po-digitalizaciji-tvrtki-u-EU.pdf\">7. Hrvatska na 19 mjestu po digitalizaciji tvrtki u EU<\/a><a href=\"https:\/\/aem.hr\/wp-content\/uploads\/2022\/11\/7.-Hrvatska-na-19-mjestu-po-digitalizaciji-tvrtki-u-EU.pdf\" class=\"wp-block-file__button wp-element-button\" download aria-describedby=\"wp-block-file--media-d3b7f287-b479-47bb-84c1-3d7a5d75a94b\">Preuzimanje<\/a><\/div>\n\n\n\n<div class=\"wp-block-file\"><a id=\"wp-block-file--media-f1b1c582-ef87-45d8-b6e7-6833e93ab163\" href=\"https:\/\/aem.hr\/wp-content\/uploads\/2022\/11\/8.-Digitalizacija-holdinga-i-objedinjavanje-IT-resursa.pdf\">8. Digitalizacija holdinga i objedinjavanje IT resursa<\/a><a href=\"https:\/\/aem.hr\/wp-content\/uploads\/2022\/11\/8.-Digitalizacija-holdinga-i-objedinjavanje-IT-resursa.pdf\" class=\"wp-block-file__button wp-element-button\" download aria-describedby=\"wp-block-file--media-f1b1c582-ef87-45d8-b6e7-6833e93ab163\">Preuzimanje<\/a><\/div>\n\n\n\n<p><\/p>\n","protected":false},"excerpt":{"rendered":"","protected":false},"author":18,"featured_media":0,"parent":0,"menu_order":0,"comment_status":"closed","ping_status":"closed","template":"","meta":{"_acf_changed":false,"inline_featured_image":false,"advgb_blocks_editor_width":"","advgb_blocks_columns_visual_guide":"","_links_to":"","_links_to_type":0,"footnotes":""},"class_list":["post-13506","page","type-page","status-publish","hentry"],"acf":[],"yoast_head":"<!-- This site is optimized with the Yoast SEO plugin v25.7 - https:\/\/yoast.com\/wordpress\/plugins\/seo\/ -->\n<title>Dra\u017een Tomi\u0107 - Utjecaj digitalne transformacije na razvoj javnih usluga u Hrvatskoj - Agencija za elektroni\u010dke medije<\/title>\n<meta name=\"robots\" content=\"index, follow, max-snippet:-1, max-image-preview:large, max-video-preview:-1\" \/>\n<link rel=\"canonical\" href=\"https:\/\/aem.hr\/drazen-tomic-utjecaj-digitalne-transformacije-na-razvoj-javnih-usluga-u-hrvatskoj\/\" \/>\n<meta property=\"og:locale\" content=\"en_US\" \/>\n<meta property=\"og:type\" content=\"article\" \/>\n<meta property=\"og:title\" content=\"Dra\u017een Tomi\u0107 - Utjecaj digitalne transformacije na razvoj javnih usluga u Hrvatskoj - Agencija za elektroni\u010dke medije\" \/>\n<meta property=\"og:url\" content=\"https:\/\/aem.hr\/drazen-tomic-utjecaj-digitalne-transformacije-na-razvoj-javnih-usluga-u-hrvatskoj\/\" \/>\n<meta property=\"og:site_name\" content=\"Agencija za elektroni\u010dke medije\" \/>\n<meta property=\"article:modified_time\" content=\"2023-05-31T12:02:09+00:00\" \/>\n<meta name=\"twitter:card\" content=\"summary_large_image\" \/>\n<meta name=\"twitter:label1\" content=\"Est. reading time\" \/>\n\t<meta name=\"twitter:data1\" content=\"1 minute\" \/>\n<script type=\"application\/ld+json\" class=\"yoast-schema-graph\">{\"@context\":\"https:\/\/schema.org\",\"@graph\":[{\"@type\":\"WebPage\",\"@id\":\"https:\/\/aem.hr\/drazen-tomic-utjecaj-digitalne-transformacije-na-razvoj-javnih-usluga-u-hrvatskoj\/\",\"url\":\"https:\/\/aem.hr\/drazen-tomic-utjecaj-digitalne-transformacije-na-razvoj-javnih-usluga-u-hrvatskoj\/\",\"name\":\"Dra\u017een Tomi\u0107 - Utjecaj digitalne transformacije na razvoj javnih usluga u Hrvatskoj - Agencija za elektroni\u010dke medije\",\"isPartOf\":{\"@id\":\"https:\/\/aem.hr\/#website\"},\"datePublished\":\"2022-11-03T13:24:59+00:00\",\"dateModified\":\"2023-05-31T12:02:09+00:00\",\"breadcrumb\":{\"@id\":\"https:\/\/aem.hr\/drazen-tomic-utjecaj-digitalne-transformacije-na-razvoj-javnih-usluga-u-hrvatskoj\/#breadcrumb\"},\"inLanguage\":\"en-US\",\"potentialAction\":[{\"@type\":\"ReadAction\",\"target\":[\"https:\/\/aem.hr\/drazen-tomic-utjecaj-digitalne-transformacije-na-razvoj-javnih-usluga-u-hrvatskoj\/\"]}]},{\"@type\":\"BreadcrumbList\",\"@id\":\"https:\/\/aem.hr\/drazen-tomic-utjecaj-digitalne-transformacije-na-razvoj-javnih-usluga-u-hrvatskoj\/#breadcrumb\",\"itemListElement\":[{\"@type\":\"ListItem\",\"position\":1,\"name\":\"Po\u010detna stranica\",\"item\":\"https:\/\/aem.hr\/\"},{\"@type\":\"ListItem\",\"position\":2,\"name\":\"Dra\u017een Tomi\u0107 &#8211; Utjecaj digitalne transformacije na razvoj javnih usluga u Hrvatskoj\"}]},{\"@type\":\"WebSite\",\"@id\":\"https:\/\/aem.hr\/#website\",\"url\":\"https:\/\/aem.hr\/\",\"name\":\"Agencija za elektroni\u010dke medije\",\"description\":\"\",\"potentialAction\":[{\"@type\":\"SearchAction\",\"target\":{\"@type\":\"EntryPoint\",\"urlTemplate\":\"https:\/\/aem.hr\/?s={search_term_string}\"},\"query-input\":{\"@type\":\"PropertyValueSpecification\",\"valueRequired\":true,\"valueName\":\"search_term_string\"}}],\"inLanguage\":\"en-US\"}]}<\/script>\n<!-- \/ Yoast SEO plugin. -->","yoast_head_json":{"title":"Dra\u017een Tomi\u0107 - Utjecaj digitalne transformacije na razvoj javnih usluga u Hrvatskoj - Agencija za elektroni\u010dke medije","robots":{"index":"index","follow":"follow","max-snippet":"max-snippet:-1","max-image-preview":"max-image-preview:large","max-video-preview":"max-video-preview:-1"},"canonical":"https:\/\/aem.hr\/drazen-tomic-utjecaj-digitalne-transformacije-na-razvoj-javnih-usluga-u-hrvatskoj\/","og_locale":"en_US","og_type":"article","og_title":"Dra\u017een Tomi\u0107 - Utjecaj digitalne transformacije na razvoj javnih usluga u Hrvatskoj - Agencija za elektroni\u010dke medije","og_url":"https:\/\/aem.hr\/drazen-tomic-utjecaj-digitalne-transformacije-na-razvoj-javnih-usluga-u-hrvatskoj\/","og_site_name":"Agencija za elektroni\u010dke medije","article_modified_time":"2023-05-31T12:02:09+00:00","twitter_card":"summary_large_image","twitter_misc":{"Est. reading time":"1 minute"},"schema":{"@context":"https:\/\/schema.org","@graph":[{"@type":"WebPage","@id":"https:\/\/aem.hr\/drazen-tomic-utjecaj-digitalne-transformacije-na-razvoj-javnih-usluga-u-hrvatskoj\/","url":"https:\/\/aem.hr\/drazen-tomic-utjecaj-digitalne-transformacije-na-razvoj-javnih-usluga-u-hrvatskoj\/","name":"Dra\u017een Tomi\u0107 - Utjecaj digitalne transformacije na razvoj javnih usluga u Hrvatskoj - Agencija za elektroni\u010dke medije","isPartOf":{"@id":"https:\/\/aem.hr\/#website"},"datePublished":"2022-11-03T13:24:59+00:00","dateModified":"2023-05-31T12:02:09+00:00","breadcrumb":{"@id":"https:\/\/aem.hr\/drazen-tomic-utjecaj-digitalne-transformacije-na-razvoj-javnih-usluga-u-hrvatskoj\/#breadcrumb"},"inLanguage":"en-US","potentialAction":[{"@type":"ReadAction","target":["https:\/\/aem.hr\/drazen-tomic-utjecaj-digitalne-transformacije-na-razvoj-javnih-usluga-u-hrvatskoj\/"]}]},{"@type":"BreadcrumbList","@id":"https:\/\/aem.hr\/drazen-tomic-utjecaj-digitalne-transformacije-na-razvoj-javnih-usluga-u-hrvatskoj\/#breadcrumb","itemListElement":[{"@type":"ListItem","position":1,"name":"Po\u010detna stranica","item":"https:\/\/aem.hr\/"},{"@type":"ListItem","position":2,"name":"Dra\u017een Tomi\u0107 &#8211; Utjecaj digitalne transformacije na razvoj javnih usluga u Hrvatskoj"}]},{"@type":"WebSite","@id":"https:\/\/aem.hr\/#website","url":"https:\/\/aem.hr\/","name":"Agencija za elektroni\u010dke medije","description":"","potentialAction":[{"@type":"SearchAction","target":{"@type":"EntryPoint","urlTemplate":"https:\/\/aem.hr\/?s={search_term_string}"},"query-input":{"@type":"PropertyValueSpecification","valueRequired":true,"valueName":"search_term_string"}}],"inLanguage":"en-US"}]}},"coauthors":[],"author_meta":{"author_link":"https:\/\/aem.hr\/en\/blog\/author\/mkirac\/","display_name":"Matko Kirac"},"relative_dates":{"created":"Posted 3 years ago","modified":"Updated 3 years ago"},"absolute_dates":{"created":"Posted on 3. November 2022.","modified":"Updated on 31. May 2023."},"absolute_dates_time":{"created":"Posted on 3. November 2022. 14:24","modified":"Updated on 31. May 2023. 14:02"},"featured_img_caption":"","featured_img":false,"series_order":"","_links":{"self":[{"href":"https:\/\/aem.hr\/en\/wp-json\/wp\/v2\/pages\/13506","targetHints":{"allow":["GET"]}}],"collection":[{"href":"https:\/\/aem.hr\/en\/wp-json\/wp\/v2\/pages"}],"about":[{"href":"https:\/\/aem.hr\/en\/wp-json\/wp\/v2\/types\/page"}],"author":[{"embeddable":true,"href":"https:\/\/aem.hr\/en\/wp-json\/wp\/v2\/users\/18"}],"replies":[{"embeddable":true,"href":"https:\/\/aem.hr\/en\/wp-json\/wp\/v2\/comments?post=13506"}],"version-history":[{"count":2,"href":"https:\/\/aem.hr\/en\/wp-json\/wp\/v2\/pages\/13506\/revisions"}],"predecessor-version":[{"id":16500,"href":"https:\/\/aem.hr\/en\/wp-json\/wp\/v2\/pages\/13506\/revisions\/16500"}],"wp:attachment":[{"href":"https:\/\/aem.hr\/en\/wp-json\/wp\/v2\/media?parent=13506"}],"curies":[{"name":"wp","href":"https:\/\/api.w.org\/{rel}","templated":true}]}}