{"id":13813,"date":"2022-11-29T12:13:23","date_gmt":"2022-11-29T11:13:23","guid":{"rendered":"http:\/\/aem.hr\/?page_id=13813"},"modified":"2022-11-29T12:13:24","modified_gmt":"2022-11-29T11:13:24","slug":"jasmina-dzanovic-kreditna-omca-nikad-jednostavnija-a-nikad-opasnija","status":"publish","type":"page","link":"https:\/\/aem.hr\/en\/jasmina-dzanovic-kreditna-omca-nikad-jednostavnija-a-nikad-opasnija\/","title":{"rendered":"Jasmina D\u017eanovi\u0107 &#8211; Kreditna om\u010da \u2013 nikad jednostavnija, a nikad opasnija"},"content":{"rendered":"\n<div class=\"wp-block-file\"><a id=\"wp-block-file--media-ea9134bf-8b63-4660-b446-fc918649f4cb\" href=\"https:\/\/aem.hr\/wp-content\/uploads\/2022\/11\/1.-Pogreske-i-problemi-pri-uzimanju.pdf\">1. Pogre\u0161ke i problemi pri uzimanju<\/a><a href=\"https:\/\/aem.hr\/wp-content\/uploads\/2022\/11\/1.-Pogreske-i-problemi-pri-uzimanju.pdf\" class=\"wp-block-file__button wp-element-button\" download aria-describedby=\"wp-block-file--media-ea9134bf-8b63-4660-b446-fc918649f4cb\">Preuzimanje<\/a><\/div>\n\n\n\n<div class=\"wp-block-file\"><a id=\"wp-block-file--media-295a5461-d638-4af9-91c1-e40e3dc3ed12\" href=\"https:\/\/aem.hr\/wp-content\/uploads\/2022\/11\/2.-Na-sto-sve-treba-paziti-prije-upustanja.pdf\">2. Na \u0161to sve treba paziti prije upu\u0161tanja<\/a><a href=\"https:\/\/aem.hr\/wp-content\/uploads\/2022\/11\/2.-Na-sto-sve-treba-paziti-prije-upustanja.pdf\" class=\"wp-block-file__button wp-element-button\" download aria-describedby=\"wp-block-file--media-295a5461-d638-4af9-91c1-e40e3dc3ed12\">Preuzimanje<\/a><\/div>\n\n\n\n<div class=\"wp-block-file\"><a id=\"wp-block-file--media-3e2efe63-19b2-4954-8f28-2408fef27078\" href=\"https:\/\/aem.hr\/wp-content\/uploads\/2022\/11\/3.-VRSTE-KREDITA-kako-se-odluciti.pdf\">3. VRSTE KREDITA &#8211; kako se odlu\u010diti<\/a><a href=\"https:\/\/aem.hr\/wp-content\/uploads\/2022\/11\/3.-VRSTE-KREDITA-kako-se-odluciti.pdf\" class=\"wp-block-file__button wp-element-button\" download aria-describedby=\"wp-block-file--media-3e2efe63-19b2-4954-8f28-2408fef27078\">Preuzimanje<\/a><\/div>\n\n\n\n<div class=\"wp-block-file\"><a id=\"wp-block-file--media-598e5c9b-b305-4e14-ab45-375315ec171e\" href=\"https:\/\/aem.hr\/wp-content\/uploads\/2022\/11\/4.-Kako-upravljati-kreditom-Savjeti.hr_.pdf\">4. Kako upravljati kreditom &#8211; Savjeti.hr_<\/a><a href=\"https:\/\/aem.hr\/wp-content\/uploads\/2022\/11\/4.-Kako-upravljati-kreditom-Savjeti.hr_.pdf\" class=\"wp-block-file__button wp-element-button\" download aria-describedby=\"wp-block-file--media-598e5c9b-b305-4e14-ab45-375315ec171e\">Preuzimanje<\/a><\/div>\n\n\n\n<div class=\"wp-block-file\"><a id=\"wp-block-file--media-d933356c-50b8-4206-a11e-095150665731\" href=\"https:\/\/aem.hr\/wp-content\/uploads\/2022\/11\/5.-Sto-kada-lade-potonu-i-nismo-vise.pdf\">5. \u0160to kada la\u0111e potonu i nismo vi\u0161e<\/a><a href=\"https:\/\/aem.hr\/wp-content\/uploads\/2022\/11\/5.-Sto-kada-lade-potonu-i-nismo-vise.pdf\" class=\"wp-block-file__button wp-element-button\" download aria-describedby=\"wp-block-file--media-d933356c-50b8-4206-a11e-095150665731\">Preuzimanje<\/a><\/div>\n\n\n\n<div class=\"wp-block-file\"><a id=\"wp-block-file--media-fe573d9e-0c4a-4323-bffc-9e32e7dd9a2f\" href=\"https:\/\/aem.hr\/wp-content\/uploads\/2022\/11\/6.-Kako-rijesiti-situaciju-ako-dode.pdf\">6. Kako rije\u0161iti situaciju ako do\u0111e<\/a><a href=\"https:\/\/aem.hr\/wp-content\/uploads\/2022\/11\/6.-Kako-rijesiti-situaciju-ako-dode.pdf\" class=\"wp-block-file__button wp-element-button\" download aria-describedby=\"wp-block-file--media-fe573d9e-0c4a-4323-bffc-9e32e7dd9a2f\">Preuzimanje<\/a><\/div>\n\n\n\n<p><\/p>\n","protected":false},"excerpt":{"rendered":"","protected":false},"author":18,"featured_media":0,"parent":0,"menu_order":0,"comment_status":"closed","ping_status":"closed","template":"","meta":{"_acf_changed":false,"inline_featured_image":false,"advgb_blocks_editor_width":"","advgb_blocks_columns_visual_guide":"","_links_to":"","_links_to_type":0,"footnotes":""},"class_list":["post-13813","page","type-page","status-publish","hentry"],"acf":[],"yoast_head":"<!-- This site is optimized with the Yoast SEO plugin v25.7 - https:\/\/yoast.com\/wordpress\/plugins\/seo\/ -->\n<title>Jasmina D\u017eanovi\u0107 - Kreditna om\u010da \u2013 nikad jednostavnija, a nikad opasnija - Agencija za elektroni\u010dke medije<\/title>\n<meta name=\"robots\" content=\"index, follow, max-snippet:-1, max-image-preview:large, max-video-preview:-1\" \/>\n<link rel=\"canonical\" href=\"https:\/\/aem.hr\/jasmina-dzanovic-kreditna-omca-nikad-jednostavnija-a-nikad-opasnija\/\" \/>\n<meta property=\"og:locale\" content=\"en_US\" \/>\n<meta property=\"og:type\" content=\"article\" \/>\n<meta property=\"og:title\" content=\"Jasmina D\u017eanovi\u0107 - Kreditna om\u010da \u2013 nikad jednostavnija, a nikad opasnija - Agencija za elektroni\u010dke medije\" \/>\n<meta property=\"og:url\" content=\"https:\/\/aem.hr\/jasmina-dzanovic-kreditna-omca-nikad-jednostavnija-a-nikad-opasnija\/\" \/>\n<meta property=\"og:site_name\" content=\"Agencija za elektroni\u010dke medije\" \/>\n<meta property=\"article:modified_time\" content=\"2022-11-29T11:13:24+00:00\" \/>\n<meta name=\"twitter:card\" content=\"summary_large_image\" \/>\n<meta name=\"twitter:label1\" content=\"Est. reading time\" \/>\n\t<meta name=\"twitter:data1\" content=\"1 minute\" \/>\n<script type=\"application\/ld+json\" class=\"yoast-schema-graph\">{\"@context\":\"https:\/\/schema.org\",\"@graph\":[{\"@type\":\"WebPage\",\"@id\":\"https:\/\/aem.hr\/jasmina-dzanovic-kreditna-omca-nikad-jednostavnija-a-nikad-opasnija\/\",\"url\":\"https:\/\/aem.hr\/jasmina-dzanovic-kreditna-omca-nikad-jednostavnija-a-nikad-opasnija\/\",\"name\":\"Jasmina D\u017eanovi\u0107 - Kreditna om\u010da \u2013 nikad jednostavnija, a nikad opasnija - Agencija za elektroni\u010dke medije\",\"isPartOf\":{\"@id\":\"https:\/\/aem.hr\/#website\"},\"datePublished\":\"2022-11-29T11:13:23+00:00\",\"dateModified\":\"2022-11-29T11:13:24+00:00\",\"breadcrumb\":{\"@id\":\"https:\/\/aem.hr\/jasmina-dzanovic-kreditna-omca-nikad-jednostavnija-a-nikad-opasnija\/#breadcrumb\"},\"inLanguage\":\"en-US\",\"potentialAction\":[{\"@type\":\"ReadAction\",\"target\":[\"https:\/\/aem.hr\/jasmina-dzanovic-kreditna-omca-nikad-jednostavnija-a-nikad-opasnija\/\"]}]},{\"@type\":\"BreadcrumbList\",\"@id\":\"https:\/\/aem.hr\/jasmina-dzanovic-kreditna-omca-nikad-jednostavnija-a-nikad-opasnija\/#breadcrumb\",\"itemListElement\":[{\"@type\":\"ListItem\",\"position\":1,\"name\":\"Po\u010detna stranica\",\"item\":\"https:\/\/aem.hr\/\"},{\"@type\":\"ListItem\",\"position\":2,\"name\":\"Jasmina D\u017eanovi\u0107 &#8211; Kreditna om\u010da \u2013 nikad jednostavnija, a nikad opasnija\"}]},{\"@type\":\"WebSite\",\"@id\":\"https:\/\/aem.hr\/#website\",\"url\":\"https:\/\/aem.hr\/\",\"name\":\"Agencija za elektroni\u010dke medije\",\"description\":\"\",\"potentialAction\":[{\"@type\":\"SearchAction\",\"target\":{\"@type\":\"EntryPoint\",\"urlTemplate\":\"https:\/\/aem.hr\/?s={search_term_string}\"},\"query-input\":{\"@type\":\"PropertyValueSpecification\",\"valueRequired\":true,\"valueName\":\"search_term_string\"}}],\"inLanguage\":\"en-US\"}]}<\/script>\n<!-- \/ Yoast SEO plugin. -->","yoast_head_json":{"title":"Jasmina D\u017eanovi\u0107 - Kreditna om\u010da \u2013 nikad jednostavnija, a nikad opasnija - Agencija za elektroni\u010dke medije","robots":{"index":"index","follow":"follow","max-snippet":"max-snippet:-1","max-image-preview":"max-image-preview:large","max-video-preview":"max-video-preview:-1"},"canonical":"https:\/\/aem.hr\/jasmina-dzanovic-kreditna-omca-nikad-jednostavnija-a-nikad-opasnija\/","og_locale":"en_US","og_type":"article","og_title":"Jasmina D\u017eanovi\u0107 - Kreditna om\u010da \u2013 nikad jednostavnija, a nikad opasnija - Agencija za elektroni\u010dke medije","og_url":"https:\/\/aem.hr\/jasmina-dzanovic-kreditna-omca-nikad-jednostavnija-a-nikad-opasnija\/","og_site_name":"Agencija za elektroni\u010dke medije","article_modified_time":"2022-11-29T11:13:24+00:00","twitter_card":"summary_large_image","twitter_misc":{"Est. reading time":"1 minute"},"schema":{"@context":"https:\/\/schema.org","@graph":[{"@type":"WebPage","@id":"https:\/\/aem.hr\/jasmina-dzanovic-kreditna-omca-nikad-jednostavnija-a-nikad-opasnija\/","url":"https:\/\/aem.hr\/jasmina-dzanovic-kreditna-omca-nikad-jednostavnija-a-nikad-opasnija\/","name":"Jasmina D\u017eanovi\u0107 - Kreditna om\u010da \u2013 nikad jednostavnija, a nikad opasnija - Agencija za elektroni\u010dke medije","isPartOf":{"@id":"https:\/\/aem.hr\/#website"},"datePublished":"2022-11-29T11:13:23+00:00","dateModified":"2022-11-29T11:13:24+00:00","breadcrumb":{"@id":"https:\/\/aem.hr\/jasmina-dzanovic-kreditna-omca-nikad-jednostavnija-a-nikad-opasnija\/#breadcrumb"},"inLanguage":"en-US","potentialAction":[{"@type":"ReadAction","target":["https:\/\/aem.hr\/jasmina-dzanovic-kreditna-omca-nikad-jednostavnija-a-nikad-opasnija\/"]}]},{"@type":"BreadcrumbList","@id":"https:\/\/aem.hr\/jasmina-dzanovic-kreditna-omca-nikad-jednostavnija-a-nikad-opasnija\/#breadcrumb","itemListElement":[{"@type":"ListItem","position":1,"name":"Po\u010detna stranica","item":"https:\/\/aem.hr\/"},{"@type":"ListItem","position":2,"name":"Jasmina D\u017eanovi\u0107 &#8211; Kreditna om\u010da \u2013 nikad jednostavnija, a nikad opasnija"}]},{"@type":"WebSite","@id":"https:\/\/aem.hr\/#website","url":"https:\/\/aem.hr\/","name":"Agencija za elektroni\u010dke medije","description":"","potentialAction":[{"@type":"SearchAction","target":{"@type":"EntryPoint","urlTemplate":"https:\/\/aem.hr\/?s={search_term_string}"},"query-input":{"@type":"PropertyValueSpecification","valueRequired":true,"valueName":"search_term_string"}}],"inLanguage":"en-US"}]}},"coauthors":[],"author_meta":{"author_link":"https:\/\/aem.hr\/en\/blog\/author\/mkirac\/","display_name":"Matko Kirac"},"relative_dates":{"created":"Posted 3 years ago","modified":"Updated 3 years ago"},"absolute_dates":{"created":"Posted on 29. November 2022.","modified":"Updated on 29. November 2022."},"absolute_dates_time":{"created":"Posted on 29. November 2022. 12:13","modified":"Updated on 29. November 2022. 12:13"},"featured_img_caption":"","featured_img":false,"series_order":"","_links":{"self":[{"href":"https:\/\/aem.hr\/en\/wp-json\/wp\/v2\/pages\/13813","targetHints":{"allow":["GET"]}}],"collection":[{"href":"https:\/\/aem.hr\/en\/wp-json\/wp\/v2\/pages"}],"about":[{"href":"https:\/\/aem.hr\/en\/wp-json\/wp\/v2\/types\/page"}],"author":[{"embeddable":true,"href":"https:\/\/aem.hr\/en\/wp-json\/wp\/v2\/users\/18"}],"replies":[{"embeddable":true,"href":"https:\/\/aem.hr\/en\/wp-json\/wp\/v2\/comments?post=13813"}],"version-history":[{"count":1,"href":"https:\/\/aem.hr\/en\/wp-json\/wp\/v2\/pages\/13813\/revisions"}],"predecessor-version":[{"id":13824,"href":"https:\/\/aem.hr\/en\/wp-json\/wp\/v2\/pages\/13813\/revisions\/13824"}],"wp:attachment":[{"href":"https:\/\/aem.hr\/en\/wp-json\/wp\/v2\/media?parent=13813"}],"curies":[{"name":"wp","href":"https:\/\/api.w.org\/{rel}","templated":true}]}}