{"id":13826,"date":"2022-11-29T12:21:49","date_gmt":"2022-11-29T11:21:49","guid":{"rendered":"http:\/\/aem.hr\/?page_id=13826"},"modified":"2022-11-29T12:21:50","modified_gmt":"2022-11-29T11:21:50","slug":"bjonda-lucic-oni-su-vrijedni-divljenja-invaliditet-ih-nije-sprijecio-u-ostvarenju-ciljeva-pomaknuli-su-granice-i-postigli-jos-vise-podrzimo-ih","status":"publish","type":"page","link":"https:\/\/aem.hr\/en\/bjonda-lucic-oni-su-vrijedni-divljenja-invaliditet-ih-nije-sprijecio-u-ostvarenju-ciljeva-pomaknuli-su-granice-i-postigli-jos-vise-podrzimo-ih\/","title":{"rendered":"Bjonda Lu\u010di\u0107 &#8211; ONI SU VRIJEDNI DIVLJENJA Invaliditet ih nije sprije\u010dio u ostvarenju ciljeva, pomaknuli su granice i postigli jo\u0161 vi\u0161e. Podr\u017eimo ih!"},"content":{"rendered":"\n<div class=\"wp-block-file\"><a id=\"wp-block-file--media-bab98530-a0f5-4213-a9a1-1f164294627d\" href=\"https:\/\/aem.hr\/wp-content\/uploads\/2022\/11\/1.-Pravobraniteljica-Slonjsak_-Osnovni-uvjet-za-ukljucivanje.pdf\">1. Pravobraniteljica Slonj\u0161ak_ Osnovni uvjet za uklju\u010divanje<\/a><a href=\"https:\/\/aem.hr\/wp-content\/uploads\/2022\/11\/1.-Pravobraniteljica-Slonjsak_-Osnovni-uvjet-za-ukljucivanje.pdf\" class=\"wp-block-file__button wp-element-button\" download aria-describedby=\"wp-block-file--media-bab98530-a0f5-4213-a9a1-1f164294627d\">Preuzmi<\/a><\/div>\n\n\n\n<div class=\"wp-block-file\"><a id=\"wp-block-file--media-1f08be21-2559-45e0-a385-bf61b1eb4338\" href=\"https:\/\/aem.hr\/wp-content\/uploads\/2022\/11\/2.-Provodenjem-mjera-aktivne-politike-zaposljavanja-nastoji-se.pdf\">2. Provo\u0111enjem mjera aktivne politike zapo\u0161ljavanja nastoji se<\/a><a href=\"https:\/\/aem.hr\/wp-content\/uploads\/2022\/11\/2.-Provodenjem-mjera-aktivne-politike-zaposljavanja-nastoji-se.pdf\" class=\"wp-block-file__button wp-element-button\" download aria-describedby=\"wp-block-file--media-1f08be21-2559-45e0-a385-bf61b1eb4338\">Preuzmi<\/a><\/div>\n\n\n\n<div class=\"wp-block-file\"><a id=\"wp-block-file--media-10fb68d2-8879-49f1-bf41-4fb437b2eb1b\" href=\"https:\/\/aem.hr\/wp-content\/uploads\/2022\/11\/3.-Kranjcec_-\u2018Pristupacan-prijevoz-za-osobe-s-invaliditetom.pdf\">3. Kranj\u010dec_ \u2018Pristupa\u010dan prijevoz za osobe s invaliditetom<\/a><a href=\"https:\/\/aem.hr\/wp-content\/uploads\/2022\/11\/3.-Kranjcec_-\u2018Pristupacan-prijevoz-za-osobe-s-invaliditetom.pdf\" class=\"wp-block-file__button wp-element-button\" download aria-describedby=\"wp-block-file--media-10fb68d2-8879-49f1-bf41-4fb437b2eb1b\">Preuzmi<\/a><\/div>\n\n\n\n<div class=\"wp-block-file\"><a id=\"wp-block-file--media-d35052e6-09f5-472f-959c-10cc6960e756\" href=\"https:\/\/aem.hr\/wp-content\/uploads\/2022\/11\/4.-Edukacijske-rehabilitatorice_-Nerazumijevanje-okoline.pdf\">4. Edukacijske rehabilitatorice_ Nerazumijevanje okoline<\/a><a href=\"https:\/\/aem.hr\/wp-content\/uploads\/2022\/11\/4.-Edukacijske-rehabilitatorice_-Nerazumijevanje-okoline.pdf\" class=\"wp-block-file__button wp-element-button\" download aria-describedby=\"wp-block-file--media-d35052e6-09f5-472f-959c-10cc6960e756\">Preuzmi<\/a><\/div>\n\n\n\n<div class=\"wp-block-file\"><a id=\"wp-block-file--media-37cef93d-f6c9-43af-bcce-4dc61a3e6f38\" href=\"https:\/\/aem.hr\/wp-content\/uploads\/2022\/11\/5.-Skrobot_-Nagrada-\u2018Putnik-godine-pokazuje-da-mozemo.pdf\">5. \u0160krobot_ Nagrada \u2018Putnik godine\u2019 pokazuje da mo\u017eemo<\/a><a href=\"https:\/\/aem.hr\/wp-content\/uploads\/2022\/11\/5.-Skrobot_-Nagrada-\u2018Putnik-godine-pokazuje-da-mozemo.pdf\" class=\"wp-block-file__button wp-element-button\" download aria-describedby=\"wp-block-file--media-37cef93d-f6c9-43af-bcce-4dc61a3e6f38\">Preuzmi<\/a><\/div>\n\n\n\n<p><\/p>\n","protected":false},"excerpt":{"rendered":"","protected":false},"author":18,"featured_media":0,"parent":0,"menu_order":0,"comment_status":"closed","ping_status":"closed","template":"","meta":{"_acf_changed":false,"inline_featured_image":false,"advgb_blocks_editor_width":"","advgb_blocks_columns_visual_guide":"","_links_to":"","_links_to_type":0,"footnotes":""},"class_list":["post-13826","page","type-page","status-publish","hentry"],"acf":[],"yoast_head":"<!-- This site is optimized with the Yoast SEO plugin v25.7 - https:\/\/yoast.com\/wordpress\/plugins\/seo\/ -->\n<title>Bjonda Lu\u010di\u0107 - ONI SU VRIJEDNI DIVLJENJA Invaliditet ih nije sprije\u010dio u ostvarenju ciljeva, pomaknuli su granice i postigli jo\u0161 vi\u0161e. Podr\u017eimo ih! - Agencija za elektroni\u010dke medije<\/title>\n<meta name=\"robots\" content=\"index, follow, max-snippet:-1, max-image-preview:large, max-video-preview:-1\" \/>\n<link rel=\"canonical\" href=\"https:\/\/aem.hr\/bjonda-lucic-oni-su-vrijedni-divljenja-invaliditet-ih-nije-sprijecio-u-ostvarenju-ciljeva-pomaknuli-su-granice-i-postigli-jos-vise-podrzimo-ih\/\" \/>\n<meta property=\"og:locale\" content=\"en_US\" \/>\n<meta property=\"og:type\" content=\"article\" \/>\n<meta property=\"og:title\" content=\"Bjonda Lu\u010di\u0107 - ONI SU VRIJEDNI DIVLJENJA Invaliditet ih nije sprije\u010dio u ostvarenju ciljeva, pomaknuli su granice i postigli jo\u0161 vi\u0161e. Podr\u017eimo ih! - Agencija za elektroni\u010dke medije\" \/>\n<meta property=\"og:url\" content=\"https:\/\/aem.hr\/bjonda-lucic-oni-su-vrijedni-divljenja-invaliditet-ih-nije-sprijecio-u-ostvarenju-ciljeva-pomaknuli-su-granice-i-postigli-jos-vise-podrzimo-ih\/\" \/>\n<meta property=\"og:site_name\" content=\"Agencija za elektroni\u010dke medije\" \/>\n<meta property=\"article:modified_time\" content=\"2022-11-29T11:21:50+00:00\" \/>\n<meta name=\"twitter:card\" content=\"summary_large_image\" \/>\n<script type=\"application\/ld+json\" class=\"yoast-schema-graph\">{\"@context\":\"https:\/\/schema.org\",\"@graph\":[{\"@type\":\"WebPage\",\"@id\":\"https:\/\/aem.hr\/bjonda-lucic-oni-su-vrijedni-divljenja-invaliditet-ih-nije-sprijecio-u-ostvarenju-ciljeva-pomaknuli-su-granice-i-postigli-jos-vise-podrzimo-ih\/\",\"url\":\"https:\/\/aem.hr\/bjonda-lucic-oni-su-vrijedni-divljenja-invaliditet-ih-nije-sprijecio-u-ostvarenju-ciljeva-pomaknuli-su-granice-i-postigli-jos-vise-podrzimo-ih\/\",\"name\":\"Bjonda Lu\u010di\u0107 - ONI SU VRIJEDNI DIVLJENJA Invaliditet ih nije sprije\u010dio u ostvarenju ciljeva, pomaknuli su granice i postigli jo\u0161 vi\u0161e. Podr\u017eimo ih! - Agencija za elektroni\u010dke medije\",\"isPartOf\":{\"@id\":\"https:\/\/aem.hr\/#website\"},\"datePublished\":\"2022-11-29T11:21:49+00:00\",\"dateModified\":\"2022-11-29T11:21:50+00:00\",\"breadcrumb\":{\"@id\":\"https:\/\/aem.hr\/bjonda-lucic-oni-su-vrijedni-divljenja-invaliditet-ih-nije-sprijecio-u-ostvarenju-ciljeva-pomaknuli-su-granice-i-postigli-jos-vise-podrzimo-ih\/#breadcrumb\"},\"inLanguage\":\"en-US\",\"potentialAction\":[{\"@type\":\"ReadAction\",\"target\":[\"https:\/\/aem.hr\/bjonda-lucic-oni-su-vrijedni-divljenja-invaliditet-ih-nije-sprijecio-u-ostvarenju-ciljeva-pomaknuli-su-granice-i-postigli-jos-vise-podrzimo-ih\/\"]}]},{\"@type\":\"BreadcrumbList\",\"@id\":\"https:\/\/aem.hr\/bjonda-lucic-oni-su-vrijedni-divljenja-invaliditet-ih-nije-sprijecio-u-ostvarenju-ciljeva-pomaknuli-su-granice-i-postigli-jos-vise-podrzimo-ih\/#breadcrumb\",\"itemListElement\":[{\"@type\":\"ListItem\",\"position\":1,\"name\":\"Po\u010detna stranica\",\"item\":\"https:\/\/aem.hr\/\"},{\"@type\":\"ListItem\",\"position\":2,\"name\":\"Bjonda Lu\u010di\u0107 &#8211; ONI SU VRIJEDNI DIVLJENJA Invaliditet ih nije sprije\u010dio u ostvarenju ciljeva, pomaknuli su granice i postigli jo\u0161 vi\u0161e. Podr\u017eimo ih!\"}]},{\"@type\":\"WebSite\",\"@id\":\"https:\/\/aem.hr\/#website\",\"url\":\"https:\/\/aem.hr\/\",\"name\":\"Agencija za elektroni\u010dke medije\",\"description\":\"\",\"potentialAction\":[{\"@type\":\"SearchAction\",\"target\":{\"@type\":\"EntryPoint\",\"urlTemplate\":\"https:\/\/aem.hr\/?s={search_term_string}\"},\"query-input\":{\"@type\":\"PropertyValueSpecification\",\"valueRequired\":true,\"valueName\":\"search_term_string\"}}],\"inLanguage\":\"en-US\"}]}<\/script>\n<!-- \/ Yoast SEO plugin. -->","yoast_head_json":{"title":"Bjonda Lu\u010di\u0107 - ONI SU VRIJEDNI DIVLJENJA Invaliditet ih nije sprije\u010dio u ostvarenju ciljeva, pomaknuli su granice i postigli jo\u0161 vi\u0161e. Podr\u017eimo ih! - Agencija za elektroni\u010dke medije","robots":{"index":"index","follow":"follow","max-snippet":"max-snippet:-1","max-image-preview":"max-image-preview:large","max-video-preview":"max-video-preview:-1"},"canonical":"https:\/\/aem.hr\/bjonda-lucic-oni-su-vrijedni-divljenja-invaliditet-ih-nije-sprijecio-u-ostvarenju-ciljeva-pomaknuli-su-granice-i-postigli-jos-vise-podrzimo-ih\/","og_locale":"en_US","og_type":"article","og_title":"Bjonda Lu\u010di\u0107 - ONI SU VRIJEDNI DIVLJENJA Invaliditet ih nije sprije\u010dio u ostvarenju ciljeva, pomaknuli su granice i postigli jo\u0161 vi\u0161e. Podr\u017eimo ih! - Agencija za elektroni\u010dke medije","og_url":"https:\/\/aem.hr\/bjonda-lucic-oni-su-vrijedni-divljenja-invaliditet-ih-nije-sprijecio-u-ostvarenju-ciljeva-pomaknuli-su-granice-i-postigli-jos-vise-podrzimo-ih\/","og_site_name":"Agencija za elektroni\u010dke medije","article_modified_time":"2022-11-29T11:21:50+00:00","twitter_card":"summary_large_image","schema":{"@context":"https:\/\/schema.org","@graph":[{"@type":"WebPage","@id":"https:\/\/aem.hr\/bjonda-lucic-oni-su-vrijedni-divljenja-invaliditet-ih-nije-sprijecio-u-ostvarenju-ciljeva-pomaknuli-su-granice-i-postigli-jos-vise-podrzimo-ih\/","url":"https:\/\/aem.hr\/bjonda-lucic-oni-su-vrijedni-divljenja-invaliditet-ih-nije-sprijecio-u-ostvarenju-ciljeva-pomaknuli-su-granice-i-postigli-jos-vise-podrzimo-ih\/","name":"Bjonda Lu\u010di\u0107 - ONI SU VRIJEDNI DIVLJENJA Invaliditet ih nije sprije\u010dio u ostvarenju ciljeva, pomaknuli su granice i postigli jo\u0161 vi\u0161e. Podr\u017eimo ih! - Agencija za elektroni\u010dke medije","isPartOf":{"@id":"https:\/\/aem.hr\/#website"},"datePublished":"2022-11-29T11:21:49+00:00","dateModified":"2022-11-29T11:21:50+00:00","breadcrumb":{"@id":"https:\/\/aem.hr\/bjonda-lucic-oni-su-vrijedni-divljenja-invaliditet-ih-nije-sprijecio-u-ostvarenju-ciljeva-pomaknuli-su-granice-i-postigli-jos-vise-podrzimo-ih\/#breadcrumb"},"inLanguage":"en-US","potentialAction":[{"@type":"ReadAction","target":["https:\/\/aem.hr\/bjonda-lucic-oni-su-vrijedni-divljenja-invaliditet-ih-nije-sprijecio-u-ostvarenju-ciljeva-pomaknuli-su-granice-i-postigli-jos-vise-podrzimo-ih\/"]}]},{"@type":"BreadcrumbList","@id":"https:\/\/aem.hr\/bjonda-lucic-oni-su-vrijedni-divljenja-invaliditet-ih-nije-sprijecio-u-ostvarenju-ciljeva-pomaknuli-su-granice-i-postigli-jos-vise-podrzimo-ih\/#breadcrumb","itemListElement":[{"@type":"ListItem","position":1,"name":"Po\u010detna stranica","item":"https:\/\/aem.hr\/"},{"@type":"ListItem","position":2,"name":"Bjonda Lu\u010di\u0107 &#8211; ONI SU VRIJEDNI DIVLJENJA Invaliditet ih nije sprije\u010dio u ostvarenju ciljeva, pomaknuli su granice i postigli jo\u0161 vi\u0161e. Podr\u017eimo ih!"}]},{"@type":"WebSite","@id":"https:\/\/aem.hr\/#website","url":"https:\/\/aem.hr\/","name":"Agencija za elektroni\u010dke medije","description":"","potentialAction":[{"@type":"SearchAction","target":{"@type":"EntryPoint","urlTemplate":"https:\/\/aem.hr\/?s={search_term_string}"},"query-input":{"@type":"PropertyValueSpecification","valueRequired":true,"valueName":"search_term_string"}}],"inLanguage":"en-US"}]}},"coauthors":[],"author_meta":{"author_link":"https:\/\/aem.hr\/en\/blog\/author\/mkirac\/","display_name":"Matko Kirac"},"relative_dates":{"created":"Posted 3 years ago","modified":"Updated 3 years ago"},"absolute_dates":{"created":"Posted on 29. November 2022.","modified":"Updated on 29. November 2022."},"absolute_dates_time":{"created":"Posted on 29. November 2022. 12:21","modified":"Updated on 29. November 2022. 12:21"},"featured_img_caption":"","featured_img":false,"series_order":"","_links":{"self":[{"href":"https:\/\/aem.hr\/en\/wp-json\/wp\/v2\/pages\/13826","targetHints":{"allow":["GET"]}}],"collection":[{"href":"https:\/\/aem.hr\/en\/wp-json\/wp\/v2\/pages"}],"about":[{"href":"https:\/\/aem.hr\/en\/wp-json\/wp\/v2\/types\/page"}],"author":[{"embeddable":true,"href":"https:\/\/aem.hr\/en\/wp-json\/wp\/v2\/users\/18"}],"replies":[{"embeddable":true,"href":"https:\/\/aem.hr\/en\/wp-json\/wp\/v2\/comments?post=13826"}],"version-history":[{"count":1,"href":"https:\/\/aem.hr\/en\/wp-json\/wp\/v2\/pages\/13826\/revisions"}],"predecessor-version":[{"id":13838,"href":"https:\/\/aem.hr\/en\/wp-json\/wp\/v2\/pages\/13826\/revisions\/13838"}],"wp:attachment":[{"href":"https:\/\/aem.hr\/en\/wp-json\/wp\/v2\/media?parent=13826"}],"curies":[{"name":"wp","href":"https:\/\/api.w.org\/{rel}","templated":true}]}}