{"id":13841,"date":"2022-11-29T12:24:46","date_gmt":"2022-11-29T11:24:46","guid":{"rendered":"http:\/\/aem.hr\/?page_id=13841"},"modified":"2023-05-31T14:35:04","modified_gmt":"2023-05-31T12:35:04","slug":"damir-kramaric-sve-ucestalije-povrede-prava-na-zdravstvenu-zastitu-i-pomor-umirovljenika-kako-stanje-popraviti","status":"publish","type":"page","link":"https:\/\/aem.hr\/en\/damir-kramaric-sve-ucestalije-povrede-prava-na-zdravstvenu-zastitu-i-pomor-umirovljenika-kako-stanje-popraviti\/","title":{"rendered":"Damir Kramari\u0107 &#8211; Sve u\u010destalije povrede prava na zdravstvenu za\u0161titu i pomor umirovljenika, kako stanje popraviti?"},"content":{"rendered":"\n<div class=\"wp-block-file\"><a id=\"wp-block-file--media-9d74ae3c-aece-403d-a71d-52b1c524835b\" href=\"https:\/\/aem.hr\/wp-content\/uploads\/2022\/11\/1.-Kada-se-uruse-temelji-zdravstva.pdf\">1. Kada se uru\u0161e temelji zdravstva<\/a><a href=\"https:\/\/aem.hr\/wp-content\/uploads\/2022\/11\/1.-Kada-se-uruse-temelji-zdravstva.pdf\" class=\"wp-block-file__button wp-element-button\" download aria-describedby=\"wp-block-file--media-9d74ae3c-aece-403d-a71d-52b1c524835b\">Preuzimanje<\/a><\/div>\n\n\n\n<div class=\"wp-block-file\"><a id=\"wp-block-file--media-37842990-0afe-4c2b-b16c-f16aec88ce13\" href=\"https:\/\/aem.hr\/wp-content\/uploads\/2022\/11\/2.-Veliki-porast-smrtnosti.pdf\">2. Veliki porast smrtnosti<\/a><a href=\"https:\/\/aem.hr\/wp-content\/uploads\/2022\/11\/2.-Veliki-porast-smrtnosti.pdf\" class=\"wp-block-file__button wp-element-button\" download aria-describedby=\"wp-block-file--media-37842990-0afe-4c2b-b16c-f16aec88ce13\">Preuzimanje<\/a><\/div>\n\n\n\n<div class=\"wp-block-file\"><a id=\"wp-block-file--media-b9252326-02e4-4357-b232-b3c0d20d2d9e\" href=\"https:\/\/aem.hr\/wp-content\/uploads\/2022\/11\/3.-Pomor-siromasnih.pdf\">3. Pomor siroma\u0161nih<\/a><a href=\"https:\/\/aem.hr\/wp-content\/uploads\/2022\/11\/3.-Pomor-siromasnih.pdf\" class=\"wp-block-file__button wp-element-button\" download aria-describedby=\"wp-block-file--media-b9252326-02e4-4357-b232-b3c0d20d2d9e\">Preuzimanje<\/a><\/div>\n\n\n\n<div class=\"wp-block-file\"><a id=\"wp-block-file--media-8a7ca821-6eac-4b70-8941-976fae84cc8f\" href=\"https:\/\/aem.hr\/wp-content\/uploads\/2022\/11\/4.-Zbog-Tomasevica-ostat-cemo-bez-bolnice.pdf\">4. Zbog Toma\u0161evi\u0107a ostat \u0107emo bez bolnice&#8217;<\/a><a href=\"https:\/\/aem.hr\/wp-content\/uploads\/2022\/11\/4.-Zbog-Tomasevica-ostat-cemo-bez-bolnice.pdf\" class=\"wp-block-file__button wp-element-button\" download aria-describedby=\"wp-block-file--media-8a7ca821-6eac-4b70-8941-976fae84cc8f\">Preuzimanje<\/a><\/div>\n\n\n\n<div class=\"wp-block-file\"><a id=\"wp-block-file--media-133e5c62-7329-43b7-b6d3-f9d530cb6a38\" href=\"https:\/\/aem.hr\/wp-content\/uploads\/2022\/11\/5.-Tomasevic-suti-o-aferi.pdf\">5. Toma\u0161evi\u0107 \u0161uti o aferi<\/a><a href=\"https:\/\/aem.hr\/wp-content\/uploads\/2022\/11\/5.-Tomasevic-suti-o-aferi.pdf\" class=\"wp-block-file__button wp-element-button\" download aria-describedby=\"wp-block-file--media-133e5c62-7329-43b7-b6d3-f9d530cb6a38\">Preuzimanje<\/a><\/div>\n\n\n\n<p><\/p>\n","protected":false},"excerpt":{"rendered":"","protected":false},"author":18,"featured_media":0,"parent":0,"menu_order":0,"comment_status":"closed","ping_status":"closed","template":"","meta":{"_acf_changed":false,"inline_featured_image":false,"advgb_blocks_editor_width":"","advgb_blocks_columns_visual_guide":"","_links_to":"","_links_to_type":0,"footnotes":""},"class_list":["post-13841","page","type-page","status-publish","hentry"],"acf":[],"yoast_head":"<!-- This site is optimized with the Yoast SEO plugin v25.7 - https:\/\/yoast.com\/wordpress\/plugins\/seo\/ -->\n<title>Damir Kramari\u0107 - Sve u\u010destalije povrede prava na zdravstvenu za\u0161titu i pomor umirovljenika, kako stanje popraviti? - Agencija za elektroni\u010dke medije<\/title>\n<meta name=\"robots\" content=\"index, follow, max-snippet:-1, max-image-preview:large, max-video-preview:-1\" \/>\n<link rel=\"canonical\" href=\"https:\/\/aem.hr\/damir-kramaric-sve-ucestalije-povrede-prava-na-zdravstvenu-zastitu-i-pomor-umirovljenika-kako-stanje-popraviti\/\" \/>\n<meta property=\"og:locale\" content=\"en_US\" \/>\n<meta property=\"og:type\" content=\"article\" \/>\n<meta property=\"og:title\" content=\"Damir Kramari\u0107 - Sve u\u010destalije povrede prava na zdravstvenu za\u0161titu i pomor umirovljenika, kako stanje popraviti? - Agencija za elektroni\u010dke medije\" \/>\n<meta property=\"og:url\" content=\"https:\/\/aem.hr\/damir-kramaric-sve-ucestalije-povrede-prava-na-zdravstvenu-zastitu-i-pomor-umirovljenika-kako-stanje-popraviti\/\" \/>\n<meta property=\"og:site_name\" content=\"Agencija za elektroni\u010dke medije\" \/>\n<meta property=\"article:modified_time\" content=\"2023-05-31T12:35:04+00:00\" \/>\n<meta name=\"twitter:card\" content=\"summary_large_image\" \/>\n<meta name=\"twitter:label1\" content=\"Est. reading time\" \/>\n\t<meta name=\"twitter:data1\" content=\"1 minute\" \/>\n<script type=\"application\/ld+json\" class=\"yoast-schema-graph\">{\"@context\":\"https:\/\/schema.org\",\"@graph\":[{\"@type\":\"WebPage\",\"@id\":\"https:\/\/aem.hr\/damir-kramaric-sve-ucestalije-povrede-prava-na-zdravstvenu-zastitu-i-pomor-umirovljenika-kako-stanje-popraviti\/\",\"url\":\"https:\/\/aem.hr\/damir-kramaric-sve-ucestalije-povrede-prava-na-zdravstvenu-zastitu-i-pomor-umirovljenika-kako-stanje-popraviti\/\",\"name\":\"Damir Kramari\u0107 - Sve u\u010destalije povrede prava na zdravstvenu za\u0161titu i pomor umirovljenika, kako stanje popraviti? - Agencija za elektroni\u010dke medije\",\"isPartOf\":{\"@id\":\"https:\/\/aem.hr\/#website\"},\"datePublished\":\"2022-11-29T11:24:46+00:00\",\"dateModified\":\"2023-05-31T12:35:04+00:00\",\"breadcrumb\":{\"@id\":\"https:\/\/aem.hr\/damir-kramaric-sve-ucestalije-povrede-prava-na-zdravstvenu-zastitu-i-pomor-umirovljenika-kako-stanje-popraviti\/#breadcrumb\"},\"inLanguage\":\"en-US\",\"potentialAction\":[{\"@type\":\"ReadAction\",\"target\":[\"https:\/\/aem.hr\/damir-kramaric-sve-ucestalije-povrede-prava-na-zdravstvenu-zastitu-i-pomor-umirovljenika-kako-stanje-popraviti\/\"]}]},{\"@type\":\"BreadcrumbList\",\"@id\":\"https:\/\/aem.hr\/damir-kramaric-sve-ucestalije-povrede-prava-na-zdravstvenu-zastitu-i-pomor-umirovljenika-kako-stanje-popraviti\/#breadcrumb\",\"itemListElement\":[{\"@type\":\"ListItem\",\"position\":1,\"name\":\"Po\u010detna stranica\",\"item\":\"https:\/\/aem.hr\/\"},{\"@type\":\"ListItem\",\"position\":2,\"name\":\"Damir Kramari\u0107 &#8211; Sve u\u010destalije povrede prava na zdravstvenu za\u0161titu i pomor umirovljenika, kako stanje popraviti?\"}]},{\"@type\":\"WebSite\",\"@id\":\"https:\/\/aem.hr\/#website\",\"url\":\"https:\/\/aem.hr\/\",\"name\":\"Agencija za elektroni\u010dke medije\",\"description\":\"\",\"potentialAction\":[{\"@type\":\"SearchAction\",\"target\":{\"@type\":\"EntryPoint\",\"urlTemplate\":\"https:\/\/aem.hr\/?s={search_term_string}\"},\"query-input\":{\"@type\":\"PropertyValueSpecification\",\"valueRequired\":true,\"valueName\":\"search_term_string\"}}],\"inLanguage\":\"en-US\"}]}<\/script>\n<!-- \/ Yoast SEO plugin. -->","yoast_head_json":{"title":"Damir Kramari\u0107 - Sve u\u010destalije povrede prava na zdravstvenu za\u0161titu i pomor umirovljenika, kako stanje popraviti? - Agencija za elektroni\u010dke medije","robots":{"index":"index","follow":"follow","max-snippet":"max-snippet:-1","max-image-preview":"max-image-preview:large","max-video-preview":"max-video-preview:-1"},"canonical":"https:\/\/aem.hr\/damir-kramaric-sve-ucestalije-povrede-prava-na-zdravstvenu-zastitu-i-pomor-umirovljenika-kako-stanje-popraviti\/","og_locale":"en_US","og_type":"article","og_title":"Damir Kramari\u0107 - Sve u\u010destalije povrede prava na zdravstvenu za\u0161titu i pomor umirovljenika, kako stanje popraviti? - Agencija za elektroni\u010dke medije","og_url":"https:\/\/aem.hr\/damir-kramaric-sve-ucestalije-povrede-prava-na-zdravstvenu-zastitu-i-pomor-umirovljenika-kako-stanje-popraviti\/","og_site_name":"Agencija za elektroni\u010dke medije","article_modified_time":"2023-05-31T12:35:04+00:00","twitter_card":"summary_large_image","twitter_misc":{"Est. reading time":"1 minute"},"schema":{"@context":"https:\/\/schema.org","@graph":[{"@type":"WebPage","@id":"https:\/\/aem.hr\/damir-kramaric-sve-ucestalije-povrede-prava-na-zdravstvenu-zastitu-i-pomor-umirovljenika-kako-stanje-popraviti\/","url":"https:\/\/aem.hr\/damir-kramaric-sve-ucestalije-povrede-prava-na-zdravstvenu-zastitu-i-pomor-umirovljenika-kako-stanje-popraviti\/","name":"Damir Kramari\u0107 - Sve u\u010destalije povrede prava na zdravstvenu za\u0161titu i pomor umirovljenika, kako stanje popraviti? - Agencija za elektroni\u010dke medije","isPartOf":{"@id":"https:\/\/aem.hr\/#website"},"datePublished":"2022-11-29T11:24:46+00:00","dateModified":"2023-05-31T12:35:04+00:00","breadcrumb":{"@id":"https:\/\/aem.hr\/damir-kramaric-sve-ucestalije-povrede-prava-na-zdravstvenu-zastitu-i-pomor-umirovljenika-kako-stanje-popraviti\/#breadcrumb"},"inLanguage":"en-US","potentialAction":[{"@type":"ReadAction","target":["https:\/\/aem.hr\/damir-kramaric-sve-ucestalije-povrede-prava-na-zdravstvenu-zastitu-i-pomor-umirovljenika-kako-stanje-popraviti\/"]}]},{"@type":"BreadcrumbList","@id":"https:\/\/aem.hr\/damir-kramaric-sve-ucestalije-povrede-prava-na-zdravstvenu-zastitu-i-pomor-umirovljenika-kako-stanje-popraviti\/#breadcrumb","itemListElement":[{"@type":"ListItem","position":1,"name":"Po\u010detna stranica","item":"https:\/\/aem.hr\/"},{"@type":"ListItem","position":2,"name":"Damir Kramari\u0107 &#8211; Sve u\u010destalije povrede prava na zdravstvenu za\u0161titu i pomor umirovljenika, kako stanje popraviti?"}]},{"@type":"WebSite","@id":"https:\/\/aem.hr\/#website","url":"https:\/\/aem.hr\/","name":"Agencija za elektroni\u010dke medije","description":"","potentialAction":[{"@type":"SearchAction","target":{"@type":"EntryPoint","urlTemplate":"https:\/\/aem.hr\/?s={search_term_string}"},"query-input":{"@type":"PropertyValueSpecification","valueRequired":true,"valueName":"search_term_string"}}],"inLanguage":"en-US"}]}},"coauthors":[],"author_meta":{"author_link":"https:\/\/aem.hr\/en\/blog\/author\/mkirac\/","display_name":"Matko Kirac"},"relative_dates":{"created":"Posted 3 years ago","modified":"Updated 3 years ago"},"absolute_dates":{"created":"Posted on 29. November 2022.","modified":"Updated on 31. May 2023."},"absolute_dates_time":{"created":"Posted on 29. November 2022. 12:24","modified":"Updated on 31. May 2023. 14:35"},"featured_img_caption":"","featured_img":false,"series_order":"","_links":{"self":[{"href":"https:\/\/aem.hr\/en\/wp-json\/wp\/v2\/pages\/13841","targetHints":{"allow":["GET"]}}],"collection":[{"href":"https:\/\/aem.hr\/en\/wp-json\/wp\/v2\/pages"}],"about":[{"href":"https:\/\/aem.hr\/en\/wp-json\/wp\/v2\/types\/page"}],"author":[{"embeddable":true,"href":"https:\/\/aem.hr\/en\/wp-json\/wp\/v2\/users\/18"}],"replies":[{"embeddable":true,"href":"https:\/\/aem.hr\/en\/wp-json\/wp\/v2\/comments?post=13841"}],"version-history":[{"count":2,"href":"https:\/\/aem.hr\/en\/wp-json\/wp\/v2\/pages\/13841\/revisions"}],"predecessor-version":[{"id":16525,"href":"https:\/\/aem.hr\/en\/wp-json\/wp\/v2\/pages\/13841\/revisions\/16525"}],"wp:attachment":[{"href":"https:\/\/aem.hr\/en\/wp-json\/wp\/v2\/media?parent=13841"}],"curies":[{"name":"wp","href":"https:\/\/api.w.org\/{rel}","templated":true}]}}