{"id":13854,"date":"2022-11-29T12:27:00","date_gmt":"2022-11-29T11:27:00","guid":{"rendered":"http:\/\/aem.hr\/?page_id=13854"},"modified":"2022-11-29T12:27:01","modified_gmt":"2022-11-29T11:27:01","slug":"tin-basic-kaos-u-zgradi-siri-se-oko-zgrade-kako-kolektivnu-odgovornost-prosiriti-na-siru-zajednicu","status":"publish","type":"page","link":"https:\/\/aem.hr\/en\/tin-basic-kaos-u-zgradi-siri-se-oko-zgrade-kako-kolektivnu-odgovornost-prosiriti-na-siru-zajednicu\/","title":{"rendered":"Tin Ba\u0161i\u0107 &#8211; Kaos u zgradi \u0161iri se oko zgrade \u2013 kako kolektivnu odgovornost pro\u0161iriti na \u0161iru zajednicu"},"content":{"rendered":"\n<div class=\"wp-block-file\"><a id=\"wp-block-file--media-018d1048-aa02-45c8-bb1e-6d36f94216a3\" href=\"https:\/\/aem.hr\/wp-content\/uploads\/2022\/11\/1.-Iako-vlasnistvo-obvezuje-nema-sankcija.pdf\">1. Iako vlasni\u0161tvo obvezuje, nema sankcija<\/a><a href=\"https:\/\/aem.hr\/wp-content\/uploads\/2022\/11\/1.-Iako-vlasnistvo-obvezuje-nema-sankcija.pdf\" class=\"wp-block-file__button wp-element-button\" download aria-describedby=\"wp-block-file--media-018d1048-aa02-45c8-bb1e-6d36f94216a3\">Preuzimanje<\/a><\/div>\n\n\n\n<div class=\"wp-block-file\"><a id=\"wp-block-file--media-d95dbe7f-a586-4554-b342-724c806f6aa8\" href=\"https:\/\/aem.hr\/wp-content\/uploads\/2022\/11\/2.-ODGOVORNOST-Zasto-ne-zatvaramo-vrata-od-zgrade.pdf\">2. ODGOVORNOST &#8211; Za\u0161to ne zatvaramo vrata od zgrade<\/a><a href=\"https:\/\/aem.hr\/wp-content\/uploads\/2022\/11\/2.-ODGOVORNOST-Zasto-ne-zatvaramo-vrata-od-zgrade.pdf\" class=\"wp-block-file__button wp-element-button\" download aria-describedby=\"wp-block-file--media-d95dbe7f-a586-4554-b342-724c806f6aa8\">Preuzimanje<\/a><\/div>\n\n\n\n<div class=\"wp-block-file\"><a id=\"wp-block-file--media-e7875066-a90f-491c-86f5-45f2cc8306fc\" href=\"https:\/\/aem.hr\/wp-content\/uploads\/2022\/11\/3.-Uzdaj-se-u-se-i-u-svoje-kljuse-gdje-zavrsava-sloboda.pdf\">3. &#8216;Uzdaj se u se i u svoje kljuse&#8217; &#8211; gdje zavr\u0161ava sloboda<\/a><a href=\"https:\/\/aem.hr\/wp-content\/uploads\/2022\/11\/3.-Uzdaj-se-u-se-i-u-svoje-kljuse-gdje-zavrsava-sloboda.pdf\" class=\"wp-block-file__button wp-element-button\" download aria-describedby=\"wp-block-file--media-e7875066-a90f-491c-86f5-45f2cc8306fc\">Preuzimanje<\/a><\/div>\n\n\n\n<div class=\"wp-block-file\"><a id=\"wp-block-file--media-91ef1e7c-4fda-4203-9f19-c863d1088b92\" href=\"https:\/\/aem.hr\/wp-content\/uploads\/2022\/11\/4.-Kako-bi-trebao-izgledati-novi-zakon-o-zgradama.pdf\">4. Kako bi trebao izgledati novi zakon o zgradama<\/a><a href=\"https:\/\/aem.hr\/wp-content\/uploads\/2022\/11\/4.-Kako-bi-trebao-izgledati-novi-zakon-o-zgradama.pdf\" class=\"wp-block-file__button wp-element-button\" download aria-describedby=\"wp-block-file--media-91ef1e7c-4fda-4203-9f19-c863d1088b92\">Preuzimanje<\/a><\/div>\n\n\n\n<div class=\"wp-block-file\"><a id=\"wp-block-file--media-234f2e32-dc01-4344-86a4-e97985c6ba4e\" href=\"https:\/\/aem.hr\/wp-content\/uploads\/2022\/11\/5.-Kljucni-problemi-obnove-nakon-potresa.pdf\">5. Klju\u010dni problemi obnove nakon potresa<\/a><a href=\"https:\/\/aem.hr\/wp-content\/uploads\/2022\/11\/5.-Kljucni-problemi-obnove-nakon-potresa.pdf\" class=\"wp-block-file__button wp-element-button\" download aria-describedby=\"wp-block-file--media-234f2e32-dc01-4344-86a4-e97985c6ba4e\">Preuzimanje<\/a><\/div>\n\n\n\n<div class=\"wp-block-file\"><a id=\"wp-block-file--media-f5cb34be-b2f6-4d83-81fc-1a630624ce32\" href=\"https:\/\/aem.hr\/wp-content\/uploads\/2022\/11\/6.-Dora-Ljevar_-Sukob-je-gotovo-nemoguce-sprijeciti.pdf\">6. Dora Ljevar_ Sukob je gotovo nemogu\u0107e sprije\u010diti<\/a><a href=\"https:\/\/aem.hr\/wp-content\/uploads\/2022\/11\/6.-Dora-Ljevar_-Sukob-je-gotovo-nemoguce-sprijeciti.pdf\" class=\"wp-block-file__button wp-element-button\" download aria-describedby=\"wp-block-file--media-f5cb34be-b2f6-4d83-81fc-1a630624ce32\">Preuzimanje<\/a><\/div>\n\n\n\n<p><\/p>\n","protected":false},"excerpt":{"rendered":"","protected":false},"author":18,"featured_media":0,"parent":0,"menu_order":0,"comment_status":"closed","ping_status":"closed","template":"","meta":{"_acf_changed":false,"inline_featured_image":false,"advgb_blocks_editor_width":"","advgb_blocks_columns_visual_guide":"","_links_to":"","_links_to_type":0,"footnotes":""},"class_list":["post-13854","page","type-page","status-publish","hentry"],"acf":[],"yoast_head":"<!-- This site is optimized with the Yoast SEO plugin v25.7 - https:\/\/yoast.com\/wordpress\/plugins\/seo\/ -->\n<title>Tin Ba\u0161i\u0107 - Kaos u zgradi \u0161iri se oko zgrade \u2013 kako kolektivnu odgovornost pro\u0161iriti na \u0161iru zajednicu - Agencija za elektroni\u010dke medije<\/title>\n<meta name=\"robots\" content=\"index, follow, max-snippet:-1, max-image-preview:large, max-video-preview:-1\" \/>\n<link rel=\"canonical\" href=\"https:\/\/aem.hr\/tin-basic-kaos-u-zgradi-siri-se-oko-zgrade-kako-kolektivnu-odgovornost-prosiriti-na-siru-zajednicu\/\" \/>\n<meta property=\"og:locale\" content=\"en_US\" \/>\n<meta property=\"og:type\" content=\"article\" \/>\n<meta property=\"og:title\" content=\"Tin Ba\u0161i\u0107 - Kaos u zgradi \u0161iri se oko zgrade \u2013 kako kolektivnu odgovornost pro\u0161iriti na \u0161iru zajednicu - Agencija za elektroni\u010dke medije\" \/>\n<meta property=\"og:url\" content=\"https:\/\/aem.hr\/tin-basic-kaos-u-zgradi-siri-se-oko-zgrade-kako-kolektivnu-odgovornost-prosiriti-na-siru-zajednicu\/\" \/>\n<meta property=\"og:site_name\" content=\"Agencija za elektroni\u010dke medije\" \/>\n<meta property=\"article:modified_time\" content=\"2022-11-29T11:27:01+00:00\" \/>\n<meta name=\"twitter:card\" content=\"summary_large_image\" \/>\n<meta name=\"twitter:label1\" content=\"Est. reading time\" \/>\n\t<meta name=\"twitter:data1\" content=\"1 minute\" \/>\n<script type=\"application\/ld+json\" class=\"yoast-schema-graph\">{\"@context\":\"https:\/\/schema.org\",\"@graph\":[{\"@type\":\"WebPage\",\"@id\":\"https:\/\/aem.hr\/tin-basic-kaos-u-zgradi-siri-se-oko-zgrade-kako-kolektivnu-odgovornost-prosiriti-na-siru-zajednicu\/\",\"url\":\"https:\/\/aem.hr\/tin-basic-kaos-u-zgradi-siri-se-oko-zgrade-kako-kolektivnu-odgovornost-prosiriti-na-siru-zajednicu\/\",\"name\":\"Tin Ba\u0161i\u0107 - Kaos u zgradi \u0161iri se oko zgrade \u2013 kako kolektivnu odgovornost pro\u0161iriti na \u0161iru zajednicu - Agencija za elektroni\u010dke medije\",\"isPartOf\":{\"@id\":\"https:\/\/aem.hr\/#website\"},\"datePublished\":\"2022-11-29T11:27:00+00:00\",\"dateModified\":\"2022-11-29T11:27:01+00:00\",\"breadcrumb\":{\"@id\":\"https:\/\/aem.hr\/tin-basic-kaos-u-zgradi-siri-se-oko-zgrade-kako-kolektivnu-odgovornost-prosiriti-na-siru-zajednicu\/#breadcrumb\"},\"inLanguage\":\"en-US\",\"potentialAction\":[{\"@type\":\"ReadAction\",\"target\":[\"https:\/\/aem.hr\/tin-basic-kaos-u-zgradi-siri-se-oko-zgrade-kako-kolektivnu-odgovornost-prosiriti-na-siru-zajednicu\/\"]}]},{\"@type\":\"BreadcrumbList\",\"@id\":\"https:\/\/aem.hr\/tin-basic-kaos-u-zgradi-siri-se-oko-zgrade-kako-kolektivnu-odgovornost-prosiriti-na-siru-zajednicu\/#breadcrumb\",\"itemListElement\":[{\"@type\":\"ListItem\",\"position\":1,\"name\":\"Po\u010detna stranica\",\"item\":\"https:\/\/aem.hr\/\"},{\"@type\":\"ListItem\",\"position\":2,\"name\":\"Tin Ba\u0161i\u0107 &#8211; Kaos u zgradi \u0161iri se oko zgrade \u2013 kako kolektivnu odgovornost pro\u0161iriti na \u0161iru zajednicu\"}]},{\"@type\":\"WebSite\",\"@id\":\"https:\/\/aem.hr\/#website\",\"url\":\"https:\/\/aem.hr\/\",\"name\":\"Agencija za elektroni\u010dke medije\",\"description\":\"\",\"potentialAction\":[{\"@type\":\"SearchAction\",\"target\":{\"@type\":\"EntryPoint\",\"urlTemplate\":\"https:\/\/aem.hr\/?s={search_term_string}\"},\"query-input\":{\"@type\":\"PropertyValueSpecification\",\"valueRequired\":true,\"valueName\":\"search_term_string\"}}],\"inLanguage\":\"en-US\"}]}<\/script>\n<!-- \/ Yoast SEO plugin. -->","yoast_head_json":{"title":"Tin Ba\u0161i\u0107 - Kaos u zgradi \u0161iri se oko zgrade \u2013 kako kolektivnu odgovornost pro\u0161iriti na \u0161iru zajednicu - Agencija za elektroni\u010dke medije","robots":{"index":"index","follow":"follow","max-snippet":"max-snippet:-1","max-image-preview":"max-image-preview:large","max-video-preview":"max-video-preview:-1"},"canonical":"https:\/\/aem.hr\/tin-basic-kaos-u-zgradi-siri-se-oko-zgrade-kako-kolektivnu-odgovornost-prosiriti-na-siru-zajednicu\/","og_locale":"en_US","og_type":"article","og_title":"Tin Ba\u0161i\u0107 - Kaos u zgradi \u0161iri se oko zgrade \u2013 kako kolektivnu odgovornost pro\u0161iriti na \u0161iru zajednicu - Agencija za elektroni\u010dke medije","og_url":"https:\/\/aem.hr\/tin-basic-kaos-u-zgradi-siri-se-oko-zgrade-kako-kolektivnu-odgovornost-prosiriti-na-siru-zajednicu\/","og_site_name":"Agencija za elektroni\u010dke medije","article_modified_time":"2022-11-29T11:27:01+00:00","twitter_card":"summary_large_image","twitter_misc":{"Est. reading time":"1 minute"},"schema":{"@context":"https:\/\/schema.org","@graph":[{"@type":"WebPage","@id":"https:\/\/aem.hr\/tin-basic-kaos-u-zgradi-siri-se-oko-zgrade-kako-kolektivnu-odgovornost-prosiriti-na-siru-zajednicu\/","url":"https:\/\/aem.hr\/tin-basic-kaos-u-zgradi-siri-se-oko-zgrade-kako-kolektivnu-odgovornost-prosiriti-na-siru-zajednicu\/","name":"Tin Ba\u0161i\u0107 - Kaos u zgradi \u0161iri se oko zgrade \u2013 kako kolektivnu odgovornost pro\u0161iriti na \u0161iru zajednicu - Agencija za elektroni\u010dke medije","isPartOf":{"@id":"https:\/\/aem.hr\/#website"},"datePublished":"2022-11-29T11:27:00+00:00","dateModified":"2022-11-29T11:27:01+00:00","breadcrumb":{"@id":"https:\/\/aem.hr\/tin-basic-kaos-u-zgradi-siri-se-oko-zgrade-kako-kolektivnu-odgovornost-prosiriti-na-siru-zajednicu\/#breadcrumb"},"inLanguage":"en-US","potentialAction":[{"@type":"ReadAction","target":["https:\/\/aem.hr\/tin-basic-kaos-u-zgradi-siri-se-oko-zgrade-kako-kolektivnu-odgovornost-prosiriti-na-siru-zajednicu\/"]}]},{"@type":"BreadcrumbList","@id":"https:\/\/aem.hr\/tin-basic-kaos-u-zgradi-siri-se-oko-zgrade-kako-kolektivnu-odgovornost-prosiriti-na-siru-zajednicu\/#breadcrumb","itemListElement":[{"@type":"ListItem","position":1,"name":"Po\u010detna stranica","item":"https:\/\/aem.hr\/"},{"@type":"ListItem","position":2,"name":"Tin Ba\u0161i\u0107 &#8211; Kaos u zgradi \u0161iri se oko zgrade \u2013 kako kolektivnu odgovornost pro\u0161iriti na \u0161iru zajednicu"}]},{"@type":"WebSite","@id":"https:\/\/aem.hr\/#website","url":"https:\/\/aem.hr\/","name":"Agencija za elektroni\u010dke medije","description":"","potentialAction":[{"@type":"SearchAction","target":{"@type":"EntryPoint","urlTemplate":"https:\/\/aem.hr\/?s={search_term_string}"},"query-input":{"@type":"PropertyValueSpecification","valueRequired":true,"valueName":"search_term_string"}}],"inLanguage":"en-US"}]}},"coauthors":[],"author_meta":{"author_link":"https:\/\/aem.hr\/en\/blog\/author\/mkirac\/","display_name":"Matko Kirac"},"relative_dates":{"created":"Posted 3 years ago","modified":"Updated 3 years ago"},"absolute_dates":{"created":"Posted on 29. November 2022.","modified":"Updated on 29. November 2022."},"absolute_dates_time":{"created":"Posted on 29. November 2022. 12:27","modified":"Updated on 29. November 2022. 12:27"},"featured_img_caption":"","featured_img":false,"series_order":"","_links":{"self":[{"href":"https:\/\/aem.hr\/en\/wp-json\/wp\/v2\/pages\/13854","targetHints":{"allow":["GET"]}}],"collection":[{"href":"https:\/\/aem.hr\/en\/wp-json\/wp\/v2\/pages"}],"about":[{"href":"https:\/\/aem.hr\/en\/wp-json\/wp\/v2\/types\/page"}],"author":[{"embeddable":true,"href":"https:\/\/aem.hr\/en\/wp-json\/wp\/v2\/users\/18"}],"replies":[{"embeddable":true,"href":"https:\/\/aem.hr\/en\/wp-json\/wp\/v2\/comments?post=13854"}],"version-history":[{"count":1,"href":"https:\/\/aem.hr\/en\/wp-json\/wp\/v2\/pages\/13854\/revisions"}],"predecessor-version":[{"id":13868,"href":"https:\/\/aem.hr\/en\/wp-json\/wp\/v2\/pages\/13854\/revisions\/13868"}],"wp:attachment":[{"href":"https:\/\/aem.hr\/en\/wp-json\/wp\/v2\/media?parent=13854"}],"curies":[{"name":"wp","href":"https:\/\/api.w.org\/{rel}","templated":true}]}}