{"id":13870,"date":"2022-11-29T12:29:03","date_gmt":"2022-11-29T11:29:03","guid":{"rendered":"http:\/\/aem.hr\/?page_id=13870"},"modified":"2022-11-29T12:29:04","modified_gmt":"2022-11-29T11:29:04","slug":"ivana-peric-neka-ne-pati-koga-smeta-nogometasi-i-nogometasice-kao-radnici-i-radnice","status":"publish","type":"page","link":"https:\/\/aem.hr\/en\/ivana-peric-neka-ne-pati-koga-smeta-nogometasi-i-nogometasice-kao-radnici-i-radnice\/","title":{"rendered":"Ivana Peri\u0107 &#8211; Neka ne pati koga smeta &#8211; nogometa\u0161i i nogometa\u0161ice kao radnici i radnice"},"content":{"rendered":"\n<div class=\"wp-block-file\"><a id=\"wp-block-file--media-e7260b2d-8d0c-4452-ba3c-9ce1dcda52e4\" href=\"https:\/\/aem.hr\/wp-content\/uploads\/2022\/11\/1.-Stecaj-Intera_-Nitko-ti-ne-moze-dat-koliko.pdf\">1. Ste\u010daj Intera_ Nitko ti ne mo\u017ee dat\u2019 koliko<\/a><a href=\"https:\/\/aem.hr\/wp-content\/uploads\/2022\/11\/1.-Stecaj-Intera_-Nitko-ti-ne-moze-dat-koliko.pdf\" class=\"wp-block-file__button wp-element-button\" download aria-describedby=\"wp-block-file--media-e7260b2d-8d0c-4452-ba3c-9ce1dcda52e4\">Preuzimanje<\/a><\/div>\n\n\n\n<div class=\"wp-block-file\"><a id=\"wp-block-file--media-b62658a8-31e7-46d3-be61-093370e417d9\" href=\"https:\/\/aem.hr\/wp-content\/uploads\/2022\/11\/2.-Ja-od-jutra-nisam-stala-\u2013-zivoti-zena-u-kopackama.pdf\">2. Ja od jutra nisam stala \u2013 \u017eivoti \u017eena u kopa\u010dkama<\/a><a href=\"https:\/\/aem.hr\/wp-content\/uploads\/2022\/11\/2.-Ja-od-jutra-nisam-stala-\u2013-zivoti-zena-u-kopackama.pdf\" class=\"wp-block-file__button wp-element-button\" download aria-describedby=\"wp-block-file--media-b62658a8-31e7-46d3-be61-093370e417d9\">Preuzimanje<\/a><\/div>\n\n\n\n<div class=\"wp-block-file\"><a id=\"wp-block-file--media-56f5ebdf-5bcd-49e9-9752-37ad15d47630\" href=\"https:\/\/aem.hr\/wp-content\/uploads\/2022\/11\/3.-Igranje-u-prvoj-ligi_-Jebo-sad-hiljadu-eura.pdf\">3. Igranje u prvoj ligi_ Jebo sad hiljadu eura<\/a><a href=\"https:\/\/aem.hr\/wp-content\/uploads\/2022\/11\/3.-Igranje-u-prvoj-ligi_-Jebo-sad-hiljadu-eura.pdf\" class=\"wp-block-file__button wp-element-button\" download aria-describedby=\"wp-block-file--media-56f5ebdf-5bcd-49e9-9752-37ad15d47630\">Preuzimanje<\/a><\/div>\n\n\n\n<div class=\"wp-block-file\"><a id=\"wp-block-file--media-64f1cca0-5e13-42d4-8da8-5521eb044b09\" href=\"https:\/\/aem.hr\/wp-content\/uploads\/2022\/11\/4.-Nogomet-u-sluzbi-kapitala_-Izmisljanje-natjecanja.pdf\">4. Nogomet u slu\u017ebi kapitala_ Izmi\u0161ljanje natjecanja<\/a><a href=\"https:\/\/aem.hr\/wp-content\/uploads\/2022\/11\/4.-Nogomet-u-sluzbi-kapitala_-Izmisljanje-natjecanja.pdf\" class=\"wp-block-file__button wp-element-button\" download aria-describedby=\"wp-block-file--media-64f1cca0-5e13-42d4-8da8-5521eb044b09\">Preuzimanje<\/a><\/div>\n\n\n\n<div class=\"wp-block-file\"><a id=\"wp-block-file--media-07925972-c85d-4047-aa26-0dbcbe79f0bd\" href=\"https:\/\/aem.hr\/wp-content\/uploads\/2022\/11\/5.-I-to-je-klub_-Neumorni-oruzari-tete-iz-kuhinje.pdf\">5. I to je klub_ Neumorni oru\u017eari, tete iz kuhinje<\/a><a href=\"https:\/\/aem.hr\/wp-content\/uploads\/2022\/11\/5.-I-to-je-klub_-Neumorni-oruzari-tete-iz-kuhinje.pdf\" class=\"wp-block-file__button wp-element-button\" download aria-describedby=\"wp-block-file--media-07925972-c85d-4047-aa26-0dbcbe79f0bd\">Preuzimanje<\/a><\/div>\n\n\n\n<p><\/p>\n","protected":false},"excerpt":{"rendered":"","protected":false},"author":18,"featured_media":0,"parent":0,"menu_order":0,"comment_status":"closed","ping_status":"closed","template":"","meta":{"_acf_changed":false,"inline_featured_image":false,"advgb_blocks_editor_width":"","advgb_blocks_columns_visual_guide":"","_links_to":"","_links_to_type":0,"footnotes":""},"class_list":["post-13870","page","type-page","status-publish","hentry"],"acf":[],"yoast_head":"<!-- This site is optimized with the Yoast SEO plugin v25.7 - https:\/\/yoast.com\/wordpress\/plugins\/seo\/ -->\n<title>Ivana Peri\u0107 - Neka ne pati koga smeta - nogometa\u0161i i nogometa\u0161ice kao radnici i radnice - Agencija za elektroni\u010dke medije<\/title>\n<meta name=\"robots\" content=\"index, follow, max-snippet:-1, max-image-preview:large, max-video-preview:-1\" \/>\n<link rel=\"canonical\" href=\"https:\/\/aem.hr\/ivana-peric-neka-ne-pati-koga-smeta-nogometasi-i-nogometasice-kao-radnici-i-radnice\/\" \/>\n<meta property=\"og:locale\" content=\"en_US\" \/>\n<meta property=\"og:type\" content=\"article\" \/>\n<meta property=\"og:title\" content=\"Ivana Peri\u0107 - Neka ne pati koga smeta - nogometa\u0161i i nogometa\u0161ice kao radnici i radnice - Agencija za elektroni\u010dke medije\" \/>\n<meta property=\"og:url\" content=\"https:\/\/aem.hr\/ivana-peric-neka-ne-pati-koga-smeta-nogometasi-i-nogometasice-kao-radnici-i-radnice\/\" \/>\n<meta property=\"og:site_name\" content=\"Agencija za elektroni\u010dke medije\" \/>\n<meta property=\"article:modified_time\" content=\"2022-11-29T11:29:04+00:00\" \/>\n<meta name=\"twitter:card\" content=\"summary_large_image\" \/>\n<meta name=\"twitter:label1\" content=\"Est. reading time\" \/>\n\t<meta name=\"twitter:data1\" content=\"1 minute\" \/>\n<script type=\"application\/ld+json\" class=\"yoast-schema-graph\">{\"@context\":\"https:\/\/schema.org\",\"@graph\":[{\"@type\":\"WebPage\",\"@id\":\"https:\/\/aem.hr\/ivana-peric-neka-ne-pati-koga-smeta-nogometasi-i-nogometasice-kao-radnici-i-radnice\/\",\"url\":\"https:\/\/aem.hr\/ivana-peric-neka-ne-pati-koga-smeta-nogometasi-i-nogometasice-kao-radnici-i-radnice\/\",\"name\":\"Ivana Peri\u0107 - Neka ne pati koga smeta - nogometa\u0161i i nogometa\u0161ice kao radnici i radnice - Agencija za elektroni\u010dke medije\",\"isPartOf\":{\"@id\":\"https:\/\/aem.hr\/#website\"},\"datePublished\":\"2022-11-29T11:29:03+00:00\",\"dateModified\":\"2022-11-29T11:29:04+00:00\",\"breadcrumb\":{\"@id\":\"https:\/\/aem.hr\/ivana-peric-neka-ne-pati-koga-smeta-nogometasi-i-nogometasice-kao-radnici-i-radnice\/#breadcrumb\"},\"inLanguage\":\"en-US\",\"potentialAction\":[{\"@type\":\"ReadAction\",\"target\":[\"https:\/\/aem.hr\/ivana-peric-neka-ne-pati-koga-smeta-nogometasi-i-nogometasice-kao-radnici-i-radnice\/\"]}]},{\"@type\":\"BreadcrumbList\",\"@id\":\"https:\/\/aem.hr\/ivana-peric-neka-ne-pati-koga-smeta-nogometasi-i-nogometasice-kao-radnici-i-radnice\/#breadcrumb\",\"itemListElement\":[{\"@type\":\"ListItem\",\"position\":1,\"name\":\"Po\u010detna stranica\",\"item\":\"https:\/\/aem.hr\/\"},{\"@type\":\"ListItem\",\"position\":2,\"name\":\"Ivana Peri\u0107 &#8211; Neka ne pati koga smeta &#8211; nogometa\u0161i i nogometa\u0161ice kao radnici i radnice\"}]},{\"@type\":\"WebSite\",\"@id\":\"https:\/\/aem.hr\/#website\",\"url\":\"https:\/\/aem.hr\/\",\"name\":\"Agencija za elektroni\u010dke medije\",\"description\":\"\",\"potentialAction\":[{\"@type\":\"SearchAction\",\"target\":{\"@type\":\"EntryPoint\",\"urlTemplate\":\"https:\/\/aem.hr\/?s={search_term_string}\"},\"query-input\":{\"@type\":\"PropertyValueSpecification\",\"valueRequired\":true,\"valueName\":\"search_term_string\"}}],\"inLanguage\":\"en-US\"}]}<\/script>\n<!-- \/ Yoast SEO plugin. -->","yoast_head_json":{"title":"Ivana Peri\u0107 - Neka ne pati koga smeta - nogometa\u0161i i nogometa\u0161ice kao radnici i radnice - Agencija za elektroni\u010dke medije","robots":{"index":"index","follow":"follow","max-snippet":"max-snippet:-1","max-image-preview":"max-image-preview:large","max-video-preview":"max-video-preview:-1"},"canonical":"https:\/\/aem.hr\/ivana-peric-neka-ne-pati-koga-smeta-nogometasi-i-nogometasice-kao-radnici-i-radnice\/","og_locale":"en_US","og_type":"article","og_title":"Ivana Peri\u0107 - Neka ne pati koga smeta - nogometa\u0161i i nogometa\u0161ice kao radnici i radnice - Agencija za elektroni\u010dke medije","og_url":"https:\/\/aem.hr\/ivana-peric-neka-ne-pati-koga-smeta-nogometasi-i-nogometasice-kao-radnici-i-radnice\/","og_site_name":"Agencija za elektroni\u010dke medije","article_modified_time":"2022-11-29T11:29:04+00:00","twitter_card":"summary_large_image","twitter_misc":{"Est. reading time":"1 minute"},"schema":{"@context":"https:\/\/schema.org","@graph":[{"@type":"WebPage","@id":"https:\/\/aem.hr\/ivana-peric-neka-ne-pati-koga-smeta-nogometasi-i-nogometasice-kao-radnici-i-radnice\/","url":"https:\/\/aem.hr\/ivana-peric-neka-ne-pati-koga-smeta-nogometasi-i-nogometasice-kao-radnici-i-radnice\/","name":"Ivana Peri\u0107 - Neka ne pati koga smeta - nogometa\u0161i i nogometa\u0161ice kao radnici i radnice - Agencija za elektroni\u010dke medije","isPartOf":{"@id":"https:\/\/aem.hr\/#website"},"datePublished":"2022-11-29T11:29:03+00:00","dateModified":"2022-11-29T11:29:04+00:00","breadcrumb":{"@id":"https:\/\/aem.hr\/ivana-peric-neka-ne-pati-koga-smeta-nogometasi-i-nogometasice-kao-radnici-i-radnice\/#breadcrumb"},"inLanguage":"en-US","potentialAction":[{"@type":"ReadAction","target":["https:\/\/aem.hr\/ivana-peric-neka-ne-pati-koga-smeta-nogometasi-i-nogometasice-kao-radnici-i-radnice\/"]}]},{"@type":"BreadcrumbList","@id":"https:\/\/aem.hr\/ivana-peric-neka-ne-pati-koga-smeta-nogometasi-i-nogometasice-kao-radnici-i-radnice\/#breadcrumb","itemListElement":[{"@type":"ListItem","position":1,"name":"Po\u010detna stranica","item":"https:\/\/aem.hr\/"},{"@type":"ListItem","position":2,"name":"Ivana Peri\u0107 &#8211; Neka ne pati koga smeta &#8211; nogometa\u0161i i nogometa\u0161ice kao radnici i radnice"}]},{"@type":"WebSite","@id":"https:\/\/aem.hr\/#website","url":"https:\/\/aem.hr\/","name":"Agencija za elektroni\u010dke medije","description":"","potentialAction":[{"@type":"SearchAction","target":{"@type":"EntryPoint","urlTemplate":"https:\/\/aem.hr\/?s={search_term_string}"},"query-input":{"@type":"PropertyValueSpecification","valueRequired":true,"valueName":"search_term_string"}}],"inLanguage":"en-US"}]}},"coauthors":[],"author_meta":{"author_link":"https:\/\/aem.hr\/en\/blog\/author\/mkirac\/","display_name":"Matko Kirac"},"relative_dates":{"created":"Posted 3 years ago","modified":"Updated 3 years ago"},"absolute_dates":{"created":"Posted on 29. November 2022.","modified":"Updated on 29. November 2022."},"absolute_dates_time":{"created":"Posted on 29. November 2022. 12:29","modified":"Updated on 29. November 2022. 12:29"},"featured_img_caption":"","featured_img":false,"series_order":"","_links":{"self":[{"href":"https:\/\/aem.hr\/en\/wp-json\/wp\/v2\/pages\/13870","targetHints":{"allow":["GET"]}}],"collection":[{"href":"https:\/\/aem.hr\/en\/wp-json\/wp\/v2\/pages"}],"about":[{"href":"https:\/\/aem.hr\/en\/wp-json\/wp\/v2\/types\/page"}],"author":[{"embeddable":true,"href":"https:\/\/aem.hr\/en\/wp-json\/wp\/v2\/users\/18"}],"replies":[{"embeddable":true,"href":"https:\/\/aem.hr\/en\/wp-json\/wp\/v2\/comments?post=13870"}],"version-history":[{"count":1,"href":"https:\/\/aem.hr\/en\/wp-json\/wp\/v2\/pages\/13870\/revisions"}],"predecessor-version":[{"id":13881,"href":"https:\/\/aem.hr\/en\/wp-json\/wp\/v2\/pages\/13870\/revisions\/13881"}],"wp:attachment":[{"href":"https:\/\/aem.hr\/en\/wp-json\/wp\/v2\/media?parent=13870"}],"curies":[{"name":"wp","href":"https:\/\/api.w.org\/{rel}","templated":true}]}}