{"id":13883,"date":"2022-11-29T12:30:57","date_gmt":"2022-11-29T11:30:57","guid":{"rendered":"http:\/\/aem.hr\/?page_id=13883"},"modified":"2022-11-29T12:30:58","modified_gmt":"2022-11-29T11:30:58","slug":"ljubica-juric-mentalno-zdravlje-suvremenog-drustva-zasto-je-jos-uvijek-tabu","status":"publish","type":"page","link":"https:\/\/aem.hr\/en\/ljubica-juric-mentalno-zdravlje-suvremenog-drustva-zasto-je-jos-uvijek-tabu\/","title":{"rendered":"Ljubica Juri\u010d &#8211; Mentalno zdravlje suvremenog dru\u0161tva \u2013 za\u0161to je jo\u0161 uvijek tabu?"},"content":{"rendered":"\n<div class=\"wp-block-file\"><a id=\"wp-block-file--media-fa89c477-97ae-448a-9f2e-815327124c19\" href=\"https:\/\/aem.hr\/wp-content\/uploads\/2022\/11\/1.-Kako-srusiti-stigme-vezane-uz-mentalno-zdravlje.pdf\">1. Kako sru\u0161iti stigme vezane uz mentalno zdravlje<\/a><a href=\"https:\/\/aem.hr\/wp-content\/uploads\/2022\/11\/1.-Kako-srusiti-stigme-vezane-uz-mentalno-zdravlje.pdf\" class=\"wp-block-file__button wp-element-button\" download aria-describedby=\"wp-block-file--media-fa89c477-97ae-448a-9f2e-815327124c19\">Preuzimanje<\/a><\/div>\n\n\n\n<div class=\"wp-block-file\"><a id=\"wp-block-file--media-21de696b-b954-450f-bfd2-3f075a1c0ca6\" href=\"https:\/\/aem.hr\/wp-content\/uploads\/2022\/11\/2.-Sto-je-psihoterapija-i-tko-je-psihoterapeut.pdf\">2. \u0160to je psihoterapija i tko je psihoterapeut<\/a><a href=\"https:\/\/aem.hr\/wp-content\/uploads\/2022\/11\/2.-Sto-je-psihoterapija-i-tko-je-psihoterapeut.pdf\" class=\"wp-block-file__button wp-element-button\" download aria-describedby=\"wp-block-file--media-21de696b-b954-450f-bfd2-3f075a1c0ca6\">Preuzimanje<\/a><\/div>\n\n\n\n<div class=\"wp-block-file\"><a id=\"wp-block-file--media-9462a46c-43cd-48c0-813a-4b7d154a6ec6\" href=\"https:\/\/aem.hr\/wp-content\/uploads\/2022\/11\/3.-Kako-sam-potrazio_la-pomoc-psihologa.pdf\">3. Kako sam potra\u017eio_la pomo\u0107 psihologa<\/a><a href=\"https:\/\/aem.hr\/wp-content\/uploads\/2022\/11\/3.-Kako-sam-potrazio_la-pomoc-psihologa.pdf\" class=\"wp-block-file__button wp-element-button\" download aria-describedby=\"wp-block-file--media-9462a46c-43cd-48c0-813a-4b7d154a6ec6\">Preuzimanje<\/a><\/div>\n\n\n\n<div class=\"wp-block-file\"><a id=\"wp-block-file--media-afbcb0fc-9cc3-4c38-bd0e-000a5d17c222\" href=\"https:\/\/aem.hr\/wp-content\/uploads\/2022\/11\/4.-STRES-vs.-BURNOUT-Kako-ocuvati-mentalno.pdf\">4. STRES vs. BURNOUT &#8211; Kako o\u010duvati mentalno<\/a><a href=\"https:\/\/aem.hr\/wp-content\/uploads\/2022\/11\/4.-STRES-vs.-BURNOUT-Kako-ocuvati-mentalno.pdf\" class=\"wp-block-file__button wp-element-button\" download aria-describedby=\"wp-block-file--media-afbcb0fc-9cc3-4c38-bd0e-000a5d17c222\">Preuzimanje<\/a><\/div>\n\n\n\n<div class=\"wp-block-file\"><a id=\"wp-block-file--media-548a7ba0-61f3-4360-9bcd-e616d484cbf7\" href=\"https:\/\/aem.hr\/wp-content\/uploads\/2022\/11\/5.-Moje-dijete-treba-pomoc.pdf\">5. Moje dijete treba pomo\u0107<\/a><a href=\"https:\/\/aem.hr\/wp-content\/uploads\/2022\/11\/5.-Moje-dijete-treba-pomoc.pdf\" class=\"wp-block-file__button wp-element-button\" download aria-describedby=\"wp-block-file--media-548a7ba0-61f3-4360-9bcd-e616d484cbf7\">Preuzimanje<\/a><\/div>\n\n\n\n<div class=\"wp-block-file\"><a id=\"wp-block-file--media-b15f3d88-3cae-4ef4-ae9e-05b7baf01689\" href=\"https:\/\/aem.hr\/wp-content\/uploads\/2022\/11\/6.-Influenceri-i-njihov-utjecaj-na-mentalno-zdravlje.pdf\">6. Influenceri i njihov utjecaj na mentalno zdravlje<\/a><a href=\"https:\/\/aem.hr\/wp-content\/uploads\/2022\/11\/6.-Influenceri-i-njihov-utjecaj-na-mentalno-zdravlje.pdf\" class=\"wp-block-file__button wp-element-button\" download aria-describedby=\"wp-block-file--media-b15f3d88-3cae-4ef4-ae9e-05b7baf01689\">Preuzimanje<\/a><\/div>\n\n\n\n<p><\/p>\n","protected":false},"excerpt":{"rendered":"","protected":false},"author":18,"featured_media":0,"parent":0,"menu_order":0,"comment_status":"closed","ping_status":"closed","template":"","meta":{"_acf_changed":false,"inline_featured_image":false,"advgb_blocks_editor_width":"","advgb_blocks_columns_visual_guide":"","_links_to":"","_links_to_type":0,"footnotes":""},"class_list":["post-13883","page","type-page","status-publish","hentry"],"acf":[],"yoast_head":"<!-- This site is optimized with the Yoast SEO plugin v25.7 - https:\/\/yoast.com\/wordpress\/plugins\/seo\/ -->\n<title>Ljubica Juri\u010d - Mentalno zdravlje suvremenog dru\u0161tva \u2013 za\u0161to je jo\u0161 uvijek tabu? - Agencija za elektroni\u010dke medije<\/title>\n<meta name=\"robots\" content=\"index, follow, max-snippet:-1, max-image-preview:large, max-video-preview:-1\" \/>\n<link rel=\"canonical\" href=\"https:\/\/aem.hr\/ljubica-juric-mentalno-zdravlje-suvremenog-drustva-zasto-je-jos-uvijek-tabu\/\" \/>\n<meta property=\"og:locale\" content=\"en_US\" \/>\n<meta property=\"og:type\" content=\"article\" \/>\n<meta property=\"og:title\" content=\"Ljubica Juri\u010d - Mentalno zdravlje suvremenog dru\u0161tva \u2013 za\u0161to je jo\u0161 uvijek tabu? - Agencija za elektroni\u010dke medije\" \/>\n<meta property=\"og:url\" content=\"https:\/\/aem.hr\/ljubica-juric-mentalno-zdravlje-suvremenog-drustva-zasto-je-jos-uvijek-tabu\/\" \/>\n<meta property=\"og:site_name\" content=\"Agencija za elektroni\u010dke medije\" \/>\n<meta property=\"article:modified_time\" content=\"2022-11-29T11:30:58+00:00\" \/>\n<meta name=\"twitter:card\" content=\"summary_large_image\" \/>\n<meta name=\"twitter:label1\" content=\"Est. reading time\" \/>\n\t<meta name=\"twitter:data1\" content=\"1 minute\" \/>\n<script type=\"application\/ld+json\" class=\"yoast-schema-graph\">{\"@context\":\"https:\/\/schema.org\",\"@graph\":[{\"@type\":\"WebPage\",\"@id\":\"https:\/\/aem.hr\/ljubica-juric-mentalno-zdravlje-suvremenog-drustva-zasto-je-jos-uvijek-tabu\/\",\"url\":\"https:\/\/aem.hr\/ljubica-juric-mentalno-zdravlje-suvremenog-drustva-zasto-je-jos-uvijek-tabu\/\",\"name\":\"Ljubica Juri\u010d - Mentalno zdravlje suvremenog dru\u0161tva \u2013 za\u0161to je jo\u0161 uvijek tabu? - Agencija za elektroni\u010dke medije\",\"isPartOf\":{\"@id\":\"https:\/\/aem.hr\/#website\"},\"datePublished\":\"2022-11-29T11:30:57+00:00\",\"dateModified\":\"2022-11-29T11:30:58+00:00\",\"breadcrumb\":{\"@id\":\"https:\/\/aem.hr\/ljubica-juric-mentalno-zdravlje-suvremenog-drustva-zasto-je-jos-uvijek-tabu\/#breadcrumb\"},\"inLanguage\":\"en-US\",\"potentialAction\":[{\"@type\":\"ReadAction\",\"target\":[\"https:\/\/aem.hr\/ljubica-juric-mentalno-zdravlje-suvremenog-drustva-zasto-je-jos-uvijek-tabu\/\"]}]},{\"@type\":\"BreadcrumbList\",\"@id\":\"https:\/\/aem.hr\/ljubica-juric-mentalno-zdravlje-suvremenog-drustva-zasto-je-jos-uvijek-tabu\/#breadcrumb\",\"itemListElement\":[{\"@type\":\"ListItem\",\"position\":1,\"name\":\"Po\u010detna stranica\",\"item\":\"https:\/\/aem.hr\/\"},{\"@type\":\"ListItem\",\"position\":2,\"name\":\"Ljubica Juri\u010d &#8211; Mentalno zdravlje suvremenog dru\u0161tva \u2013 za\u0161to je jo\u0161 uvijek tabu?\"}]},{\"@type\":\"WebSite\",\"@id\":\"https:\/\/aem.hr\/#website\",\"url\":\"https:\/\/aem.hr\/\",\"name\":\"Agencija za elektroni\u010dke medije\",\"description\":\"\",\"potentialAction\":[{\"@type\":\"SearchAction\",\"target\":{\"@type\":\"EntryPoint\",\"urlTemplate\":\"https:\/\/aem.hr\/?s={search_term_string}\"},\"query-input\":{\"@type\":\"PropertyValueSpecification\",\"valueRequired\":true,\"valueName\":\"search_term_string\"}}],\"inLanguage\":\"en-US\"}]}<\/script>\n<!-- \/ Yoast SEO plugin. -->","yoast_head_json":{"title":"Ljubica Juri\u010d - Mentalno zdravlje suvremenog dru\u0161tva \u2013 za\u0161to je jo\u0161 uvijek tabu? - Agencija za elektroni\u010dke medije","robots":{"index":"index","follow":"follow","max-snippet":"max-snippet:-1","max-image-preview":"max-image-preview:large","max-video-preview":"max-video-preview:-1"},"canonical":"https:\/\/aem.hr\/ljubica-juric-mentalno-zdravlje-suvremenog-drustva-zasto-je-jos-uvijek-tabu\/","og_locale":"en_US","og_type":"article","og_title":"Ljubica Juri\u010d - Mentalno zdravlje suvremenog dru\u0161tva \u2013 za\u0161to je jo\u0161 uvijek tabu? - Agencija za elektroni\u010dke medije","og_url":"https:\/\/aem.hr\/ljubica-juric-mentalno-zdravlje-suvremenog-drustva-zasto-je-jos-uvijek-tabu\/","og_site_name":"Agencija za elektroni\u010dke medije","article_modified_time":"2022-11-29T11:30:58+00:00","twitter_card":"summary_large_image","twitter_misc":{"Est. reading time":"1 minute"},"schema":{"@context":"https:\/\/schema.org","@graph":[{"@type":"WebPage","@id":"https:\/\/aem.hr\/ljubica-juric-mentalno-zdravlje-suvremenog-drustva-zasto-je-jos-uvijek-tabu\/","url":"https:\/\/aem.hr\/ljubica-juric-mentalno-zdravlje-suvremenog-drustva-zasto-je-jos-uvijek-tabu\/","name":"Ljubica Juri\u010d - Mentalno zdravlje suvremenog dru\u0161tva \u2013 za\u0161to je jo\u0161 uvijek tabu? - Agencija za elektroni\u010dke medije","isPartOf":{"@id":"https:\/\/aem.hr\/#website"},"datePublished":"2022-11-29T11:30:57+00:00","dateModified":"2022-11-29T11:30:58+00:00","breadcrumb":{"@id":"https:\/\/aem.hr\/ljubica-juric-mentalno-zdravlje-suvremenog-drustva-zasto-je-jos-uvijek-tabu\/#breadcrumb"},"inLanguage":"en-US","potentialAction":[{"@type":"ReadAction","target":["https:\/\/aem.hr\/ljubica-juric-mentalno-zdravlje-suvremenog-drustva-zasto-je-jos-uvijek-tabu\/"]}]},{"@type":"BreadcrumbList","@id":"https:\/\/aem.hr\/ljubica-juric-mentalno-zdravlje-suvremenog-drustva-zasto-je-jos-uvijek-tabu\/#breadcrumb","itemListElement":[{"@type":"ListItem","position":1,"name":"Po\u010detna stranica","item":"https:\/\/aem.hr\/"},{"@type":"ListItem","position":2,"name":"Ljubica Juri\u010d &#8211; Mentalno zdravlje suvremenog dru\u0161tva \u2013 za\u0161to je jo\u0161 uvijek tabu?"}]},{"@type":"WebSite","@id":"https:\/\/aem.hr\/#website","url":"https:\/\/aem.hr\/","name":"Agencija za elektroni\u010dke medije","description":"","potentialAction":[{"@type":"SearchAction","target":{"@type":"EntryPoint","urlTemplate":"https:\/\/aem.hr\/?s={search_term_string}"},"query-input":{"@type":"PropertyValueSpecification","valueRequired":true,"valueName":"search_term_string"}}],"inLanguage":"en-US"}]}},"coauthors":[],"author_meta":{"author_link":"https:\/\/aem.hr\/en\/blog\/author\/mkirac\/","display_name":"Matko Kirac"},"relative_dates":{"created":"Posted 3 years ago","modified":"Updated 3 years ago"},"absolute_dates":{"created":"Posted on 29. November 2022.","modified":"Updated on 29. November 2022."},"absolute_dates_time":{"created":"Posted on 29. November 2022. 12:30","modified":"Updated on 29. November 2022. 12:30"},"featured_img_caption":"","featured_img":false,"series_order":"","_links":{"self":[{"href":"https:\/\/aem.hr\/en\/wp-json\/wp\/v2\/pages\/13883","targetHints":{"allow":["GET"]}}],"collection":[{"href":"https:\/\/aem.hr\/en\/wp-json\/wp\/v2\/pages"}],"about":[{"href":"https:\/\/aem.hr\/en\/wp-json\/wp\/v2\/types\/page"}],"author":[{"embeddable":true,"href":"https:\/\/aem.hr\/en\/wp-json\/wp\/v2\/users\/18"}],"replies":[{"embeddable":true,"href":"https:\/\/aem.hr\/en\/wp-json\/wp\/v2\/comments?post=13883"}],"version-history":[{"count":1,"href":"https:\/\/aem.hr\/en\/wp-json\/wp\/v2\/pages\/13883\/revisions"}],"predecessor-version":[{"id":13895,"href":"https:\/\/aem.hr\/en\/wp-json\/wp\/v2\/pages\/13883\/revisions\/13895"}],"wp:attachment":[{"href":"https:\/\/aem.hr\/en\/wp-json\/wp\/v2\/media?parent=13883"}],"curies":[{"name":"wp","href":"https:\/\/api.w.org\/{rel}","templated":true}]}}