{"id":13910,"date":"2022-11-29T12:35:08","date_gmt":"2022-11-29T11:35:08","guid":{"rendered":"http:\/\/aem.hr\/?page_id=13910"},"modified":"2023-05-31T14:21:05","modified_gmt":"2023-05-31T12:21:05","slug":"ana-fabijanovic-kroz-usicu-igle-kultura-u-vrijeme-previranja-sloboda-ili-dogma-kako-se-opredjeliti","status":"publish","type":"page","link":"https:\/\/aem.hr\/en\/ana-fabijanovic-kroz-usicu-igle-kultura-u-vrijeme-previranja-sloboda-ili-dogma-kako-se-opredjeliti\/","title":{"rendered":"Ana Fabijanovi\u0107 &#8211; Kroz u\u0161icu igle \/kultura u vrijeme previranja: sloboda ili dogma &#8211; kako se opredijeliti"},"content":{"rendered":"\n<div class=\"wp-block-file\"><a id=\"wp-block-file--media-96d655bb-7bb4-4dac-879e-14217db3b601\" href=\"https:\/\/aem.hr\/wp-content\/uploads\/2022\/11\/1.-Kroz-usicu-igle_-Medunarodna-smotra-folklora.pdf\">1. Kroz u\u0161icu igle_ Me\u0111unarodna smotra folklora<\/a><a href=\"https:\/\/aem.hr\/wp-content\/uploads\/2022\/11\/1.-Kroz-usicu-igle_-Medunarodna-smotra-folklora.pdf\" class=\"wp-block-file__button wp-element-button\" download aria-describedby=\"wp-block-file--media-96d655bb-7bb4-4dac-879e-14217db3b601\">Preuzimanje<\/a><\/div>\n\n\n\n<div class=\"wp-block-file\"><a id=\"wp-block-file--media-f883674c-d350-4485-a645-3446278d8d9e\" href=\"https:\/\/aem.hr\/wp-content\/uploads\/2022\/11\/2.-Mladen-Vukovic_-Smijeh-je-najbolji-lijek-ali-je-ujedno.pdf\">2. Mladen Vukovi\u0107_ Smijeh je najbolji lijek, ali je ujedno<\/a><a href=\"https:\/\/aem.hr\/wp-content\/uploads\/2022\/11\/2.-Mladen-Vukovic_-Smijeh-je-najbolji-lijek-ali-je-ujedno.pdf\" class=\"wp-block-file__button wp-element-button\" download aria-describedby=\"wp-block-file--media-f883674c-d350-4485-a645-3446278d8d9e\">Preuzimanje<\/a><\/div>\n\n\n\n<div class=\"wp-block-file\"><a id=\"wp-block-file--media-8aa9279a-525f-4f09-871a-1693da5b734d\" href=\"https:\/\/aem.hr\/wp-content\/uploads\/2022\/11\/3.-Marko-Gregur_-Knjizi-svakako-treba-dati-.pdf\">3. Marko Gregur_ Knjizi svakako treba dati<\/a><a href=\"https:\/\/aem.hr\/wp-content\/uploads\/2022\/11\/3.-Marko-Gregur_-Knjizi-svakako-treba-dati-.pdf\" class=\"wp-block-file__button wp-element-button\" download aria-describedby=\"wp-block-file--media-8aa9279a-525f-4f09-871a-1693da5b734d\">Preuzimanje<\/a><\/div>\n\n\n\n<div class=\"wp-block-file\"><a id=\"wp-block-file--media-0e3b87db-02b0-4635-844b-a02475b1dfa1\" href=\"https:\/\/aem.hr\/wp-content\/uploads\/2022\/11\/4.-Cestitamo-10-tu-obljetnicu_-HRT-3-donosi-kulturu.pdf\">4. \u010cestitamo 10-tu obljetnicu_ HRT 3 donosi kulturu<\/a><a href=\"https:\/\/aem.hr\/wp-content\/uploads\/2022\/11\/4.-Cestitamo-10-tu-obljetnicu_-HRT-3-donosi-kulturu.pdf\" class=\"wp-block-file__button wp-element-button\" download aria-describedby=\"wp-block-file--media-0e3b87db-02b0-4635-844b-a02475b1dfa1\">Preuzimanje<\/a><\/div>\n\n\n\n<div class=\"wp-block-file\"><a id=\"wp-block-file--media-4e8ba048-c20f-4637-ab0f-a5428a575bf2\" href=\"https:\/\/aem.hr\/wp-content\/uploads\/2022\/11\/5.-Veliki-raspon-kulture-a-posebno-njezini.pdf\">5. Veliki raspon kulture, a posebno njezini<\/a><a href=\"https:\/\/aem.hr\/wp-content\/uploads\/2022\/11\/5.-Veliki-raspon-kulture-a-posebno-njezini.pdf\" class=\"wp-block-file__button wp-element-button\" download aria-describedby=\"wp-block-file--media-4e8ba048-c20f-4637-ab0f-a5428a575bf2\">Preuzimanje<\/a><\/div>\n\n\n\n<div class=\"wp-block-file\"><a id=\"wp-block-file--media-fad0024b-810a-461c-aa88-d7e06cf24c7a\" href=\"https:\/\/aem.hr\/wp-content\/uploads\/2022\/11\/6.-Buducnost-Hrvatske-lezi-u-njezinoj-proslosti.pdf\">6. Budu\u0107nost Hrvatske le\u017ei u njezinoj pro\u0161losti<\/a><a href=\"https:\/\/aem.hr\/wp-content\/uploads\/2022\/11\/6.-Buducnost-Hrvatske-lezi-u-njezinoj-proslosti.pdf\" class=\"wp-block-file__button wp-element-button\" download aria-describedby=\"wp-block-file--media-fad0024b-810a-461c-aa88-d7e06cf24c7a\">Preuzimanje<\/a><\/div>\n\n\n\n<div class=\"wp-block-file\"><a id=\"wp-block-file--media-c22520f4-95d6-4422-86ee-9c8a28b01253\" href=\"https:\/\/aem.hr\/wp-content\/uploads\/2022\/11\/7.-Grozdana-Ribicic-ravnateljica-najbolje-knjiznice.pdf\">7. Grozdana Ribi\u010di\u0107, ravnateljica najbolje knji\u017enice<\/a><a href=\"https:\/\/aem.hr\/wp-content\/uploads\/2022\/11\/7.-Grozdana-Ribicic-ravnateljica-najbolje-knjiznice.pdf\" class=\"wp-block-file__button wp-element-button\" download aria-describedby=\"wp-block-file--media-c22520f4-95d6-4422-86ee-9c8a28b01253\">Preuzimanje<\/a><\/div>\n\n\n\n<p><\/p>\n","protected":false},"excerpt":{"rendered":"","protected":false},"author":18,"featured_media":0,"parent":0,"menu_order":0,"comment_status":"closed","ping_status":"closed","template":"","meta":{"_acf_changed":false,"inline_featured_image":false,"advgb_blocks_editor_width":"","advgb_blocks_columns_visual_guide":"","_links_to":"","_links_to_type":0,"footnotes":""},"class_list":["post-13910","page","type-page","status-publish","hentry"],"acf":[],"yoast_head":"<!-- This site is optimized with the Yoast SEO plugin v25.7 - https:\/\/yoast.com\/wordpress\/plugins\/seo\/ -->\n<title>Ana Fabijanovi\u0107 - Kroz u\u0161icu igle \/kultura u vrijeme previranja: sloboda ili dogma - kako se opredijeliti - Agencija za elektroni\u010dke medije<\/title>\n<meta name=\"robots\" content=\"index, follow, max-snippet:-1, max-image-preview:large, max-video-preview:-1\" \/>\n<link rel=\"canonical\" href=\"https:\/\/aem.hr\/ana-fabijanovic-kroz-usicu-igle-kultura-u-vrijeme-previranja-sloboda-ili-dogma-kako-se-opredjeliti\/\" \/>\n<meta property=\"og:locale\" content=\"en_US\" \/>\n<meta property=\"og:type\" content=\"article\" \/>\n<meta property=\"og:title\" content=\"Ana Fabijanovi\u0107 - Kroz u\u0161icu igle \/kultura u vrijeme previranja: sloboda ili dogma - kako se opredijeliti - Agencija za elektroni\u010dke medije\" \/>\n<meta property=\"og:url\" content=\"https:\/\/aem.hr\/ana-fabijanovic-kroz-usicu-igle-kultura-u-vrijeme-previranja-sloboda-ili-dogma-kako-se-opredjeliti\/\" \/>\n<meta property=\"og:site_name\" content=\"Agencija za elektroni\u010dke medije\" \/>\n<meta property=\"article:modified_time\" content=\"2023-05-31T12:21:05+00:00\" \/>\n<meta name=\"twitter:card\" content=\"summary_large_image\" \/>\n<script type=\"application\/ld+json\" class=\"yoast-schema-graph\">{\"@context\":\"https:\/\/schema.org\",\"@graph\":[{\"@type\":\"WebPage\",\"@id\":\"https:\/\/aem.hr\/ana-fabijanovic-kroz-usicu-igle-kultura-u-vrijeme-previranja-sloboda-ili-dogma-kako-se-opredjeliti\/\",\"url\":\"https:\/\/aem.hr\/ana-fabijanovic-kroz-usicu-igle-kultura-u-vrijeme-previranja-sloboda-ili-dogma-kako-se-opredjeliti\/\",\"name\":\"Ana Fabijanovi\u0107 - Kroz u\u0161icu igle \/kultura u vrijeme previranja: sloboda ili dogma - kako se opredijeliti - Agencija za elektroni\u010dke medije\",\"isPartOf\":{\"@id\":\"https:\/\/aem.hr\/#website\"},\"datePublished\":\"2022-11-29T11:35:08+00:00\",\"dateModified\":\"2023-05-31T12:21:05+00:00\",\"breadcrumb\":{\"@id\":\"https:\/\/aem.hr\/ana-fabijanovic-kroz-usicu-igle-kultura-u-vrijeme-previranja-sloboda-ili-dogma-kako-se-opredjeliti\/#breadcrumb\"},\"inLanguage\":\"en-US\",\"potentialAction\":[{\"@type\":\"ReadAction\",\"target\":[\"https:\/\/aem.hr\/ana-fabijanovic-kroz-usicu-igle-kultura-u-vrijeme-previranja-sloboda-ili-dogma-kako-se-opredjeliti\/\"]}]},{\"@type\":\"BreadcrumbList\",\"@id\":\"https:\/\/aem.hr\/ana-fabijanovic-kroz-usicu-igle-kultura-u-vrijeme-previranja-sloboda-ili-dogma-kako-se-opredjeliti\/#breadcrumb\",\"itemListElement\":[{\"@type\":\"ListItem\",\"position\":1,\"name\":\"Po\u010detna stranica\",\"item\":\"https:\/\/aem.hr\/\"},{\"@type\":\"ListItem\",\"position\":2,\"name\":\"Ana Fabijanovi\u0107 &#8211; Kroz u\u0161icu igle \/kultura u vrijeme previranja: sloboda ili dogma &#8211; kako se opredijeliti\"}]},{\"@type\":\"WebSite\",\"@id\":\"https:\/\/aem.hr\/#website\",\"url\":\"https:\/\/aem.hr\/\",\"name\":\"Agencija za elektroni\u010dke medije\",\"description\":\"\",\"potentialAction\":[{\"@type\":\"SearchAction\",\"target\":{\"@type\":\"EntryPoint\",\"urlTemplate\":\"https:\/\/aem.hr\/?s={search_term_string}\"},\"query-input\":{\"@type\":\"PropertyValueSpecification\",\"valueRequired\":true,\"valueName\":\"search_term_string\"}}],\"inLanguage\":\"en-US\"}]}<\/script>\n<!-- \/ Yoast SEO plugin. -->","yoast_head_json":{"title":"Ana Fabijanovi\u0107 - Kroz u\u0161icu igle \/kultura u vrijeme previranja: sloboda ili dogma - kako se opredijeliti - Agencija za elektroni\u010dke medije","robots":{"index":"index","follow":"follow","max-snippet":"max-snippet:-1","max-image-preview":"max-image-preview:large","max-video-preview":"max-video-preview:-1"},"canonical":"https:\/\/aem.hr\/ana-fabijanovic-kroz-usicu-igle-kultura-u-vrijeme-previranja-sloboda-ili-dogma-kako-se-opredjeliti\/","og_locale":"en_US","og_type":"article","og_title":"Ana Fabijanovi\u0107 - Kroz u\u0161icu igle \/kultura u vrijeme previranja: sloboda ili dogma - kako se opredijeliti - Agencija za elektroni\u010dke medije","og_url":"https:\/\/aem.hr\/ana-fabijanovic-kroz-usicu-igle-kultura-u-vrijeme-previranja-sloboda-ili-dogma-kako-se-opredjeliti\/","og_site_name":"Agencija za elektroni\u010dke medije","article_modified_time":"2023-05-31T12:21:05+00:00","twitter_card":"summary_large_image","schema":{"@context":"https:\/\/schema.org","@graph":[{"@type":"WebPage","@id":"https:\/\/aem.hr\/ana-fabijanovic-kroz-usicu-igle-kultura-u-vrijeme-previranja-sloboda-ili-dogma-kako-se-opredjeliti\/","url":"https:\/\/aem.hr\/ana-fabijanovic-kroz-usicu-igle-kultura-u-vrijeme-previranja-sloboda-ili-dogma-kako-se-opredjeliti\/","name":"Ana Fabijanovi\u0107 - Kroz u\u0161icu igle \/kultura u vrijeme previranja: sloboda ili dogma - kako se opredijeliti - Agencija za elektroni\u010dke medije","isPartOf":{"@id":"https:\/\/aem.hr\/#website"},"datePublished":"2022-11-29T11:35:08+00:00","dateModified":"2023-05-31T12:21:05+00:00","breadcrumb":{"@id":"https:\/\/aem.hr\/ana-fabijanovic-kroz-usicu-igle-kultura-u-vrijeme-previranja-sloboda-ili-dogma-kako-se-opredjeliti\/#breadcrumb"},"inLanguage":"en-US","potentialAction":[{"@type":"ReadAction","target":["https:\/\/aem.hr\/ana-fabijanovic-kroz-usicu-igle-kultura-u-vrijeme-previranja-sloboda-ili-dogma-kako-se-opredjeliti\/"]}]},{"@type":"BreadcrumbList","@id":"https:\/\/aem.hr\/ana-fabijanovic-kroz-usicu-igle-kultura-u-vrijeme-previranja-sloboda-ili-dogma-kako-se-opredjeliti\/#breadcrumb","itemListElement":[{"@type":"ListItem","position":1,"name":"Po\u010detna stranica","item":"https:\/\/aem.hr\/"},{"@type":"ListItem","position":2,"name":"Ana Fabijanovi\u0107 &#8211; Kroz u\u0161icu igle \/kultura u vrijeme previranja: sloboda ili dogma &#8211; kako se opredijeliti"}]},{"@type":"WebSite","@id":"https:\/\/aem.hr\/#website","url":"https:\/\/aem.hr\/","name":"Agencija za elektroni\u010dke medije","description":"","potentialAction":[{"@type":"SearchAction","target":{"@type":"EntryPoint","urlTemplate":"https:\/\/aem.hr\/?s={search_term_string}"},"query-input":{"@type":"PropertyValueSpecification","valueRequired":true,"valueName":"search_term_string"}}],"inLanguage":"en-US"}]}},"coauthors":[],"author_meta":{"author_link":"https:\/\/aem.hr\/en\/blog\/author\/mkirac\/","display_name":"Matko Kirac"},"relative_dates":{"created":"Posted 3 years ago","modified":"Updated 3 years ago"},"absolute_dates":{"created":"Posted on 29. November 2022.","modified":"Updated on 31. May 2023."},"absolute_dates_time":{"created":"Posted on 29. November 2022. 12:35","modified":"Updated on 31. May 2023. 14:21"},"featured_img_caption":"","featured_img":false,"series_order":"","_links":{"self":[{"href":"https:\/\/aem.hr\/en\/wp-json\/wp\/v2\/pages\/13910","targetHints":{"allow":["GET"]}}],"collection":[{"href":"https:\/\/aem.hr\/en\/wp-json\/wp\/v2\/pages"}],"about":[{"href":"https:\/\/aem.hr\/en\/wp-json\/wp\/v2\/types\/page"}],"author":[{"embeddable":true,"href":"https:\/\/aem.hr\/en\/wp-json\/wp\/v2\/users\/18"}],"replies":[{"embeddable":true,"href":"https:\/\/aem.hr\/en\/wp-json\/wp\/v2\/comments?post=13910"}],"version-history":[{"count":3,"href":"https:\/\/aem.hr\/en\/wp-json\/wp\/v2\/pages\/13910\/revisions"}],"predecessor-version":[{"id":16518,"href":"https:\/\/aem.hr\/en\/wp-json\/wp\/v2\/pages\/13910\/revisions\/16518"}],"wp:attachment":[{"href":"https:\/\/aem.hr\/en\/wp-json\/wp\/v2\/media?parent=13910"}],"curies":[{"name":"wp","href":"https:\/\/api.w.org\/{rel}","templated":true}]}}