{"id":13928,"date":"2022-11-29T12:37:25","date_gmt":"2022-11-29T11:37:25","guid":{"rendered":"http:\/\/aem.hr\/?page_id=13928"},"modified":"2022-11-29T12:37:50","modified_gmt":"2022-11-29T11:37:50","slug":"tanja-rudez-kako-se-boriti-s-pandemijom-raka-nakon-pandemije-koronavirusa","status":"publish","type":"page","link":"https:\/\/aem.hr\/en\/tanja-rudez-kako-se-boriti-s-pandemijom-raka-nakon-pandemije-koronavirusa\/","title":{"rendered":"Tanja Rude\u017e &#8211; Kako se boriti s pandemijom raka nakon pandemije koronavirusa"},"content":{"rendered":"\n<div class=\"wp-block-file\"><a id=\"wp-block-file--media-1b0b8cb1-011a-4470-997e-a43d20619b4f\" href=\"https:\/\/aem.hr\/wp-content\/uploads\/2022\/11\/1.-U-iducih-5-do-10-godina-svijet-ce-se-suociti.pdf\">1. U idu\u0107ih 5 do 10 godina svijet \u0107e se suo\u010diti<\/a><a href=\"https:\/\/aem.hr\/wp-content\/uploads\/2022\/11\/1.-U-iducih-5-do-10-godina-svijet-ce-se-suociti.pdf\" class=\"wp-block-file__button wp-element-button\" download aria-describedby=\"wp-block-file--media-1b0b8cb1-011a-4470-997e-a43d20619b4f\">Preuzimanje<\/a><\/div>\n\n\n\n<div class=\"wp-block-file\"><a id=\"wp-block-file--media-f78c28e8-fa5c-4d53-a804-53e8998811cd\" href=\"https:\/\/aem.hr\/wp-content\/uploads\/2022\/11\/2.-Sefica-radiologije-na-vodecoj-klinici-za-rak-Zabrinuti-smo.pdf\">2. \u0160efica radiologije na vode\u0107oj klinici za rak Zabrinuti smo<\/a><a href=\"https:\/\/aem.hr\/wp-content\/uploads\/2022\/11\/2.-Sefica-radiologije-na-vodecoj-klinici-za-rak-Zabrinuti-smo.pdf\" class=\"wp-block-file__button wp-element-button\" download aria-describedby=\"wp-block-file--media-f78c28e8-fa5c-4d53-a804-53e8998811cd\">Preuzimanje<\/a><\/div>\n\n\n\n<div class=\"wp-block-file\"><a id=\"wp-block-file--media-eb43731b-dd4e-4f4a-ab7f-b8b66b46b4ee\" href=\"https:\/\/aem.hr\/wp-content\/uploads\/2022\/11\/3.-EU-zastupnica-Romana-Jerkovic-Nas-onkoloski-sustav.pdf\">3. EU zastupnica Romana Jerkovi\u0107 Na\u0161 onkolo\u0161ki sustav<\/a><a href=\"https:\/\/aem.hr\/wp-content\/uploads\/2022\/11\/3.-EU-zastupnica-Romana-Jerkovic-Nas-onkoloski-sustav.pdf\" class=\"wp-block-file__button wp-element-button\" download aria-describedby=\"wp-block-file--media-eb43731b-dd4e-4f4a-ab7f-b8b66b46b4ee\">Preuzimanje<\/a><\/div>\n\n\n\n<div class=\"wp-block-file\"><a id=\"wp-block-file--media-4335fe6a-22cd-4673-8974-1aedb10acc18\" href=\"https:\/\/aem.hr\/wp-content\/uploads\/2022\/11\/4.-Prof.-Ivan-Dikic-U-narednih-pet-godina.pdf\">4. Prof. Ivan \u0110iki\u0107 U narednih pet godina<\/a><a href=\"https:\/\/aem.hr\/wp-content\/uploads\/2022\/11\/4.-Prof.-Ivan-Dikic-U-narednih-pet-godina.pdf\" class=\"wp-block-file__button wp-element-button\" download aria-describedby=\"wp-block-file--media-4335fe6a-22cd-4673-8974-1aedb10acc18\">Preuzimanje<\/a><\/div>\n\n\n\n<div class=\"wp-block-file\"><a id=\"wp-block-file--media-a62befd9-aae9-481d-ae4e-30212c61da44\" href=\"https:\/\/aem.hr\/wp-content\/uploads\/2022\/11\/5.-Prof.-dr.-Boris-Brkljacic-Rak-dojke.pdf\">5. Prof. dr. Boris Brklja\u010di\u0107 Rak dojke<\/a><a href=\"https:\/\/aem.hr\/wp-content\/uploads\/2022\/11\/5.-Prof.-dr.-Boris-Brkljacic-Rak-dojke.pdf\" class=\"wp-block-file__button wp-element-button\" download aria-describedby=\"wp-block-file--media-a62befd9-aae9-481d-ae4e-30212c61da44\">Preuzimanje<\/a><\/div>\n\n\n\n<p><\/p>\n","protected":false},"excerpt":{"rendered":"","protected":false},"author":18,"featured_media":0,"parent":0,"menu_order":0,"comment_status":"closed","ping_status":"closed","template":"","meta":{"_acf_changed":false,"inline_featured_image":false,"advgb_blocks_editor_width":"","advgb_blocks_columns_visual_guide":"","_links_to":"","_links_to_type":0,"footnotes":""},"class_list":["post-13928","page","type-page","status-publish","hentry"],"acf":[],"yoast_head":"<!-- This site is optimized with the Yoast SEO plugin v25.7 - https:\/\/yoast.com\/wordpress\/plugins\/seo\/ -->\n<title>Tanja Rude\u017e - Kako se boriti s pandemijom raka nakon pandemije koronavirusa - Agencija za elektroni\u010dke medije<\/title>\n<meta name=\"robots\" content=\"index, follow, max-snippet:-1, max-image-preview:large, max-video-preview:-1\" \/>\n<link rel=\"canonical\" href=\"https:\/\/aem.hr\/tanja-rudez-kako-se-boriti-s-pandemijom-raka-nakon-pandemije-koronavirusa\/\" \/>\n<meta property=\"og:locale\" content=\"en_US\" \/>\n<meta property=\"og:type\" content=\"article\" \/>\n<meta property=\"og:title\" content=\"Tanja Rude\u017e - Kako se boriti s pandemijom raka nakon pandemije koronavirusa - Agencija za elektroni\u010dke medije\" \/>\n<meta property=\"og:url\" content=\"https:\/\/aem.hr\/tanja-rudez-kako-se-boriti-s-pandemijom-raka-nakon-pandemije-koronavirusa\/\" \/>\n<meta property=\"og:site_name\" content=\"Agencija za elektroni\u010dke medije\" \/>\n<meta property=\"article:modified_time\" content=\"2022-11-29T11:37:50+00:00\" \/>\n<meta name=\"twitter:card\" content=\"summary_large_image\" \/>\n<meta name=\"twitter:label1\" content=\"Est. reading time\" \/>\n\t<meta name=\"twitter:data1\" content=\"1 minute\" \/>\n<script type=\"application\/ld+json\" class=\"yoast-schema-graph\">{\"@context\":\"https:\/\/schema.org\",\"@graph\":[{\"@type\":\"WebPage\",\"@id\":\"https:\/\/aem.hr\/tanja-rudez-kako-se-boriti-s-pandemijom-raka-nakon-pandemije-koronavirusa\/\",\"url\":\"https:\/\/aem.hr\/tanja-rudez-kako-se-boriti-s-pandemijom-raka-nakon-pandemije-koronavirusa\/\",\"name\":\"Tanja Rude\u017e - Kako se boriti s pandemijom raka nakon pandemije koronavirusa - Agencija za elektroni\u010dke medije\",\"isPartOf\":{\"@id\":\"https:\/\/aem.hr\/#website\"},\"datePublished\":\"2022-11-29T11:37:25+00:00\",\"dateModified\":\"2022-11-29T11:37:50+00:00\",\"breadcrumb\":{\"@id\":\"https:\/\/aem.hr\/tanja-rudez-kako-se-boriti-s-pandemijom-raka-nakon-pandemije-koronavirusa\/#breadcrumb\"},\"inLanguage\":\"en-US\",\"potentialAction\":[{\"@type\":\"ReadAction\",\"target\":[\"https:\/\/aem.hr\/tanja-rudez-kako-se-boriti-s-pandemijom-raka-nakon-pandemije-koronavirusa\/\"]}]},{\"@type\":\"BreadcrumbList\",\"@id\":\"https:\/\/aem.hr\/tanja-rudez-kako-se-boriti-s-pandemijom-raka-nakon-pandemije-koronavirusa\/#breadcrumb\",\"itemListElement\":[{\"@type\":\"ListItem\",\"position\":1,\"name\":\"Po\u010detna stranica\",\"item\":\"https:\/\/aem.hr\/\"},{\"@type\":\"ListItem\",\"position\":2,\"name\":\"Tanja Rude\u017e &#8211; Kako se boriti s pandemijom raka nakon pandemije koronavirusa\"}]},{\"@type\":\"WebSite\",\"@id\":\"https:\/\/aem.hr\/#website\",\"url\":\"https:\/\/aem.hr\/\",\"name\":\"Agencija za elektroni\u010dke medije\",\"description\":\"\",\"potentialAction\":[{\"@type\":\"SearchAction\",\"target\":{\"@type\":\"EntryPoint\",\"urlTemplate\":\"https:\/\/aem.hr\/?s={search_term_string}\"},\"query-input\":{\"@type\":\"PropertyValueSpecification\",\"valueRequired\":true,\"valueName\":\"search_term_string\"}}],\"inLanguage\":\"en-US\"}]}<\/script>\n<!-- \/ Yoast SEO plugin. -->","yoast_head_json":{"title":"Tanja Rude\u017e - Kako se boriti s pandemijom raka nakon pandemije koronavirusa - Agencija za elektroni\u010dke medije","robots":{"index":"index","follow":"follow","max-snippet":"max-snippet:-1","max-image-preview":"max-image-preview:large","max-video-preview":"max-video-preview:-1"},"canonical":"https:\/\/aem.hr\/tanja-rudez-kako-se-boriti-s-pandemijom-raka-nakon-pandemije-koronavirusa\/","og_locale":"en_US","og_type":"article","og_title":"Tanja Rude\u017e - Kako se boriti s pandemijom raka nakon pandemije koronavirusa - Agencija za elektroni\u010dke medije","og_url":"https:\/\/aem.hr\/tanja-rudez-kako-se-boriti-s-pandemijom-raka-nakon-pandemije-koronavirusa\/","og_site_name":"Agencija za elektroni\u010dke medije","article_modified_time":"2022-11-29T11:37:50+00:00","twitter_card":"summary_large_image","twitter_misc":{"Est. reading time":"1 minute"},"schema":{"@context":"https:\/\/schema.org","@graph":[{"@type":"WebPage","@id":"https:\/\/aem.hr\/tanja-rudez-kako-se-boriti-s-pandemijom-raka-nakon-pandemije-koronavirusa\/","url":"https:\/\/aem.hr\/tanja-rudez-kako-se-boriti-s-pandemijom-raka-nakon-pandemije-koronavirusa\/","name":"Tanja Rude\u017e - Kako se boriti s pandemijom raka nakon pandemije koronavirusa - Agencija za elektroni\u010dke medije","isPartOf":{"@id":"https:\/\/aem.hr\/#website"},"datePublished":"2022-11-29T11:37:25+00:00","dateModified":"2022-11-29T11:37:50+00:00","breadcrumb":{"@id":"https:\/\/aem.hr\/tanja-rudez-kako-se-boriti-s-pandemijom-raka-nakon-pandemije-koronavirusa\/#breadcrumb"},"inLanguage":"en-US","potentialAction":[{"@type":"ReadAction","target":["https:\/\/aem.hr\/tanja-rudez-kako-se-boriti-s-pandemijom-raka-nakon-pandemije-koronavirusa\/"]}]},{"@type":"BreadcrumbList","@id":"https:\/\/aem.hr\/tanja-rudez-kako-se-boriti-s-pandemijom-raka-nakon-pandemije-koronavirusa\/#breadcrumb","itemListElement":[{"@type":"ListItem","position":1,"name":"Po\u010detna stranica","item":"https:\/\/aem.hr\/"},{"@type":"ListItem","position":2,"name":"Tanja Rude\u017e &#8211; Kako se boriti s pandemijom raka nakon pandemije koronavirusa"}]},{"@type":"WebSite","@id":"https:\/\/aem.hr\/#website","url":"https:\/\/aem.hr\/","name":"Agencija za elektroni\u010dke medije","description":"","potentialAction":[{"@type":"SearchAction","target":{"@type":"EntryPoint","urlTemplate":"https:\/\/aem.hr\/?s={search_term_string}"},"query-input":{"@type":"PropertyValueSpecification","valueRequired":true,"valueName":"search_term_string"}}],"inLanguage":"en-US"}]}},"coauthors":[],"author_meta":{"author_link":"https:\/\/aem.hr\/en\/blog\/author\/mkirac\/","display_name":"Matko Kirac"},"relative_dates":{"created":"Posted 3 years ago","modified":"Updated 3 years ago"},"absolute_dates":{"created":"Posted on 29. November 2022.","modified":"Updated on 29. November 2022."},"absolute_dates_time":{"created":"Posted on 29. November 2022. 12:37","modified":"Updated on 29. November 2022. 12:37"},"featured_img_caption":"","featured_img":false,"series_order":"","_links":{"self":[{"href":"https:\/\/aem.hr\/en\/wp-json\/wp\/v2\/pages\/13928","targetHints":{"allow":["GET"]}}],"collection":[{"href":"https:\/\/aem.hr\/en\/wp-json\/wp\/v2\/pages"}],"about":[{"href":"https:\/\/aem.hr\/en\/wp-json\/wp\/v2\/types\/page"}],"author":[{"embeddable":true,"href":"https:\/\/aem.hr\/en\/wp-json\/wp\/v2\/users\/18"}],"replies":[{"embeddable":true,"href":"https:\/\/aem.hr\/en\/wp-json\/wp\/v2\/comments?post=13928"}],"version-history":[{"count":2,"href":"https:\/\/aem.hr\/en\/wp-json\/wp\/v2\/pages\/13928\/revisions"}],"predecessor-version":[{"id":13942,"href":"https:\/\/aem.hr\/en\/wp-json\/wp\/v2\/pages\/13928\/revisions\/13942"}],"wp:attachment":[{"href":"https:\/\/aem.hr\/en\/wp-json\/wp\/v2\/media?parent=13928"}],"curies":[{"name":"wp","href":"https:\/\/api.w.org\/{rel}","templated":true}]}}