{"id":13943,"date":"2022-11-29T12:51:38","date_gmt":"2022-11-29T11:51:38","guid":{"rendered":"http:\/\/aem.hr\/?page_id=13943"},"modified":"2022-11-29T12:51:40","modified_gmt":"2022-11-29T11:51:40","slug":"stjepan-bonev-stanje-zdravstva-i-pruzatelja-zdravstvenih-usluga-na-potresom-pogodenim-podrucjima","status":"publish","type":"page","link":"https:\/\/aem.hr\/en\/stjepan-bonev-stanje-zdravstva-i-pruzatelja-zdravstvenih-usluga-na-potresom-pogodenim-podrucjima\/","title":{"rendered":"Stjepan Bonev &#8211; Stanje zdravstva i pru\u017eatelja zdravstvenih usluga na potresom pogo\u0111enim podru\u010djima"},"content":{"rendered":"\n<div class=\"wp-block-file\"><a id=\"wp-block-file--media-561e377e-3010-43bd-a03b-815ae53340bc\" href=\"https:\/\/aem.hr\/wp-content\/uploads\/2022\/11\/1.-Sisacka-Opca-bolnica-\u201edr.-Ivo-Pedisic.pdf\">1. Sisa\u010dka Op\u0107a bolnica \u201edr. Ivo Pedi\u0161i\u0107\u201c<\/a><a href=\"https:\/\/aem.hr\/wp-content\/uploads\/2022\/11\/1.-Sisacka-Opca-bolnica-\u201edr.-Ivo-Pedisic.pdf\" class=\"wp-block-file__button wp-element-button\" download aria-describedby=\"wp-block-file--media-561e377e-3010-43bd-a03b-815ae53340bc\">Preuzimanje<\/a><\/div>\n\n\n\n<div class=\"wp-block-file\"><a id=\"wp-block-file--media-3a326fff-46ce-404f-86bc-88d1a09e93d1\" href=\"https:\/\/aem.hr\/wp-content\/uploads\/2022\/11\/2.-Sisacki-Odjel-za-kirurgiju-efikasan.pdf\">2. Sisa\u010dki Odjel za kirurgiju efikasan<\/a><a href=\"https:\/\/aem.hr\/wp-content\/uploads\/2022\/11\/2.-Sisacki-Odjel-za-kirurgiju-efikasan.pdf\" class=\"wp-block-file__button wp-element-button\" download aria-describedby=\"wp-block-file--media-3a326fff-46ce-404f-86bc-88d1a09e93d1\">Preuzimanje<\/a><\/div>\n\n\n\n<div class=\"wp-block-file\"><a id=\"wp-block-file--media-ef5fbbc0-51e4-4d9a-a413-64fc83564d0d\" href=\"https:\/\/aem.hr\/wp-content\/uploads\/2022\/11\/3.-Petrinjski-veterinari-od-potresa-do-danas.pdf\">3. Petrinjski veterinari od potresa do danas<\/a><a href=\"https:\/\/aem.hr\/wp-content\/uploads\/2022\/11\/3.-Petrinjski-veterinari-od-potresa-do-danas.pdf\" class=\"wp-block-file__button wp-element-button\" download aria-describedby=\"wp-block-file--media-ef5fbbc0-51e4-4d9a-a413-64fc83564d0d\">Preuzimanje<\/a><\/div>\n\n\n\n<div class=\"wp-block-file\"><a id=\"wp-block-file--media-176c3bf4-1ef5-4ff9-b60f-ce3e579efc7c\" href=\"https:\/\/aem.hr\/wp-content\/uploads\/2022\/11\/4.-Sisacko-moslavacka-zupanija-prednjaci.pdf\">4. Sisa\u010dko-moslava\u010dka \u017eupanija prednja\u010di<\/a><a href=\"https:\/\/aem.hr\/wp-content\/uploads\/2022\/11\/4.-Sisacko-moslavacka-zupanija-prednjaci.pdf\" class=\"wp-block-file__button wp-element-button\" download aria-describedby=\"wp-block-file--media-176c3bf4-1ef5-4ff9-b60f-ce3e579efc7c\">Preuzimanje<\/a><\/div>\n\n\n\n<div class=\"wp-block-file\"><a id=\"wp-block-file--media-38ce5077-1669-4e4e-81bb-8a20abd9b6de\" href=\"https:\/\/aem.hr\/wp-content\/uploads\/2022\/11\/5.-Na-Odjelu-vaskularne-kirurgije-u-Sisku.pdf\">5. Na Odjelu vaskularne kirurgije u Sisku<\/a><a href=\"https:\/\/aem.hr\/wp-content\/uploads\/2022\/11\/5.-Na-Odjelu-vaskularne-kirurgije-u-Sisku.pdf\" class=\"wp-block-file__button wp-element-button\" download aria-describedby=\"wp-block-file--media-38ce5077-1669-4e4e-81bb-8a20abd9b6de\">Preuzimanje<\/a><\/div>\n\n\n\n<div class=\"wp-block-file\"><a id=\"wp-block-file--media-b9e57ac0-744e-4794-a321-1aa23dc0c57b\" href=\"https:\/\/aem.hr\/wp-content\/uploads\/2022\/11\/6.-DR.-SIMUNIC-Ljudi-se-jos-uvijek-boje-zubara.pdf\">6. DR. \u0160IMUNI\u0106 Ljudi se jo\u0161 uvijek boje zubara<\/a><a href=\"https:\/\/aem.hr\/wp-content\/uploads\/2022\/11\/6.-DR.-SIMUNIC-Ljudi-se-jos-uvijek-boje-zubara.pdf\" class=\"wp-block-file__button wp-element-button\" download aria-describedby=\"wp-block-file--media-b9e57ac0-744e-4794-a321-1aa23dc0c57b\">Preuzimanje<\/a><\/div>\n\n\n\n<div class=\"wp-block-file\"><a id=\"wp-block-file--media-611f3e8f-3abe-434d-b195-6276afc9c82a\" href=\"https:\/\/aem.hr\/wp-content\/uploads\/2022\/11\/7.-GDCK-GLINA-Podijelimo-svaki-mjesec-pakete-hrane.pdf\">7. GDCK GLINA Podijelimo svaki mjesec pakete hrane<\/a><a href=\"https:\/\/aem.hr\/wp-content\/uploads\/2022\/11\/7.-GDCK-GLINA-Podijelimo-svaki-mjesec-pakete-hrane.pdf\" class=\"wp-block-file__button wp-element-button\" download aria-describedby=\"wp-block-file--media-611f3e8f-3abe-434d-b195-6276afc9c82a\">Preuzimanje<\/a><\/div>\n\n\n\n<div class=\"wp-block-file\"><a id=\"wp-block-file--media-b1f01629-106c-422b-b09f-f41094e4fd41\" href=\"https:\/\/aem.hr\/wp-content\/uploads\/2022\/11\/8.-SISAK-Odjel-za-fizikalnu-medicinu-i-rehabilitaciju.pdf\">8. SISAK Odjel za fizikalnu medicinu i rehabilitaciju<\/a><a href=\"https:\/\/aem.hr\/wp-content\/uploads\/2022\/11\/8.-SISAK-Odjel-za-fizikalnu-medicinu-i-rehabilitaciju.pdf\" class=\"wp-block-file__button wp-element-button\" download aria-describedby=\"wp-block-file--media-b1f01629-106c-422b-b09f-f41094e4fd41\">Preuzimanje<\/a><\/div>\n\n\n\n<p><\/p>\n","protected":false},"excerpt":{"rendered":"","protected":false},"author":18,"featured_media":0,"parent":0,"menu_order":0,"comment_status":"closed","ping_status":"closed","template":"","meta":{"_acf_changed":false,"inline_featured_image":false,"advgb_blocks_editor_width":"","advgb_blocks_columns_visual_guide":"","_links_to":"","_links_to_type":0,"footnotes":""},"class_list":["post-13943","page","type-page","status-publish","hentry"],"acf":[],"yoast_head":"<!-- This site is optimized with the Yoast SEO plugin v25.7 - https:\/\/yoast.com\/wordpress\/plugins\/seo\/ -->\n<title>Stjepan Bonev - Stanje zdravstva i pru\u017eatelja zdravstvenih usluga na potresom pogo\u0111enim podru\u010djima - Agencija za elektroni\u010dke medije<\/title>\n<meta name=\"robots\" content=\"index, follow, max-snippet:-1, max-image-preview:large, max-video-preview:-1\" \/>\n<link rel=\"canonical\" href=\"https:\/\/aem.hr\/stjepan-bonev-stanje-zdravstva-i-pruzatelja-zdravstvenih-usluga-na-potresom-pogodenim-podrucjima\/\" \/>\n<meta property=\"og:locale\" content=\"en_US\" \/>\n<meta property=\"og:type\" content=\"article\" \/>\n<meta property=\"og:title\" content=\"Stjepan Bonev - Stanje zdravstva i pru\u017eatelja zdravstvenih usluga na potresom pogo\u0111enim podru\u010djima - Agencija za elektroni\u010dke medije\" \/>\n<meta property=\"og:url\" content=\"https:\/\/aem.hr\/stjepan-bonev-stanje-zdravstva-i-pruzatelja-zdravstvenih-usluga-na-potresom-pogodenim-podrucjima\/\" \/>\n<meta property=\"og:site_name\" content=\"Agencija za elektroni\u010dke medije\" \/>\n<meta property=\"article:modified_time\" content=\"2022-11-29T11:51:40+00:00\" \/>\n<meta name=\"twitter:card\" content=\"summary_large_image\" \/>\n<meta name=\"twitter:label1\" content=\"Est. reading time\" \/>\n\t<meta name=\"twitter:data1\" content=\"1 minute\" \/>\n<script type=\"application\/ld+json\" class=\"yoast-schema-graph\">{\"@context\":\"https:\/\/schema.org\",\"@graph\":[{\"@type\":\"WebPage\",\"@id\":\"https:\/\/aem.hr\/stjepan-bonev-stanje-zdravstva-i-pruzatelja-zdravstvenih-usluga-na-potresom-pogodenim-podrucjima\/\",\"url\":\"https:\/\/aem.hr\/stjepan-bonev-stanje-zdravstva-i-pruzatelja-zdravstvenih-usluga-na-potresom-pogodenim-podrucjima\/\",\"name\":\"Stjepan Bonev - Stanje zdravstva i pru\u017eatelja zdravstvenih usluga na potresom pogo\u0111enim podru\u010djima - Agencija za elektroni\u010dke medije\",\"isPartOf\":{\"@id\":\"https:\/\/aem.hr\/#website\"},\"datePublished\":\"2022-11-29T11:51:38+00:00\",\"dateModified\":\"2022-11-29T11:51:40+00:00\",\"breadcrumb\":{\"@id\":\"https:\/\/aem.hr\/stjepan-bonev-stanje-zdravstva-i-pruzatelja-zdravstvenih-usluga-na-potresom-pogodenim-podrucjima\/#breadcrumb\"},\"inLanguage\":\"en-US\",\"potentialAction\":[{\"@type\":\"ReadAction\",\"target\":[\"https:\/\/aem.hr\/stjepan-bonev-stanje-zdravstva-i-pruzatelja-zdravstvenih-usluga-na-potresom-pogodenim-podrucjima\/\"]}]},{\"@type\":\"BreadcrumbList\",\"@id\":\"https:\/\/aem.hr\/stjepan-bonev-stanje-zdravstva-i-pruzatelja-zdravstvenih-usluga-na-potresom-pogodenim-podrucjima\/#breadcrumb\",\"itemListElement\":[{\"@type\":\"ListItem\",\"position\":1,\"name\":\"Po\u010detna stranica\",\"item\":\"https:\/\/aem.hr\/\"},{\"@type\":\"ListItem\",\"position\":2,\"name\":\"Stjepan Bonev &#8211; Stanje zdravstva i pru\u017eatelja zdravstvenih usluga na potresom pogo\u0111enim podru\u010djima\"}]},{\"@type\":\"WebSite\",\"@id\":\"https:\/\/aem.hr\/#website\",\"url\":\"https:\/\/aem.hr\/\",\"name\":\"Agencija za elektroni\u010dke medije\",\"description\":\"\",\"potentialAction\":[{\"@type\":\"SearchAction\",\"target\":{\"@type\":\"EntryPoint\",\"urlTemplate\":\"https:\/\/aem.hr\/?s={search_term_string}\"},\"query-input\":{\"@type\":\"PropertyValueSpecification\",\"valueRequired\":true,\"valueName\":\"search_term_string\"}}],\"inLanguage\":\"en-US\"}]}<\/script>\n<!-- \/ Yoast SEO plugin. -->","yoast_head_json":{"title":"Stjepan Bonev - Stanje zdravstva i pru\u017eatelja zdravstvenih usluga na potresom pogo\u0111enim podru\u010djima - Agencija za elektroni\u010dke medije","robots":{"index":"index","follow":"follow","max-snippet":"max-snippet:-1","max-image-preview":"max-image-preview:large","max-video-preview":"max-video-preview:-1"},"canonical":"https:\/\/aem.hr\/stjepan-bonev-stanje-zdravstva-i-pruzatelja-zdravstvenih-usluga-na-potresom-pogodenim-podrucjima\/","og_locale":"en_US","og_type":"article","og_title":"Stjepan Bonev - Stanje zdravstva i pru\u017eatelja zdravstvenih usluga na potresom pogo\u0111enim podru\u010djima - Agencija za elektroni\u010dke medije","og_url":"https:\/\/aem.hr\/stjepan-bonev-stanje-zdravstva-i-pruzatelja-zdravstvenih-usluga-na-potresom-pogodenim-podrucjima\/","og_site_name":"Agencija za elektroni\u010dke medije","article_modified_time":"2022-11-29T11:51:40+00:00","twitter_card":"summary_large_image","twitter_misc":{"Est. reading time":"1 minute"},"schema":{"@context":"https:\/\/schema.org","@graph":[{"@type":"WebPage","@id":"https:\/\/aem.hr\/stjepan-bonev-stanje-zdravstva-i-pruzatelja-zdravstvenih-usluga-na-potresom-pogodenim-podrucjima\/","url":"https:\/\/aem.hr\/stjepan-bonev-stanje-zdravstva-i-pruzatelja-zdravstvenih-usluga-na-potresom-pogodenim-podrucjima\/","name":"Stjepan Bonev - Stanje zdravstva i pru\u017eatelja zdravstvenih usluga na potresom pogo\u0111enim podru\u010djima - Agencija za elektroni\u010dke medije","isPartOf":{"@id":"https:\/\/aem.hr\/#website"},"datePublished":"2022-11-29T11:51:38+00:00","dateModified":"2022-11-29T11:51:40+00:00","breadcrumb":{"@id":"https:\/\/aem.hr\/stjepan-bonev-stanje-zdravstva-i-pruzatelja-zdravstvenih-usluga-na-potresom-pogodenim-podrucjima\/#breadcrumb"},"inLanguage":"en-US","potentialAction":[{"@type":"ReadAction","target":["https:\/\/aem.hr\/stjepan-bonev-stanje-zdravstva-i-pruzatelja-zdravstvenih-usluga-na-potresom-pogodenim-podrucjima\/"]}]},{"@type":"BreadcrumbList","@id":"https:\/\/aem.hr\/stjepan-bonev-stanje-zdravstva-i-pruzatelja-zdravstvenih-usluga-na-potresom-pogodenim-podrucjima\/#breadcrumb","itemListElement":[{"@type":"ListItem","position":1,"name":"Po\u010detna stranica","item":"https:\/\/aem.hr\/"},{"@type":"ListItem","position":2,"name":"Stjepan Bonev &#8211; Stanje zdravstva i pru\u017eatelja zdravstvenih usluga na potresom pogo\u0111enim podru\u010djima"}]},{"@type":"WebSite","@id":"https:\/\/aem.hr\/#website","url":"https:\/\/aem.hr\/","name":"Agencija za elektroni\u010dke medije","description":"","potentialAction":[{"@type":"SearchAction","target":{"@type":"EntryPoint","urlTemplate":"https:\/\/aem.hr\/?s={search_term_string}"},"query-input":{"@type":"PropertyValueSpecification","valueRequired":true,"valueName":"search_term_string"}}],"inLanguage":"en-US"}]}},"coauthors":[],"author_meta":{"author_link":"https:\/\/aem.hr\/en\/blog\/author\/mkirac\/","display_name":"Matko Kirac"},"relative_dates":{"created":"Posted 3 years ago","modified":"Updated 3 years ago"},"absolute_dates":{"created":"Posted on 29. November 2022.","modified":"Updated on 29. November 2022."},"absolute_dates_time":{"created":"Posted on 29. November 2022. 12:51","modified":"Updated on 29. November 2022. 12:51"},"featured_img_caption":"","featured_img":false,"series_order":"","_links":{"self":[{"href":"https:\/\/aem.hr\/en\/wp-json\/wp\/v2\/pages\/13943","targetHints":{"allow":["GET"]}}],"collection":[{"href":"https:\/\/aem.hr\/en\/wp-json\/wp\/v2\/pages"}],"about":[{"href":"https:\/\/aem.hr\/en\/wp-json\/wp\/v2\/types\/page"}],"author":[{"embeddable":true,"href":"https:\/\/aem.hr\/en\/wp-json\/wp\/v2\/users\/18"}],"replies":[{"embeddable":true,"href":"https:\/\/aem.hr\/en\/wp-json\/wp\/v2\/comments?post=13943"}],"version-history":[{"count":1,"href":"https:\/\/aem.hr\/en\/wp-json\/wp\/v2\/pages\/13943\/revisions"}],"predecessor-version":[{"id":13961,"href":"https:\/\/aem.hr\/en\/wp-json\/wp\/v2\/pages\/13943\/revisions\/13961"}],"wp:attachment":[{"href":"https:\/\/aem.hr\/en\/wp-json\/wp\/v2\/media?parent=13943"}],"curies":[{"name":"wp","href":"https:\/\/api.w.org\/{rel}","templated":true}]}}