{"id":14105,"date":"2022-12-27T14:50:33","date_gmt":"2022-12-27T13:50:33","guid":{"rendered":"http:\/\/aem.hr\/?page_id=14105"},"modified":"2022-12-27T14:50:34","modified_gmt":"2022-12-27T13:50:34","slug":"igor-kokorus-izazovi-i-prepreke-u-koristenju-geotermalne-energije-u-hrvatskoj","status":"publish","type":"page","link":"https:\/\/aem.hr\/en\/igor-kokorus-izazovi-i-prepreke-u-koristenju-geotermalne-energije-u-hrvatskoj\/","title":{"rendered":"Igor Kokoru\u0161 &#8211; Izazovi i prepreke u kori\u0161tenju geotermalne energije u Hrvatskoj"},"content":{"rendered":"\n<div class=\"wp-block-file\"><a id=\"wp-block-file--media-938460e4-bf8a-4834-94d0-b71c9ece5004\" href=\"https:\/\/aem.hr\/wp-content\/uploads\/2022\/12\/1.-MB-Holding_-Hrvatski-gradani.pdf\">1. MB Holding_ Hrvatski gra\u0111ani<\/a><a href=\"https:\/\/aem.hr\/wp-content\/uploads\/2022\/12\/1.-MB-Holding_-Hrvatski-gradani.pdf\" class=\"wp-block-file__button wp-element-button\" download aria-describedby=\"wp-block-file--media-938460e4-bf8a-4834-94d0-b71c9ece5004\">Preuzimanje<\/a><\/div>\n\n\n\n<div class=\"wp-block-file\"><a id=\"wp-block-file--media-d81f4158-e44c-4e33-ae49-2c1516c1caa8\" href=\"https:\/\/aem.hr\/wp-content\/uploads\/2022\/12\/2.-Evo-kada-bi-mogla-proraditi.pdf\">2. Evo kada bi mogla proraditi<\/a><a href=\"https:\/\/aem.hr\/wp-content\/uploads\/2022\/12\/2.-Evo-kada-bi-mogla-proraditi.pdf\" class=\"wp-block-file__button wp-element-button\" download aria-describedby=\"wp-block-file--media-d81f4158-e44c-4e33-ae49-2c1516c1caa8\">Preuzimanje<\/a><\/div>\n\n\n\n<div class=\"wp-block-file\"><a id=\"wp-block-file--media-07c65ab5-3978-440b-a884-1c877fc8a463\" href=\"https:\/\/aem.hr\/wp-content\/uploads\/2022\/12\/3.-Realizacijom-geotermalnog-projekta.pdf\">3. Realizacijom geotermalnog projekta<\/a><a href=\"https:\/\/aem.hr\/wp-content\/uploads\/2022\/12\/3.-Realizacijom-geotermalnog-projekta.pdf\" class=\"wp-block-file__button wp-element-button\" download aria-describedby=\"wp-block-file--media-07c65ab5-3978-440b-a884-1c877fc8a463\">Preuzimanje<\/a><\/div>\n\n\n\n<div class=\"wp-block-file\"><a id=\"wp-block-file--media-31a3dde8-6a98-4178-8cc3-60e39de3f28e\" href=\"https:\/\/aem.hr\/wp-content\/uploads\/2022\/12\/4.-Dario-Hrebak_-Dvije-godine.pdf\">4. Dario Hrebak_ Dvije godine<\/a><a href=\"https:\/\/aem.hr\/wp-content\/uploads\/2022\/12\/4.-Dario-Hrebak_-Dvije-godine.pdf\" class=\"wp-block-file__button wp-element-button\" download aria-describedby=\"wp-block-file--media-31a3dde8-6a98-4178-8cc3-60e39de3f28e\">Preuzimanje<\/a><\/div>\n\n\n\n<div class=\"wp-block-file\"><a id=\"wp-block-file--media-780cf853-fff2-46c4-ab0d-db956e166fe5\" href=\"https:\/\/aem.hr\/wp-content\/uploads\/2022\/12\/5.-Karlovacka-geotermalna-strategija.pdf\">5. Karlova\u010dka geotermalna strategija<\/a><a href=\"https:\/\/aem.hr\/wp-content\/uploads\/2022\/12\/5.-Karlovacka-geotermalna-strategija.pdf\" class=\"wp-block-file__button wp-element-button\" download aria-describedby=\"wp-block-file--media-780cf853-fff2-46c4-ab0d-db956e166fe5\">Preuzimanje<\/a><\/div>\n\n\n\n<div class=\"wp-block-file\"><a id=\"wp-block-file--media-2a3fb56a-6538-4003-aa2d-07f463f3713f\" href=\"https:\/\/aem.hr\/wp-content\/uploads\/2022\/12\/6.-Viroviticko-podravska-zupanija.pdf\">6. Viroviti\u010dko-podravska \u017eupanija<\/a><a href=\"https:\/\/aem.hr\/wp-content\/uploads\/2022\/12\/6.-Viroviticko-podravska-zupanija.pdf\" class=\"wp-block-file__button wp-element-button\" download aria-describedby=\"wp-block-file--media-2a3fb56a-6538-4003-aa2d-07f463f3713f\">Preuzimanje<\/a><\/div>\n\n\n\n<div class=\"wp-block-file\"><a id=\"wp-block-file--media-c74673e1-e43c-4287-8e36-946d14f4b464\" href=\"https:\/\/aem.hr\/wp-content\/uploads\/2022\/12\/7.-Hrvatska-obiluje-geotermalnom.pdf\">7. Hrvatska obiluje geotermalnom<\/a><a href=\"https:\/\/aem.hr\/wp-content\/uploads\/2022\/12\/7.-Hrvatska-obiluje-geotermalnom.pdf\" class=\"wp-block-file__button wp-element-button\" download aria-describedby=\"wp-block-file--media-c74673e1-e43c-4287-8e36-946d14f4b464\">Preuzimanje<\/a><\/div>\n\n\n\n<div class=\"wp-block-file\"><a id=\"wp-block-file--media-cb0faa6b-145d-4a53-9142-7a6bf38371b7\" href=\"https:\/\/aem.hr\/wp-content\/uploads\/2022\/12\/8.-U-Washington-Postu-velika-reportaza.pdf\">8. U Washington Postu velika reporta\u017ea<\/a><a href=\"https:\/\/aem.hr\/wp-content\/uploads\/2022\/12\/8.-U-Washington-Postu-velika-reportaza.pdf\" class=\"wp-block-file__button wp-element-button\" download aria-describedby=\"wp-block-file--media-cb0faa6b-145d-4a53-9142-7a6bf38371b7\">Preuzimanje<\/a><\/div>\n\n\n\n<div class=\"wp-block-file\"><a id=\"wp-block-file--media-f74b7653-5ea0-4e96-aacd-e9d297f11446\" href=\"https:\/\/aem.hr\/wp-content\/uploads\/2022\/12\/9.-U-Krizevcima-geotermalnom-energijom.pdf\">9. U Kri\u017eevcima geotermalnom energijom<\/a><a href=\"https:\/\/aem.hr\/wp-content\/uploads\/2022\/12\/9.-U-Krizevcima-geotermalnom-energijom.pdf\" class=\"wp-block-file__button wp-element-button\" download aria-describedby=\"wp-block-file--media-f74b7653-5ea0-4e96-aacd-e9d297f11446\">Preuzimanje<\/a><\/div>\n\n\n\n<div class=\"wp-block-file\"><a id=\"wp-block-file--media-a33a1fe6-f9bf-43fd-b77c-048c8d57cb24\" href=\"https:\/\/aem.hr\/wp-content\/uploads\/2022\/12\/10.-U-Pozesko-slavonskoj-zupaniji.pdf\">10. U Po\u017ee\u0161ko-slavonskoj \u017eupaniji<\/a><a href=\"https:\/\/aem.hr\/wp-content\/uploads\/2022\/12\/10.-U-Pozesko-slavonskoj-zupaniji.pdf\" class=\"wp-block-file__button wp-element-button\" download aria-describedby=\"wp-block-file--media-a33a1fe6-f9bf-43fd-b77c-048c8d57cb24\">Preuzimanje<\/a><\/div>\n\n\n\n<p><\/p>\n","protected":false},"excerpt":{"rendered":"","protected":false},"author":18,"featured_media":0,"parent":0,"menu_order":0,"comment_status":"closed","ping_status":"closed","template":"","meta":{"_acf_changed":false,"inline_featured_image":false,"advgb_blocks_editor_width":"","advgb_blocks_columns_visual_guide":"","_links_to":"","_links_to_type":0,"footnotes":""},"class_list":["post-14105","page","type-page","status-publish","hentry"],"acf":[],"yoast_head":"<!-- This site is optimized with the Yoast SEO plugin v25.7 - https:\/\/yoast.com\/wordpress\/plugins\/seo\/ -->\n<title>Igor Kokoru\u0161 - Izazovi i prepreke u kori\u0161tenju geotermalne energije u Hrvatskoj - Agencija za elektroni\u010dke medije<\/title>\n<meta name=\"robots\" content=\"index, follow, max-snippet:-1, max-image-preview:large, max-video-preview:-1\" \/>\n<link rel=\"canonical\" href=\"https:\/\/aem.hr\/igor-kokorus-izazovi-i-prepreke-u-koristenju-geotermalne-energije-u-hrvatskoj\/\" \/>\n<meta property=\"og:locale\" content=\"en_US\" \/>\n<meta property=\"og:type\" content=\"article\" \/>\n<meta property=\"og:title\" content=\"Igor Kokoru\u0161 - Izazovi i prepreke u kori\u0161tenju geotermalne energije u Hrvatskoj - Agencija za elektroni\u010dke medije\" \/>\n<meta property=\"og:url\" content=\"https:\/\/aem.hr\/igor-kokorus-izazovi-i-prepreke-u-koristenju-geotermalne-energije-u-hrvatskoj\/\" \/>\n<meta property=\"og:site_name\" content=\"Agencija za elektroni\u010dke medije\" \/>\n<meta property=\"article:modified_time\" content=\"2022-12-27T13:50:34+00:00\" \/>\n<meta name=\"twitter:card\" content=\"summary_large_image\" \/>\n<meta name=\"twitter:label1\" content=\"Est. reading time\" \/>\n\t<meta name=\"twitter:data1\" content=\"1 minute\" \/>\n<script type=\"application\/ld+json\" class=\"yoast-schema-graph\">{\"@context\":\"https:\/\/schema.org\",\"@graph\":[{\"@type\":\"WebPage\",\"@id\":\"https:\/\/aem.hr\/igor-kokorus-izazovi-i-prepreke-u-koristenju-geotermalne-energije-u-hrvatskoj\/\",\"url\":\"https:\/\/aem.hr\/igor-kokorus-izazovi-i-prepreke-u-koristenju-geotermalne-energije-u-hrvatskoj\/\",\"name\":\"Igor Kokoru\u0161 - Izazovi i prepreke u kori\u0161tenju geotermalne energije u Hrvatskoj - Agencija za elektroni\u010dke medije\",\"isPartOf\":{\"@id\":\"https:\/\/aem.hr\/#website\"},\"datePublished\":\"2022-12-27T13:50:33+00:00\",\"dateModified\":\"2022-12-27T13:50:34+00:00\",\"breadcrumb\":{\"@id\":\"https:\/\/aem.hr\/igor-kokorus-izazovi-i-prepreke-u-koristenju-geotermalne-energije-u-hrvatskoj\/#breadcrumb\"},\"inLanguage\":\"en-US\",\"potentialAction\":[{\"@type\":\"ReadAction\",\"target\":[\"https:\/\/aem.hr\/igor-kokorus-izazovi-i-prepreke-u-koristenju-geotermalne-energije-u-hrvatskoj\/\"]}]},{\"@type\":\"BreadcrumbList\",\"@id\":\"https:\/\/aem.hr\/igor-kokorus-izazovi-i-prepreke-u-koristenju-geotermalne-energije-u-hrvatskoj\/#breadcrumb\",\"itemListElement\":[{\"@type\":\"ListItem\",\"position\":1,\"name\":\"Po\u010detna stranica\",\"item\":\"https:\/\/aem.hr\/\"},{\"@type\":\"ListItem\",\"position\":2,\"name\":\"Igor Kokoru\u0161 &#8211; Izazovi i prepreke u kori\u0161tenju geotermalne energije u Hrvatskoj\"}]},{\"@type\":\"WebSite\",\"@id\":\"https:\/\/aem.hr\/#website\",\"url\":\"https:\/\/aem.hr\/\",\"name\":\"Agencija za elektroni\u010dke medije\",\"description\":\"\",\"potentialAction\":[{\"@type\":\"SearchAction\",\"target\":{\"@type\":\"EntryPoint\",\"urlTemplate\":\"https:\/\/aem.hr\/?s={search_term_string}\"},\"query-input\":{\"@type\":\"PropertyValueSpecification\",\"valueRequired\":true,\"valueName\":\"search_term_string\"}}],\"inLanguage\":\"en-US\"}]}<\/script>\n<!-- \/ Yoast SEO plugin. -->","yoast_head_json":{"title":"Igor Kokoru\u0161 - Izazovi i prepreke u kori\u0161tenju geotermalne energije u Hrvatskoj - Agencija za elektroni\u010dke medije","robots":{"index":"index","follow":"follow","max-snippet":"max-snippet:-1","max-image-preview":"max-image-preview:large","max-video-preview":"max-video-preview:-1"},"canonical":"https:\/\/aem.hr\/igor-kokorus-izazovi-i-prepreke-u-koristenju-geotermalne-energije-u-hrvatskoj\/","og_locale":"en_US","og_type":"article","og_title":"Igor Kokoru\u0161 - Izazovi i prepreke u kori\u0161tenju geotermalne energije u Hrvatskoj - Agencija za elektroni\u010dke medije","og_url":"https:\/\/aem.hr\/igor-kokorus-izazovi-i-prepreke-u-koristenju-geotermalne-energije-u-hrvatskoj\/","og_site_name":"Agencija za elektroni\u010dke medije","article_modified_time":"2022-12-27T13:50:34+00:00","twitter_card":"summary_large_image","twitter_misc":{"Est. reading time":"1 minute"},"schema":{"@context":"https:\/\/schema.org","@graph":[{"@type":"WebPage","@id":"https:\/\/aem.hr\/igor-kokorus-izazovi-i-prepreke-u-koristenju-geotermalne-energije-u-hrvatskoj\/","url":"https:\/\/aem.hr\/igor-kokorus-izazovi-i-prepreke-u-koristenju-geotermalne-energije-u-hrvatskoj\/","name":"Igor Kokoru\u0161 - Izazovi i prepreke u kori\u0161tenju geotermalne energije u Hrvatskoj - Agencija za elektroni\u010dke medije","isPartOf":{"@id":"https:\/\/aem.hr\/#website"},"datePublished":"2022-12-27T13:50:33+00:00","dateModified":"2022-12-27T13:50:34+00:00","breadcrumb":{"@id":"https:\/\/aem.hr\/igor-kokorus-izazovi-i-prepreke-u-koristenju-geotermalne-energije-u-hrvatskoj\/#breadcrumb"},"inLanguage":"en-US","potentialAction":[{"@type":"ReadAction","target":["https:\/\/aem.hr\/igor-kokorus-izazovi-i-prepreke-u-koristenju-geotermalne-energije-u-hrvatskoj\/"]}]},{"@type":"BreadcrumbList","@id":"https:\/\/aem.hr\/igor-kokorus-izazovi-i-prepreke-u-koristenju-geotermalne-energije-u-hrvatskoj\/#breadcrumb","itemListElement":[{"@type":"ListItem","position":1,"name":"Po\u010detna stranica","item":"https:\/\/aem.hr\/"},{"@type":"ListItem","position":2,"name":"Igor Kokoru\u0161 &#8211; Izazovi i prepreke u kori\u0161tenju geotermalne energije u Hrvatskoj"}]},{"@type":"WebSite","@id":"https:\/\/aem.hr\/#website","url":"https:\/\/aem.hr\/","name":"Agencija za elektroni\u010dke medije","description":"","potentialAction":[{"@type":"SearchAction","target":{"@type":"EntryPoint","urlTemplate":"https:\/\/aem.hr\/?s={search_term_string}"},"query-input":{"@type":"PropertyValueSpecification","valueRequired":true,"valueName":"search_term_string"}}],"inLanguage":"en-US"}]}},"coauthors":[],"author_meta":{"author_link":"https:\/\/aem.hr\/en\/blog\/author\/mkirac\/","display_name":"Matko Kirac"},"relative_dates":{"created":"Posted 3 years ago","modified":"Updated 3 years ago"},"absolute_dates":{"created":"Posted on 27. December 2022.","modified":"Updated on 27. December 2022."},"absolute_dates_time":{"created":"Posted on 27. December 2022. 14:50","modified":"Updated on 27. December 2022. 14:50"},"featured_img_caption":"","featured_img":false,"series_order":"","_links":{"self":[{"href":"https:\/\/aem.hr\/en\/wp-json\/wp\/v2\/pages\/14105","targetHints":{"allow":["GET"]}}],"collection":[{"href":"https:\/\/aem.hr\/en\/wp-json\/wp\/v2\/pages"}],"about":[{"href":"https:\/\/aem.hr\/en\/wp-json\/wp\/v2\/types\/page"}],"author":[{"embeddable":true,"href":"https:\/\/aem.hr\/en\/wp-json\/wp\/v2\/users\/18"}],"replies":[{"embeddable":true,"href":"https:\/\/aem.hr\/en\/wp-json\/wp\/v2\/comments?post=14105"}],"version-history":[{"count":1,"href":"https:\/\/aem.hr\/en\/wp-json\/wp\/v2\/pages\/14105\/revisions"}],"predecessor-version":[{"id":14126,"href":"https:\/\/aem.hr\/en\/wp-json\/wp\/v2\/pages\/14105\/revisions\/14126"}],"wp:attachment":[{"href":"https:\/\/aem.hr\/en\/wp-json\/wp\/v2\/media?parent=14105"}],"curies":[{"name":"wp","href":"https:\/\/api.w.org\/{rel}","templated":true}]}}