{"id":14128,"date":"2022-12-27T15:09:27","date_gmt":"2022-12-27T14:09:27","guid":{"rendered":"http:\/\/aem.hr\/?page_id=14128"},"modified":"2022-12-27T15:09:29","modified_gmt":"2022-12-27T14:09:29","slug":"marinko-petkovic-kako-je-hrana-u-krizi-postala-oruzje-i-gdje-je-tu-domaca-poljoprivreda","status":"publish","type":"page","link":"https:\/\/aem.hr\/en\/marinko-petkovic-kako-je-hrana-u-krizi-postala-oruzje-i-gdje-je-tu-domaca-poljoprivreda\/","title":{"rendered":"Marinko Petkovi\u0107 &#8211; Kako je hrana u krizi postala oru\u017eje i gdje je tu doma\u0107a poljoprivreda?"},"content":{"rendered":"\n<div class=\"wp-block-file\"><a id=\"wp-block-file--media-4e3e58b5-a750-41f4-8c1c-a29b5fd524b5\" href=\"https:\/\/aem.hr\/wp-content\/uploads\/2022\/12\/1.-Novi-Pravilnik-o-drzanju-pcela.pdf\">1. Novi Pravilnik o dr\u017eanju p\u010dela<\/a><a href=\"https:\/\/aem.hr\/wp-content\/uploads\/2022\/12\/1.-Novi-Pravilnik-o-drzanju-pcela.pdf\" class=\"wp-block-file__button wp-element-button\" download aria-describedby=\"wp-block-file--media-4e3e58b5-a750-41f4-8c1c-a29b5fd524b5\">Preuzimanje<\/a><\/div>\n\n\n\n<div class=\"wp-block-file\"><a id=\"wp-block-file--media-1ffad30d-4462-4bcd-9aa5-128529902c64\" href=\"https:\/\/aem.hr\/wp-content\/uploads\/2022\/12\/2.-Stocari-na-krsu-u-neizvjesnosti.pdf\">2. Sto\u010dari na kr\u0161u u neizvjesnosti<\/a><a href=\"https:\/\/aem.hr\/wp-content\/uploads\/2022\/12\/2.-Stocari-na-krsu-u-neizvjesnosti.pdf\" class=\"wp-block-file__button wp-element-button\" download aria-describedby=\"wp-block-file--media-1ffad30d-4462-4bcd-9aa5-128529902c64\">Preuzimanje<\/a><\/div>\n\n\n\n<div class=\"wp-block-file\"><a id=\"wp-block-file--media-4fde4e80-b5df-4848-adcb-3186961e9fc6\" href=\"https:\/\/aem.hr\/wp-content\/uploads\/2022\/12\/3.-Ilija-Dragun_-Treba-priznati.pdf\">3. Ilija Dragun_ Treba priznati<\/a><a href=\"https:\/\/aem.hr\/wp-content\/uploads\/2022\/12\/3.-Ilija-Dragun_-Treba-priznati.pdf\" class=\"wp-block-file__button wp-element-button\" download aria-describedby=\"wp-block-file--media-4fde4e80-b5df-4848-adcb-3186961e9fc6\">Preuzimanje<\/a><\/div>\n\n\n\n<div class=\"wp-block-file\"><a id=\"wp-block-file--media-48b22a52-d47f-4067-adf0-99c942132acc\" href=\"https:\/\/aem.hr\/wp-content\/uploads\/2022\/12\/4.-Oliver-Turkalj_-Hrvatska-bi-nagodinu.pdf\">4. Oliver Turkalj_ Hrvatska bi nagodinu<\/a><a href=\"https:\/\/aem.hr\/wp-content\/uploads\/2022\/12\/4.-Oliver-Turkalj_-Hrvatska-bi-nagodinu.pdf\" class=\"wp-block-file__button wp-element-button\" download aria-describedby=\"wp-block-file--media-48b22a52-d47f-4067-adf0-99c942132acc\">Preuzimanje<\/a><\/div>\n\n\n\n<div class=\"wp-block-file\"><a id=\"wp-block-file--media-67a839c8-8f4a-44ea-9e88-b5241ed98534\" href=\"https:\/\/aem.hr\/wp-content\/uploads\/2022\/12\/5.-Josip-Vrbanek_-Kinezi-nude-milijun-i-pol-eura.pdf\">5. Josip Vrbanek_ Kinezi nude milijun i pol eura,<\/a><a href=\"https:\/\/aem.hr\/wp-content\/uploads\/2022\/12\/5.-Josip-Vrbanek_-Kinezi-nude-milijun-i-pol-eura.pdf\" class=\"wp-block-file__button wp-element-button\" download aria-describedby=\"wp-block-file--media-67a839c8-8f4a-44ea-9e88-b5241ed98534\">Preuzimanje<\/a><\/div>\n\n\n\n<div class=\"wp-block-file\"><a id=\"wp-block-file--media-d21c33c5-c087-4637-bea2-1d9c1f2fc675\" href=\"https:\/\/aem.hr\/wp-content\/uploads\/2022\/12\/6.-Krsto-Matulic_-Ucili-smo-na-svojim-greskama.pdf\">6. Krsto Matuli\u0107_ U\u010dili smo na svojim gre\u0161kama<\/a><a href=\"https:\/\/aem.hr\/wp-content\/uploads\/2022\/12\/6.-Krsto-Matulic_-Ucili-smo-na-svojim-greskama.pdf\" class=\"wp-block-file__button wp-element-button\" download aria-describedby=\"wp-block-file--media-d21c33c5-c087-4637-bea2-1d9c1f2fc675\">Preuzimanje<\/a><\/div>\n\n\n\n<div class=\"wp-block-file\"><a id=\"wp-block-file--media-c3501ed2-5f39-4924-af0b-7cfb29ba510e\" href=\"https:\/\/aem.hr\/wp-content\/uploads\/2022\/12\/7.-Evidentan-je-pad-proizvodnje.pdf\">7. Evidentan je pad proizvodnje<\/a><a href=\"https:\/\/aem.hr\/wp-content\/uploads\/2022\/12\/7.-Evidentan-je-pad-proizvodnje.pdf\" class=\"wp-block-file__button wp-element-button\" download aria-describedby=\"wp-block-file--media-c3501ed2-5f39-4924-af0b-7cfb29ba510e\">Preuzimanje<\/a><\/div>\n\n\n\n<div class=\"wp-block-file\"><a id=\"wp-block-file--media-c9c7815e-b80e-451b-bf6c-57d77cd56f05\" href=\"https:\/\/aem.hr\/wp-content\/uploads\/2022\/12\/8.-Zabranjeni-pesticidi-i-dalje-ilegalno-stizu.pdf\">8. Zabranjeni pesticidi i dalje ilegalno sti\u017eu<\/a><a href=\"https:\/\/aem.hr\/wp-content\/uploads\/2022\/12\/8.-Zabranjeni-pesticidi-i-dalje-ilegalno-stizu.pdf\" class=\"wp-block-file__button wp-element-button\" download aria-describedby=\"wp-block-file--media-c9c7815e-b80e-451b-bf6c-57d77cd56f05\">Preuzimanje<\/a><\/div>\n\n\n\n<div class=\"wp-block-file\"><a id=\"wp-block-file--media-adc63712-02f5-4327-8843-1b02a94dbb19\" href=\"https:\/\/aem.hr\/wp-content\/uploads\/2022\/12\/9.-Ostacima-poljoprivredne-proizvodnje.pdf\">9. Ostacima poljoprivredne proizvodnje<\/a><a href=\"https:\/\/aem.hr\/wp-content\/uploads\/2022\/12\/9.-Ostacima-poljoprivredne-proizvodnje.pdf\" class=\"wp-block-file__button wp-element-button\" download aria-describedby=\"wp-block-file--media-adc63712-02f5-4327-8843-1b02a94dbb19\">Preuzimanje<\/a><\/div>\n\n\n\n<div class=\"wp-block-file\"><a id=\"wp-block-file--media-9ef2919c-f216-45f4-bb0f-af29c59446dc\" href=\"https:\/\/aem.hr\/wp-content\/uploads\/2022\/12\/10.-Mladim-poljoprivrednicima.pdf\">10. Mladim poljoprivrednicima<\/a><a href=\"https:\/\/aem.hr\/wp-content\/uploads\/2022\/12\/10.-Mladim-poljoprivrednicima.pdf\" class=\"wp-block-file__button wp-element-button\" download aria-describedby=\"wp-block-file--media-9ef2919c-f216-45f4-bb0f-af29c59446dc\">Preuzimanje<\/a><\/div>\n\n\n\n<p><\/p>\n","protected":false},"excerpt":{"rendered":"","protected":false},"author":18,"featured_media":0,"parent":0,"menu_order":0,"comment_status":"closed","ping_status":"closed","template":"","meta":{"_acf_changed":false,"inline_featured_image":false,"advgb_blocks_editor_width":"","advgb_blocks_columns_visual_guide":"","_links_to":"","_links_to_type":0,"footnotes":""},"class_list":["post-14128","page","type-page","status-publish","hentry"],"acf":[],"yoast_head":"<!-- This site is optimized with the Yoast SEO plugin v25.7 - https:\/\/yoast.com\/wordpress\/plugins\/seo\/ -->\n<title>Marinko Petkovi\u0107 - Kako je hrana u krizi postala oru\u017eje i gdje je tu doma\u0107a poljoprivreda? - Agencija za elektroni\u010dke medije<\/title>\n<meta name=\"robots\" content=\"index, follow, max-snippet:-1, max-image-preview:large, max-video-preview:-1\" \/>\n<link rel=\"canonical\" href=\"https:\/\/aem.hr\/marinko-petkovic-kako-je-hrana-u-krizi-postala-oruzje-i-gdje-je-tu-domaca-poljoprivreda\/\" \/>\n<meta property=\"og:locale\" content=\"en_US\" \/>\n<meta property=\"og:type\" content=\"article\" \/>\n<meta property=\"og:title\" content=\"Marinko Petkovi\u0107 - Kako je hrana u krizi postala oru\u017eje i gdje je tu doma\u0107a poljoprivreda? - Agencija za elektroni\u010dke medije\" \/>\n<meta property=\"og:url\" content=\"https:\/\/aem.hr\/marinko-petkovic-kako-je-hrana-u-krizi-postala-oruzje-i-gdje-je-tu-domaca-poljoprivreda\/\" \/>\n<meta property=\"og:site_name\" content=\"Agencija za elektroni\u010dke medije\" \/>\n<meta property=\"article:modified_time\" content=\"2022-12-27T14:09:29+00:00\" \/>\n<meta name=\"twitter:card\" content=\"summary_large_image\" \/>\n<meta name=\"twitter:label1\" content=\"Est. reading time\" \/>\n\t<meta name=\"twitter:data1\" content=\"1 minute\" \/>\n<script type=\"application\/ld+json\" class=\"yoast-schema-graph\">{\"@context\":\"https:\/\/schema.org\",\"@graph\":[{\"@type\":\"WebPage\",\"@id\":\"https:\/\/aem.hr\/marinko-petkovic-kako-je-hrana-u-krizi-postala-oruzje-i-gdje-je-tu-domaca-poljoprivreda\/\",\"url\":\"https:\/\/aem.hr\/marinko-petkovic-kako-je-hrana-u-krizi-postala-oruzje-i-gdje-je-tu-domaca-poljoprivreda\/\",\"name\":\"Marinko Petkovi\u0107 - Kako je hrana u krizi postala oru\u017eje i gdje je tu doma\u0107a poljoprivreda? - Agencija za elektroni\u010dke medije\",\"isPartOf\":{\"@id\":\"https:\/\/aem.hr\/#website\"},\"datePublished\":\"2022-12-27T14:09:27+00:00\",\"dateModified\":\"2022-12-27T14:09:29+00:00\",\"breadcrumb\":{\"@id\":\"https:\/\/aem.hr\/marinko-petkovic-kako-je-hrana-u-krizi-postala-oruzje-i-gdje-je-tu-domaca-poljoprivreda\/#breadcrumb\"},\"inLanguage\":\"en-US\",\"potentialAction\":[{\"@type\":\"ReadAction\",\"target\":[\"https:\/\/aem.hr\/marinko-petkovic-kako-je-hrana-u-krizi-postala-oruzje-i-gdje-je-tu-domaca-poljoprivreda\/\"]}]},{\"@type\":\"BreadcrumbList\",\"@id\":\"https:\/\/aem.hr\/marinko-petkovic-kako-je-hrana-u-krizi-postala-oruzje-i-gdje-je-tu-domaca-poljoprivreda\/#breadcrumb\",\"itemListElement\":[{\"@type\":\"ListItem\",\"position\":1,\"name\":\"Po\u010detna stranica\",\"item\":\"https:\/\/aem.hr\/\"},{\"@type\":\"ListItem\",\"position\":2,\"name\":\"Marinko Petkovi\u0107 &#8211; Kako je hrana u krizi postala oru\u017eje i gdje je tu doma\u0107a poljoprivreda?\"}]},{\"@type\":\"WebSite\",\"@id\":\"https:\/\/aem.hr\/#website\",\"url\":\"https:\/\/aem.hr\/\",\"name\":\"Agencija za elektroni\u010dke medije\",\"description\":\"\",\"potentialAction\":[{\"@type\":\"SearchAction\",\"target\":{\"@type\":\"EntryPoint\",\"urlTemplate\":\"https:\/\/aem.hr\/?s={search_term_string}\"},\"query-input\":{\"@type\":\"PropertyValueSpecification\",\"valueRequired\":true,\"valueName\":\"search_term_string\"}}],\"inLanguage\":\"en-US\"}]}<\/script>\n<!-- \/ Yoast SEO plugin. -->","yoast_head_json":{"title":"Marinko Petkovi\u0107 - Kako je hrana u krizi postala oru\u017eje i gdje je tu doma\u0107a poljoprivreda? - Agencija za elektroni\u010dke medije","robots":{"index":"index","follow":"follow","max-snippet":"max-snippet:-1","max-image-preview":"max-image-preview:large","max-video-preview":"max-video-preview:-1"},"canonical":"https:\/\/aem.hr\/marinko-petkovic-kako-je-hrana-u-krizi-postala-oruzje-i-gdje-je-tu-domaca-poljoprivreda\/","og_locale":"en_US","og_type":"article","og_title":"Marinko Petkovi\u0107 - Kako je hrana u krizi postala oru\u017eje i gdje je tu doma\u0107a poljoprivreda? - Agencija za elektroni\u010dke medije","og_url":"https:\/\/aem.hr\/marinko-petkovic-kako-je-hrana-u-krizi-postala-oruzje-i-gdje-je-tu-domaca-poljoprivreda\/","og_site_name":"Agencija za elektroni\u010dke medije","article_modified_time":"2022-12-27T14:09:29+00:00","twitter_card":"summary_large_image","twitter_misc":{"Est. reading time":"1 minute"},"schema":{"@context":"https:\/\/schema.org","@graph":[{"@type":"WebPage","@id":"https:\/\/aem.hr\/marinko-petkovic-kako-je-hrana-u-krizi-postala-oruzje-i-gdje-je-tu-domaca-poljoprivreda\/","url":"https:\/\/aem.hr\/marinko-petkovic-kako-je-hrana-u-krizi-postala-oruzje-i-gdje-je-tu-domaca-poljoprivreda\/","name":"Marinko Petkovi\u0107 - Kako je hrana u krizi postala oru\u017eje i gdje je tu doma\u0107a poljoprivreda? - Agencija za elektroni\u010dke medije","isPartOf":{"@id":"https:\/\/aem.hr\/#website"},"datePublished":"2022-12-27T14:09:27+00:00","dateModified":"2022-12-27T14:09:29+00:00","breadcrumb":{"@id":"https:\/\/aem.hr\/marinko-petkovic-kako-je-hrana-u-krizi-postala-oruzje-i-gdje-je-tu-domaca-poljoprivreda\/#breadcrumb"},"inLanguage":"en-US","potentialAction":[{"@type":"ReadAction","target":["https:\/\/aem.hr\/marinko-petkovic-kako-je-hrana-u-krizi-postala-oruzje-i-gdje-je-tu-domaca-poljoprivreda\/"]}]},{"@type":"BreadcrumbList","@id":"https:\/\/aem.hr\/marinko-petkovic-kako-je-hrana-u-krizi-postala-oruzje-i-gdje-je-tu-domaca-poljoprivreda\/#breadcrumb","itemListElement":[{"@type":"ListItem","position":1,"name":"Po\u010detna stranica","item":"https:\/\/aem.hr\/"},{"@type":"ListItem","position":2,"name":"Marinko Petkovi\u0107 &#8211; Kako je hrana u krizi postala oru\u017eje i gdje je tu doma\u0107a poljoprivreda?"}]},{"@type":"WebSite","@id":"https:\/\/aem.hr\/#website","url":"https:\/\/aem.hr\/","name":"Agencija za elektroni\u010dke medije","description":"","potentialAction":[{"@type":"SearchAction","target":{"@type":"EntryPoint","urlTemplate":"https:\/\/aem.hr\/?s={search_term_string}"},"query-input":{"@type":"PropertyValueSpecification","valueRequired":true,"valueName":"search_term_string"}}],"inLanguage":"en-US"}]}},"coauthors":[],"author_meta":{"author_link":"https:\/\/aem.hr\/en\/blog\/author\/mkirac\/","display_name":"Matko Kirac"},"relative_dates":{"created":"Posted 3 years ago","modified":"Updated 3 years ago"},"absolute_dates":{"created":"Posted on 27. December 2022.","modified":"Updated on 27. December 2022."},"absolute_dates_time":{"created":"Posted on 27. December 2022. 15:09","modified":"Updated on 27. December 2022. 15:09"},"featured_img_caption":"","featured_img":false,"series_order":"","_links":{"self":[{"href":"https:\/\/aem.hr\/en\/wp-json\/wp\/v2\/pages\/14128","targetHints":{"allow":["GET"]}}],"collection":[{"href":"https:\/\/aem.hr\/en\/wp-json\/wp\/v2\/pages"}],"about":[{"href":"https:\/\/aem.hr\/en\/wp-json\/wp\/v2\/types\/page"}],"author":[{"embeddable":true,"href":"https:\/\/aem.hr\/en\/wp-json\/wp\/v2\/users\/18"}],"replies":[{"embeddable":true,"href":"https:\/\/aem.hr\/en\/wp-json\/wp\/v2\/comments?post=14128"}],"version-history":[{"count":1,"href":"https:\/\/aem.hr\/en\/wp-json\/wp\/v2\/pages\/14128\/revisions"}],"predecessor-version":[{"id":14149,"href":"https:\/\/aem.hr\/en\/wp-json\/wp\/v2\/pages\/14128\/revisions\/14149"}],"wp:attachment":[{"href":"https:\/\/aem.hr\/en\/wp-json\/wp\/v2\/media?parent=14128"}],"curies":[{"name":"wp","href":"https:\/\/api.w.org\/{rel}","templated":true}]}}