{"id":14152,"date":"2022-12-27T15:17:16","date_gmt":"2022-12-27T14:17:16","guid":{"rendered":"http:\/\/aem.hr\/?page_id=14152"},"modified":"2022-12-27T15:17:17","modified_gmt":"2022-12-27T14:17:17","slug":"sanja-bubalo-udruge-i-njihove-uloge-u-zivotima-bolesne-djece-i-djece-s-teskocama-u-razvoju","status":"publish","type":"page","link":"https:\/\/aem.hr\/en\/sanja-bubalo-udruge-i-njihove-uloge-u-zivotima-bolesne-djece-i-djece-s-teskocama-u-razvoju\/","title":{"rendered":"Sanja Bubalo &#8211; Udruge i njihove uloge u \u017eivotima bolesne djece i djece s te\u0161ko\u0107ama u razvoju"},"content":{"rendered":"\n<div class=\"wp-block-file\"><a id=\"wp-block-file--media-302756d7-7ac7-4367-aacb-8eb714d44399\" href=\"https:\/\/aem.hr\/wp-content\/uploads\/2022\/12\/1.-Djeca-s-teskocama-kroz-sport-zive-ispunjen-zivot-1.pdf\">1. Djeca s te\u0161ko\u0107ama kroz sport \u017eive ispunjen \u017eivot<\/a><a href=\"https:\/\/aem.hr\/wp-content\/uploads\/2022\/12\/1.-Djeca-s-teskocama-kroz-sport-zive-ispunjen-zivot-1.pdf\" class=\"wp-block-file__button wp-element-button\" download aria-describedby=\"wp-block-file--media-302756d7-7ac7-4367-aacb-8eb714d44399\">Preuzimanje<\/a><\/div>\n\n\n\n<div class=\"wp-block-file\"><a id=\"wp-block-file--media-22170941-fb0d-46f1-b348-f900ed6facd6\" href=\"https:\/\/aem.hr\/wp-content\/uploads\/2022\/12\/2.-Roditelji-djece-s-teskocama-_vape_-za-druzenjima-1.pdf\">2. Roditelji djece s te\u0161ko\u0107ama <em>vape<\/em> za dru\u017eenjima<\/a><a href=\"https:\/\/aem.hr\/wp-content\/uploads\/2022\/12\/2.-Roditelji-djece-s-teskocama-_vape_-za-druzenjima-1.pdf\" class=\"wp-block-file__button wp-element-button\" download aria-describedby=\"wp-block-file--media-22170941-fb0d-46f1-b348-f900ed6facd6\">Preuzimanje<\/a><\/div>\n\n\n\n<div class=\"wp-block-file\"><a id=\"wp-block-file--media-244ebbd1-c263-42f5-9148-0ac8a12eba86\" href=\"https:\/\/aem.hr\/wp-content\/uploads\/2022\/12\/3.-Animatori-u-djecjim-bolnicama-malim-pacijentima-1.pdf\">3. Animatori u dje\u010djim bolnicama malim pacijentima<\/a><a href=\"https:\/\/aem.hr\/wp-content\/uploads\/2022\/12\/3.-Animatori-u-djecjim-bolnicama-malim-pacijentima-1.pdf\" class=\"wp-block-file__button wp-element-button\" download aria-describedby=\"wp-block-file--media-244ebbd1-c263-42f5-9148-0ac8a12eba86\">Preuzimanje<\/a><\/div>\n\n\n\n<div class=\"wp-block-file\"><a id=\"wp-block-file--media-b5b056d7-2dd9-4097-ad7c-30bab2fbb39e\" href=\"https:\/\/aem.hr\/wp-content\/uploads\/2022\/12\/4.-Dom-daleko-od-doma_-smjestaj-podrska-i-razgovor-1.pdf\">4. Dom daleko od doma_ smje\u0161taj, podr\u0161ka i razgovor<\/a><a href=\"https:\/\/aem.hr\/wp-content\/uploads\/2022\/12\/4.-Dom-daleko-od-doma_-smjestaj-podrska-i-razgovor-1.pdf\" class=\"wp-block-file__button wp-element-button\" download aria-describedby=\"wp-block-file--media-b5b056d7-2dd9-4097-ad7c-30bab2fbb39e\">Preuzimanje<\/a><\/div>\n\n\n\n<div class=\"wp-block-file\"><a id=\"wp-block-file--media-5fa5e307-f9f2-4056-88b7-19078d74d543\" href=\"https:\/\/aem.hr\/wp-content\/uploads\/2022\/12\/5.-Projektima-i-edukacijama-Udruge-osnazuju-djecu-1.pdf\">5. Projektima i edukacijama Udruge osna\u017euju djecu<\/a><a href=\"https:\/\/aem.hr\/wp-content\/uploads\/2022\/12\/5.-Projektima-i-edukacijama-Udruge-osnazuju-djecu-1.pdf\" class=\"wp-block-file__button wp-element-button\" download aria-describedby=\"wp-block-file--media-5fa5e307-f9f2-4056-88b7-19078d74d543\">Preuzimanje<\/a><\/div>\n\n\n\n<div class=\"wp-block-file\"><a id=\"wp-block-file--media-d3a49088-4cac-4e34-9073-af067497a871\" href=\"https:\/\/aem.hr\/wp-content\/uploads\/2022\/12\/6.-Humanitarne-akcije-za-djecu-su-ceste-1.pdf\">6. Humanitarne akcije za djecu su \u010deste<\/a><a href=\"https:\/\/aem.hr\/wp-content\/uploads\/2022\/12\/6.-Humanitarne-akcije-za-djecu-su-ceste-1.pdf\" class=\"wp-block-file__button wp-element-button\" download aria-describedby=\"wp-block-file--media-d3a49088-4cac-4e34-9073-af067497a871\">Preuzimanje<\/a><\/div>\n\n\n\n<p><\/p>\n","protected":false},"excerpt":{"rendered":"","protected":false},"author":18,"featured_media":0,"parent":0,"menu_order":0,"comment_status":"closed","ping_status":"closed","template":"","meta":{"_acf_changed":false,"inline_featured_image":false,"advgb_blocks_editor_width":"","advgb_blocks_columns_visual_guide":"","_links_to":"","_links_to_type":0,"footnotes":""},"class_list":["post-14152","page","type-page","status-publish","hentry"],"acf":[],"yoast_head":"<!-- This site is optimized with the Yoast SEO plugin v25.7 - https:\/\/yoast.com\/wordpress\/plugins\/seo\/ -->\n<title>Sanja Bubalo - Udruge i njihove uloge u \u017eivotima bolesne djece i djece s te\u0161ko\u0107ama u razvoju - Agencija za elektroni\u010dke medije<\/title>\n<meta name=\"robots\" content=\"index, follow, max-snippet:-1, max-image-preview:large, max-video-preview:-1\" \/>\n<link rel=\"canonical\" href=\"https:\/\/aem.hr\/sanja-bubalo-udruge-i-njihove-uloge-u-zivotima-bolesne-djece-i-djece-s-teskocama-u-razvoju\/\" \/>\n<meta property=\"og:locale\" content=\"en_US\" \/>\n<meta property=\"og:type\" content=\"article\" \/>\n<meta property=\"og:title\" content=\"Sanja Bubalo - Udruge i njihove uloge u \u017eivotima bolesne djece i djece s te\u0161ko\u0107ama u razvoju - Agencija za elektroni\u010dke medije\" \/>\n<meta property=\"og:url\" content=\"https:\/\/aem.hr\/sanja-bubalo-udruge-i-njihove-uloge-u-zivotima-bolesne-djece-i-djece-s-teskocama-u-razvoju\/\" \/>\n<meta property=\"og:site_name\" content=\"Agencija za elektroni\u010dke medije\" \/>\n<meta property=\"article:modified_time\" content=\"2022-12-27T14:17:17+00:00\" \/>\n<meta name=\"twitter:card\" content=\"summary_large_image\" \/>\n<meta name=\"twitter:label1\" content=\"Est. reading time\" \/>\n\t<meta name=\"twitter:data1\" content=\"1 minute\" \/>\n<script type=\"application\/ld+json\" class=\"yoast-schema-graph\">{\"@context\":\"https:\/\/schema.org\",\"@graph\":[{\"@type\":\"WebPage\",\"@id\":\"https:\/\/aem.hr\/sanja-bubalo-udruge-i-njihove-uloge-u-zivotima-bolesne-djece-i-djece-s-teskocama-u-razvoju\/\",\"url\":\"https:\/\/aem.hr\/sanja-bubalo-udruge-i-njihove-uloge-u-zivotima-bolesne-djece-i-djece-s-teskocama-u-razvoju\/\",\"name\":\"Sanja Bubalo - Udruge i njihove uloge u \u017eivotima bolesne djece i djece s te\u0161ko\u0107ama u razvoju - Agencija za elektroni\u010dke medije\",\"isPartOf\":{\"@id\":\"https:\/\/aem.hr\/#website\"},\"datePublished\":\"2022-12-27T14:17:16+00:00\",\"dateModified\":\"2022-12-27T14:17:17+00:00\",\"breadcrumb\":{\"@id\":\"https:\/\/aem.hr\/sanja-bubalo-udruge-i-njihove-uloge-u-zivotima-bolesne-djece-i-djece-s-teskocama-u-razvoju\/#breadcrumb\"},\"inLanguage\":\"en-US\",\"potentialAction\":[{\"@type\":\"ReadAction\",\"target\":[\"https:\/\/aem.hr\/sanja-bubalo-udruge-i-njihove-uloge-u-zivotima-bolesne-djece-i-djece-s-teskocama-u-razvoju\/\"]}]},{\"@type\":\"BreadcrumbList\",\"@id\":\"https:\/\/aem.hr\/sanja-bubalo-udruge-i-njihove-uloge-u-zivotima-bolesne-djece-i-djece-s-teskocama-u-razvoju\/#breadcrumb\",\"itemListElement\":[{\"@type\":\"ListItem\",\"position\":1,\"name\":\"Po\u010detna stranica\",\"item\":\"https:\/\/aem.hr\/\"},{\"@type\":\"ListItem\",\"position\":2,\"name\":\"Sanja Bubalo &#8211; Udruge i njihove uloge u \u017eivotima bolesne djece i djece s te\u0161ko\u0107ama u razvoju\"}]},{\"@type\":\"WebSite\",\"@id\":\"https:\/\/aem.hr\/#website\",\"url\":\"https:\/\/aem.hr\/\",\"name\":\"Agencija za elektroni\u010dke medije\",\"description\":\"\",\"potentialAction\":[{\"@type\":\"SearchAction\",\"target\":{\"@type\":\"EntryPoint\",\"urlTemplate\":\"https:\/\/aem.hr\/?s={search_term_string}\"},\"query-input\":{\"@type\":\"PropertyValueSpecification\",\"valueRequired\":true,\"valueName\":\"search_term_string\"}}],\"inLanguage\":\"en-US\"}]}<\/script>\n<!-- \/ Yoast SEO plugin. -->","yoast_head_json":{"title":"Sanja Bubalo - Udruge i njihove uloge u \u017eivotima bolesne djece i djece s te\u0161ko\u0107ama u razvoju - Agencija za elektroni\u010dke medije","robots":{"index":"index","follow":"follow","max-snippet":"max-snippet:-1","max-image-preview":"max-image-preview:large","max-video-preview":"max-video-preview:-1"},"canonical":"https:\/\/aem.hr\/sanja-bubalo-udruge-i-njihove-uloge-u-zivotima-bolesne-djece-i-djece-s-teskocama-u-razvoju\/","og_locale":"en_US","og_type":"article","og_title":"Sanja Bubalo - Udruge i njihove uloge u \u017eivotima bolesne djece i djece s te\u0161ko\u0107ama u razvoju - Agencija za elektroni\u010dke medije","og_url":"https:\/\/aem.hr\/sanja-bubalo-udruge-i-njihove-uloge-u-zivotima-bolesne-djece-i-djece-s-teskocama-u-razvoju\/","og_site_name":"Agencija za elektroni\u010dke medije","article_modified_time":"2022-12-27T14:17:17+00:00","twitter_card":"summary_large_image","twitter_misc":{"Est. reading time":"1 minute"},"schema":{"@context":"https:\/\/schema.org","@graph":[{"@type":"WebPage","@id":"https:\/\/aem.hr\/sanja-bubalo-udruge-i-njihove-uloge-u-zivotima-bolesne-djece-i-djece-s-teskocama-u-razvoju\/","url":"https:\/\/aem.hr\/sanja-bubalo-udruge-i-njihove-uloge-u-zivotima-bolesne-djece-i-djece-s-teskocama-u-razvoju\/","name":"Sanja Bubalo - Udruge i njihove uloge u \u017eivotima bolesne djece i djece s te\u0161ko\u0107ama u razvoju - Agencija za elektroni\u010dke medije","isPartOf":{"@id":"https:\/\/aem.hr\/#website"},"datePublished":"2022-12-27T14:17:16+00:00","dateModified":"2022-12-27T14:17:17+00:00","breadcrumb":{"@id":"https:\/\/aem.hr\/sanja-bubalo-udruge-i-njihove-uloge-u-zivotima-bolesne-djece-i-djece-s-teskocama-u-razvoju\/#breadcrumb"},"inLanguage":"en-US","potentialAction":[{"@type":"ReadAction","target":["https:\/\/aem.hr\/sanja-bubalo-udruge-i-njihove-uloge-u-zivotima-bolesne-djece-i-djece-s-teskocama-u-razvoju\/"]}]},{"@type":"BreadcrumbList","@id":"https:\/\/aem.hr\/sanja-bubalo-udruge-i-njihove-uloge-u-zivotima-bolesne-djece-i-djece-s-teskocama-u-razvoju\/#breadcrumb","itemListElement":[{"@type":"ListItem","position":1,"name":"Po\u010detna stranica","item":"https:\/\/aem.hr\/"},{"@type":"ListItem","position":2,"name":"Sanja Bubalo &#8211; Udruge i njihove uloge u \u017eivotima bolesne djece i djece s te\u0161ko\u0107ama u razvoju"}]},{"@type":"WebSite","@id":"https:\/\/aem.hr\/#website","url":"https:\/\/aem.hr\/","name":"Agencija za elektroni\u010dke medije","description":"","potentialAction":[{"@type":"SearchAction","target":{"@type":"EntryPoint","urlTemplate":"https:\/\/aem.hr\/?s={search_term_string}"},"query-input":{"@type":"PropertyValueSpecification","valueRequired":true,"valueName":"search_term_string"}}],"inLanguage":"en-US"}]}},"coauthors":[],"author_meta":{"author_link":"https:\/\/aem.hr\/en\/blog\/author\/mkirac\/","display_name":"Matko Kirac"},"relative_dates":{"created":"Posted 3 years ago","modified":"Updated 3 years ago"},"absolute_dates":{"created":"Posted on 27. December 2022.","modified":"Updated on 27. December 2022."},"absolute_dates_time":{"created":"Posted on 27. December 2022. 15:17","modified":"Updated on 27. December 2022. 15:17"},"featured_img_caption":"","featured_img":false,"series_order":"","_links":{"self":[{"href":"https:\/\/aem.hr\/en\/wp-json\/wp\/v2\/pages\/14152","targetHints":{"allow":["GET"]}}],"collection":[{"href":"https:\/\/aem.hr\/en\/wp-json\/wp\/v2\/pages"}],"about":[{"href":"https:\/\/aem.hr\/en\/wp-json\/wp\/v2\/types\/page"}],"author":[{"embeddable":true,"href":"https:\/\/aem.hr\/en\/wp-json\/wp\/v2\/users\/18"}],"replies":[{"embeddable":true,"href":"https:\/\/aem.hr\/en\/wp-json\/wp\/v2\/comments?post=14152"}],"version-history":[{"count":1,"href":"https:\/\/aem.hr\/en\/wp-json\/wp\/v2\/pages\/14152\/revisions"}],"predecessor-version":[{"id":14177,"href":"https:\/\/aem.hr\/en\/wp-json\/wp\/v2\/pages\/14152\/revisions\/14177"}],"wp:attachment":[{"href":"https:\/\/aem.hr\/en\/wp-json\/wp\/v2\/media?parent=14152"}],"curies":[{"name":"wp","href":"https:\/\/api.w.org\/{rel}","templated":true}]}}