{"id":14180,"date":"2022-12-27T15:19:59","date_gmt":"2022-12-27T14:19:59","guid":{"rendered":"http:\/\/aem.hr\/?page_id=14180"},"modified":"2022-12-27T15:20:00","modified_gmt":"2022-12-27T14:20:00","slug":"goranka-jelincic-ranjive-skupine-ovisnost-kod-mladih-od-osnovne-skole-do-fakulteta","status":"publish","type":"page","link":"https:\/\/aem.hr\/en\/goranka-jelincic-ranjive-skupine-ovisnost-kod-mladih-od-osnovne-skole-do-fakulteta\/","title":{"rendered":"Goranka Jelin\u010di\u0107 &#8211; Ranjive skupine: Ovisnost kod mladih od osnovne \u0161kole do fakulteta"},"content":{"rendered":"\n<div class=\"wp-block-file\"><a id=\"wp-block-file--media-31a87645-c326-4a81-bef8-db91b91b6217\" href=\"https:\/\/aem.hr\/wp-content\/uploads\/2022\/12\/1.-Ovisnost-mladih-od-osnovne-skole-do-fakulteta.pdf\">1. Ovisnost mladih od osnovne \u0161kole do fakulteta<\/a><a href=\"https:\/\/aem.hr\/wp-content\/uploads\/2022\/12\/1.-Ovisnost-mladih-od-osnovne-skole-do-fakulteta.pdf\" class=\"wp-block-file__button wp-element-button\" download aria-describedby=\"wp-block-file--media-31a87645-c326-4a81-bef8-db91b91b6217\">Preuzimanje<\/a><\/div>\n\n\n\n<div class=\"wp-block-file\"><a id=\"wp-block-file--media-7c9e0093-0380-4e00-b20b-041cb52f8839\" href=\"https:\/\/aem.hr\/wp-content\/uploads\/2022\/12\/2.-Ostani-cist-povuci-granicu.pdf\">2. Ostani \u010dist, povuci granicu<\/a><a href=\"https:\/\/aem.hr\/wp-content\/uploads\/2022\/12\/2.-Ostani-cist-povuci-granicu.pdf\" class=\"wp-block-file__button wp-element-button\" download aria-describedby=\"wp-block-file--media-7c9e0093-0380-4e00-b20b-041cb52f8839\">Preuzimanje<\/a><\/div>\n\n\n\n<div class=\"wp-block-file\"><a id=\"wp-block-file--media-69d650dd-4ff4-43a9-941a-96f7b5680cef\" href=\"https:\/\/aem.hr\/wp-content\/uploads\/2022\/12\/3.-Ignoriranje-ne-rjesava-problem.pdf\">3. Ignoriranje ne rje\u0161ava problem<\/a><a href=\"https:\/\/aem.hr\/wp-content\/uploads\/2022\/12\/3.-Ignoriranje-ne-rjesava-problem.pdf\" class=\"wp-block-file__button wp-element-button\" download aria-describedby=\"wp-block-file--media-69d650dd-4ff4-43a9-941a-96f7b5680cef\">Preuzimanje<\/a><\/div>\n\n\n\n<div class=\"wp-block-file\"><a id=\"wp-block-file--media-7f55cd3d-0153-4298-9d9a-0b0580fcdac2\" href=\"https:\/\/aem.hr\/wp-content\/uploads\/2022\/12\/4.-Necu-ti-reci-da-mi-je-zao-pokazat-cu-ti.pdf\">4. Ne\u0107u ti re\u0107i da mi je \u017eao, pokazat \u0107u ti<\/a><a href=\"https:\/\/aem.hr\/wp-content\/uploads\/2022\/12\/4.-Necu-ti-reci-da-mi-je-zao-pokazat-cu-ti.pdf\" class=\"wp-block-file__button wp-element-button\" download aria-describedby=\"wp-block-file--media-7f55cd3d-0153-4298-9d9a-0b0580fcdac2\">Preuzimanje<\/a><\/div>\n\n\n\n<p><\/p>\n","protected":false},"excerpt":{"rendered":"","protected":false},"author":18,"featured_media":0,"parent":0,"menu_order":0,"comment_status":"closed","ping_status":"closed","template":"","meta":{"_acf_changed":false,"inline_featured_image":false,"advgb_blocks_editor_width":"","advgb_blocks_columns_visual_guide":"","_links_to":"","_links_to_type":0,"footnotes":""},"class_list":["post-14180","page","type-page","status-publish","hentry"],"acf":[],"yoast_head":"<!-- This site is optimized with the Yoast SEO plugin v25.7 - https:\/\/yoast.com\/wordpress\/plugins\/seo\/ -->\n<title>Goranka Jelin\u010di\u0107 - Ranjive skupine: Ovisnost kod mladih od osnovne \u0161kole do fakulteta - Agencija za elektroni\u010dke medije<\/title>\n<meta name=\"robots\" content=\"index, follow, max-snippet:-1, max-image-preview:large, max-video-preview:-1\" \/>\n<link rel=\"canonical\" href=\"https:\/\/aem.hr\/goranka-jelincic-ranjive-skupine-ovisnost-kod-mladih-od-osnovne-skole-do-fakulteta\/\" \/>\n<meta property=\"og:locale\" content=\"en_US\" \/>\n<meta property=\"og:type\" content=\"article\" \/>\n<meta property=\"og:title\" content=\"Goranka Jelin\u010di\u0107 - Ranjive skupine: Ovisnost kod mladih od osnovne \u0161kole do fakulteta - Agencija za elektroni\u010dke medije\" \/>\n<meta property=\"og:url\" content=\"https:\/\/aem.hr\/goranka-jelincic-ranjive-skupine-ovisnost-kod-mladih-od-osnovne-skole-do-fakulteta\/\" \/>\n<meta property=\"og:site_name\" content=\"Agencija za elektroni\u010dke medije\" \/>\n<meta property=\"article:modified_time\" content=\"2022-12-27T14:20:00+00:00\" \/>\n<meta name=\"twitter:card\" content=\"summary_large_image\" \/>\n<meta name=\"twitter:label1\" content=\"Est. reading time\" \/>\n\t<meta name=\"twitter:data1\" content=\"1 minute\" \/>\n<script type=\"application\/ld+json\" class=\"yoast-schema-graph\">{\"@context\":\"https:\/\/schema.org\",\"@graph\":[{\"@type\":\"WebPage\",\"@id\":\"https:\/\/aem.hr\/goranka-jelincic-ranjive-skupine-ovisnost-kod-mladih-od-osnovne-skole-do-fakulteta\/\",\"url\":\"https:\/\/aem.hr\/goranka-jelincic-ranjive-skupine-ovisnost-kod-mladih-od-osnovne-skole-do-fakulteta\/\",\"name\":\"Goranka Jelin\u010di\u0107 - Ranjive skupine: Ovisnost kod mladih od osnovne \u0161kole do fakulteta - Agencija za elektroni\u010dke medije\",\"isPartOf\":{\"@id\":\"https:\/\/aem.hr\/#website\"},\"datePublished\":\"2022-12-27T14:19:59+00:00\",\"dateModified\":\"2022-12-27T14:20:00+00:00\",\"breadcrumb\":{\"@id\":\"https:\/\/aem.hr\/goranka-jelincic-ranjive-skupine-ovisnost-kod-mladih-od-osnovne-skole-do-fakulteta\/#breadcrumb\"},\"inLanguage\":\"en-US\",\"potentialAction\":[{\"@type\":\"ReadAction\",\"target\":[\"https:\/\/aem.hr\/goranka-jelincic-ranjive-skupine-ovisnost-kod-mladih-od-osnovne-skole-do-fakulteta\/\"]}]},{\"@type\":\"BreadcrumbList\",\"@id\":\"https:\/\/aem.hr\/goranka-jelincic-ranjive-skupine-ovisnost-kod-mladih-od-osnovne-skole-do-fakulteta\/#breadcrumb\",\"itemListElement\":[{\"@type\":\"ListItem\",\"position\":1,\"name\":\"Po\u010detna stranica\",\"item\":\"https:\/\/aem.hr\/\"},{\"@type\":\"ListItem\",\"position\":2,\"name\":\"Goranka Jelin\u010di\u0107 &#8211; Ranjive skupine: Ovisnost kod mladih od osnovne \u0161kole do fakulteta\"}]},{\"@type\":\"WebSite\",\"@id\":\"https:\/\/aem.hr\/#website\",\"url\":\"https:\/\/aem.hr\/\",\"name\":\"Agencija za elektroni\u010dke medije\",\"description\":\"\",\"potentialAction\":[{\"@type\":\"SearchAction\",\"target\":{\"@type\":\"EntryPoint\",\"urlTemplate\":\"https:\/\/aem.hr\/?s={search_term_string}\"},\"query-input\":{\"@type\":\"PropertyValueSpecification\",\"valueRequired\":true,\"valueName\":\"search_term_string\"}}],\"inLanguage\":\"en-US\"}]}<\/script>\n<!-- \/ Yoast SEO plugin. -->","yoast_head_json":{"title":"Goranka Jelin\u010di\u0107 - Ranjive skupine: Ovisnost kod mladih od osnovne \u0161kole do fakulteta - Agencija za elektroni\u010dke medije","robots":{"index":"index","follow":"follow","max-snippet":"max-snippet:-1","max-image-preview":"max-image-preview:large","max-video-preview":"max-video-preview:-1"},"canonical":"https:\/\/aem.hr\/goranka-jelincic-ranjive-skupine-ovisnost-kod-mladih-od-osnovne-skole-do-fakulteta\/","og_locale":"en_US","og_type":"article","og_title":"Goranka Jelin\u010di\u0107 - Ranjive skupine: Ovisnost kod mladih od osnovne \u0161kole do fakulteta - Agencija za elektroni\u010dke medije","og_url":"https:\/\/aem.hr\/goranka-jelincic-ranjive-skupine-ovisnost-kod-mladih-od-osnovne-skole-do-fakulteta\/","og_site_name":"Agencija za elektroni\u010dke medije","article_modified_time":"2022-12-27T14:20:00+00:00","twitter_card":"summary_large_image","twitter_misc":{"Est. reading time":"1 minute"},"schema":{"@context":"https:\/\/schema.org","@graph":[{"@type":"WebPage","@id":"https:\/\/aem.hr\/goranka-jelincic-ranjive-skupine-ovisnost-kod-mladih-od-osnovne-skole-do-fakulteta\/","url":"https:\/\/aem.hr\/goranka-jelincic-ranjive-skupine-ovisnost-kod-mladih-od-osnovne-skole-do-fakulteta\/","name":"Goranka Jelin\u010di\u0107 - Ranjive skupine: Ovisnost kod mladih od osnovne \u0161kole do fakulteta - Agencija za elektroni\u010dke medije","isPartOf":{"@id":"https:\/\/aem.hr\/#website"},"datePublished":"2022-12-27T14:19:59+00:00","dateModified":"2022-12-27T14:20:00+00:00","breadcrumb":{"@id":"https:\/\/aem.hr\/goranka-jelincic-ranjive-skupine-ovisnost-kod-mladih-od-osnovne-skole-do-fakulteta\/#breadcrumb"},"inLanguage":"en-US","potentialAction":[{"@type":"ReadAction","target":["https:\/\/aem.hr\/goranka-jelincic-ranjive-skupine-ovisnost-kod-mladih-od-osnovne-skole-do-fakulteta\/"]}]},{"@type":"BreadcrumbList","@id":"https:\/\/aem.hr\/goranka-jelincic-ranjive-skupine-ovisnost-kod-mladih-od-osnovne-skole-do-fakulteta\/#breadcrumb","itemListElement":[{"@type":"ListItem","position":1,"name":"Po\u010detna stranica","item":"https:\/\/aem.hr\/"},{"@type":"ListItem","position":2,"name":"Goranka Jelin\u010di\u0107 &#8211; Ranjive skupine: Ovisnost kod mladih od osnovne \u0161kole do fakulteta"}]},{"@type":"WebSite","@id":"https:\/\/aem.hr\/#website","url":"https:\/\/aem.hr\/","name":"Agencija za elektroni\u010dke medije","description":"","potentialAction":[{"@type":"SearchAction","target":{"@type":"EntryPoint","urlTemplate":"https:\/\/aem.hr\/?s={search_term_string}"},"query-input":{"@type":"PropertyValueSpecification","valueRequired":true,"valueName":"search_term_string"}}],"inLanguage":"en-US"}]}},"coauthors":[],"author_meta":{"author_link":"https:\/\/aem.hr\/en\/blog\/author\/mkirac\/","display_name":"Matko Kirac"},"relative_dates":{"created":"Posted 3 years ago","modified":"Updated 3 years ago"},"absolute_dates":{"created":"Posted on 27. December 2022.","modified":"Updated on 27. December 2022."},"absolute_dates_time":{"created":"Posted on 27. December 2022. 15:19","modified":"Updated on 27. December 2022. 15:20"},"featured_img_caption":"","featured_img":false,"series_order":"","_links":{"self":[{"href":"https:\/\/aem.hr\/en\/wp-json\/wp\/v2\/pages\/14180","targetHints":{"allow":["GET"]}}],"collection":[{"href":"https:\/\/aem.hr\/en\/wp-json\/wp\/v2\/pages"}],"about":[{"href":"https:\/\/aem.hr\/en\/wp-json\/wp\/v2\/types\/page"}],"author":[{"embeddable":true,"href":"https:\/\/aem.hr\/en\/wp-json\/wp\/v2\/users\/18"}],"replies":[{"embeddable":true,"href":"https:\/\/aem.hr\/en\/wp-json\/wp\/v2\/comments?post=14180"}],"version-history":[{"count":1,"href":"https:\/\/aem.hr\/en\/wp-json\/wp\/v2\/pages\/14180\/revisions"}],"predecessor-version":[{"id":14189,"href":"https:\/\/aem.hr\/en\/wp-json\/wp\/v2\/pages\/14180\/revisions\/14189"}],"wp:attachment":[{"href":"https:\/\/aem.hr\/en\/wp-json\/wp\/v2\/media?parent=14180"}],"curies":[{"name":"wp","href":"https:\/\/api.w.org\/{rel}","templated":true}]}}