{"id":14191,"date":"2022-12-27T15:22:07","date_gmt":"2022-12-27T14:22:07","guid":{"rendered":"http:\/\/aem.hr\/?page_id=14191"},"modified":"2022-12-27T15:22:08","modified_gmt":"2022-12-27T14:22:08","slug":"dubravka-vukoja-ratne-novinarke","status":"publish","type":"page","link":"https:\/\/aem.hr\/en\/dubravka-vukoja-ratne-novinarke\/","title":{"rendered":"Dubravka Vukoja &#8211; Ratne novinarke"},"content":{"rendered":"\n<div class=\"wp-block-file\"><a id=\"wp-block-file--media-5ea8a8aa-edc3-43ea-9e0a-76e3bce7fffd\" href=\"https:\/\/aem.hr\/wp-content\/uploads\/2022\/12\/1.-Verica-Mader.pdf\">1. Verica Ma\u0111er<\/a><a href=\"https:\/\/aem.hr\/wp-content\/uploads\/2022\/12\/1.-Verica-Mader.pdf\" class=\"wp-block-file__button wp-element-button\" download aria-describedby=\"wp-block-file--media-5ea8a8aa-edc3-43ea-9e0a-76e3bce7fffd\">Preuzimanje<\/a><\/div>\n\n\n\n<div class=\"wp-block-file\"><a id=\"wp-block-file--media-a04bcd1d-9fba-43bb-8e1d-b10261508a79\" href=\"https:\/\/aem.hr\/wp-content\/uploads\/2022\/12\/2.-Ruza-Oreskovic.pdf\">2. Ru\u017ea Ore\u0161kovi\u0107<\/a><a href=\"https:\/\/aem.hr\/wp-content\/uploads\/2022\/12\/2.-Ruza-Oreskovic.pdf\" class=\"wp-block-file__button wp-element-button\" download aria-describedby=\"wp-block-file--media-a04bcd1d-9fba-43bb-8e1d-b10261508a79\">Preuzimanje<\/a><\/div>\n\n\n\n<div class=\"wp-block-file\"><a id=\"wp-block-file--media-1f4c4bd4-ae65-4dcc-bef2-5259450d87b1\" href=\"https:\/\/aem.hr\/wp-content\/uploads\/2022\/12\/3.-Mirjana-Hrpka.pdf\">3. Mirjana Hrpka<\/a><a href=\"https:\/\/aem.hr\/wp-content\/uploads\/2022\/12\/3.-Mirjana-Hrpka.pdf\" class=\"wp-block-file__button wp-element-button\" download aria-describedby=\"wp-block-file--media-1f4c4bd4-ae65-4dcc-bef2-5259450d87b1\">Preuzimanje<\/a><\/div>\n\n\n\n<div class=\"wp-block-file\"><a id=\"wp-block-file--media-df730947-14c2-424d-b49f-10dcff1bbefb\" href=\"https:\/\/aem.hr\/wp-content\/uploads\/2022\/12\/4.-Nada-Prkacin.pdf\">4. Nada Prka\u010din<\/a><a href=\"https:\/\/aem.hr\/wp-content\/uploads\/2022\/12\/4.-Nada-Prkacin.pdf\" class=\"wp-block-file__button wp-element-button\" download aria-describedby=\"wp-block-file--media-df730947-14c2-424d-b49f-10dcff1bbefb\">Preuzimanje<\/a><\/div>\n\n\n\n<div class=\"wp-block-file\"><a id=\"wp-block-file--media-16d601da-66c3-4f2a-9eeb-128b7bba2a4d\" href=\"https:\/\/aem.hr\/wp-content\/uploads\/2022\/12\/5.-Iz-prve-ruke_-Dubravka-Vukoja.pdf\">5. Iz prve ruke_ Dubravka Vukoja<\/a><a href=\"https:\/\/aem.hr\/wp-content\/uploads\/2022\/12\/5.-Iz-prve-ruke_-Dubravka-Vukoja.pdf\" class=\"wp-block-file__button wp-element-button\" download aria-describedby=\"wp-block-file--media-16d601da-66c3-4f2a-9eeb-128b7bba2a4d\">Preuzimanje<\/a><\/div>\n\n\n\n<p><\/p>\n","protected":false},"excerpt":{"rendered":"","protected":false},"author":18,"featured_media":0,"parent":0,"menu_order":0,"comment_status":"closed","ping_status":"closed","template":"","meta":{"_acf_changed":false,"inline_featured_image":false,"advgb_blocks_editor_width":"","advgb_blocks_columns_visual_guide":"","_links_to":"","_links_to_type":0,"footnotes":""},"class_list":["post-14191","page","type-page","status-publish","hentry"],"acf":[],"yoast_head":"<!-- This site is optimized with the Yoast SEO plugin v25.7 - https:\/\/yoast.com\/wordpress\/plugins\/seo\/ -->\n<title>Dubravka Vukoja - Ratne novinarke - Agencija za elektroni\u010dke medije<\/title>\n<meta name=\"robots\" content=\"index, follow, max-snippet:-1, max-image-preview:large, max-video-preview:-1\" \/>\n<link rel=\"canonical\" href=\"https:\/\/aem.hr\/dubravka-vukoja-ratne-novinarke\/\" \/>\n<meta property=\"og:locale\" content=\"en_US\" \/>\n<meta property=\"og:type\" content=\"article\" \/>\n<meta property=\"og:title\" content=\"Dubravka Vukoja - Ratne novinarke - Agencija za elektroni\u010dke medije\" \/>\n<meta property=\"og:url\" content=\"https:\/\/aem.hr\/dubravka-vukoja-ratne-novinarke\/\" \/>\n<meta property=\"og:site_name\" content=\"Agencija za elektroni\u010dke medije\" \/>\n<meta property=\"article:modified_time\" content=\"2022-12-27T14:22:08+00:00\" \/>\n<meta name=\"twitter:card\" content=\"summary_large_image\" \/>\n<meta name=\"twitter:label1\" content=\"Est. reading time\" \/>\n\t<meta name=\"twitter:data1\" content=\"1 minute\" \/>\n<script type=\"application\/ld+json\" class=\"yoast-schema-graph\">{\"@context\":\"https:\/\/schema.org\",\"@graph\":[{\"@type\":\"WebPage\",\"@id\":\"https:\/\/aem.hr\/dubravka-vukoja-ratne-novinarke\/\",\"url\":\"https:\/\/aem.hr\/dubravka-vukoja-ratne-novinarke\/\",\"name\":\"Dubravka Vukoja - Ratne novinarke - Agencija za elektroni\u010dke medije\",\"isPartOf\":{\"@id\":\"https:\/\/aem.hr\/#website\"},\"datePublished\":\"2022-12-27T14:22:07+00:00\",\"dateModified\":\"2022-12-27T14:22:08+00:00\",\"breadcrumb\":{\"@id\":\"https:\/\/aem.hr\/dubravka-vukoja-ratne-novinarke\/#breadcrumb\"},\"inLanguage\":\"en-US\",\"potentialAction\":[{\"@type\":\"ReadAction\",\"target\":[\"https:\/\/aem.hr\/dubravka-vukoja-ratne-novinarke\/\"]}]},{\"@type\":\"BreadcrumbList\",\"@id\":\"https:\/\/aem.hr\/dubravka-vukoja-ratne-novinarke\/#breadcrumb\",\"itemListElement\":[{\"@type\":\"ListItem\",\"position\":1,\"name\":\"Po\u010detna stranica\",\"item\":\"https:\/\/aem.hr\/\"},{\"@type\":\"ListItem\",\"position\":2,\"name\":\"Dubravka Vukoja &#8211; Ratne novinarke\"}]},{\"@type\":\"WebSite\",\"@id\":\"https:\/\/aem.hr\/#website\",\"url\":\"https:\/\/aem.hr\/\",\"name\":\"Agencija za elektroni\u010dke medije\",\"description\":\"\",\"potentialAction\":[{\"@type\":\"SearchAction\",\"target\":{\"@type\":\"EntryPoint\",\"urlTemplate\":\"https:\/\/aem.hr\/?s={search_term_string}\"},\"query-input\":{\"@type\":\"PropertyValueSpecification\",\"valueRequired\":true,\"valueName\":\"search_term_string\"}}],\"inLanguage\":\"en-US\"}]}<\/script>\n<!-- \/ Yoast SEO plugin. -->","yoast_head_json":{"title":"Dubravka Vukoja - Ratne novinarke - Agencija za elektroni\u010dke medije","robots":{"index":"index","follow":"follow","max-snippet":"max-snippet:-1","max-image-preview":"max-image-preview:large","max-video-preview":"max-video-preview:-1"},"canonical":"https:\/\/aem.hr\/dubravka-vukoja-ratne-novinarke\/","og_locale":"en_US","og_type":"article","og_title":"Dubravka Vukoja - Ratne novinarke - Agencija za elektroni\u010dke medije","og_url":"https:\/\/aem.hr\/dubravka-vukoja-ratne-novinarke\/","og_site_name":"Agencija za elektroni\u010dke medije","article_modified_time":"2022-12-27T14:22:08+00:00","twitter_card":"summary_large_image","twitter_misc":{"Est. reading time":"1 minute"},"schema":{"@context":"https:\/\/schema.org","@graph":[{"@type":"WebPage","@id":"https:\/\/aem.hr\/dubravka-vukoja-ratne-novinarke\/","url":"https:\/\/aem.hr\/dubravka-vukoja-ratne-novinarke\/","name":"Dubravka Vukoja - Ratne novinarke - Agencija za elektroni\u010dke medije","isPartOf":{"@id":"https:\/\/aem.hr\/#website"},"datePublished":"2022-12-27T14:22:07+00:00","dateModified":"2022-12-27T14:22:08+00:00","breadcrumb":{"@id":"https:\/\/aem.hr\/dubravka-vukoja-ratne-novinarke\/#breadcrumb"},"inLanguage":"en-US","potentialAction":[{"@type":"ReadAction","target":["https:\/\/aem.hr\/dubravka-vukoja-ratne-novinarke\/"]}]},{"@type":"BreadcrumbList","@id":"https:\/\/aem.hr\/dubravka-vukoja-ratne-novinarke\/#breadcrumb","itemListElement":[{"@type":"ListItem","position":1,"name":"Po\u010detna stranica","item":"https:\/\/aem.hr\/"},{"@type":"ListItem","position":2,"name":"Dubravka Vukoja &#8211; Ratne novinarke"}]},{"@type":"WebSite","@id":"https:\/\/aem.hr\/#website","url":"https:\/\/aem.hr\/","name":"Agencija za elektroni\u010dke medije","description":"","potentialAction":[{"@type":"SearchAction","target":{"@type":"EntryPoint","urlTemplate":"https:\/\/aem.hr\/?s={search_term_string}"},"query-input":{"@type":"PropertyValueSpecification","valueRequired":true,"valueName":"search_term_string"}}],"inLanguage":"en-US"}]}},"coauthors":[],"author_meta":{"author_link":"https:\/\/aem.hr\/en\/blog\/author\/mkirac\/","display_name":"Matko Kirac"},"relative_dates":{"created":"Posted 3 years ago","modified":"Updated 3 years ago"},"absolute_dates":{"created":"Posted on 27. December 2022.","modified":"Updated on 27. December 2022."},"absolute_dates_time":{"created":"Posted on 27. December 2022. 15:22","modified":"Updated on 27. December 2022. 15:22"},"featured_img_caption":"","featured_img":false,"series_order":"","_links":{"self":[{"href":"https:\/\/aem.hr\/en\/wp-json\/wp\/v2\/pages\/14191","targetHints":{"allow":["GET"]}}],"collection":[{"href":"https:\/\/aem.hr\/en\/wp-json\/wp\/v2\/pages"}],"about":[{"href":"https:\/\/aem.hr\/en\/wp-json\/wp\/v2\/types\/page"}],"author":[{"embeddable":true,"href":"https:\/\/aem.hr\/en\/wp-json\/wp\/v2\/users\/18"}],"replies":[{"embeddable":true,"href":"https:\/\/aem.hr\/en\/wp-json\/wp\/v2\/comments?post=14191"}],"version-history":[{"count":1,"href":"https:\/\/aem.hr\/en\/wp-json\/wp\/v2\/pages\/14191\/revisions"}],"predecessor-version":[{"id":14202,"href":"https:\/\/aem.hr\/en\/wp-json\/wp\/v2\/pages\/14191\/revisions\/14202"}],"wp:attachment":[{"href":"https:\/\/aem.hr\/en\/wp-json\/wp\/v2\/media?parent=14191"}],"curies":[{"name":"wp","href":"https:\/\/api.w.org\/{rel}","templated":true}]}}