{"id":14205,"date":"2022-12-27T15:24:11","date_gmt":"2022-12-27T14:24:11","guid":{"rendered":"http:\/\/aem.hr\/?page_id=14205"},"modified":"2023-01-16T13:09:32","modified_gmt":"2023-01-16T12:09:32","slug":"fenomenologija-femicida-u-hrvatskoj-uzroci-posljedice-kaznena-politika","status":"publish","type":"page","link":"https:\/\/aem.hr\/en\/fenomenologija-femicida-u-hrvatskoj-uzroci-posljedice-kaznena-politika\/","title":{"rendered":"Du\u0161an Milju\u0161 &#8211; Fenomenologija femicida u Hrvatskoj &#8211; uzroci, posljedice, kaznena politika"},"content":{"rendered":"\n<div class=\"wp-block-file\"><a id=\"wp-block-file--media-f6164d59-6517-4172-b6d9-0c7b82ca9a14\" href=\"https:\/\/aem.hr\/wp-content\/uploads\/2022\/12\/1.-Broj-ubojstava-zena-od-bliskih-osoba.pdf\">1. Broj ubojstava \u017eena od bliskih osoba<\/a><a href=\"https:\/\/aem.hr\/wp-content\/uploads\/2022\/12\/1.-Broj-ubojstava-zena-od-bliskih-osoba.pdf\" class=\"wp-block-file__button wp-element-button\" download aria-describedby=\"wp-block-file--media-f6164d59-6517-4172-b6d9-0c7b82ca9a14\">PrePreuzimanjezmi<\/a><\/div>\n\n\n\n<div class=\"wp-block-file\"><a id=\"wp-block-file--media-7d512f4b-576e-4a7d-89db-1536c469b058\" href=\"https:\/\/aem.hr\/wp-content\/uploads\/2022\/12\/2.-Odbor-za-naknadu-zrtvama-od-2013.-do-danas-obiteljima.pdf\">2. Odbor za naknadu \u017ertvama od 2013. do danas obiteljima<\/a><a href=\"https:\/\/aem.hr\/wp-content\/uploads\/2022\/12\/2.-Odbor-za-naknadu-zrtvama-od-2013.-do-danas-obiteljima.pdf\" class=\"wp-block-file__button wp-element-button\" download aria-describedby=\"wp-block-file--media-7d512f4b-576e-4a7d-89db-1536c469b058\">Preuzimanje<\/a><\/div>\n\n\n\n<div class=\"wp-block-file\"><a id=\"wp-block-file--media-1783015b-007e-460c-bb4f-8ccf57b12023\" href=\"https:\/\/aem.hr\/wp-content\/uploads\/2022\/12\/3.-Veliko-istrazivanje-potvrdilo_-Ubojstvu-zene.pdf\">3. Veliko istra\u017eivanje potvrdilo_ Ubojstvu \u017eene<\/a><a href=\"https:\/\/aem.hr\/wp-content\/uploads\/2022\/12\/3.-Veliko-istrazivanje-potvrdilo_-Ubojstvu-zene.pdf\" class=\"wp-block-file__button wp-element-button\" download aria-describedby=\"wp-block-file--media-1783015b-007e-460c-bb4f-8ccf57b12023\">Preuzimanje<\/a><\/div>\n\n\n\n<div class=\"wp-block-file\"><a id=\"wp-block-file--media-ffad1e90-67f8-47e2-959d-97d82196109e\" href=\"https:\/\/aem.hr\/wp-content\/uploads\/2022\/12\/4.-Ovaj-mucni-primjer-najbolje-svjedoci-o-neozbiljnom.pdf\">4. Ovaj mu\u010dni primjer najbolje svjedo\u010di o neozbiljnom<\/a><a href=\"https:\/\/aem.hr\/wp-content\/uploads\/2022\/12\/4.-Ovaj-mucni-primjer-najbolje-svjedoci-o-neozbiljnom.pdf\" class=\"wp-block-file__button wp-element-button\" download aria-describedby=\"wp-block-file--media-ffad1e90-67f8-47e2-959d-97d82196109e\">Preuzimanje<\/a><\/div>\n\n\n\n<div class=\"wp-block-file\"><a id=\"wp-block-file--media-2217d460-3764-4425-bb3b-f4ed051df4da\" href=\"https:\/\/aem.hr\/wp-content\/uploads\/2022\/12\/5.-Hrvatska-je-na-trecem-mjestu-u-EU-po-broju.pdf\">5. Hrvatska je na tre\u0107em mjestu u EU po broju<\/a><a href=\"https:\/\/aem.hr\/wp-content\/uploads\/2022\/12\/5.-Hrvatska-je-na-trecem-mjestu-u-EU-po-broju.pdf\" class=\"wp-block-file__button wp-element-button\" download aria-describedby=\"wp-block-file--media-2217d460-3764-4425-bb3b-f4ed051df4da\">Preuzimanje<\/a><\/div>\n\n\n\n<div class=\"wp-block-file\"><a id=\"wp-block-file--media-40717009-4e69-4c32-84dd-0ca8b64ecd51\" href=\"https:\/\/aem.hr\/wp-content\/uploads\/2022\/12\/6.-Kontrola-zlostavljaca-i-elektronickom-narukvicom.pdf\">6. Kontrola zlostavlja\u010da i elektroni\u010dkom narukvicom<\/a><a href=\"https:\/\/aem.hr\/wp-content\/uploads\/2022\/12\/6.-Kontrola-zlostavljaca-i-elektronickom-narukvicom.pdf\" class=\"wp-block-file__button wp-element-button\" download aria-describedby=\"wp-block-file--media-40717009-4e69-4c32-84dd-0ca8b64ecd51\">Preuzimanje<\/a><\/div>\n\n\n\n<p><\/p>\n","protected":false},"excerpt":{"rendered":"","protected":false},"author":18,"featured_media":0,"parent":0,"menu_order":0,"comment_status":"closed","ping_status":"closed","template":"","meta":{"_acf_changed":false,"inline_featured_image":false,"advgb_blocks_editor_width":"","advgb_blocks_columns_visual_guide":"","_links_to":"","_links_to_type":0,"footnotes":""},"class_list":["post-14205","page","type-page","status-publish","hentry"],"acf":[],"yoast_head":"<!-- This site is optimized with the Yoast SEO plugin v25.7 - https:\/\/yoast.com\/wordpress\/plugins\/seo\/ -->\n<title>Du\u0161an Milju\u0161 - Fenomenologija femicida u Hrvatskoj - uzroci, posljedice, kaznena politika - Agencija za elektroni\u010dke medije<\/title>\n<meta name=\"robots\" content=\"index, follow, max-snippet:-1, max-image-preview:large, max-video-preview:-1\" \/>\n<link rel=\"canonical\" href=\"https:\/\/aem.hr\/fenomenologija-femicida-u-hrvatskoj-uzroci-posljedice-kaznena-politika\/\" \/>\n<meta property=\"og:locale\" content=\"en_US\" \/>\n<meta property=\"og:type\" content=\"article\" \/>\n<meta property=\"og:title\" content=\"Du\u0161an Milju\u0161 - Fenomenologija femicida u Hrvatskoj - uzroci, posljedice, kaznena politika - Agencija za elektroni\u010dke medije\" \/>\n<meta property=\"og:url\" content=\"https:\/\/aem.hr\/fenomenologija-femicida-u-hrvatskoj-uzroci-posljedice-kaznena-politika\/\" \/>\n<meta property=\"og:site_name\" content=\"Agencija za elektroni\u010dke medije\" \/>\n<meta property=\"article:modified_time\" content=\"2023-01-16T12:09:32+00:00\" \/>\n<meta name=\"twitter:card\" content=\"summary_large_image\" \/>\n<meta name=\"twitter:label1\" content=\"Est. reading time\" \/>\n\t<meta name=\"twitter:data1\" content=\"1 minute\" \/>\n<script type=\"application\/ld+json\" class=\"yoast-schema-graph\">{\"@context\":\"https:\/\/schema.org\",\"@graph\":[{\"@type\":\"WebPage\",\"@id\":\"https:\/\/aem.hr\/fenomenologija-femicida-u-hrvatskoj-uzroci-posljedice-kaznena-politika\/\",\"url\":\"https:\/\/aem.hr\/fenomenologija-femicida-u-hrvatskoj-uzroci-posljedice-kaznena-politika\/\",\"name\":\"Du\u0161an Milju\u0161 - Fenomenologija femicida u Hrvatskoj - uzroci, posljedice, kaznena politika - Agencija za elektroni\u010dke medije\",\"isPartOf\":{\"@id\":\"https:\/\/aem.hr\/#website\"},\"datePublished\":\"2022-12-27T14:24:11+00:00\",\"dateModified\":\"2023-01-16T12:09:32+00:00\",\"breadcrumb\":{\"@id\":\"https:\/\/aem.hr\/fenomenologija-femicida-u-hrvatskoj-uzroci-posljedice-kaznena-politika\/#breadcrumb\"},\"inLanguage\":\"en-US\",\"potentialAction\":[{\"@type\":\"ReadAction\",\"target\":[\"https:\/\/aem.hr\/fenomenologija-femicida-u-hrvatskoj-uzroci-posljedice-kaznena-politika\/\"]}]},{\"@type\":\"BreadcrumbList\",\"@id\":\"https:\/\/aem.hr\/fenomenologija-femicida-u-hrvatskoj-uzroci-posljedice-kaznena-politika\/#breadcrumb\",\"itemListElement\":[{\"@type\":\"ListItem\",\"position\":1,\"name\":\"Po\u010detna stranica\",\"item\":\"https:\/\/aem.hr\/\"},{\"@type\":\"ListItem\",\"position\":2,\"name\":\"Du\u0161an Milju\u0161 &#8211; Fenomenologija femicida u Hrvatskoj &#8211; uzroci, posljedice, kaznena politika\"}]},{\"@type\":\"WebSite\",\"@id\":\"https:\/\/aem.hr\/#website\",\"url\":\"https:\/\/aem.hr\/\",\"name\":\"Agencija za elektroni\u010dke medije\",\"description\":\"\",\"potentialAction\":[{\"@type\":\"SearchAction\",\"target\":{\"@type\":\"EntryPoint\",\"urlTemplate\":\"https:\/\/aem.hr\/?s={search_term_string}\"},\"query-input\":{\"@type\":\"PropertyValueSpecification\",\"valueRequired\":true,\"valueName\":\"search_term_string\"}}],\"inLanguage\":\"en-US\"}]}<\/script>\n<!-- \/ Yoast SEO plugin. -->","yoast_head_json":{"title":"Du\u0161an Milju\u0161 - Fenomenologija femicida u Hrvatskoj - uzroci, posljedice, kaznena politika - Agencija za elektroni\u010dke medije","robots":{"index":"index","follow":"follow","max-snippet":"max-snippet:-1","max-image-preview":"max-image-preview:large","max-video-preview":"max-video-preview:-1"},"canonical":"https:\/\/aem.hr\/fenomenologija-femicida-u-hrvatskoj-uzroci-posljedice-kaznena-politika\/","og_locale":"en_US","og_type":"article","og_title":"Du\u0161an Milju\u0161 - Fenomenologija femicida u Hrvatskoj - uzroci, posljedice, kaznena politika - Agencija za elektroni\u010dke medije","og_url":"https:\/\/aem.hr\/fenomenologija-femicida-u-hrvatskoj-uzroci-posljedice-kaznena-politika\/","og_site_name":"Agencija za elektroni\u010dke medije","article_modified_time":"2023-01-16T12:09:32+00:00","twitter_card":"summary_large_image","twitter_misc":{"Est. reading time":"1 minute"},"schema":{"@context":"https:\/\/schema.org","@graph":[{"@type":"WebPage","@id":"https:\/\/aem.hr\/fenomenologija-femicida-u-hrvatskoj-uzroci-posljedice-kaznena-politika\/","url":"https:\/\/aem.hr\/fenomenologija-femicida-u-hrvatskoj-uzroci-posljedice-kaznena-politika\/","name":"Du\u0161an Milju\u0161 - Fenomenologija femicida u Hrvatskoj - uzroci, posljedice, kaznena politika - Agencija za elektroni\u010dke medije","isPartOf":{"@id":"https:\/\/aem.hr\/#website"},"datePublished":"2022-12-27T14:24:11+00:00","dateModified":"2023-01-16T12:09:32+00:00","breadcrumb":{"@id":"https:\/\/aem.hr\/fenomenologija-femicida-u-hrvatskoj-uzroci-posljedice-kaznena-politika\/#breadcrumb"},"inLanguage":"en-US","potentialAction":[{"@type":"ReadAction","target":["https:\/\/aem.hr\/fenomenologija-femicida-u-hrvatskoj-uzroci-posljedice-kaznena-politika\/"]}]},{"@type":"BreadcrumbList","@id":"https:\/\/aem.hr\/fenomenologija-femicida-u-hrvatskoj-uzroci-posljedice-kaznena-politika\/#breadcrumb","itemListElement":[{"@type":"ListItem","position":1,"name":"Po\u010detna stranica","item":"https:\/\/aem.hr\/"},{"@type":"ListItem","position":2,"name":"Du\u0161an Milju\u0161 &#8211; Fenomenologija femicida u Hrvatskoj &#8211; uzroci, posljedice, kaznena politika"}]},{"@type":"WebSite","@id":"https:\/\/aem.hr\/#website","url":"https:\/\/aem.hr\/","name":"Agencija za elektroni\u010dke medije","description":"","potentialAction":[{"@type":"SearchAction","target":{"@type":"EntryPoint","urlTemplate":"https:\/\/aem.hr\/?s={search_term_string}"},"query-input":{"@type":"PropertyValueSpecification","valueRequired":true,"valueName":"search_term_string"}}],"inLanguage":"en-US"}]}},"coauthors":[],"author_meta":{"author_link":"https:\/\/aem.hr\/en\/blog\/author\/mkirac\/","display_name":"Matko Kirac"},"relative_dates":{"created":"Posted 3 years ago","modified":"Updated 3 years ago"},"absolute_dates":{"created":"Posted on 27. December 2022.","modified":"Updated on 16. January 2023."},"absolute_dates_time":{"created":"Posted on 27. December 2022. 15:24","modified":"Updated on 16. January 2023. 13:09"},"featured_img_caption":"","featured_img":false,"series_order":"","_links":{"self":[{"href":"https:\/\/aem.hr\/en\/wp-json\/wp\/v2\/pages\/14205","targetHints":{"allow":["GET"]}}],"collection":[{"href":"https:\/\/aem.hr\/en\/wp-json\/wp\/v2\/pages"}],"about":[{"href":"https:\/\/aem.hr\/en\/wp-json\/wp\/v2\/types\/page"}],"author":[{"embeddable":true,"href":"https:\/\/aem.hr\/en\/wp-json\/wp\/v2\/users\/18"}],"replies":[{"embeddable":true,"href":"https:\/\/aem.hr\/en\/wp-json\/wp\/v2\/comments?post=14205"}],"version-history":[{"count":2,"href":"https:\/\/aem.hr\/en\/wp-json\/wp\/v2\/pages\/14205\/revisions"}],"predecessor-version":[{"id":14347,"href":"https:\/\/aem.hr\/en\/wp-json\/wp\/v2\/pages\/14205\/revisions\/14347"}],"wp:attachment":[{"href":"https:\/\/aem.hr\/en\/wp-json\/wp\/v2\/media?parent=14205"}],"curies":[{"name":"wp","href":"https:\/\/api.w.org\/{rel}","templated":true}]}}