{"id":14351,"date":"2023-01-16T13:15:32","date_gmt":"2023-01-16T12:15:32","guid":{"rendered":"http:\/\/aem.hr\/?page_id=14351"},"modified":"2023-01-16T13:15:33","modified_gmt":"2023-01-16T12:15:33","slug":"marija-lovrenc-pedofilija-bolest-drustva-koja-raste-a-lijek-se-ne-nazire","status":"publish","type":"page","link":"https:\/\/aem.hr\/en\/marija-lovrenc-pedofilija-bolest-drustva-koja-raste-a-lijek-se-ne-nazire\/","title":{"rendered":"Marija Lovrenc &#8211; Pedofilija \u2013 bolest dru\u0161tva koja raste, a lijek se ne nazire"},"content":{"rendered":"\n<div class=\"wp-block-file\"><a id=\"wp-block-file--media-2ba1fba2-d5fb-4964-a675-c020d9bb3aea\" href=\"https:\/\/aem.hr\/wp-content\/uploads\/2023\/01\/1.-Pedofilija-bolest-drustva-koja-raste.pdf\">1. Pedofilija &#8211; bolest dru\u0161tva koja raste<\/a><a href=\"https:\/\/aem.hr\/wp-content\/uploads\/2023\/01\/1.-Pedofilija-bolest-drustva-koja-raste.pdf\" class=\"wp-block-file__button wp-element-button\" download aria-describedby=\"wp-block-file--media-2ba1fba2-d5fb-4964-a675-c020d9bb3aea\">Preuzimanje<\/a><\/div>\n\n\n\n<div class=\"wp-block-file\"><a id=\"wp-block-file--media-e362e478-c4e1-47c7-aa1e-3605c6e57cb0\" href=\"https:\/\/aem.hr\/wp-content\/uploads\/2023\/01\/2.-Prijavi-pa-strepi-ponovno-.pdf\">2. Prijavi, pa strepi ponovno<\/a><a href=\"https:\/\/aem.hr\/wp-content\/uploads\/2023\/01\/2.-Prijavi-pa-strepi-ponovno-.pdf\" class=\"wp-block-file__button wp-element-button\" download aria-describedby=\"wp-block-file--media-e362e478-c4e1-47c7-aa1e-3605c6e57cb0\">Preuzimanje<\/a><\/div>\n\n\n\n<div class=\"wp-block-file\"><a id=\"wp-block-file--media-b1f24aad-b033-4077-836b-e0b607fff4f5\" href=\"https:\/\/aem.hr\/wp-content\/uploads\/2023\/01\/3.-Javni-registar-pedofila-za-mirniji-san.pdf\">3. Javni registar pedofila za mirniji san<\/a><a href=\"https:\/\/aem.hr\/wp-content\/uploads\/2023\/01\/3.-Javni-registar-pedofila-za-mirniji-san.pdf\" class=\"wp-block-file__button wp-element-button\" download aria-describedby=\"wp-block-file--media-b1f24aad-b033-4077-836b-e0b607fff4f5\">Preuzimanje<\/a><\/div>\n\n\n\n<div class=\"wp-block-file\"><a id=\"wp-block-file--media-7e5cb785-0ae5-4887-ad43-d019f02b014f\" href=\"https:\/\/aem.hr\/wp-content\/uploads\/2023\/01\/4.-Spavaci-koji-su-itekako-budni.pdf\">4. Spava\u010di koji su itekako budni<\/a><a href=\"https:\/\/aem.hr\/wp-content\/uploads\/2023\/01\/4.-Spavaci-koji-su-itekako-budni.pdf\" class=\"wp-block-file__button wp-element-button\" download aria-describedby=\"wp-block-file--media-7e5cb785-0ae5-4887-ad43-d019f02b014f\">Preuzimanje<\/a><\/div>\n\n\n\n<div class=\"wp-block-file\"><a id=\"wp-block-file--media-8c0cd20e-9043-4b34-8b77-3fc466b8060f\" href=\"https:\/\/aem.hr\/wp-content\/uploads\/2023\/01\/5.-Pedofil-i-udruga-za-djecu.pdf\">5. Pedofil i udruga za djecu<\/a><a href=\"https:\/\/aem.hr\/wp-content\/uploads\/2023\/01\/5.-Pedofil-i-udruga-za-djecu.pdf\" class=\"wp-block-file__button wp-element-button\" download aria-describedby=\"wp-block-file--media-8c0cd20e-9043-4b34-8b77-3fc466b8060f\">Preuzimanje<\/a><\/div>\n\n\n\n<div class=\"wp-block-file\"><a id=\"wp-block-file--media-a0aa8e33-56f7-4d81-86ee-b0c026a2c670\" href=\"https:\/\/aem.hr\/wp-content\/uploads\/2023\/01\/6.-Pedofil-jednom-pedofil-zauvijek.pdf\">6. Pedofil jednom, pedofil zauvijek<\/a><a href=\"https:\/\/aem.hr\/wp-content\/uploads\/2023\/01\/6.-Pedofil-jednom-pedofil-zauvijek.pdf\" class=\"wp-block-file__button wp-element-button\" download aria-describedby=\"wp-block-file--media-a0aa8e33-56f7-4d81-86ee-b0c026a2c670\">Preuzimanje<\/a><\/div>\n\n\n\n<div class=\"wp-block-file\"><a id=\"wp-block-file--media-e66702a0-91cb-4028-84a3-4ed9aaa00263\" href=\"https:\/\/aem.hr\/wp-content\/uploads\/2023\/01\/7.-Ovako-sustav-nagraduje-one-koji-krse-zakon.pdf\">7. Ovako sustav nagra\u0111uje one koji kr\u0161e zakon<\/a><a href=\"https:\/\/aem.hr\/wp-content\/uploads\/2023\/01\/7.-Ovako-sustav-nagraduje-one-koji-krse-zakon.pdf\" class=\"wp-block-file__button wp-element-button\" download aria-describedby=\"wp-block-file--media-e66702a0-91cb-4028-84a3-4ed9aaa00263\">Preuzimanje<\/a><\/div>\n\n\n\n<div class=\"wp-block-file\"><a id=\"wp-block-file--media-04bff65d-ce55-4dc7-b4ff-35d47f18de19\" href=\"https:\/\/aem.hr\/wp-content\/uploads\/2023\/01\/8.-Kosta-Nikolic-_Levijatan_-za-cudovista-naseg-doba.pdf\">8. Kosta Nikoli\u0107, <em>Levijatan<\/em> za \u010dudovi\u0161ta na\u0161eg doba<\/a><a href=\"https:\/\/aem.hr\/wp-content\/uploads\/2023\/01\/8.-Kosta-Nikolic-_Levijatan_-za-cudovista-naseg-doba.pdf\" class=\"wp-block-file__button wp-element-button\" download aria-describedby=\"wp-block-file--media-04bff65d-ce55-4dc7-b4ff-35d47f18de19\">Preuzimanje<\/a><\/div>\n\n\n\n<div class=\"wp-block-file\"><a id=\"wp-block-file--media-f276c0ef-1f1d-4f82-8bf3-6f5fea8011fe\" href=\"https:\/\/aem.hr\/wp-content\/uploads\/2023\/01\/9.-Predsjednik-viroviticke-HVIDRA-e-Mirko-Poljanac.pdf\">9. Predsjednik viroviti\u010dke HVIDRA-e Mirko Poljanac<\/a><a href=\"https:\/\/aem.hr\/wp-content\/uploads\/2023\/01\/9.-Predsjednik-viroviticke-HVIDRA-e-Mirko-Poljanac.pdf\" class=\"wp-block-file__button wp-element-button\" download aria-describedby=\"wp-block-file--media-f276c0ef-1f1d-4f82-8bf3-6f5fea8011fe\">Preuzimanje<\/a><\/div>\n\n\n\n<div class=\"wp-block-file\"><a id=\"wp-block-file--media-189535d9-94c9-4fab-936d-c2a4f852d626\" href=\"https:\/\/aem.hr\/wp-content\/uploads\/2023\/01\/10.-Otkrivamo-Tek-jedan-od-pet-pedofila.pdf\">10. Otkrivamo Tek jedan od pet pedofila<\/a><a href=\"https:\/\/aem.hr\/wp-content\/uploads\/2023\/01\/10.-Otkrivamo-Tek-jedan-od-pet-pedofila.pdf\" class=\"wp-block-file__button wp-element-button\" download aria-describedby=\"wp-block-file--media-189535d9-94c9-4fab-936d-c2a4f852d626\">Preuzimanje<\/a><\/div>\n\n\n\n<div class=\"wp-block-file\"><a id=\"wp-block-file--media-8d69e556-2bd3-4f3a-8505-39843c4cc681\" href=\"https:\/\/aem.hr\/wp-content\/uploads\/2023\/01\/11.-Pogled-preko-ograde-Sto-mozemo-uciniti.pdf\">11. Pogled preko ograde &#8211; \u0160to mo\u017eemo u\u010diniti<\/a><a href=\"https:\/\/aem.hr\/wp-content\/uploads\/2023\/01\/11.-Pogled-preko-ograde-Sto-mozemo-uciniti.pdf\" class=\"wp-block-file__button wp-element-button\" download aria-describedby=\"wp-block-file--media-8d69e556-2bd3-4f3a-8505-39843c4cc681\">Preuzimanje<\/a><\/div>\n\n\n\n<div class=\"wp-block-file\"><a id=\"wp-block-file--media-4bd821c5-fabe-4c23-b750-d3883ed7025f\" href=\"https:\/\/aem.hr\/wp-content\/uploads\/2023\/01\/12.-Pedofili-educiraniji-od-sustava-T.-Ramljak-.pdf\">12. Pedofili educiraniji od sustava &#8211; T. Ramljak<\/a><a href=\"https:\/\/aem.hr\/wp-content\/uploads\/2023\/01\/12.-Pedofili-educiraniji-od-sustava-T.-Ramljak-.pdf\" class=\"wp-block-file__button wp-element-button\" download aria-describedby=\"wp-block-file--media-4bd821c5-fabe-4c23-b750-d3883ed7025f\">Preuzimanje<\/a><\/div>\n\n\n\n<p><\/p>\n","protected":false},"excerpt":{"rendered":"","protected":false},"author":18,"featured_media":0,"parent":0,"menu_order":0,"comment_status":"closed","ping_status":"closed","template":"","meta":{"_acf_changed":false,"inline_featured_image":false,"advgb_blocks_editor_width":"","advgb_blocks_columns_visual_guide":"","_links_to":"","_links_to_type":0,"footnotes":""},"class_list":["post-14351","page","type-page","status-publish","hentry"],"acf":[],"yoast_head":"<!-- This site is optimized with the Yoast SEO plugin v25.7 - https:\/\/yoast.com\/wordpress\/plugins\/seo\/ -->\n<title>Marija Lovrenc - Pedofilija \u2013 bolest dru\u0161tva koja raste, a lijek se ne nazire - Agencija za elektroni\u010dke medije<\/title>\n<meta name=\"robots\" content=\"index, follow, max-snippet:-1, max-image-preview:large, max-video-preview:-1\" \/>\n<link rel=\"canonical\" href=\"https:\/\/aem.hr\/marija-lovrenc-pedofilija-bolest-drustva-koja-raste-a-lijek-se-ne-nazire\/\" \/>\n<meta property=\"og:locale\" content=\"en_US\" \/>\n<meta property=\"og:type\" content=\"article\" \/>\n<meta property=\"og:title\" content=\"Marija Lovrenc - Pedofilija \u2013 bolest dru\u0161tva koja raste, a lijek se ne nazire - Agencija za elektroni\u010dke medije\" \/>\n<meta property=\"og:url\" content=\"https:\/\/aem.hr\/marija-lovrenc-pedofilija-bolest-drustva-koja-raste-a-lijek-se-ne-nazire\/\" \/>\n<meta property=\"og:site_name\" content=\"Agencija za elektroni\u010dke medije\" \/>\n<meta property=\"article:modified_time\" content=\"2023-01-16T12:15:33+00:00\" \/>\n<meta name=\"twitter:card\" content=\"summary_large_image\" \/>\n<meta name=\"twitter:label1\" content=\"Est. reading time\" \/>\n\t<meta name=\"twitter:data1\" content=\"1 minute\" \/>\n<script type=\"application\/ld+json\" class=\"yoast-schema-graph\">{\"@context\":\"https:\/\/schema.org\",\"@graph\":[{\"@type\":\"WebPage\",\"@id\":\"https:\/\/aem.hr\/marija-lovrenc-pedofilija-bolest-drustva-koja-raste-a-lijek-se-ne-nazire\/\",\"url\":\"https:\/\/aem.hr\/marija-lovrenc-pedofilija-bolest-drustva-koja-raste-a-lijek-se-ne-nazire\/\",\"name\":\"Marija Lovrenc - Pedofilija \u2013 bolest dru\u0161tva koja raste, a lijek se ne nazire - Agencija za elektroni\u010dke medije\",\"isPartOf\":{\"@id\":\"https:\/\/aem.hr\/#website\"},\"datePublished\":\"2023-01-16T12:15:32+00:00\",\"dateModified\":\"2023-01-16T12:15:33+00:00\",\"breadcrumb\":{\"@id\":\"https:\/\/aem.hr\/marija-lovrenc-pedofilija-bolest-drustva-koja-raste-a-lijek-se-ne-nazire\/#breadcrumb\"},\"inLanguage\":\"en-US\",\"potentialAction\":[{\"@type\":\"ReadAction\",\"target\":[\"https:\/\/aem.hr\/marija-lovrenc-pedofilija-bolest-drustva-koja-raste-a-lijek-se-ne-nazire\/\"]}]},{\"@type\":\"BreadcrumbList\",\"@id\":\"https:\/\/aem.hr\/marija-lovrenc-pedofilija-bolest-drustva-koja-raste-a-lijek-se-ne-nazire\/#breadcrumb\",\"itemListElement\":[{\"@type\":\"ListItem\",\"position\":1,\"name\":\"Po\u010detna stranica\",\"item\":\"https:\/\/aem.hr\/\"},{\"@type\":\"ListItem\",\"position\":2,\"name\":\"Marija Lovrenc &#8211; Pedofilija \u2013 bolest dru\u0161tva koja raste, a lijek se ne nazire\"}]},{\"@type\":\"WebSite\",\"@id\":\"https:\/\/aem.hr\/#website\",\"url\":\"https:\/\/aem.hr\/\",\"name\":\"Agencija za elektroni\u010dke medije\",\"description\":\"\",\"potentialAction\":[{\"@type\":\"SearchAction\",\"target\":{\"@type\":\"EntryPoint\",\"urlTemplate\":\"https:\/\/aem.hr\/?s={search_term_string}\"},\"query-input\":{\"@type\":\"PropertyValueSpecification\",\"valueRequired\":true,\"valueName\":\"search_term_string\"}}],\"inLanguage\":\"en-US\"}]}<\/script>\n<!-- \/ Yoast SEO plugin. -->","yoast_head_json":{"title":"Marija Lovrenc - Pedofilija \u2013 bolest dru\u0161tva koja raste, a lijek se ne nazire - Agencija za elektroni\u010dke medije","robots":{"index":"index","follow":"follow","max-snippet":"max-snippet:-1","max-image-preview":"max-image-preview:large","max-video-preview":"max-video-preview:-1"},"canonical":"https:\/\/aem.hr\/marija-lovrenc-pedofilija-bolest-drustva-koja-raste-a-lijek-se-ne-nazire\/","og_locale":"en_US","og_type":"article","og_title":"Marija Lovrenc - Pedofilija \u2013 bolest dru\u0161tva koja raste, a lijek se ne nazire - Agencija za elektroni\u010dke medije","og_url":"https:\/\/aem.hr\/marija-lovrenc-pedofilija-bolest-drustva-koja-raste-a-lijek-se-ne-nazire\/","og_site_name":"Agencija za elektroni\u010dke medije","article_modified_time":"2023-01-16T12:15:33+00:00","twitter_card":"summary_large_image","twitter_misc":{"Est. reading time":"1 minute"},"schema":{"@context":"https:\/\/schema.org","@graph":[{"@type":"WebPage","@id":"https:\/\/aem.hr\/marija-lovrenc-pedofilija-bolest-drustva-koja-raste-a-lijek-se-ne-nazire\/","url":"https:\/\/aem.hr\/marija-lovrenc-pedofilija-bolest-drustva-koja-raste-a-lijek-se-ne-nazire\/","name":"Marija Lovrenc - Pedofilija \u2013 bolest dru\u0161tva koja raste, a lijek se ne nazire - Agencija za elektroni\u010dke medije","isPartOf":{"@id":"https:\/\/aem.hr\/#website"},"datePublished":"2023-01-16T12:15:32+00:00","dateModified":"2023-01-16T12:15:33+00:00","breadcrumb":{"@id":"https:\/\/aem.hr\/marija-lovrenc-pedofilija-bolest-drustva-koja-raste-a-lijek-se-ne-nazire\/#breadcrumb"},"inLanguage":"en-US","potentialAction":[{"@type":"ReadAction","target":["https:\/\/aem.hr\/marija-lovrenc-pedofilija-bolest-drustva-koja-raste-a-lijek-se-ne-nazire\/"]}]},{"@type":"BreadcrumbList","@id":"https:\/\/aem.hr\/marija-lovrenc-pedofilija-bolest-drustva-koja-raste-a-lijek-se-ne-nazire\/#breadcrumb","itemListElement":[{"@type":"ListItem","position":1,"name":"Po\u010detna stranica","item":"https:\/\/aem.hr\/"},{"@type":"ListItem","position":2,"name":"Marija Lovrenc &#8211; Pedofilija \u2013 bolest dru\u0161tva koja raste, a lijek se ne nazire"}]},{"@type":"WebSite","@id":"https:\/\/aem.hr\/#website","url":"https:\/\/aem.hr\/","name":"Agencija za elektroni\u010dke medije","description":"","potentialAction":[{"@type":"SearchAction","target":{"@type":"EntryPoint","urlTemplate":"https:\/\/aem.hr\/?s={search_term_string}"},"query-input":{"@type":"PropertyValueSpecification","valueRequired":true,"valueName":"search_term_string"}}],"inLanguage":"en-US"}]}},"coauthors":[],"author_meta":{"author_link":"https:\/\/aem.hr\/en\/blog\/author\/mkirac\/","display_name":"Matko Kirac"},"relative_dates":{"created":"Posted 3 years ago","modified":"Updated 3 years ago"},"absolute_dates":{"created":"Posted on 16. January 2023.","modified":"Updated on 16. January 2023."},"absolute_dates_time":{"created":"Posted on 16. January 2023. 13:15","modified":"Updated on 16. January 2023. 13:15"},"featured_img_caption":"","featured_img":false,"series_order":"","_links":{"self":[{"href":"https:\/\/aem.hr\/en\/wp-json\/wp\/v2\/pages\/14351","targetHints":{"allow":["GET"]}}],"collection":[{"href":"https:\/\/aem.hr\/en\/wp-json\/wp\/v2\/pages"}],"about":[{"href":"https:\/\/aem.hr\/en\/wp-json\/wp\/v2\/types\/page"}],"author":[{"embeddable":true,"href":"https:\/\/aem.hr\/en\/wp-json\/wp\/v2\/users\/18"}],"replies":[{"embeddable":true,"href":"https:\/\/aem.hr\/en\/wp-json\/wp\/v2\/comments?post=14351"}],"version-history":[{"count":1,"href":"https:\/\/aem.hr\/en\/wp-json\/wp\/v2\/pages\/14351\/revisions"}],"predecessor-version":[{"id":14375,"href":"https:\/\/aem.hr\/en\/wp-json\/wp\/v2\/pages\/14351\/revisions\/14375"}],"wp:attachment":[{"href":"https:\/\/aem.hr\/en\/wp-json\/wp\/v2\/media?parent=14351"}],"curies":[{"name":"wp","href":"https:\/\/api.w.org\/{rel}","templated":true}]}}