{"id":14377,"date":"2023-01-16T13:18:05","date_gmt":"2023-01-16T12:18:05","guid":{"rendered":"http:\/\/aem.hr\/?page_id=14377"},"modified":"2023-03-02T22:50:31","modified_gmt":"2023-03-02T21:50:31","slug":"selma-pezerovic-razgovori-iz-divanhane-samoidentitet-zene-i-islam","status":"publish","type":"page","link":"https:\/\/aem.hr\/en\/selma-pezerovic-razgovori-iz-divanhane-samoidentitet-zene-i-islam\/","title":{"rendered":"Selma Pezerovi\u0107 &#8211; Razgovori iz divanhane &#8211; Samoidentitet, \u017eene i islam"},"content":{"rendered":"\n<div class=\"wp-block-file\"><a id=\"wp-block-file--media-e88b4d10-2327-4f34-96bd-4386176b56bf\" href=\"https:\/\/aem.hr\/wp-content\/uploads\/2023\/01\/3.-Od-identiteta-do-diskursa-\u2013-i-natrag.pdf\">1. Od identiteta do diskursa \u2013 i natrag<\/a><a href=\"https:\/\/aem.hr\/wp-content\/uploads\/2023\/01\/3.-Od-identiteta-do-diskursa-\u2013-i-natrag.pdf\" class=\"wp-block-file__button wp-element-button\" download aria-describedby=\"wp-block-file--media-e88b4d10-2327-4f34-96bd-4386176b56bf\">Preuzimanje<\/a><\/div>\n\n\n\n<div class=\"wp-block-file\"><a id=\"wp-block-file--media-c10d1e64-b365-4866-a6e2-a7329737495b\" href=\"https:\/\/aem.hr\/wp-content\/uploads\/2023\/01\/1.-Cetiri-crtice-jedan-hidzab.pdf\">2. \u010cetiri crtice, jedan hid\u017eab<\/a><a href=\"https:\/\/aem.hr\/wp-content\/uploads\/2023\/01\/1.-Cetiri-crtice-jedan-hidzab.pdf\" class=\"wp-block-file__button wp-element-button\" download aria-describedby=\"wp-block-file--media-c10d1e64-b365-4866-a6e2-a7329737495b\">Preuzimanje<\/a><\/div>\n\n\n\n<div class=\"wp-block-file\"><a id=\"wp-block-file--media-a1b4b61a-4f8e-42b3-b8d6-f7201d5a4cfe\" href=\"https:\/\/aem.hr\/wp-content\/uploads\/2023\/01\/2.-Dijalog-nema-alternativu.pdf\">3. Dijalog nema alternativu<\/a><a href=\"https:\/\/aem.hr\/wp-content\/uploads\/2023\/01\/2.-Dijalog-nema-alternativu.pdf\" class=\"wp-block-file__button wp-element-button\" download aria-describedby=\"wp-block-file--media-a1b4b61a-4f8e-42b3-b8d6-f7201d5a4cfe\">Preuzimanje<\/a><\/div>\n\n\n\n<div class=\"wp-block-file\"><a id=\"wp-block-file--media-9df7fa67-93fe-4f52-90c5-e9cc14cd834d\" href=\"https:\/\/aem.hr\/wp-content\/uploads\/2023\/01\/4.-Interpretacijsko-pravo-zena-i-progresivna.pdf\">4. Interpretacijsko pravo \u017eena i progresivna<\/a><a href=\"https:\/\/aem.hr\/wp-content\/uploads\/2023\/01\/4.-Interpretacijsko-pravo-zena-i-progresivna.pdf\" class=\"wp-block-file__button wp-element-button\" download aria-describedby=\"wp-block-file--media-9df7fa67-93fe-4f52-90c5-e9cc14cd834d\">Preuzimanje<\/a><\/div>\n\n\n\n<p><\/p>\n","protected":false},"excerpt":{"rendered":"","protected":false},"author":18,"featured_media":0,"parent":0,"menu_order":0,"comment_status":"closed","ping_status":"closed","template":"","meta":{"_acf_changed":false,"inline_featured_image":false,"advgb_blocks_editor_width":"","advgb_blocks_columns_visual_guide":"","_links_to":"","_links_to_type":0,"footnotes":""},"class_list":["post-14377","page","type-page","status-publish","hentry"],"acf":[],"yoast_head":"<!-- This site is optimized with the Yoast SEO plugin v25.7 - https:\/\/yoast.com\/wordpress\/plugins\/seo\/ -->\n<title>Selma Pezerovi\u0107 - Razgovori iz divanhane - Samoidentitet, \u017eene i islam - Agencija za elektroni\u010dke medije<\/title>\n<meta name=\"robots\" content=\"index, follow, max-snippet:-1, max-image-preview:large, max-video-preview:-1\" \/>\n<link rel=\"canonical\" href=\"https:\/\/aem.hr\/selma-pezerovic-razgovori-iz-divanhane-samoidentitet-zene-i-islam\/\" \/>\n<meta property=\"og:locale\" content=\"en_US\" \/>\n<meta property=\"og:type\" content=\"article\" \/>\n<meta property=\"og:title\" content=\"Selma Pezerovi\u0107 - Razgovori iz divanhane - Samoidentitet, \u017eene i islam - Agencija za elektroni\u010dke medije\" \/>\n<meta property=\"og:url\" content=\"https:\/\/aem.hr\/selma-pezerovic-razgovori-iz-divanhane-samoidentitet-zene-i-islam\/\" \/>\n<meta property=\"og:site_name\" content=\"Agencija za elektroni\u010dke medije\" \/>\n<meta property=\"article:modified_time\" content=\"2023-03-02T21:50:31+00:00\" \/>\n<meta name=\"twitter:card\" content=\"summary_large_image\" \/>\n<meta name=\"twitter:label1\" content=\"Est. reading time\" \/>\n\t<meta name=\"twitter:data1\" content=\"1 minute\" \/>\n<script type=\"application\/ld+json\" class=\"yoast-schema-graph\">{\"@context\":\"https:\/\/schema.org\",\"@graph\":[{\"@type\":\"WebPage\",\"@id\":\"https:\/\/aem.hr\/selma-pezerovic-razgovori-iz-divanhane-samoidentitet-zene-i-islam\/\",\"url\":\"https:\/\/aem.hr\/selma-pezerovic-razgovori-iz-divanhane-samoidentitet-zene-i-islam\/\",\"name\":\"Selma Pezerovi\u0107 - Razgovori iz divanhane - Samoidentitet, \u017eene i islam - Agencija za elektroni\u010dke medije\",\"isPartOf\":{\"@id\":\"https:\/\/aem.hr\/#website\"},\"datePublished\":\"2023-01-16T12:18:05+00:00\",\"dateModified\":\"2023-03-02T21:50:31+00:00\",\"breadcrumb\":{\"@id\":\"https:\/\/aem.hr\/selma-pezerovic-razgovori-iz-divanhane-samoidentitet-zene-i-islam\/#breadcrumb\"},\"inLanguage\":\"en-US\",\"potentialAction\":[{\"@type\":\"ReadAction\",\"target\":[\"https:\/\/aem.hr\/selma-pezerovic-razgovori-iz-divanhane-samoidentitet-zene-i-islam\/\"]}]},{\"@type\":\"BreadcrumbList\",\"@id\":\"https:\/\/aem.hr\/selma-pezerovic-razgovori-iz-divanhane-samoidentitet-zene-i-islam\/#breadcrumb\",\"itemListElement\":[{\"@type\":\"ListItem\",\"position\":1,\"name\":\"Po\u010detna stranica\",\"item\":\"https:\/\/aem.hr\/\"},{\"@type\":\"ListItem\",\"position\":2,\"name\":\"Selma Pezerovi\u0107 &#8211; Razgovori iz divanhane &#8211; Samoidentitet, \u017eene i islam\"}]},{\"@type\":\"WebSite\",\"@id\":\"https:\/\/aem.hr\/#website\",\"url\":\"https:\/\/aem.hr\/\",\"name\":\"Agencija za elektroni\u010dke medije\",\"description\":\"\",\"potentialAction\":[{\"@type\":\"SearchAction\",\"target\":{\"@type\":\"EntryPoint\",\"urlTemplate\":\"https:\/\/aem.hr\/?s={search_term_string}\"},\"query-input\":{\"@type\":\"PropertyValueSpecification\",\"valueRequired\":true,\"valueName\":\"search_term_string\"}}],\"inLanguage\":\"en-US\"}]}<\/script>\n<!-- \/ Yoast SEO plugin. -->","yoast_head_json":{"title":"Selma Pezerovi\u0107 - Razgovori iz divanhane - Samoidentitet, \u017eene i islam - Agencija za elektroni\u010dke medije","robots":{"index":"index","follow":"follow","max-snippet":"max-snippet:-1","max-image-preview":"max-image-preview:large","max-video-preview":"max-video-preview:-1"},"canonical":"https:\/\/aem.hr\/selma-pezerovic-razgovori-iz-divanhane-samoidentitet-zene-i-islam\/","og_locale":"en_US","og_type":"article","og_title":"Selma Pezerovi\u0107 - Razgovori iz divanhane - Samoidentitet, \u017eene i islam - Agencija za elektroni\u010dke medije","og_url":"https:\/\/aem.hr\/selma-pezerovic-razgovori-iz-divanhane-samoidentitet-zene-i-islam\/","og_site_name":"Agencija za elektroni\u010dke medije","article_modified_time":"2023-03-02T21:50:31+00:00","twitter_card":"summary_large_image","twitter_misc":{"Est. reading time":"1 minute"},"schema":{"@context":"https:\/\/schema.org","@graph":[{"@type":"WebPage","@id":"https:\/\/aem.hr\/selma-pezerovic-razgovori-iz-divanhane-samoidentitet-zene-i-islam\/","url":"https:\/\/aem.hr\/selma-pezerovic-razgovori-iz-divanhane-samoidentitet-zene-i-islam\/","name":"Selma Pezerovi\u0107 - Razgovori iz divanhane - Samoidentitet, \u017eene i islam - Agencija za elektroni\u010dke medije","isPartOf":{"@id":"https:\/\/aem.hr\/#website"},"datePublished":"2023-01-16T12:18:05+00:00","dateModified":"2023-03-02T21:50:31+00:00","breadcrumb":{"@id":"https:\/\/aem.hr\/selma-pezerovic-razgovori-iz-divanhane-samoidentitet-zene-i-islam\/#breadcrumb"},"inLanguage":"en-US","potentialAction":[{"@type":"ReadAction","target":["https:\/\/aem.hr\/selma-pezerovic-razgovori-iz-divanhane-samoidentitet-zene-i-islam\/"]}]},{"@type":"BreadcrumbList","@id":"https:\/\/aem.hr\/selma-pezerovic-razgovori-iz-divanhane-samoidentitet-zene-i-islam\/#breadcrumb","itemListElement":[{"@type":"ListItem","position":1,"name":"Po\u010detna stranica","item":"https:\/\/aem.hr\/"},{"@type":"ListItem","position":2,"name":"Selma Pezerovi\u0107 &#8211; Razgovori iz divanhane &#8211; Samoidentitet, \u017eene i islam"}]},{"@type":"WebSite","@id":"https:\/\/aem.hr\/#website","url":"https:\/\/aem.hr\/","name":"Agencija za elektroni\u010dke medije","description":"","potentialAction":[{"@type":"SearchAction","target":{"@type":"EntryPoint","urlTemplate":"https:\/\/aem.hr\/?s={search_term_string}"},"query-input":{"@type":"PropertyValueSpecification","valueRequired":true,"valueName":"search_term_string"}}],"inLanguage":"en-US"}]}},"coauthors":[],"author_meta":{"author_link":"https:\/\/aem.hr\/en\/blog\/author\/mkirac\/","display_name":"Matko Kirac"},"relative_dates":{"created":"Posted 3 years ago","modified":"Updated 3 years ago"},"absolute_dates":{"created":"Posted on 16. January 2023.","modified":"Updated on 2. March 2023."},"absolute_dates_time":{"created":"Posted on 16. January 2023. 13:18","modified":"Updated on 2. March 2023. 22:50"},"featured_img_caption":"","featured_img":false,"series_order":"","_links":{"self":[{"href":"https:\/\/aem.hr\/en\/wp-json\/wp\/v2\/pages\/14377","targetHints":{"allow":["GET"]}}],"collection":[{"href":"https:\/\/aem.hr\/en\/wp-json\/wp\/v2\/pages"}],"about":[{"href":"https:\/\/aem.hr\/en\/wp-json\/wp\/v2\/types\/page"}],"author":[{"embeddable":true,"href":"https:\/\/aem.hr\/en\/wp-json\/wp\/v2\/users\/18"}],"replies":[{"embeddable":true,"href":"https:\/\/aem.hr\/en\/wp-json\/wp\/v2\/comments?post=14377"}],"version-history":[{"count":2,"href":"https:\/\/aem.hr\/en\/wp-json\/wp\/v2\/pages\/14377\/revisions"}],"predecessor-version":[{"id":15945,"href":"https:\/\/aem.hr\/en\/wp-json\/wp\/v2\/pages\/14377\/revisions\/15945"}],"wp:attachment":[{"href":"https:\/\/aem.hr\/en\/wp-json\/wp\/v2\/media?parent=14377"}],"curies":[{"name":"wp","href":"https:\/\/api.w.org\/{rel}","templated":true}]}}