{"id":14423,"date":"2023-01-16T13:28:22","date_gmt":"2023-01-16T12:28:22","guid":{"rendered":"http:\/\/aem.hr\/?page_id=14423"},"modified":"2023-01-16T13:28:23","modified_gmt":"2023-01-16T12:28:23","slug":"andrea-falkoni-racic-tup-buducnosti","status":"publish","type":"page","link":"https:\/\/aem.hr\/en\/andrea-falkoni-racic-tup-buducnosti\/","title":{"rendered":"Andrea Falkoni Ra\u010di\u0107 &#8211; TUP budu\u0107nosti"},"content":{"rendered":"\n<div class=\"wp-block-file\"><a id=\"wp-block-file--media-9b2a3891-5e1c-4ac8-b88e-c762e16baf4a\" href=\"https:\/\/aem.hr\/wp-content\/uploads\/2023\/01\/1.-Jedno-mjesto-susreta-i-stvaranja.pdf\">1. Jedno mjesto susreta i stvaranja<\/a><a href=\"https:\/\/aem.hr\/wp-content\/uploads\/2023\/01\/1.-Jedno-mjesto-susreta-i-stvaranja.pdf\" class=\"wp-block-file__button wp-element-button\" download aria-describedby=\"wp-block-file--media-9b2a3891-5e1c-4ac8-b88e-c762e16baf4a\">Preuzimanje<\/a><\/div>\n\n\n\n<div class=\"wp-block-file\"><a id=\"wp-block-file--media-f8908fd6-b255-43d8-9304-aebf04309f3f\" href=\"https:\/\/aem.hr\/wp-content\/uploads\/2023\/01\/2.-Gradski-vijecnici-podijeljenih-misljenja.pdf\">2. Gradski vije\u0107nici podijeljenih mi\u0161ljenja<\/a><a href=\"https:\/\/aem.hr\/wp-content\/uploads\/2023\/01\/2.-Gradski-vijecnici-podijeljenih-misljenja.pdf\" class=\"wp-block-file__button wp-element-button\" download aria-describedby=\"wp-block-file--media-f8908fd6-b255-43d8-9304-aebf04309f3f\">Preuzimanje<\/a><\/div>\n\n\n\n<div class=\"wp-block-file\"><a id=\"wp-block-file--media-964b0231-86ea-47c1-adab-0d1b19bb6b76\" href=\"https:\/\/aem.hr\/wp-content\/uploads\/2023\/01\/3.-Obranila-je-diplomski-rad-o-TUP-u.pdf\">3. Obranila je diplomski rad o TUP-u<\/a><a href=\"https:\/\/aem.hr\/wp-content\/uploads\/2023\/01\/3.-Obranila-je-diplomski-rad-o-TUP-u.pdf\" class=\"wp-block-file__button wp-element-button\" download aria-describedby=\"wp-block-file--media-964b0231-86ea-47c1-adab-0d1b19bb6b76\">Preuzimanje<\/a><\/div>\n\n\n\n<div class=\"wp-block-file\"><a id=\"wp-block-file--media-21729ecd-d09b-4ddb-884c-f923eeee4dc9\" href=\"https:\/\/aem.hr\/wp-content\/uploads\/2023\/01\/4.-Povjesnicar-umjetnosti-Ivan-Viden.pdf\">4. Povjesni\u010dar umjetnosti Ivan Vi\u0111en<\/a><a href=\"https:\/\/aem.hr\/wp-content\/uploads\/2023\/01\/4.-Povjesnicar-umjetnosti-Ivan-Viden.pdf\" class=\"wp-block-file__button wp-element-button\" download aria-describedby=\"wp-block-file--media-21729ecd-d09b-4ddb-884c-f923eeee4dc9\">Preuzimanje<\/a><\/div>\n\n\n\n<p><\/p>\n","protected":false},"excerpt":{"rendered":"","protected":false},"author":18,"featured_media":0,"parent":0,"menu_order":0,"comment_status":"closed","ping_status":"closed","template":"","meta":{"_acf_changed":false,"inline_featured_image":false,"advgb_blocks_editor_width":"","advgb_blocks_columns_visual_guide":"","_links_to":"","_links_to_type":0,"footnotes":""},"class_list":["post-14423","page","type-page","status-publish","hentry"],"acf":[],"yoast_head":"<!-- This site is optimized with the Yoast SEO plugin v25.7 - https:\/\/yoast.com\/wordpress\/plugins\/seo\/ -->\n<title>Andrea Falkoni Ra\u010di\u0107 - TUP budu\u0107nosti - Agencija za elektroni\u010dke medije<\/title>\n<meta name=\"robots\" content=\"index, follow, max-snippet:-1, max-image-preview:large, max-video-preview:-1\" \/>\n<link rel=\"canonical\" href=\"https:\/\/aem.hr\/andrea-falkoni-racic-tup-buducnosti\/\" \/>\n<meta property=\"og:locale\" content=\"en_US\" \/>\n<meta property=\"og:type\" content=\"article\" \/>\n<meta property=\"og:title\" content=\"Andrea Falkoni Ra\u010di\u0107 - TUP budu\u0107nosti - Agencija za elektroni\u010dke medije\" \/>\n<meta property=\"og:url\" content=\"https:\/\/aem.hr\/andrea-falkoni-racic-tup-buducnosti\/\" \/>\n<meta property=\"og:site_name\" content=\"Agencija za elektroni\u010dke medije\" \/>\n<meta property=\"article:modified_time\" content=\"2023-01-16T12:28:23+00:00\" \/>\n<meta name=\"twitter:card\" content=\"summary_large_image\" \/>\n<meta name=\"twitter:label1\" content=\"Est. reading time\" \/>\n\t<meta name=\"twitter:data1\" content=\"1 minute\" \/>\n<script type=\"application\/ld+json\" class=\"yoast-schema-graph\">{\"@context\":\"https:\/\/schema.org\",\"@graph\":[{\"@type\":\"WebPage\",\"@id\":\"https:\/\/aem.hr\/andrea-falkoni-racic-tup-buducnosti\/\",\"url\":\"https:\/\/aem.hr\/andrea-falkoni-racic-tup-buducnosti\/\",\"name\":\"Andrea Falkoni Ra\u010di\u0107 - TUP budu\u0107nosti - Agencija za elektroni\u010dke medije\",\"isPartOf\":{\"@id\":\"https:\/\/aem.hr\/#website\"},\"datePublished\":\"2023-01-16T12:28:22+00:00\",\"dateModified\":\"2023-01-16T12:28:23+00:00\",\"breadcrumb\":{\"@id\":\"https:\/\/aem.hr\/andrea-falkoni-racic-tup-buducnosti\/#breadcrumb\"},\"inLanguage\":\"en-US\",\"potentialAction\":[{\"@type\":\"ReadAction\",\"target\":[\"https:\/\/aem.hr\/andrea-falkoni-racic-tup-buducnosti\/\"]}]},{\"@type\":\"BreadcrumbList\",\"@id\":\"https:\/\/aem.hr\/andrea-falkoni-racic-tup-buducnosti\/#breadcrumb\",\"itemListElement\":[{\"@type\":\"ListItem\",\"position\":1,\"name\":\"Po\u010detna stranica\",\"item\":\"https:\/\/aem.hr\/\"},{\"@type\":\"ListItem\",\"position\":2,\"name\":\"Andrea Falkoni Ra\u010di\u0107 &#8211; TUP budu\u0107nosti\"}]},{\"@type\":\"WebSite\",\"@id\":\"https:\/\/aem.hr\/#website\",\"url\":\"https:\/\/aem.hr\/\",\"name\":\"Agencija za elektroni\u010dke medije\",\"description\":\"\",\"potentialAction\":[{\"@type\":\"SearchAction\",\"target\":{\"@type\":\"EntryPoint\",\"urlTemplate\":\"https:\/\/aem.hr\/?s={search_term_string}\"},\"query-input\":{\"@type\":\"PropertyValueSpecification\",\"valueRequired\":true,\"valueName\":\"search_term_string\"}}],\"inLanguage\":\"en-US\"}]}<\/script>\n<!-- \/ Yoast SEO plugin. -->","yoast_head_json":{"title":"Andrea Falkoni Ra\u010di\u0107 - TUP budu\u0107nosti - Agencija za elektroni\u010dke medije","robots":{"index":"index","follow":"follow","max-snippet":"max-snippet:-1","max-image-preview":"max-image-preview:large","max-video-preview":"max-video-preview:-1"},"canonical":"https:\/\/aem.hr\/andrea-falkoni-racic-tup-buducnosti\/","og_locale":"en_US","og_type":"article","og_title":"Andrea Falkoni Ra\u010di\u0107 - TUP budu\u0107nosti - Agencija za elektroni\u010dke medije","og_url":"https:\/\/aem.hr\/andrea-falkoni-racic-tup-buducnosti\/","og_site_name":"Agencija za elektroni\u010dke medije","article_modified_time":"2023-01-16T12:28:23+00:00","twitter_card":"summary_large_image","twitter_misc":{"Est. reading time":"1 minute"},"schema":{"@context":"https:\/\/schema.org","@graph":[{"@type":"WebPage","@id":"https:\/\/aem.hr\/andrea-falkoni-racic-tup-buducnosti\/","url":"https:\/\/aem.hr\/andrea-falkoni-racic-tup-buducnosti\/","name":"Andrea Falkoni Ra\u010di\u0107 - TUP budu\u0107nosti - Agencija za elektroni\u010dke medije","isPartOf":{"@id":"https:\/\/aem.hr\/#website"},"datePublished":"2023-01-16T12:28:22+00:00","dateModified":"2023-01-16T12:28:23+00:00","breadcrumb":{"@id":"https:\/\/aem.hr\/andrea-falkoni-racic-tup-buducnosti\/#breadcrumb"},"inLanguage":"en-US","potentialAction":[{"@type":"ReadAction","target":["https:\/\/aem.hr\/andrea-falkoni-racic-tup-buducnosti\/"]}]},{"@type":"BreadcrumbList","@id":"https:\/\/aem.hr\/andrea-falkoni-racic-tup-buducnosti\/#breadcrumb","itemListElement":[{"@type":"ListItem","position":1,"name":"Po\u010detna stranica","item":"https:\/\/aem.hr\/"},{"@type":"ListItem","position":2,"name":"Andrea Falkoni Ra\u010di\u0107 &#8211; TUP budu\u0107nosti"}]},{"@type":"WebSite","@id":"https:\/\/aem.hr\/#website","url":"https:\/\/aem.hr\/","name":"Agencija za elektroni\u010dke medije","description":"","potentialAction":[{"@type":"SearchAction","target":{"@type":"EntryPoint","urlTemplate":"https:\/\/aem.hr\/?s={search_term_string}"},"query-input":{"@type":"PropertyValueSpecification","valueRequired":true,"valueName":"search_term_string"}}],"inLanguage":"en-US"}]}},"coauthors":[],"author_meta":{"author_link":"https:\/\/aem.hr\/en\/blog\/author\/mkirac\/","display_name":"Matko Kirac"},"relative_dates":{"created":"Posted 3 years ago","modified":"Updated 3 years ago"},"absolute_dates":{"created":"Posted on 16. January 2023.","modified":"Updated on 16. January 2023."},"absolute_dates_time":{"created":"Posted on 16. January 2023. 13:28","modified":"Updated on 16. January 2023. 13:28"},"featured_img_caption":"","featured_img":false,"series_order":"","_links":{"self":[{"href":"https:\/\/aem.hr\/en\/wp-json\/wp\/v2\/pages\/14423","targetHints":{"allow":["GET"]}}],"collection":[{"href":"https:\/\/aem.hr\/en\/wp-json\/wp\/v2\/pages"}],"about":[{"href":"https:\/\/aem.hr\/en\/wp-json\/wp\/v2\/types\/page"}],"author":[{"embeddable":true,"href":"https:\/\/aem.hr\/en\/wp-json\/wp\/v2\/users\/18"}],"replies":[{"embeddable":true,"href":"https:\/\/aem.hr\/en\/wp-json\/wp\/v2\/comments?post=14423"}],"version-history":[{"count":1,"href":"https:\/\/aem.hr\/en\/wp-json\/wp\/v2\/pages\/14423\/revisions"}],"predecessor-version":[{"id":14433,"href":"https:\/\/aem.hr\/en\/wp-json\/wp\/v2\/pages\/14423\/revisions\/14433"}],"wp:attachment":[{"href":"https:\/\/aem.hr\/en\/wp-json\/wp\/v2\/media?parent=14423"}],"curies":[{"name":"wp","href":"https:\/\/api.w.org\/{rel}","templated":true}]}}