{"id":14435,"date":"2023-01-16T13:31:07","date_gmt":"2023-01-16T12:31:07","guid":{"rendered":"http:\/\/aem.hr\/?page_id=14435"},"modified":"2023-05-22T07:51:51","modified_gmt":"2023-05-22T05:51:51","slug":"antonia-hohnjec-polozaj-i-uloga-zena-u-obiteljsko-poljoprivrednim-gospodarstvima","status":"publish","type":"page","link":"https:\/\/aem.hr\/en\/antonia-hohnjec-polozaj-i-uloga-zena-u-obiteljsko-poljoprivrednim-gospodarstvima\/","title":{"rendered":"Antonia Hohnjec &#8211; Polo\u017eaj i  uloga \u017eena u obiteljsko poljoprivrednim gospodarstvima"},"content":{"rendered":"\n<div class=\"wp-block-file\"><a id=\"wp-block-file--media-b2210a7b-af23-4ca7-875f-610bae600126\" href=\"https:\/\/aem.hr\/wp-content\/uploads\/2023\/01\/1.-Polozaj-i-uloga-zena-u-obiteljsko-poljoprivrednim-gospodarstvima.pdf\">1. Polo\u017eaj i uloga \u017eena u obiteljsko poljoprivrednim gospodarstvima<\/a><a href=\"https:\/\/aem.hr\/wp-content\/uploads\/2023\/01\/1.-Polozaj-i-uloga-zena-u-obiteljsko-poljoprivrednim-gospodarstvima.pdf\" class=\"wp-block-file__button wp-element-button\" download aria-describedby=\"wp-block-file--media-b2210a7b-af23-4ca7-875f-610bae600126\">Preuzimanje<\/a><\/div>\n\n\n\n<div class=\"wp-block-file\"><a id=\"wp-block-file--media-5fd41a56-c709-4427-9ab4-d09fd0d82845\" href=\"https:\/\/aem.hr\/wp-content\/uploads\/2023\/01\/2.-Znacaj-zene-za-razvoj-ruralnog-turizma-Hrvatske.pdf\">2. Zna\u010daj \u017eene za razvoj ruralnog turizma Hrvatske<\/a><a href=\"https:\/\/aem.hr\/wp-content\/uploads\/2023\/01\/2.-Znacaj-zene-za-razvoj-ruralnog-turizma-Hrvatske.pdf\" class=\"wp-block-file__button wp-element-button\" download aria-describedby=\"wp-block-file--media-5fd41a56-c709-4427-9ab4-d09fd0d82845\">Preuzimanje<\/a><\/div>\n\n\n\n<div class=\"wp-block-file\"><a id=\"wp-block-file--media-4aff6b9f-9460-4f97-998d-a5472579aaa8\" href=\"https:\/\/aem.hr\/wp-content\/uploads\/2023\/01\/3.-Vaznost-razvoja-digitalnih-vjestina-ruralnih-zena.pdf\">3. Va\u017enost razvoja digitalnih vje\u0161tina ruralnih \u017eena<\/a><a href=\"https:\/\/aem.hr\/wp-content\/uploads\/2023\/01\/3.-Vaznost-razvoja-digitalnih-vjestina-ruralnih-zena.pdf\" class=\"wp-block-file__button wp-element-button\" download aria-describedby=\"wp-block-file--media-4aff6b9f-9460-4f97-998d-a5472579aaa8\">Preuzimanje<\/a><\/div>\n\n\n\n<div class=\"wp-block-file\"><a id=\"wp-block-file--media-9a7bc9d8-4e80-4ef9-b2e5-c4725a3d2738\" href=\"https:\/\/aem.hr\/wp-content\/uploads\/2023\/01\/4.-Umrezavanje-i-osnazivanje-ruralnih-zena.pdf\">4. Umre\u017eavanje i osna\u017eivanje ruralnih \u017eena<\/a><a href=\"https:\/\/aem.hr\/wp-content\/uploads\/2023\/01\/4.-Umrezavanje-i-osnazivanje-ruralnih-zena.pdf\" class=\"wp-block-file__button wp-element-button\" download aria-describedby=\"wp-block-file--media-9a7bc9d8-4e80-4ef9-b2e5-c4725a3d2738\">Preuzimanje<\/a><\/div>\n\n\n\n<p><\/p>\n","protected":false},"excerpt":{"rendered":"","protected":false},"author":18,"featured_media":0,"parent":0,"menu_order":0,"comment_status":"closed","ping_status":"closed","template":"","meta":{"_acf_changed":false,"inline_featured_image":false,"advgb_blocks_editor_width":"","advgb_blocks_columns_visual_guide":"","_links_to":"","_links_to_type":0,"footnotes":""},"class_list":["post-14435","page","type-page","status-publish","hentry"],"acf":[],"yoast_head":"<!-- This site is optimized with the Yoast SEO plugin v25.7 - https:\/\/yoast.com\/wordpress\/plugins\/seo\/ -->\n<title>Antonia Hohnjec - Polo\u017eaj i uloga \u017eena u obiteljsko poljoprivrednim gospodarstvima - Agencija za elektroni\u010dke medije<\/title>\n<meta name=\"robots\" content=\"index, follow, max-snippet:-1, max-image-preview:large, max-video-preview:-1\" \/>\n<link rel=\"canonical\" href=\"https:\/\/aem.hr\/antonia-hohnjec-polozaj-i-uloga-zena-u-obiteljsko-poljoprivrednim-gospodarstvima\/\" \/>\n<meta property=\"og:locale\" content=\"en_US\" \/>\n<meta property=\"og:type\" content=\"article\" \/>\n<meta property=\"og:title\" content=\"Antonia Hohnjec - Polo\u017eaj i uloga \u017eena u obiteljsko poljoprivrednim gospodarstvima - Agencija za elektroni\u010dke medije\" \/>\n<meta property=\"og:url\" content=\"https:\/\/aem.hr\/antonia-hohnjec-polozaj-i-uloga-zena-u-obiteljsko-poljoprivrednim-gospodarstvima\/\" \/>\n<meta property=\"og:site_name\" content=\"Agencija za elektroni\u010dke medije\" \/>\n<meta property=\"article:modified_time\" content=\"2023-05-22T05:51:51+00:00\" \/>\n<meta name=\"twitter:card\" content=\"summary_large_image\" \/>\n<script type=\"application\/ld+json\" class=\"yoast-schema-graph\">{\"@context\":\"https:\/\/schema.org\",\"@graph\":[{\"@type\":\"WebPage\",\"@id\":\"https:\/\/aem.hr\/antonia-hohnjec-polozaj-i-uloga-zena-u-obiteljsko-poljoprivrednim-gospodarstvima\/\",\"url\":\"https:\/\/aem.hr\/antonia-hohnjec-polozaj-i-uloga-zena-u-obiteljsko-poljoprivrednim-gospodarstvima\/\",\"name\":\"Antonia Hohnjec - Polo\u017eaj i uloga \u017eena u obiteljsko poljoprivrednim gospodarstvima - Agencija za elektroni\u010dke medije\",\"isPartOf\":{\"@id\":\"https:\/\/aem.hr\/#website\"},\"datePublished\":\"2023-01-16T12:31:07+00:00\",\"dateModified\":\"2023-05-22T05:51:51+00:00\",\"breadcrumb\":{\"@id\":\"https:\/\/aem.hr\/antonia-hohnjec-polozaj-i-uloga-zena-u-obiteljsko-poljoprivrednim-gospodarstvima\/#breadcrumb\"},\"inLanguage\":\"en-US\",\"potentialAction\":[{\"@type\":\"ReadAction\",\"target\":[\"https:\/\/aem.hr\/antonia-hohnjec-polozaj-i-uloga-zena-u-obiteljsko-poljoprivrednim-gospodarstvima\/\"]}]},{\"@type\":\"BreadcrumbList\",\"@id\":\"https:\/\/aem.hr\/antonia-hohnjec-polozaj-i-uloga-zena-u-obiteljsko-poljoprivrednim-gospodarstvima\/#breadcrumb\",\"itemListElement\":[{\"@type\":\"ListItem\",\"position\":1,\"name\":\"Po\u010detna stranica\",\"item\":\"https:\/\/aem.hr\/\"},{\"@type\":\"ListItem\",\"position\":2,\"name\":\"Antonia Hohnjec &#8211; Polo\u017eaj i uloga \u017eena u obiteljsko poljoprivrednim gospodarstvima\"}]},{\"@type\":\"WebSite\",\"@id\":\"https:\/\/aem.hr\/#website\",\"url\":\"https:\/\/aem.hr\/\",\"name\":\"Agencija za elektroni\u010dke medije\",\"description\":\"\",\"potentialAction\":[{\"@type\":\"SearchAction\",\"target\":{\"@type\":\"EntryPoint\",\"urlTemplate\":\"https:\/\/aem.hr\/?s={search_term_string}\"},\"query-input\":{\"@type\":\"PropertyValueSpecification\",\"valueRequired\":true,\"valueName\":\"search_term_string\"}}],\"inLanguage\":\"en-US\"}]}<\/script>\n<!-- \/ Yoast SEO plugin. -->","yoast_head_json":{"title":"Antonia Hohnjec - Polo\u017eaj i uloga \u017eena u obiteljsko poljoprivrednim gospodarstvima - Agencija za elektroni\u010dke medije","robots":{"index":"index","follow":"follow","max-snippet":"max-snippet:-1","max-image-preview":"max-image-preview:large","max-video-preview":"max-video-preview:-1"},"canonical":"https:\/\/aem.hr\/antonia-hohnjec-polozaj-i-uloga-zena-u-obiteljsko-poljoprivrednim-gospodarstvima\/","og_locale":"en_US","og_type":"article","og_title":"Antonia Hohnjec - Polo\u017eaj i uloga \u017eena u obiteljsko poljoprivrednim gospodarstvima - Agencija za elektroni\u010dke medije","og_url":"https:\/\/aem.hr\/antonia-hohnjec-polozaj-i-uloga-zena-u-obiteljsko-poljoprivrednim-gospodarstvima\/","og_site_name":"Agencija za elektroni\u010dke medije","article_modified_time":"2023-05-22T05:51:51+00:00","twitter_card":"summary_large_image","schema":{"@context":"https:\/\/schema.org","@graph":[{"@type":"WebPage","@id":"https:\/\/aem.hr\/antonia-hohnjec-polozaj-i-uloga-zena-u-obiteljsko-poljoprivrednim-gospodarstvima\/","url":"https:\/\/aem.hr\/antonia-hohnjec-polozaj-i-uloga-zena-u-obiteljsko-poljoprivrednim-gospodarstvima\/","name":"Antonia Hohnjec - Polo\u017eaj i uloga \u017eena u obiteljsko poljoprivrednim gospodarstvima - Agencija za elektroni\u010dke medije","isPartOf":{"@id":"https:\/\/aem.hr\/#website"},"datePublished":"2023-01-16T12:31:07+00:00","dateModified":"2023-05-22T05:51:51+00:00","breadcrumb":{"@id":"https:\/\/aem.hr\/antonia-hohnjec-polozaj-i-uloga-zena-u-obiteljsko-poljoprivrednim-gospodarstvima\/#breadcrumb"},"inLanguage":"en-US","potentialAction":[{"@type":"ReadAction","target":["https:\/\/aem.hr\/antonia-hohnjec-polozaj-i-uloga-zena-u-obiteljsko-poljoprivrednim-gospodarstvima\/"]}]},{"@type":"BreadcrumbList","@id":"https:\/\/aem.hr\/antonia-hohnjec-polozaj-i-uloga-zena-u-obiteljsko-poljoprivrednim-gospodarstvima\/#breadcrumb","itemListElement":[{"@type":"ListItem","position":1,"name":"Po\u010detna stranica","item":"https:\/\/aem.hr\/"},{"@type":"ListItem","position":2,"name":"Antonia Hohnjec &#8211; Polo\u017eaj i uloga \u017eena u obiteljsko poljoprivrednim gospodarstvima"}]},{"@type":"WebSite","@id":"https:\/\/aem.hr\/#website","url":"https:\/\/aem.hr\/","name":"Agencija za elektroni\u010dke medije","description":"","potentialAction":[{"@type":"SearchAction","target":{"@type":"EntryPoint","urlTemplate":"https:\/\/aem.hr\/?s={search_term_string}"},"query-input":{"@type":"PropertyValueSpecification","valueRequired":true,"valueName":"search_term_string"}}],"inLanguage":"en-US"}]}},"coauthors":[],"author_meta":{"author_link":"https:\/\/aem.hr\/en\/blog\/author\/mkirac\/","display_name":"Matko Kirac"},"relative_dates":{"created":"Posted 3 years ago","modified":"Updated 3 years ago"},"absolute_dates":{"created":"Posted on 16. January 2023.","modified":"Updated on 22. May 2023."},"absolute_dates_time":{"created":"Posted on 16. January 2023. 13:31","modified":"Updated on 22. May 2023. 7:51"},"featured_img_caption":"","featured_img":false,"series_order":"","_links":{"self":[{"href":"https:\/\/aem.hr\/en\/wp-json\/wp\/v2\/pages\/14435","targetHints":{"allow":["GET"]}}],"collection":[{"href":"https:\/\/aem.hr\/en\/wp-json\/wp\/v2\/pages"}],"about":[{"href":"https:\/\/aem.hr\/en\/wp-json\/wp\/v2\/types\/page"}],"author":[{"embeddable":true,"href":"https:\/\/aem.hr\/en\/wp-json\/wp\/v2\/users\/18"}],"replies":[{"embeddable":true,"href":"https:\/\/aem.hr\/en\/wp-json\/wp\/v2\/comments?post=14435"}],"version-history":[{"count":2,"href":"https:\/\/aem.hr\/en\/wp-json\/wp\/v2\/pages\/14435\/revisions"}],"predecessor-version":[{"id":16462,"href":"https:\/\/aem.hr\/en\/wp-json\/wp\/v2\/pages\/14435\/revisions\/16462"}],"wp:attachment":[{"href":"https:\/\/aem.hr\/en\/wp-json\/wp\/v2\/media?parent=14435"}],"curies":[{"name":"wp","href":"https:\/\/api.w.org\/{rel}","templated":true}]}}