{"id":14497,"date":"2023-01-18T13:08:27","date_gmt":"2023-01-18T12:08:27","guid":{"rendered":"http:\/\/aem.hr\/?page_id=14497"},"modified":"2023-01-18T13:08:27","modified_gmt":"2023-01-18T12:08:27","slug":"maja-grubisic-ja-sam-protagonistica-svoje-price","status":"publish","type":"page","link":"https:\/\/aem.hr\/en\/maja-grubisic-ja-sam-protagonistica-svoje-price\/","title":{"rendered":"Maja Grubi\u0161i\u0107 &#8211; Ja sam protagonistica svoje pri\u010de"},"content":{"rendered":"\n<div class=\"wp-block-file\"><a id=\"wp-block-file--media-f7b618da-1e7e-4a47-9b93-13dc3236070e\" href=\"https:\/\/aem.hr\/wp-content\/uploads\/2023\/01\/1.-Obrazovanjem-prema-slobodi.pdf\">1. Obrazovanjem prema slobodi<\/a><a href=\"https:\/\/aem.hr\/wp-content\/uploads\/2023\/01\/1.-Obrazovanjem-prema-slobodi.pdf\" class=\"wp-block-file__button wp-element-button\" download aria-describedby=\"wp-block-file--media-f7b618da-1e7e-4a47-9b93-13dc3236070e\">Preuzimanje<\/a><\/div>\n\n\n\n<div class=\"wp-block-file\"><a id=\"wp-block-file--media-943b6c71-8c9a-4b32-ba41-527ae095e2a3\" href=\"https:\/\/aem.hr\/wp-content\/uploads\/2023\/01\/2.-Tradicija-i-obic\u030caji-ne-smiju-biti-na-us\u030ctrb-z\u030civota.pdf\">2. Tradicija i obic\u030caji ne smiju biti na us\u030ctrb z\u030civota<\/a><a href=\"https:\/\/aem.hr\/wp-content\/uploads\/2023\/01\/2.-Tradicija-i-obic\u030caji-ne-smiju-biti-na-us\u030ctrb-z\u030civota.pdf\" class=\"wp-block-file__button wp-element-button\" download aria-describedby=\"wp-block-file--media-943b6c71-8c9a-4b32-ba41-527ae095e2a3\">Preuzimanje<\/a><\/div>\n\n\n\n<div class=\"wp-block-file\"><a id=\"wp-block-file--media-f1835960-2929-4744-b43b-19eb2f085388\" href=\"https:\/\/aem.hr\/wp-content\/uploads\/2023\/01\/3.-Siromas\u030ctvo-je-diskriminacija.pdf\">3. Siromas\u030ctvo je diskriminacija<\/a><a href=\"https:\/\/aem.hr\/wp-content\/uploads\/2023\/01\/3.-Siromas\u030ctvo-je-diskriminacija.pdf\" class=\"wp-block-file__button wp-element-button\" download aria-describedby=\"wp-block-file--media-f1835960-2929-4744-b43b-19eb2f085388\">Preuzimanje<\/a><\/div>\n\n\n\n<div class=\"wp-block-file\"><a id=\"wp-block-file--media-e52ce871-eeda-4f6e-9eb6-1152cd0f936a\" href=\"https:\/\/aem.hr\/wp-content\/uploads\/2023\/01\/4.-Brak-kao-bijeg-od-siromas\u030ctva.pdf\">4. Brak kao bijeg od siromas\u030ctva<\/a><a href=\"https:\/\/aem.hr\/wp-content\/uploads\/2023\/01\/4.-Brak-kao-bijeg-od-siromas\u030ctva.pdf\" class=\"wp-block-file__button wp-element-button\" download aria-describedby=\"wp-block-file--media-e52ce871-eeda-4f6e-9eb6-1152cd0f936a\">Preuzimanje<\/a><\/div>\n\n\n\n<p><\/p>\n","protected":false},"excerpt":{"rendered":"","protected":false},"author":18,"featured_media":0,"parent":0,"menu_order":0,"comment_status":"closed","ping_status":"closed","template":"","meta":{"_acf_changed":false,"inline_featured_image":false,"advgb_blocks_editor_width":"","advgb_blocks_columns_visual_guide":"","_links_to":"","_links_to_type":0,"footnotes":""},"class_list":["post-14497","page","type-page","status-publish","hentry"],"acf":[],"yoast_head":"<!-- This site is optimized with the Yoast SEO plugin v25.7 - https:\/\/yoast.com\/wordpress\/plugins\/seo\/ -->\n<title>Maja Grubi\u0161i\u0107 - Ja sam protagonistica svoje pri\u010de - Agencija za elektroni\u010dke medije<\/title>\n<meta name=\"robots\" content=\"index, follow, max-snippet:-1, max-image-preview:large, max-video-preview:-1\" \/>\n<link rel=\"canonical\" href=\"https:\/\/aem.hr\/maja-grubisic-ja-sam-protagonistica-svoje-price\/\" \/>\n<meta property=\"og:locale\" content=\"en_US\" \/>\n<meta property=\"og:type\" content=\"article\" \/>\n<meta property=\"og:title\" content=\"Maja Grubi\u0161i\u0107 - Ja sam protagonistica svoje pri\u010de - Agencija za elektroni\u010dke medije\" \/>\n<meta property=\"og:url\" content=\"https:\/\/aem.hr\/maja-grubisic-ja-sam-protagonistica-svoje-price\/\" \/>\n<meta property=\"og:site_name\" content=\"Agencija za elektroni\u010dke medije\" \/>\n<meta name=\"twitter:card\" content=\"summary_large_image\" \/>\n<meta name=\"twitter:label1\" content=\"Est. reading time\" \/>\n\t<meta name=\"twitter:data1\" content=\"1 minute\" \/>\n<script type=\"application\/ld+json\" class=\"yoast-schema-graph\">{\"@context\":\"https:\/\/schema.org\",\"@graph\":[{\"@type\":\"WebPage\",\"@id\":\"https:\/\/aem.hr\/maja-grubisic-ja-sam-protagonistica-svoje-price\/\",\"url\":\"https:\/\/aem.hr\/maja-grubisic-ja-sam-protagonistica-svoje-price\/\",\"name\":\"Maja Grubi\u0161i\u0107 - Ja sam protagonistica svoje pri\u010de - Agencija za elektroni\u010dke medije\",\"isPartOf\":{\"@id\":\"https:\/\/aem.hr\/#website\"},\"datePublished\":\"2023-01-18T12:08:27+00:00\",\"breadcrumb\":{\"@id\":\"https:\/\/aem.hr\/maja-grubisic-ja-sam-protagonistica-svoje-price\/#breadcrumb\"},\"inLanguage\":\"en-US\",\"potentialAction\":[{\"@type\":\"ReadAction\",\"target\":[\"https:\/\/aem.hr\/maja-grubisic-ja-sam-protagonistica-svoje-price\/\"]}]},{\"@type\":\"BreadcrumbList\",\"@id\":\"https:\/\/aem.hr\/maja-grubisic-ja-sam-protagonistica-svoje-price\/#breadcrumb\",\"itemListElement\":[{\"@type\":\"ListItem\",\"position\":1,\"name\":\"Po\u010detna stranica\",\"item\":\"https:\/\/aem.hr\/\"},{\"@type\":\"ListItem\",\"position\":2,\"name\":\"Maja Grubi\u0161i\u0107 &#8211; Ja sam protagonistica svoje pri\u010de\"}]},{\"@type\":\"WebSite\",\"@id\":\"https:\/\/aem.hr\/#website\",\"url\":\"https:\/\/aem.hr\/\",\"name\":\"Agencija za elektroni\u010dke medije\",\"description\":\"\",\"potentialAction\":[{\"@type\":\"SearchAction\",\"target\":{\"@type\":\"EntryPoint\",\"urlTemplate\":\"https:\/\/aem.hr\/?s={search_term_string}\"},\"query-input\":{\"@type\":\"PropertyValueSpecification\",\"valueRequired\":true,\"valueName\":\"search_term_string\"}}],\"inLanguage\":\"en-US\"}]}<\/script>\n<!-- \/ Yoast SEO plugin. -->","yoast_head_json":{"title":"Maja Grubi\u0161i\u0107 - Ja sam protagonistica svoje pri\u010de - Agencija za elektroni\u010dke medije","robots":{"index":"index","follow":"follow","max-snippet":"max-snippet:-1","max-image-preview":"max-image-preview:large","max-video-preview":"max-video-preview:-1"},"canonical":"https:\/\/aem.hr\/maja-grubisic-ja-sam-protagonistica-svoje-price\/","og_locale":"en_US","og_type":"article","og_title":"Maja Grubi\u0161i\u0107 - Ja sam protagonistica svoje pri\u010de - Agencija za elektroni\u010dke medije","og_url":"https:\/\/aem.hr\/maja-grubisic-ja-sam-protagonistica-svoje-price\/","og_site_name":"Agencija za elektroni\u010dke medije","twitter_card":"summary_large_image","twitter_misc":{"Est. reading time":"1 minute"},"schema":{"@context":"https:\/\/schema.org","@graph":[{"@type":"WebPage","@id":"https:\/\/aem.hr\/maja-grubisic-ja-sam-protagonistica-svoje-price\/","url":"https:\/\/aem.hr\/maja-grubisic-ja-sam-protagonistica-svoje-price\/","name":"Maja Grubi\u0161i\u0107 - Ja sam protagonistica svoje pri\u010de - Agencija za elektroni\u010dke medije","isPartOf":{"@id":"https:\/\/aem.hr\/#website"},"datePublished":"2023-01-18T12:08:27+00:00","breadcrumb":{"@id":"https:\/\/aem.hr\/maja-grubisic-ja-sam-protagonistica-svoje-price\/#breadcrumb"},"inLanguage":"en-US","potentialAction":[{"@type":"ReadAction","target":["https:\/\/aem.hr\/maja-grubisic-ja-sam-protagonistica-svoje-price\/"]}]},{"@type":"BreadcrumbList","@id":"https:\/\/aem.hr\/maja-grubisic-ja-sam-protagonistica-svoje-price\/#breadcrumb","itemListElement":[{"@type":"ListItem","position":1,"name":"Po\u010detna stranica","item":"https:\/\/aem.hr\/"},{"@type":"ListItem","position":2,"name":"Maja Grubi\u0161i\u0107 &#8211; Ja sam protagonistica svoje pri\u010de"}]},{"@type":"WebSite","@id":"https:\/\/aem.hr\/#website","url":"https:\/\/aem.hr\/","name":"Agencija za elektroni\u010dke medije","description":"","potentialAction":[{"@type":"SearchAction","target":{"@type":"EntryPoint","urlTemplate":"https:\/\/aem.hr\/?s={search_term_string}"},"query-input":{"@type":"PropertyValueSpecification","valueRequired":true,"valueName":"search_term_string"}}],"inLanguage":"en-US"}]}},"coauthors":[],"author_meta":{"author_link":"https:\/\/aem.hr\/en\/blog\/author\/mkirac\/","display_name":"Matko Kirac"},"relative_dates":{"created":"Posted 3 years ago","modified":"Updated 3 years ago"},"absolute_dates":{"created":"Posted on 18. January 2023.","modified":"Updated on 18. January 2023."},"absolute_dates_time":{"created":"Posted on 18. January 2023. 13:08","modified":"Updated on 18. January 2023. 13:08"},"featured_img_caption":"","featured_img":false,"series_order":"","_links":{"self":[{"href":"https:\/\/aem.hr\/en\/wp-json\/wp\/v2\/pages\/14497","targetHints":{"allow":["GET"]}}],"collection":[{"href":"https:\/\/aem.hr\/en\/wp-json\/wp\/v2\/pages"}],"about":[{"href":"https:\/\/aem.hr\/en\/wp-json\/wp\/v2\/types\/page"}],"author":[{"embeddable":true,"href":"https:\/\/aem.hr\/en\/wp-json\/wp\/v2\/users\/18"}],"replies":[{"embeddable":true,"href":"https:\/\/aem.hr\/en\/wp-json\/wp\/v2\/comments?post=14497"}],"version-history":[{"count":1,"href":"https:\/\/aem.hr\/en\/wp-json\/wp\/v2\/pages\/14497\/revisions"}],"predecessor-version":[{"id":14506,"href":"https:\/\/aem.hr\/en\/wp-json\/wp\/v2\/pages\/14497\/revisions\/14506"}],"wp:attachment":[{"href":"https:\/\/aem.hr\/en\/wp-json\/wp\/v2\/media?parent=14497"}],"curies":[{"name":"wp","href":"https:\/\/api.w.org\/{rel}","templated":true}]}}