{"id":14574,"date":"2023-01-18T13:25:04","date_gmt":"2023-01-18T12:25:04","guid":{"rendered":"http:\/\/aem.hr\/?page_id=14574"},"modified":"2023-01-18T13:25:04","modified_gmt":"2023-01-18T12:25:04","slug":"ivan-slijepcevic-prazan-prostor-definiranje-subkulturnih-gibanja-u-hrvatskoj","status":"publish","type":"page","link":"https:\/\/aem.hr\/en\/ivan-slijepcevic-prazan-prostor-definiranje-subkulturnih-gibanja-u-hrvatskoj\/","title":{"rendered":"Ivan Slijep\u010devi\u0107 &#8211; Prazan prostor: Definiranje subkulturnih gibanja u Hrvatskoj"},"content":{"rendered":"\n<div class=\"wp-block-file\"><a id=\"wp-block-file--media-50151b40-fa45-45eb-a064-f24bb4d86f97\" href=\"https:\/\/aem.hr\/wp-content\/uploads\/2023\/01\/1.-Izmedu-ideologije-i-glazbe.pdf\">1. Izme\u0111u ideologije i glazbe<\/a><a href=\"https:\/\/aem.hr\/wp-content\/uploads\/2023\/01\/1.-Izmedu-ideologije-i-glazbe.pdf\" class=\"wp-block-file__button wp-element-button\" download aria-describedby=\"wp-block-file--media-50151b40-fa45-45eb-a064-f24bb4d86f97\">Preuzimanje<\/a><\/div>\n\n\n\n<div class=\"wp-block-file\"><a id=\"wp-block-file--media-30072a87-4175-45d3-a055-238814bec5a2\" href=\"https:\/\/aem.hr\/wp-content\/uploads\/2023\/01\/2.-Medugeneracijski-most_.pdf\">2. Me\u0111ugeneracijski most_<\/a><a href=\"https:\/\/aem.hr\/wp-content\/uploads\/2023\/01\/2.-Medugeneracijski-most_.pdf\" class=\"wp-block-file__button wp-element-button\" download aria-describedby=\"wp-block-file--media-30072a87-4175-45d3-a055-238814bec5a2\">Preuzimanje<\/a><\/div>\n\n\n\n<div class=\"wp-block-file\"><a id=\"wp-block-file--media-ad57eeea-c0fe-4e78-b9b5-dc1c6d9d106f\" href=\"https:\/\/aem.hr\/wp-content\/uploads\/2023\/01\/3.-Univerzalan-zvuk-buducnosti.pdf\">3. Univerzalan zvuk budu\u0107nosti<\/a><a href=\"https:\/\/aem.hr\/wp-content\/uploads\/2023\/01\/3.-Univerzalan-zvuk-buducnosti.pdf\" class=\"wp-block-file__button wp-element-button\" download aria-describedby=\"wp-block-file--media-ad57eeea-c0fe-4e78-b9b5-dc1c6d9d106f\">Preuzimanje<\/a><\/div>\n\n\n\n<div class=\"wp-block-file\"><a id=\"wp-block-file--media-04e75798-e161-45d3-ba33-233f027da30d\" href=\"https:\/\/aem.hr\/wp-content\/uploads\/2023\/01\/4.-Unikum-performativnih-praksi_.pdf\">4. Unikum performativnih praksi_<\/a><a href=\"https:\/\/aem.hr\/wp-content\/uploads\/2023\/01\/4.-Unikum-performativnih-praksi_.pdf\" class=\"wp-block-file__button wp-element-button\" download aria-describedby=\"wp-block-file--media-04e75798-e161-45d3-ba33-233f027da30d\">Preuzimanje<\/a><\/div>\n\n\n\n<div class=\"wp-block-file\"><a id=\"wp-block-file--media-046e68cb-82dc-4b23-9581-b10e05bb62a4\" href=\"https:\/\/aem.hr\/wp-content\/uploads\/2023\/01\/5.-Proces-definiranja-autenticnosti.pdf\">5. Proces definiranja autenti\u010dnosti<\/a><a href=\"https:\/\/aem.hr\/wp-content\/uploads\/2023\/01\/5.-Proces-definiranja-autenticnosti.pdf\" class=\"wp-block-file__button wp-element-button\" download aria-describedby=\"wp-block-file--media-046e68cb-82dc-4b23-9581-b10e05bb62a4\">Preuzimanje<\/a><\/div>\n\n\n\n<div class=\"wp-block-file\"><a id=\"wp-block-file--media-19fa37b1-5ad2-4549-a696-45cf83f7b7ab\" href=\"https:\/\/aem.hr\/wp-content\/uploads\/2023\/01\/6.-Je-li-prostor-uistinu-prazan.pdf\">6. Je li prostor uistinu prazan<\/a><a href=\"https:\/\/aem.hr\/wp-content\/uploads\/2023\/01\/6.-Je-li-prostor-uistinu-prazan.pdf\" class=\"wp-block-file__button wp-element-button\" download aria-describedby=\"wp-block-file--media-19fa37b1-5ad2-4549-a696-45cf83f7b7ab\">Preuzimanje<\/a><\/div>\n\n\n\n<p><\/p>\n","protected":false},"excerpt":{"rendered":"","protected":false},"author":18,"featured_media":0,"parent":0,"menu_order":0,"comment_status":"closed","ping_status":"closed","template":"","meta":{"_acf_changed":false,"inline_featured_image":false,"advgb_blocks_editor_width":"","advgb_blocks_columns_visual_guide":"","_links_to":"","_links_to_type":0,"footnotes":""},"class_list":["post-14574","page","type-page","status-publish","hentry"],"acf":[],"yoast_head":"<!-- This site is optimized with the Yoast SEO plugin v25.7 - https:\/\/yoast.com\/wordpress\/plugins\/seo\/ -->\n<title>Ivan Slijep\u010devi\u0107 - Prazan prostor: Definiranje subkulturnih gibanja u Hrvatskoj - Agencija za elektroni\u010dke medije<\/title>\n<meta name=\"robots\" content=\"index, follow, max-snippet:-1, max-image-preview:large, max-video-preview:-1\" \/>\n<link rel=\"canonical\" href=\"https:\/\/aem.hr\/ivan-slijepcevic-prazan-prostor-definiranje-subkulturnih-gibanja-u-hrvatskoj\/\" \/>\n<meta property=\"og:locale\" content=\"en_US\" \/>\n<meta property=\"og:type\" content=\"article\" \/>\n<meta property=\"og:title\" content=\"Ivan Slijep\u010devi\u0107 - Prazan prostor: Definiranje subkulturnih gibanja u Hrvatskoj - Agencija za elektroni\u010dke medije\" \/>\n<meta property=\"og:url\" content=\"https:\/\/aem.hr\/ivan-slijepcevic-prazan-prostor-definiranje-subkulturnih-gibanja-u-hrvatskoj\/\" \/>\n<meta property=\"og:site_name\" content=\"Agencija za elektroni\u010dke medije\" \/>\n<meta name=\"twitter:card\" content=\"summary_large_image\" \/>\n<meta name=\"twitter:label1\" content=\"Est. reading time\" \/>\n\t<meta name=\"twitter:data1\" content=\"1 minute\" \/>\n<script type=\"application\/ld+json\" class=\"yoast-schema-graph\">{\"@context\":\"https:\/\/schema.org\",\"@graph\":[{\"@type\":\"WebPage\",\"@id\":\"https:\/\/aem.hr\/ivan-slijepcevic-prazan-prostor-definiranje-subkulturnih-gibanja-u-hrvatskoj\/\",\"url\":\"https:\/\/aem.hr\/ivan-slijepcevic-prazan-prostor-definiranje-subkulturnih-gibanja-u-hrvatskoj\/\",\"name\":\"Ivan Slijep\u010devi\u0107 - Prazan prostor: Definiranje subkulturnih gibanja u Hrvatskoj - Agencija za elektroni\u010dke medije\",\"isPartOf\":{\"@id\":\"https:\/\/aem.hr\/#website\"},\"datePublished\":\"2023-01-18T12:25:04+00:00\",\"breadcrumb\":{\"@id\":\"https:\/\/aem.hr\/ivan-slijepcevic-prazan-prostor-definiranje-subkulturnih-gibanja-u-hrvatskoj\/#breadcrumb\"},\"inLanguage\":\"en-US\",\"potentialAction\":[{\"@type\":\"ReadAction\",\"target\":[\"https:\/\/aem.hr\/ivan-slijepcevic-prazan-prostor-definiranje-subkulturnih-gibanja-u-hrvatskoj\/\"]}]},{\"@type\":\"BreadcrumbList\",\"@id\":\"https:\/\/aem.hr\/ivan-slijepcevic-prazan-prostor-definiranje-subkulturnih-gibanja-u-hrvatskoj\/#breadcrumb\",\"itemListElement\":[{\"@type\":\"ListItem\",\"position\":1,\"name\":\"Po\u010detna stranica\",\"item\":\"https:\/\/aem.hr\/\"},{\"@type\":\"ListItem\",\"position\":2,\"name\":\"Ivan Slijep\u010devi\u0107 &#8211; Prazan prostor: Definiranje subkulturnih gibanja u Hrvatskoj\"}]},{\"@type\":\"WebSite\",\"@id\":\"https:\/\/aem.hr\/#website\",\"url\":\"https:\/\/aem.hr\/\",\"name\":\"Agencija za elektroni\u010dke medije\",\"description\":\"\",\"potentialAction\":[{\"@type\":\"SearchAction\",\"target\":{\"@type\":\"EntryPoint\",\"urlTemplate\":\"https:\/\/aem.hr\/?s={search_term_string}\"},\"query-input\":{\"@type\":\"PropertyValueSpecification\",\"valueRequired\":true,\"valueName\":\"search_term_string\"}}],\"inLanguage\":\"en-US\"}]}<\/script>\n<!-- \/ Yoast SEO plugin. -->","yoast_head_json":{"title":"Ivan Slijep\u010devi\u0107 - Prazan prostor: Definiranje subkulturnih gibanja u Hrvatskoj - Agencija za elektroni\u010dke medije","robots":{"index":"index","follow":"follow","max-snippet":"max-snippet:-1","max-image-preview":"max-image-preview:large","max-video-preview":"max-video-preview:-1"},"canonical":"https:\/\/aem.hr\/ivan-slijepcevic-prazan-prostor-definiranje-subkulturnih-gibanja-u-hrvatskoj\/","og_locale":"en_US","og_type":"article","og_title":"Ivan Slijep\u010devi\u0107 - Prazan prostor: Definiranje subkulturnih gibanja u Hrvatskoj - Agencija za elektroni\u010dke medije","og_url":"https:\/\/aem.hr\/ivan-slijepcevic-prazan-prostor-definiranje-subkulturnih-gibanja-u-hrvatskoj\/","og_site_name":"Agencija za elektroni\u010dke medije","twitter_card":"summary_large_image","twitter_misc":{"Est. reading time":"1 minute"},"schema":{"@context":"https:\/\/schema.org","@graph":[{"@type":"WebPage","@id":"https:\/\/aem.hr\/ivan-slijepcevic-prazan-prostor-definiranje-subkulturnih-gibanja-u-hrvatskoj\/","url":"https:\/\/aem.hr\/ivan-slijepcevic-prazan-prostor-definiranje-subkulturnih-gibanja-u-hrvatskoj\/","name":"Ivan Slijep\u010devi\u0107 - Prazan prostor: Definiranje subkulturnih gibanja u Hrvatskoj - Agencija za elektroni\u010dke medije","isPartOf":{"@id":"https:\/\/aem.hr\/#website"},"datePublished":"2023-01-18T12:25:04+00:00","breadcrumb":{"@id":"https:\/\/aem.hr\/ivan-slijepcevic-prazan-prostor-definiranje-subkulturnih-gibanja-u-hrvatskoj\/#breadcrumb"},"inLanguage":"en-US","potentialAction":[{"@type":"ReadAction","target":["https:\/\/aem.hr\/ivan-slijepcevic-prazan-prostor-definiranje-subkulturnih-gibanja-u-hrvatskoj\/"]}]},{"@type":"BreadcrumbList","@id":"https:\/\/aem.hr\/ivan-slijepcevic-prazan-prostor-definiranje-subkulturnih-gibanja-u-hrvatskoj\/#breadcrumb","itemListElement":[{"@type":"ListItem","position":1,"name":"Po\u010detna stranica","item":"https:\/\/aem.hr\/"},{"@type":"ListItem","position":2,"name":"Ivan Slijep\u010devi\u0107 &#8211; Prazan prostor: Definiranje subkulturnih gibanja u Hrvatskoj"}]},{"@type":"WebSite","@id":"https:\/\/aem.hr\/#website","url":"https:\/\/aem.hr\/","name":"Agencija za elektroni\u010dke medije","description":"","potentialAction":[{"@type":"SearchAction","target":{"@type":"EntryPoint","urlTemplate":"https:\/\/aem.hr\/?s={search_term_string}"},"query-input":{"@type":"PropertyValueSpecification","valueRequired":true,"valueName":"search_term_string"}}],"inLanguage":"en-US"}]}},"coauthors":[],"author_meta":{"author_link":"https:\/\/aem.hr\/en\/blog\/author\/mkirac\/","display_name":"Matko Kirac"},"relative_dates":{"created":"Posted 3 years ago","modified":"Updated 3 years ago"},"absolute_dates":{"created":"Posted on 18. January 2023.","modified":"Updated on 18. January 2023."},"absolute_dates_time":{"created":"Posted on 18. January 2023. 13:25","modified":"Updated on 18. January 2023. 13:25"},"featured_img_caption":"","featured_img":false,"series_order":"","_links":{"self":[{"href":"https:\/\/aem.hr\/en\/wp-json\/wp\/v2\/pages\/14574","targetHints":{"allow":["GET"]}}],"collection":[{"href":"https:\/\/aem.hr\/en\/wp-json\/wp\/v2\/pages"}],"about":[{"href":"https:\/\/aem.hr\/en\/wp-json\/wp\/v2\/types\/page"}],"author":[{"embeddable":true,"href":"https:\/\/aem.hr\/en\/wp-json\/wp\/v2\/users\/18"}],"replies":[{"embeddable":true,"href":"https:\/\/aem.hr\/en\/wp-json\/wp\/v2\/comments?post=14574"}],"version-history":[{"count":1,"href":"https:\/\/aem.hr\/en\/wp-json\/wp\/v2\/pages\/14574\/revisions"}],"predecessor-version":[{"id":14588,"href":"https:\/\/aem.hr\/en\/wp-json\/wp\/v2\/pages\/14574\/revisions\/14588"}],"wp:attachment":[{"href":"https:\/\/aem.hr\/en\/wp-json\/wp\/v2\/media?parent=14574"}],"curies":[{"name":"wp","href":"https:\/\/api.w.org\/{rel}","templated":true}]}}