{"id":14685,"date":"2023-01-25T13:35:38","date_gmt":"2023-01-25T12:35:38","guid":{"rendered":"http:\/\/aem.hr\/?page_id=14685"},"modified":"2023-01-25T13:35:39","modified_gmt":"2023-01-25T12:35:39","slug":"irena-dlaka-otocko-gospodarstvo-nekad-i-danas-izmedu-monokultura-i-odrzivog-razvoja","status":"publish","type":"page","link":"https:\/\/aem.hr\/en\/irena-dlaka-otocko-gospodarstvo-nekad-i-danas-izmedu-monokultura-i-odrzivog-razvoja\/","title":{"rendered":"Irena Dlaka &#8211; Oto\u010dko gospodarstvo nekad i danas &#8211; izme\u0111u monokultura i odr\u017eivog razvoja"},"content":{"rendered":"\n<div class=\"wp-block-file\"><a id=\"wp-block-file--media-9377e610-999d-4bb8-bbd0-52472c49e1d2\" href=\"https:\/\/aem.hr\/wp-content\/uploads\/2023\/01\/1.-Otocke-sume.pdf\">1. Oto\u010dke \u0161ume<\/a><a href=\"https:\/\/aem.hr\/wp-content\/uploads\/2023\/01\/1.-Otocke-sume.pdf\" class=\"wp-block-file__button wp-element-button\" download aria-describedby=\"wp-block-file--media-9377e610-999d-4bb8-bbd0-52472c49e1d2\">Preuzimanje<\/a><\/div>\n\n\n\n<div class=\"wp-block-file\"><a id=\"wp-block-file--media-a93b286f-4fe2-4465-aa8b-c929c36e279e\" href=\"https:\/\/aem.hr\/wp-content\/uploads\/2023\/01\/2.-Ovce-i-kamenjarski-pasnjaci.pdf\">2. Ovce i kamenjarski pa\u0161njaci<\/a><a href=\"https:\/\/aem.hr\/wp-content\/uploads\/2023\/01\/2.-Ovce-i-kamenjarski-pasnjaci.pdf\" class=\"wp-block-file__button wp-element-button\" download aria-describedby=\"wp-block-file--media-a93b286f-4fe2-4465-aa8b-c929c36e279e\">Preuzimanje<\/a><\/div>\n\n\n\n<div class=\"wp-block-file\"><a id=\"wp-block-file--media-3db2321d-8738-40d8-95da-6f7e4a83288a\" href=\"https:\/\/aem.hr\/wp-content\/uploads\/2023\/01\/3.-Od-ploviti-se-mora.pdf\">3. Od &#8216;ploviti se mora&#8217;<\/a><a href=\"https:\/\/aem.hr\/wp-content\/uploads\/2023\/01\/3.-Od-ploviti-se-mora.pdf\" class=\"wp-block-file__button wp-element-button\" download aria-describedby=\"wp-block-file--media-3db2321d-8738-40d8-95da-6f7e4a83288a\">Preuzimanje<\/a><\/div>\n\n\n\n<div class=\"wp-block-file\"><a id=\"wp-block-file--media-a302e9f8-c924-49e3-b633-b019470cb712\" href=\"https:\/\/aem.hr\/wp-content\/uploads\/2023\/01\/4.-Sve-mijene-losinjskog-turizma.pdf\">4. Sve mijene lo\u0161injskog turizma<\/a><a href=\"https:\/\/aem.hr\/wp-content\/uploads\/2023\/01\/4.-Sve-mijene-losinjskog-turizma.pdf\" class=\"wp-block-file__button wp-element-button\" download aria-describedby=\"wp-block-file--media-a302e9f8-c924-49e3-b633-b019470cb712\">Preuzimanje<\/a><\/div>\n\n\n\n<div class=\"wp-block-file\"><a id=\"wp-block-file--media-8605a95b-dcc8-4daa-8233-98eaf87f0e47\" href=\"https:\/\/aem.hr\/wp-content\/uploads\/2023\/01\/5.-Susak.pdf\">5. Susak<\/a><a href=\"https:\/\/aem.hr\/wp-content\/uploads\/2023\/01\/5.-Susak.pdf\" class=\"wp-block-file__button wp-element-button\" download aria-describedby=\"wp-block-file--media-8605a95b-dcc8-4daa-8233-98eaf87f0e47\">Preuzimanje<\/a><\/div>\n\n\n\n<div class=\"wp-block-file\"><a id=\"wp-block-file--media-1aefe80c-a7a3-415a-8a6c-2cfa010f81e2\" href=\"https:\/\/aem.hr\/wp-content\/uploads\/2023\/01\/6.-Martinscica.pdf\">6. Martin\u0161\u010dica<\/a><a href=\"https:\/\/aem.hr\/wp-content\/uploads\/2023\/01\/6.-Martinscica.pdf\" class=\"wp-block-file__button wp-element-button\" download aria-describedby=\"wp-block-file--media-1aefe80c-a7a3-415a-8a6c-2cfa010f81e2\">Preuzimanje<\/a><\/div>\n\n\n\n<div class=\"wp-block-file\"><a id=\"wp-block-file--media-130b9e2a-74ec-4c13-9e6b-812dd32ff9de\" href=\"https:\/\/aem.hr\/wp-content\/uploads\/2023\/01\/7.-Sve-vaf-korist.pdf\">7. &#8216;Sve vaf korist&#8217;<\/a><a href=\"https:\/\/aem.hr\/wp-content\/uploads\/2023\/01\/7.-Sve-vaf-korist.pdf\" class=\"wp-block-file__button wp-element-button\" download aria-describedby=\"wp-block-file--media-130b9e2a-74ec-4c13-9e6b-812dd32ff9de\">Preuzimanje<\/a><\/div>\n\n\n\n<div class=\"wp-block-file\"><a id=\"wp-block-file--media-24639d78-b7e6-429a-b1ee-16184545522b\" href=\"https:\/\/aem.hr\/wp-content\/uploads\/2023\/01\/8.-Otocki-nacin-zivota.pdf\">8. Otocki na\u010din \u017eivota<\/a><a href=\"https:\/\/aem.hr\/wp-content\/uploads\/2023\/01\/8.-Otocki-nacin-zivota.pdf\" class=\"wp-block-file__button wp-element-button\" download aria-describedby=\"wp-block-file--media-24639d78-b7e6-429a-b1ee-16184545522b\">Preuzimanje<\/a><\/div>\n\n\n\n<p><\/p>\n","protected":false},"excerpt":{"rendered":"","protected":false},"author":18,"featured_media":0,"parent":0,"menu_order":0,"comment_status":"closed","ping_status":"closed","template":"","meta":{"_acf_changed":false,"inline_featured_image":false,"advgb_blocks_editor_width":"","advgb_blocks_columns_visual_guide":"","_links_to":"","_links_to_type":0,"footnotes":""},"class_list":["post-14685","page","type-page","status-publish","hentry"],"acf":[],"yoast_head":"<!-- This site is optimized with the Yoast SEO plugin v25.7 - https:\/\/yoast.com\/wordpress\/plugins\/seo\/ -->\n<title>Irena Dlaka - Oto\u010dko gospodarstvo nekad i danas - izme\u0111u monokultura i odr\u017eivog razvoja - Agencija za elektroni\u010dke medije<\/title>\n<meta name=\"robots\" content=\"index, follow, max-snippet:-1, max-image-preview:large, max-video-preview:-1\" \/>\n<link rel=\"canonical\" href=\"https:\/\/aem.hr\/irena-dlaka-otocko-gospodarstvo-nekad-i-danas-izmedu-monokultura-i-odrzivog-razvoja\/\" \/>\n<meta property=\"og:locale\" content=\"en_US\" \/>\n<meta property=\"og:type\" content=\"article\" \/>\n<meta property=\"og:title\" content=\"Irena Dlaka - Oto\u010dko gospodarstvo nekad i danas - izme\u0111u monokultura i odr\u017eivog razvoja - Agencija za elektroni\u010dke medije\" \/>\n<meta property=\"og:url\" content=\"https:\/\/aem.hr\/irena-dlaka-otocko-gospodarstvo-nekad-i-danas-izmedu-monokultura-i-odrzivog-razvoja\/\" \/>\n<meta property=\"og:site_name\" content=\"Agencija za elektroni\u010dke medije\" \/>\n<meta property=\"article:modified_time\" content=\"2023-01-25T12:35:39+00:00\" \/>\n<meta name=\"twitter:card\" content=\"summary_large_image\" \/>\n<meta name=\"twitter:label1\" content=\"Est. reading time\" \/>\n\t<meta name=\"twitter:data1\" content=\"1 minute\" \/>\n<script type=\"application\/ld+json\" class=\"yoast-schema-graph\">{\"@context\":\"https:\/\/schema.org\",\"@graph\":[{\"@type\":\"WebPage\",\"@id\":\"https:\/\/aem.hr\/irena-dlaka-otocko-gospodarstvo-nekad-i-danas-izmedu-monokultura-i-odrzivog-razvoja\/\",\"url\":\"https:\/\/aem.hr\/irena-dlaka-otocko-gospodarstvo-nekad-i-danas-izmedu-monokultura-i-odrzivog-razvoja\/\",\"name\":\"Irena Dlaka - Oto\u010dko gospodarstvo nekad i danas - izme\u0111u monokultura i odr\u017eivog razvoja - Agencija za elektroni\u010dke medije\",\"isPartOf\":{\"@id\":\"https:\/\/aem.hr\/#website\"},\"datePublished\":\"2023-01-25T12:35:38+00:00\",\"dateModified\":\"2023-01-25T12:35:39+00:00\",\"breadcrumb\":{\"@id\":\"https:\/\/aem.hr\/irena-dlaka-otocko-gospodarstvo-nekad-i-danas-izmedu-monokultura-i-odrzivog-razvoja\/#breadcrumb\"},\"inLanguage\":\"en-US\",\"potentialAction\":[{\"@type\":\"ReadAction\",\"target\":[\"https:\/\/aem.hr\/irena-dlaka-otocko-gospodarstvo-nekad-i-danas-izmedu-monokultura-i-odrzivog-razvoja\/\"]}]},{\"@type\":\"BreadcrumbList\",\"@id\":\"https:\/\/aem.hr\/irena-dlaka-otocko-gospodarstvo-nekad-i-danas-izmedu-monokultura-i-odrzivog-razvoja\/#breadcrumb\",\"itemListElement\":[{\"@type\":\"ListItem\",\"position\":1,\"name\":\"Po\u010detna stranica\",\"item\":\"https:\/\/aem.hr\/\"},{\"@type\":\"ListItem\",\"position\":2,\"name\":\"Irena Dlaka &#8211; Oto\u010dko gospodarstvo nekad i danas &#8211; izme\u0111u monokultura i odr\u017eivog razvoja\"}]},{\"@type\":\"WebSite\",\"@id\":\"https:\/\/aem.hr\/#website\",\"url\":\"https:\/\/aem.hr\/\",\"name\":\"Agencija za elektroni\u010dke medije\",\"description\":\"\",\"potentialAction\":[{\"@type\":\"SearchAction\",\"target\":{\"@type\":\"EntryPoint\",\"urlTemplate\":\"https:\/\/aem.hr\/?s={search_term_string}\"},\"query-input\":{\"@type\":\"PropertyValueSpecification\",\"valueRequired\":true,\"valueName\":\"search_term_string\"}}],\"inLanguage\":\"en-US\"}]}<\/script>\n<!-- \/ Yoast SEO plugin. -->","yoast_head_json":{"title":"Irena Dlaka - Oto\u010dko gospodarstvo nekad i danas - izme\u0111u monokultura i odr\u017eivog razvoja - Agencija za elektroni\u010dke medije","robots":{"index":"index","follow":"follow","max-snippet":"max-snippet:-1","max-image-preview":"max-image-preview:large","max-video-preview":"max-video-preview:-1"},"canonical":"https:\/\/aem.hr\/irena-dlaka-otocko-gospodarstvo-nekad-i-danas-izmedu-monokultura-i-odrzivog-razvoja\/","og_locale":"en_US","og_type":"article","og_title":"Irena Dlaka - Oto\u010dko gospodarstvo nekad i danas - izme\u0111u monokultura i odr\u017eivog razvoja - Agencija za elektroni\u010dke medije","og_url":"https:\/\/aem.hr\/irena-dlaka-otocko-gospodarstvo-nekad-i-danas-izmedu-monokultura-i-odrzivog-razvoja\/","og_site_name":"Agencija za elektroni\u010dke medije","article_modified_time":"2023-01-25T12:35:39+00:00","twitter_card":"summary_large_image","twitter_misc":{"Est. reading time":"1 minute"},"schema":{"@context":"https:\/\/schema.org","@graph":[{"@type":"WebPage","@id":"https:\/\/aem.hr\/irena-dlaka-otocko-gospodarstvo-nekad-i-danas-izmedu-monokultura-i-odrzivog-razvoja\/","url":"https:\/\/aem.hr\/irena-dlaka-otocko-gospodarstvo-nekad-i-danas-izmedu-monokultura-i-odrzivog-razvoja\/","name":"Irena Dlaka - Oto\u010dko gospodarstvo nekad i danas - izme\u0111u monokultura i odr\u017eivog razvoja - Agencija za elektroni\u010dke medije","isPartOf":{"@id":"https:\/\/aem.hr\/#website"},"datePublished":"2023-01-25T12:35:38+00:00","dateModified":"2023-01-25T12:35:39+00:00","breadcrumb":{"@id":"https:\/\/aem.hr\/irena-dlaka-otocko-gospodarstvo-nekad-i-danas-izmedu-monokultura-i-odrzivog-razvoja\/#breadcrumb"},"inLanguage":"en-US","potentialAction":[{"@type":"ReadAction","target":["https:\/\/aem.hr\/irena-dlaka-otocko-gospodarstvo-nekad-i-danas-izmedu-monokultura-i-odrzivog-razvoja\/"]}]},{"@type":"BreadcrumbList","@id":"https:\/\/aem.hr\/irena-dlaka-otocko-gospodarstvo-nekad-i-danas-izmedu-monokultura-i-odrzivog-razvoja\/#breadcrumb","itemListElement":[{"@type":"ListItem","position":1,"name":"Po\u010detna stranica","item":"https:\/\/aem.hr\/"},{"@type":"ListItem","position":2,"name":"Irena Dlaka &#8211; Oto\u010dko gospodarstvo nekad i danas &#8211; izme\u0111u monokultura i odr\u017eivog razvoja"}]},{"@type":"WebSite","@id":"https:\/\/aem.hr\/#website","url":"https:\/\/aem.hr\/","name":"Agencija za elektroni\u010dke medije","description":"","potentialAction":[{"@type":"SearchAction","target":{"@type":"EntryPoint","urlTemplate":"https:\/\/aem.hr\/?s={search_term_string}"},"query-input":{"@type":"PropertyValueSpecification","valueRequired":true,"valueName":"search_term_string"}}],"inLanguage":"en-US"}]}},"coauthors":[],"author_meta":{"author_link":"https:\/\/aem.hr\/en\/blog\/author\/mkirac\/","display_name":"Matko Kirac"},"relative_dates":{"created":"Posted 3 years ago","modified":"Updated 3 years ago"},"absolute_dates":{"created":"Posted on 25. January 2023.","modified":"Updated on 25. January 2023."},"absolute_dates_time":{"created":"Posted on 25. January 2023. 13:35","modified":"Updated on 25. January 2023. 13:35"},"featured_img_caption":"","featured_img":false,"series_order":"","_links":{"self":[{"href":"https:\/\/aem.hr\/en\/wp-json\/wp\/v2\/pages\/14685","targetHints":{"allow":["GET"]}}],"collection":[{"href":"https:\/\/aem.hr\/en\/wp-json\/wp\/v2\/pages"}],"about":[{"href":"https:\/\/aem.hr\/en\/wp-json\/wp\/v2\/types\/page"}],"author":[{"embeddable":true,"href":"https:\/\/aem.hr\/en\/wp-json\/wp\/v2\/users\/18"}],"replies":[{"embeddable":true,"href":"https:\/\/aem.hr\/en\/wp-json\/wp\/v2\/comments?post=14685"}],"version-history":[{"count":1,"href":"https:\/\/aem.hr\/en\/wp-json\/wp\/v2\/pages\/14685\/revisions"}],"predecessor-version":[{"id":14703,"href":"https:\/\/aem.hr\/en\/wp-json\/wp\/v2\/pages\/14685\/revisions\/14703"}],"wp:attachment":[{"href":"https:\/\/aem.hr\/en\/wp-json\/wp\/v2\/media?parent=14685"}],"curies":[{"name":"wp","href":"https:\/\/api.w.org\/{rel}","templated":true}]}}