{"id":14704,"date":"2023-01-25T13:39:04","date_gmt":"2023-01-25T12:39:04","guid":{"rendered":"http:\/\/aem.hr\/?page_id=14704"},"modified":"2023-01-25T13:39:05","modified_gmt":"2023-01-25T12:39:05","slug":"sanja-knjaz-otpad-u-raljama-lokalnih-mocnika","status":"publish","type":"page","link":"https:\/\/aem.hr\/en\/sanja-knjaz-otpad-u-raljama-lokalnih-mocnika\/","title":{"rendered":"Sanja Knjaz &#8211; Otpad u raljama lokalnih mo\u0107nika"},"content":{"rendered":"\n<div class=\"wp-block-file\"><a id=\"wp-block-file--media-84cf1a1c-3ff9-4334-af1a-f3dfd35bd667\" href=\"https:\/\/aem.hr\/wp-content\/uploads\/2023\/01\/1.-Otpad-je-mainstream-tema-u-cijelom-svijetu-a-u-nas.pdf\">1. Otpad je mainstream tema u cijelom svijetu, a u nas<\/a><a href=\"https:\/\/aem.hr\/wp-content\/uploads\/2023\/01\/1.-Otpad-je-mainstream-tema-u-cijelom-svijetu-a-u-nas.pdf\" class=\"wp-block-file__button wp-element-button\" download aria-describedby=\"wp-block-file--media-84cf1a1c-3ff9-4334-af1a-f3dfd35bd667\">Preuzimanje<\/a><\/div>\n\n\n\n<div class=\"wp-block-file\"><a id=\"wp-block-file--media-969aec95-e53a-4eef-9306-d15ff6fdee5f\" href=\"https:\/\/aem.hr\/wp-content\/uploads\/2023\/01\/2.-Krk-dobar-primjer-i-lider-u-odvajanju-otpada.pdf\">2. Krk dobar primjer i lider u odvajanju otpada<\/a><a href=\"https:\/\/aem.hr\/wp-content\/uploads\/2023\/01\/2.-Krk-dobar-primjer-i-lider-u-odvajanju-otpada.pdf\" class=\"wp-block-file__button wp-element-button\" download aria-describedby=\"wp-block-file--media-969aec95-e53a-4eef-9306-d15ff6fdee5f\">Preuzimanje<\/a><\/div>\n\n\n\n<div class=\"wp-block-file\"><a id=\"wp-block-file--media-7c52b7d0-ef41-48e1-891c-8321247ef225\" href=\"https:\/\/aem.hr\/wp-content\/uploads\/2023\/01\/3.-Hrvatska-legislativa-o-otpadu-je-preopsezna.pdf\">3. Hrvatska legislativa o otpadu je preopse\u017ena<\/a><a href=\"https:\/\/aem.hr\/wp-content\/uploads\/2023\/01\/3.-Hrvatska-legislativa-o-otpadu-je-preopsezna.pdf\" class=\"wp-block-file__button wp-element-button\" download aria-describedby=\"wp-block-file--media-7c52b7d0-ef41-48e1-891c-8321247ef225\">Preuzimanje<\/a><\/div>\n\n\n\n<div class=\"wp-block-file\"><a id=\"wp-block-file--media-c136d146-5e51-4f2a-953d-204797a74fec\" href=\"https:\/\/aem.hr\/wp-content\/uploads\/2023\/01\/4.-Osijek-je-u-2021.-sakupio-cak-8.450-tona-biootpada.pdf\">4. Osijek je u 2021. sakupio \u010dak 8.450 tona biootpada<\/a><a href=\"https:\/\/aem.hr\/wp-content\/uploads\/2023\/01\/4.-Osijek-je-u-2021.-sakupio-cak-8.450-tona-biootpada.pdf\" class=\"wp-block-file__button wp-element-button\" download aria-describedby=\"wp-block-file--media-c136d146-5e51-4f2a-953d-204797a74fec\">Preuzimanje<\/a><\/div>\n\n\n\n<div class=\"wp-block-file\"><a id=\"wp-block-file--media-f9ce9815-9cf3-4180-80e9-7a13c3c25537\" href=\"https:\/\/aem.hr\/wp-content\/uploads\/2023\/01\/5.-Koprivnica-je-jos-2019.-premasila-zadanu-EU-normu-od-50-posto-odvojeno-prikupljenog-otpada.pdf\">5. Koprivnica je jo\u0161 2019. prema\u0161ila zadanu EU normu od 50 posto odvojeno prikupljenog otpada<\/a><a href=\"https:\/\/aem.hr\/wp-content\/uploads\/2023\/01\/5.-Koprivnica-je-jos-2019.-premasila-zadanu-EU-normu-od-50-posto-odvojeno-prikupljenog-otpada.pdf\" class=\"wp-block-file__button wp-element-button\" download aria-describedby=\"wp-block-file--media-f9ce9815-9cf3-4180-80e9-7a13c3c25537\">Preuzimanje<\/a><\/div>\n\n\n\n<div class=\"wp-block-file\"><a id=\"wp-block-file--media-c863b729-71c0-428c-9526-5e1a507fd724\" href=\"https:\/\/aem.hr\/wp-content\/uploads\/2023\/01\/6.-U-Finskoj-je-vazno-s-koliko-vrecica-odlazis-u-kupnju-a-ne-s-koliko-ih-se-vracas.pdf\">6. U Finskoj je va\u017eno s koliko vre\u0107ica odlazi\u0161 u kupnju, a ne s koliko ih se vra\u0107a\u0161<\/a><a href=\"https:\/\/aem.hr\/wp-content\/uploads\/2023\/01\/6.-U-Finskoj-je-vazno-s-koliko-vrecica-odlazis-u-kupnju-a-ne-s-koliko-ih-se-vracas.pdf\" class=\"wp-block-file__button wp-element-button\" download aria-describedby=\"wp-block-file--media-c863b729-71c0-428c-9526-5e1a507fd724\">Preuzimanje<\/a><\/div>\n\n\n\n<div class=\"wp-block-file\"><a id=\"wp-block-file--media-bf7a1641-575e-497d-90a4-d2d2e6a63cc7\" href=\"https:\/\/aem.hr\/wp-content\/uploads\/2023\/01\/7.-Izgradnja-bioplinskih-postrojenja-u-Hrvatskoj-je-od-izuzetne-vaznosti.pdf\">7. Izgradnja bioplinskih postrojenja u Hrvatskoj je od izuzetne va\u017enosti<\/a><a href=\"https:\/\/aem.hr\/wp-content\/uploads\/2023\/01\/7.-Izgradnja-bioplinskih-postrojenja-u-Hrvatskoj-je-od-izuzetne-vaznosti.pdf\" class=\"wp-block-file__button wp-element-button\" download aria-describedby=\"wp-block-file--media-bf7a1641-575e-497d-90a4-d2d2e6a63cc7\">Preuzimanje<\/a><\/div>\n\n\n\n<p><\/p>\n","protected":false},"excerpt":{"rendered":"","protected":false},"author":18,"featured_media":0,"parent":0,"menu_order":0,"comment_status":"closed","ping_status":"closed","template":"","meta":{"_acf_changed":false,"inline_featured_image":false,"advgb_blocks_editor_width":"","advgb_blocks_columns_visual_guide":"","_links_to":"","_links_to_type":0,"footnotes":""},"class_list":["post-14704","page","type-page","status-publish","hentry"],"acf":[],"yoast_head":"<!-- This site is optimized with the Yoast SEO plugin v25.7 - https:\/\/yoast.com\/wordpress\/plugins\/seo\/ -->\n<title>Sanja Knjaz - Otpad u raljama lokalnih mo\u0107nika - Agencija za elektroni\u010dke medije<\/title>\n<meta name=\"robots\" content=\"index, follow, max-snippet:-1, max-image-preview:large, max-video-preview:-1\" \/>\n<link rel=\"canonical\" href=\"https:\/\/aem.hr\/sanja-knjaz-otpad-u-raljama-lokalnih-mocnika\/\" \/>\n<meta property=\"og:locale\" content=\"en_US\" \/>\n<meta property=\"og:type\" content=\"article\" \/>\n<meta property=\"og:title\" content=\"Sanja Knjaz - Otpad u raljama lokalnih mo\u0107nika - Agencija za elektroni\u010dke medije\" \/>\n<meta property=\"og:url\" content=\"https:\/\/aem.hr\/sanja-knjaz-otpad-u-raljama-lokalnih-mocnika\/\" \/>\n<meta property=\"og:site_name\" content=\"Agencija za elektroni\u010dke medije\" \/>\n<meta property=\"article:modified_time\" content=\"2023-01-25T12:39:05+00:00\" \/>\n<meta name=\"twitter:card\" content=\"summary_large_image\" \/>\n<meta name=\"twitter:label1\" content=\"Est. reading time\" \/>\n\t<meta name=\"twitter:data1\" content=\"1 minute\" \/>\n<script type=\"application\/ld+json\" class=\"yoast-schema-graph\">{\"@context\":\"https:\/\/schema.org\",\"@graph\":[{\"@type\":\"WebPage\",\"@id\":\"https:\/\/aem.hr\/sanja-knjaz-otpad-u-raljama-lokalnih-mocnika\/\",\"url\":\"https:\/\/aem.hr\/sanja-knjaz-otpad-u-raljama-lokalnih-mocnika\/\",\"name\":\"Sanja Knjaz - Otpad u raljama lokalnih mo\u0107nika - Agencija za elektroni\u010dke medije\",\"isPartOf\":{\"@id\":\"https:\/\/aem.hr\/#website\"},\"datePublished\":\"2023-01-25T12:39:04+00:00\",\"dateModified\":\"2023-01-25T12:39:05+00:00\",\"breadcrumb\":{\"@id\":\"https:\/\/aem.hr\/sanja-knjaz-otpad-u-raljama-lokalnih-mocnika\/#breadcrumb\"},\"inLanguage\":\"en-US\",\"potentialAction\":[{\"@type\":\"ReadAction\",\"target\":[\"https:\/\/aem.hr\/sanja-knjaz-otpad-u-raljama-lokalnih-mocnika\/\"]}]},{\"@type\":\"BreadcrumbList\",\"@id\":\"https:\/\/aem.hr\/sanja-knjaz-otpad-u-raljama-lokalnih-mocnika\/#breadcrumb\",\"itemListElement\":[{\"@type\":\"ListItem\",\"position\":1,\"name\":\"Po\u010detna stranica\",\"item\":\"https:\/\/aem.hr\/\"},{\"@type\":\"ListItem\",\"position\":2,\"name\":\"Sanja Knjaz &#8211; Otpad u raljama lokalnih mo\u0107nika\"}]},{\"@type\":\"WebSite\",\"@id\":\"https:\/\/aem.hr\/#website\",\"url\":\"https:\/\/aem.hr\/\",\"name\":\"Agencija za elektroni\u010dke medije\",\"description\":\"\",\"potentialAction\":[{\"@type\":\"SearchAction\",\"target\":{\"@type\":\"EntryPoint\",\"urlTemplate\":\"https:\/\/aem.hr\/?s={search_term_string}\"},\"query-input\":{\"@type\":\"PropertyValueSpecification\",\"valueRequired\":true,\"valueName\":\"search_term_string\"}}],\"inLanguage\":\"en-US\"}]}<\/script>\n<!-- \/ Yoast SEO plugin. -->","yoast_head_json":{"title":"Sanja Knjaz - Otpad u raljama lokalnih mo\u0107nika - Agencija za elektroni\u010dke medije","robots":{"index":"index","follow":"follow","max-snippet":"max-snippet:-1","max-image-preview":"max-image-preview:large","max-video-preview":"max-video-preview:-1"},"canonical":"https:\/\/aem.hr\/sanja-knjaz-otpad-u-raljama-lokalnih-mocnika\/","og_locale":"en_US","og_type":"article","og_title":"Sanja Knjaz - Otpad u raljama lokalnih mo\u0107nika - Agencija za elektroni\u010dke medije","og_url":"https:\/\/aem.hr\/sanja-knjaz-otpad-u-raljama-lokalnih-mocnika\/","og_site_name":"Agencija za elektroni\u010dke medije","article_modified_time":"2023-01-25T12:39:05+00:00","twitter_card":"summary_large_image","twitter_misc":{"Est. reading time":"1 minute"},"schema":{"@context":"https:\/\/schema.org","@graph":[{"@type":"WebPage","@id":"https:\/\/aem.hr\/sanja-knjaz-otpad-u-raljama-lokalnih-mocnika\/","url":"https:\/\/aem.hr\/sanja-knjaz-otpad-u-raljama-lokalnih-mocnika\/","name":"Sanja Knjaz - Otpad u raljama lokalnih mo\u0107nika - Agencija za elektroni\u010dke medije","isPartOf":{"@id":"https:\/\/aem.hr\/#website"},"datePublished":"2023-01-25T12:39:04+00:00","dateModified":"2023-01-25T12:39:05+00:00","breadcrumb":{"@id":"https:\/\/aem.hr\/sanja-knjaz-otpad-u-raljama-lokalnih-mocnika\/#breadcrumb"},"inLanguage":"en-US","potentialAction":[{"@type":"ReadAction","target":["https:\/\/aem.hr\/sanja-knjaz-otpad-u-raljama-lokalnih-mocnika\/"]}]},{"@type":"BreadcrumbList","@id":"https:\/\/aem.hr\/sanja-knjaz-otpad-u-raljama-lokalnih-mocnika\/#breadcrumb","itemListElement":[{"@type":"ListItem","position":1,"name":"Po\u010detna stranica","item":"https:\/\/aem.hr\/"},{"@type":"ListItem","position":2,"name":"Sanja Knjaz &#8211; Otpad u raljama lokalnih mo\u0107nika"}]},{"@type":"WebSite","@id":"https:\/\/aem.hr\/#website","url":"https:\/\/aem.hr\/","name":"Agencija za elektroni\u010dke medije","description":"","potentialAction":[{"@type":"SearchAction","target":{"@type":"EntryPoint","urlTemplate":"https:\/\/aem.hr\/?s={search_term_string}"},"query-input":{"@type":"PropertyValueSpecification","valueRequired":true,"valueName":"search_term_string"}}],"inLanguage":"en-US"}]}},"coauthors":[],"author_meta":{"author_link":"https:\/\/aem.hr\/en\/blog\/author\/mkirac\/","display_name":"Matko Kirac"},"relative_dates":{"created":"Posted 3 years ago","modified":"Updated 3 years ago"},"absolute_dates":{"created":"Posted on 25. January 2023.","modified":"Updated on 25. January 2023."},"absolute_dates_time":{"created":"Posted on 25. January 2023. 13:39","modified":"Updated on 25. January 2023. 13:39"},"featured_img_caption":"","featured_img":false,"series_order":"","_links":{"self":[{"href":"https:\/\/aem.hr\/en\/wp-json\/wp\/v2\/pages\/14704","targetHints":{"allow":["GET"]}}],"collection":[{"href":"https:\/\/aem.hr\/en\/wp-json\/wp\/v2\/pages"}],"about":[{"href":"https:\/\/aem.hr\/en\/wp-json\/wp\/v2\/types\/page"}],"author":[{"embeddable":true,"href":"https:\/\/aem.hr\/en\/wp-json\/wp\/v2\/users\/18"}],"replies":[{"embeddable":true,"href":"https:\/\/aem.hr\/en\/wp-json\/wp\/v2\/comments?post=14704"}],"version-history":[{"count":1,"href":"https:\/\/aem.hr\/en\/wp-json\/wp\/v2\/pages\/14704\/revisions"}],"predecessor-version":[{"id":14719,"href":"https:\/\/aem.hr\/en\/wp-json\/wp\/v2\/pages\/14704\/revisions\/14719"}],"wp:attachment":[{"href":"https:\/\/aem.hr\/en\/wp-json\/wp\/v2\/media?parent=14704"}],"curies":[{"name":"wp","href":"https:\/\/api.w.org\/{rel}","templated":true}]}}