{"id":14734,"date":"2023-01-25T13:48:19","date_gmt":"2023-01-25T12:48:19","guid":{"rendered":"http:\/\/aem.hr\/?page_id=14734"},"modified":"2023-05-31T14:33:24","modified_gmt":"2023-05-31T12:33:24","slug":"iva-perdec-visnjan-hrvatska-zasluzuje-bajku-dovedimo-elona-muska-u-domovinu-nikole-tesle-da-nadogradi-zivotno-djelo-korada-korlevica-visnjansku-oazu-znanja-i-rasadnik-genijalaca","status":"publish","type":"page","link":"https:\/\/aem.hr\/en\/iva-perdec-visnjan-hrvatska-zasluzuje-bajku-dovedimo-elona-muska-u-domovinu-nikole-tesle-da-nadogradi-zivotno-djelo-korada-korlevica-visnjansku-oazu-znanja-i-rasadnik-genijalaca\/","title":{"rendered":"Iva Perdec &#8211; VI\u0160NJAN (HRVATSKA) ZASLU\u017dUJE BAJKU: Dovedimo Elona Muska u domovinu Nikole Tesle da nadogradi \u017eivotno djelo Korada Korlevi\u0107a, vi\u0161njansku oazu znanja i rasadnik genijalaca"},"content":{"rendered":"\n<div class=\"wp-block-file\"><a id=\"wp-block-file--media-67a60794-c1a7-477e-98a7-127f249e901a\" href=\"https:\/\/aem.hr\/wp-content\/uploads\/2023\/01\/1.-KORADO-KORLEVIC-JACI-OD-SUSTAVAp.pdf\">1. KORADO KORLEVI\u0106 JA\u010cI OD SUSTAVA<\/a><a href=\"https:\/\/aem.hr\/wp-content\/uploads\/2023\/01\/1.-KORADO-KORLEVIC-JACI-OD-SUSTAVAp.pdf\" class=\"wp-block-file__button wp-element-button\" download aria-describedby=\"wp-block-file--media-67a60794-c1a7-477e-98a7-127f249e901a\">Preuzimanje<\/a><\/div>\n\n\n\n<div class=\"wp-block-file\"><a id=\"wp-block-file--media-3e780351-1686-492d-94a4-2aa11fdd2fce\" href=\"https:\/\/aem.hr\/wp-content\/uploads\/2023\/01\/2.-PETAR-CUCEK-VODITELJ-VISNJANSKIH-.pdf\">2. PETAR \u010cU\u010cEK, VODITELJ VI\u0160NJANSKIH<\/a><a href=\"https:\/\/aem.hr\/wp-content\/uploads\/2023\/01\/2.-PETAR-CUCEK-VODITELJ-VISNJANSKIH-.pdf\" class=\"wp-block-file__button wp-element-button\" download aria-describedby=\"wp-block-file--media-3e780351-1686-492d-94a4-2aa11fdd2fce\">Preuzimanje<\/a><\/div>\n\n\n\n<div class=\"wp-block-file\"><a id=\"wp-block-file--media-24ea06cc-4216-4c4c-839e-3b2f04f49ca2\" href=\"https:\/\/aem.hr\/wp-content\/uploads\/2023\/01\/3.-Korado-Korlevic-ucitelj-i-astronom.pdf\">3. Korado Korlevi\u0107, u\u010ditelj i astronom<\/a><a href=\"https:\/\/aem.hr\/wp-content\/uploads\/2023\/01\/3.-Korado-Korlevic-ucitelj-i-astronom.pdf\" class=\"wp-block-file__button wp-element-button\" download aria-describedby=\"wp-block-file--media-24ea06cc-4216-4c4c-839e-3b2f04f49ca2\">Preuzimanje<\/a><\/div>\n\n\n\n<div class=\"wp-block-file\"><a id=\"wp-block-file--media-f380b34e-99ee-4086-994d-7062f875a65e\" href=\"https:\/\/aem.hr\/wp-content\/uploads\/2023\/01\/4.-Vasilije-Perovic-fizicar-s-diplomom.pdf\">4. Vasilije Perovi\u0107, fizi\u010dar s diplomom<\/a><a href=\"https:\/\/aem.hr\/wp-content\/uploads\/2023\/01\/4.-Vasilije-Perovic-fizicar-s-diplomom.pdf\" class=\"wp-block-file__button wp-element-button\" download aria-describedby=\"wp-block-file--media-f380b34e-99ee-4086-994d-7062f875a65e\">Preuzimanje<\/a><\/div>\n\n\n\n<p><\/p>\n","protected":false},"excerpt":{"rendered":"","protected":false},"author":18,"featured_media":0,"parent":0,"menu_order":0,"comment_status":"closed","ping_status":"closed","template":"","meta":{"_acf_changed":false,"inline_featured_image":false,"advgb_blocks_editor_width":"","advgb_blocks_columns_visual_guide":"","_links_to":"","_links_to_type":0,"footnotes":""},"class_list":["post-14734","page","type-page","status-publish","hentry"],"acf":[],"yoast_head":"<!-- This site is optimized with the Yoast SEO plugin v25.7 - https:\/\/yoast.com\/wordpress\/plugins\/seo\/ -->\n<title>Iva Perdec - VI\u0160NJAN (HRVATSKA) ZASLU\u017dUJE BAJKU: Dovedimo Elona Muska u domovinu Nikole Tesle da nadogradi \u017eivotno djelo Korada Korlevi\u0107a, vi\u0161njansku oazu znanja i rasadnik genijalaca - Agencija za elektroni\u010dke medije<\/title>\n<meta name=\"robots\" content=\"index, follow, max-snippet:-1, max-image-preview:large, max-video-preview:-1\" \/>\n<link rel=\"canonical\" href=\"https:\/\/aem.hr\/iva-perdec-visnjan-hrvatska-zasluzuje-bajku-dovedimo-elona-muska-u-domovinu-nikole-tesle-da-nadogradi-zivotno-djelo-korada-korlevica-visnjansku-oazu-znanja-i-rasadnik-genijalaca\/\" \/>\n<meta property=\"og:locale\" content=\"en_US\" \/>\n<meta property=\"og:type\" content=\"article\" \/>\n<meta property=\"og:title\" content=\"Iva Perdec - VI\u0160NJAN (HRVATSKA) ZASLU\u017dUJE BAJKU: Dovedimo Elona Muska u domovinu Nikole Tesle da nadogradi \u017eivotno djelo Korada Korlevi\u0107a, vi\u0161njansku oazu znanja i rasadnik genijalaca - Agencija za elektroni\u010dke medije\" \/>\n<meta property=\"og:url\" content=\"https:\/\/aem.hr\/iva-perdec-visnjan-hrvatska-zasluzuje-bajku-dovedimo-elona-muska-u-domovinu-nikole-tesle-da-nadogradi-zivotno-djelo-korada-korlevica-visnjansku-oazu-znanja-i-rasadnik-genijalaca\/\" \/>\n<meta property=\"og:site_name\" content=\"Agencija za elektroni\u010dke medije\" \/>\n<meta property=\"article:modified_time\" content=\"2023-05-31T12:33:24+00:00\" \/>\n<meta name=\"twitter:card\" content=\"summary_large_image\" \/>\n<meta name=\"twitter:label1\" content=\"Est. reading time\" \/>\n\t<meta name=\"twitter:data1\" content=\"1 minute\" \/>\n<script type=\"application\/ld+json\" class=\"yoast-schema-graph\">{\"@context\":\"https:\/\/schema.org\",\"@graph\":[{\"@type\":\"WebPage\",\"@id\":\"https:\/\/aem.hr\/iva-perdec-visnjan-hrvatska-zasluzuje-bajku-dovedimo-elona-muska-u-domovinu-nikole-tesle-da-nadogradi-zivotno-djelo-korada-korlevica-visnjansku-oazu-znanja-i-rasadnik-genijalaca\/\",\"url\":\"https:\/\/aem.hr\/iva-perdec-visnjan-hrvatska-zasluzuje-bajku-dovedimo-elona-muska-u-domovinu-nikole-tesle-da-nadogradi-zivotno-djelo-korada-korlevica-visnjansku-oazu-znanja-i-rasadnik-genijalaca\/\",\"name\":\"Iva Perdec - VI\u0160NJAN (HRVATSKA) ZASLU\u017dUJE BAJKU: Dovedimo Elona Muska u domovinu Nikole Tesle da nadogradi \u017eivotno djelo Korada Korlevi\u0107a, vi\u0161njansku oazu znanja i rasadnik genijalaca - Agencija za elektroni\u010dke medije\",\"isPartOf\":{\"@id\":\"https:\/\/aem.hr\/#website\"},\"datePublished\":\"2023-01-25T12:48:19+00:00\",\"dateModified\":\"2023-05-31T12:33:24+00:00\",\"breadcrumb\":{\"@id\":\"https:\/\/aem.hr\/iva-perdec-visnjan-hrvatska-zasluzuje-bajku-dovedimo-elona-muska-u-domovinu-nikole-tesle-da-nadogradi-zivotno-djelo-korada-korlevica-visnjansku-oazu-znanja-i-rasadnik-genijalaca\/#breadcrumb\"},\"inLanguage\":\"en-US\",\"potentialAction\":[{\"@type\":\"ReadAction\",\"target\":[\"https:\/\/aem.hr\/iva-perdec-visnjan-hrvatska-zasluzuje-bajku-dovedimo-elona-muska-u-domovinu-nikole-tesle-da-nadogradi-zivotno-djelo-korada-korlevica-visnjansku-oazu-znanja-i-rasadnik-genijalaca\/\"]}]},{\"@type\":\"BreadcrumbList\",\"@id\":\"https:\/\/aem.hr\/iva-perdec-visnjan-hrvatska-zasluzuje-bajku-dovedimo-elona-muska-u-domovinu-nikole-tesle-da-nadogradi-zivotno-djelo-korada-korlevica-visnjansku-oazu-znanja-i-rasadnik-genijalaca\/#breadcrumb\",\"itemListElement\":[{\"@type\":\"ListItem\",\"position\":1,\"name\":\"Po\u010detna stranica\",\"item\":\"https:\/\/aem.hr\/\"},{\"@type\":\"ListItem\",\"position\":2,\"name\":\"Iva Perdec &#8211; VI\u0160NJAN (HRVATSKA) ZASLU\u017dUJE BAJKU: Dovedimo Elona Muska u domovinu Nikole Tesle da nadogradi \u017eivotno djelo Korada Korlevi\u0107a, vi\u0161njansku oazu znanja i rasadnik genijalaca\"}]},{\"@type\":\"WebSite\",\"@id\":\"https:\/\/aem.hr\/#website\",\"url\":\"https:\/\/aem.hr\/\",\"name\":\"Agencija za elektroni\u010dke medije\",\"description\":\"\",\"potentialAction\":[{\"@type\":\"SearchAction\",\"target\":{\"@type\":\"EntryPoint\",\"urlTemplate\":\"https:\/\/aem.hr\/?s={search_term_string}\"},\"query-input\":{\"@type\":\"PropertyValueSpecification\",\"valueRequired\":true,\"valueName\":\"search_term_string\"}}],\"inLanguage\":\"en-US\"}]}<\/script>\n<!-- \/ Yoast SEO plugin. -->","yoast_head_json":{"title":"Iva Perdec - VI\u0160NJAN (HRVATSKA) ZASLU\u017dUJE BAJKU: Dovedimo Elona Muska u domovinu Nikole Tesle da nadogradi \u017eivotno djelo Korada Korlevi\u0107a, vi\u0161njansku oazu znanja i rasadnik genijalaca - Agencija za elektroni\u010dke medije","robots":{"index":"index","follow":"follow","max-snippet":"max-snippet:-1","max-image-preview":"max-image-preview:large","max-video-preview":"max-video-preview:-1"},"canonical":"https:\/\/aem.hr\/iva-perdec-visnjan-hrvatska-zasluzuje-bajku-dovedimo-elona-muska-u-domovinu-nikole-tesle-da-nadogradi-zivotno-djelo-korada-korlevica-visnjansku-oazu-znanja-i-rasadnik-genijalaca\/","og_locale":"en_US","og_type":"article","og_title":"Iva Perdec - VI\u0160NJAN (HRVATSKA) ZASLU\u017dUJE BAJKU: Dovedimo Elona Muska u domovinu Nikole Tesle da nadogradi \u017eivotno djelo Korada Korlevi\u0107a, vi\u0161njansku oazu znanja i rasadnik genijalaca - Agencija za elektroni\u010dke medije","og_url":"https:\/\/aem.hr\/iva-perdec-visnjan-hrvatska-zasluzuje-bajku-dovedimo-elona-muska-u-domovinu-nikole-tesle-da-nadogradi-zivotno-djelo-korada-korlevica-visnjansku-oazu-znanja-i-rasadnik-genijalaca\/","og_site_name":"Agencija za elektroni\u010dke medije","article_modified_time":"2023-05-31T12:33:24+00:00","twitter_card":"summary_large_image","twitter_misc":{"Est. reading time":"1 minute"},"schema":{"@context":"https:\/\/schema.org","@graph":[{"@type":"WebPage","@id":"https:\/\/aem.hr\/iva-perdec-visnjan-hrvatska-zasluzuje-bajku-dovedimo-elona-muska-u-domovinu-nikole-tesle-da-nadogradi-zivotno-djelo-korada-korlevica-visnjansku-oazu-znanja-i-rasadnik-genijalaca\/","url":"https:\/\/aem.hr\/iva-perdec-visnjan-hrvatska-zasluzuje-bajku-dovedimo-elona-muska-u-domovinu-nikole-tesle-da-nadogradi-zivotno-djelo-korada-korlevica-visnjansku-oazu-znanja-i-rasadnik-genijalaca\/","name":"Iva Perdec - VI\u0160NJAN (HRVATSKA) ZASLU\u017dUJE BAJKU: Dovedimo Elona Muska u domovinu Nikole Tesle da nadogradi \u017eivotno djelo Korada Korlevi\u0107a, vi\u0161njansku oazu znanja i rasadnik genijalaca - Agencija za elektroni\u010dke medije","isPartOf":{"@id":"https:\/\/aem.hr\/#website"},"datePublished":"2023-01-25T12:48:19+00:00","dateModified":"2023-05-31T12:33:24+00:00","breadcrumb":{"@id":"https:\/\/aem.hr\/iva-perdec-visnjan-hrvatska-zasluzuje-bajku-dovedimo-elona-muska-u-domovinu-nikole-tesle-da-nadogradi-zivotno-djelo-korada-korlevica-visnjansku-oazu-znanja-i-rasadnik-genijalaca\/#breadcrumb"},"inLanguage":"en-US","potentialAction":[{"@type":"ReadAction","target":["https:\/\/aem.hr\/iva-perdec-visnjan-hrvatska-zasluzuje-bajku-dovedimo-elona-muska-u-domovinu-nikole-tesle-da-nadogradi-zivotno-djelo-korada-korlevica-visnjansku-oazu-znanja-i-rasadnik-genijalaca\/"]}]},{"@type":"BreadcrumbList","@id":"https:\/\/aem.hr\/iva-perdec-visnjan-hrvatska-zasluzuje-bajku-dovedimo-elona-muska-u-domovinu-nikole-tesle-da-nadogradi-zivotno-djelo-korada-korlevica-visnjansku-oazu-znanja-i-rasadnik-genijalaca\/#breadcrumb","itemListElement":[{"@type":"ListItem","position":1,"name":"Po\u010detna stranica","item":"https:\/\/aem.hr\/"},{"@type":"ListItem","position":2,"name":"Iva Perdec &#8211; VI\u0160NJAN (HRVATSKA) ZASLU\u017dUJE BAJKU: Dovedimo Elona Muska u domovinu Nikole Tesle da nadogradi \u017eivotno djelo Korada Korlevi\u0107a, vi\u0161njansku oazu znanja i rasadnik genijalaca"}]},{"@type":"WebSite","@id":"https:\/\/aem.hr\/#website","url":"https:\/\/aem.hr\/","name":"Agencija za elektroni\u010dke medije","description":"","potentialAction":[{"@type":"SearchAction","target":{"@type":"EntryPoint","urlTemplate":"https:\/\/aem.hr\/?s={search_term_string}"},"query-input":{"@type":"PropertyValueSpecification","valueRequired":true,"valueName":"search_term_string"}}],"inLanguage":"en-US"}]}},"coauthors":[],"author_meta":{"author_link":"https:\/\/aem.hr\/en\/blog\/author\/mkirac\/","display_name":"Matko Kirac"},"relative_dates":{"created":"Posted 3 years ago","modified":"Updated 3 years ago"},"absolute_dates":{"created":"Posted on 25. January 2023.","modified":"Updated on 31. May 2023."},"absolute_dates_time":{"created":"Posted on 25. January 2023. 13:48","modified":"Updated on 31. May 2023. 14:33"},"featured_img_caption":"","featured_img":false,"series_order":"","_links":{"self":[{"href":"https:\/\/aem.hr\/en\/wp-json\/wp\/v2\/pages\/14734","targetHints":{"allow":["GET"]}}],"collection":[{"href":"https:\/\/aem.hr\/en\/wp-json\/wp\/v2\/pages"}],"about":[{"href":"https:\/\/aem.hr\/en\/wp-json\/wp\/v2\/types\/page"}],"author":[{"embeddable":true,"href":"https:\/\/aem.hr\/en\/wp-json\/wp\/v2\/users\/18"}],"replies":[{"embeddable":true,"href":"https:\/\/aem.hr\/en\/wp-json\/wp\/v2\/comments?post=14734"}],"version-history":[{"count":2,"href":"https:\/\/aem.hr\/en\/wp-json\/wp\/v2\/pages\/14734\/revisions"}],"predecessor-version":[{"id":16523,"href":"https:\/\/aem.hr\/en\/wp-json\/wp\/v2\/pages\/14734\/revisions\/16523"}],"wp:attachment":[{"href":"https:\/\/aem.hr\/en\/wp-json\/wp\/v2\/media?parent=14734"}],"curies":[{"name":"wp","href":"https:\/\/api.w.org\/{rel}","templated":true}]}}