{"id":14854,"date":"2023-01-31T12:21:30","date_gmt":"2023-01-31T11:21:30","guid":{"rendered":"http:\/\/aem.hr\/?page_id=14854"},"modified":"2023-01-31T12:21:31","modified_gmt":"2023-01-31T11:21:31","slug":"lora-tomas-svjetske-putospisateljice-poceci-konteksti-i-suvremene-iteracije","status":"publish","type":"page","link":"https:\/\/aem.hr\/en\/lora-tomas-svjetske-putospisateljice-poceci-konteksti-i-suvremene-iteracije\/","title":{"rendered":"Lora Toma\u0161 &#8211; Svjetske putospisateljice: po\u010deci, konteksti i suvremene iteracije"},"content":{"rendered":"\n<div class=\"wp-block-file\"><a id=\"wp-block-file--media-671b7d0d-3d2c-463d-876a-142d97651da6\" href=\"https:\/\/aem.hr\/wp-content\/uploads\/2023\/01\/1.-Kritika-hdp-Izvjestaji-iz-stvarnog-svijeta_compressed.pdf\">1. Kritika-hdp, Izvje\u0161taji iz stvarnog svijeta_compressed<\/a><a href=\"https:\/\/aem.hr\/wp-content\/uploads\/2023\/01\/1.-Kritika-hdp-Izvjestaji-iz-stvarnog-svijeta_compressed.pdf\" class=\"wp-block-file__button wp-element-button\" download aria-describedby=\"wp-block-file--media-671b7d0d-3d2c-463d-876a-142d97651da6\">Preuzimanje<\/a><\/div>\n\n\n\n<div class=\"wp-block-file\"><a id=\"wp-block-file--media-dd369fa9-a992-4eac-bfe8-e7fb7c6eebdb\" href=\"https:\/\/aem.hr\/wp-content\/uploads\/2023\/01\/2.-Jhumpa-Lahiri-O-sebi-na-drugom-jeziku_compressed.pdf\">2. Jhumpa Lahiri, O sebi na drugom jeziku_compressed<\/a><a href=\"https:\/\/aem.hr\/wp-content\/uploads\/2023\/01\/2.-Jhumpa-Lahiri-O-sebi-na-drugom-jeziku_compressed.pdf\" class=\"wp-block-file__button wp-element-button\" download aria-describedby=\"wp-block-file--media-dd369fa9-a992-4eac-bfe8-e7fb7c6eebdb\">Preuzimanje<\/a><\/div>\n\n\n\n<div class=\"wp-block-file\"><a id=\"wp-block-file--media-969adfe5-e7b0-480d-8e7d-69ab195b2460\" href=\"https:\/\/aem.hr\/wp-content\/uploads\/2023\/01\/3.-Taran-N.-Khan-Zena-koja-je-prehodala-Kabul_compressed.pdf\">3. Taran N. Khan, \u017dena koja je prehodala Kabul_compressed<\/a><a href=\"https:\/\/aem.hr\/wp-content\/uploads\/2023\/01\/3.-Taran-N.-Khan-Zena-koja-je-prehodala-Kabul_compressed.pdf\" class=\"wp-block-file__button wp-element-button\" download aria-describedby=\"wp-block-file--media-969adfe5-e7b0-480d-8e7d-69ab195b2460\">Preuzimanje<\/a><\/div>\n\n\n\n<div class=\"wp-block-file\"><a id=\"wp-block-file--media-c4bfb862-284e-4edb-9bbb-9940a87be7a3\" href=\"https:\/\/aem.hr\/wp-content\/uploads\/2023\/01\/4.-Jamaica-Kincaid-ili-problem-vlastitog-pogleda_compressed.pdf\">4. Jamaica Kincaid, ili problem vlastitog pogleda_compressed<\/a><a href=\"https:\/\/aem.hr\/wp-content\/uploads\/2023\/01\/4.-Jamaica-Kincaid-ili-problem-vlastitog-pogleda_compressed.pdf\" class=\"wp-block-file__button wp-element-button\" download aria-describedby=\"wp-block-file--media-c4bfb862-284e-4edb-9bbb-9940a87be7a3\">Preuzimanje<\/a><\/div>\n\n\n\n<div class=\"wp-block-file\"><a id=\"wp-block-file--media-e9f01fd7-36ed-408b-9bab-83bd9c6a53cd\" href=\"https:\/\/aem.hr\/wp-content\/uploads\/2023\/01\/5.-Charlotte-Eriksson-Autoportret-umjetnice_compressed.pdf\">5. Charlotte Eriksson, (Auto)portret umjetnice_compressed<\/a><a href=\"https:\/\/aem.hr\/wp-content\/uploads\/2023\/01\/5.-Charlotte-Eriksson-Autoportret-umjetnice_compressed.pdf\" class=\"wp-block-file__button wp-element-button\" download aria-describedby=\"wp-block-file--media-e9f01fd7-36ed-408b-9bab-83bd9c6a53cd\">Preuzimanje<\/a><\/div>\n\n\n\n<p><\/p>\n","protected":false},"excerpt":{"rendered":"","protected":false},"author":18,"featured_media":0,"parent":0,"menu_order":0,"comment_status":"closed","ping_status":"closed","template":"","meta":{"_acf_changed":false,"inline_featured_image":false,"advgb_blocks_editor_width":"","advgb_blocks_columns_visual_guide":"","_links_to":"","_links_to_type":0,"footnotes":""},"class_list":["post-14854","page","type-page","status-publish","hentry"],"acf":[],"yoast_head":"<!-- This site is optimized with the Yoast SEO plugin v25.7 - https:\/\/yoast.com\/wordpress\/plugins\/seo\/ -->\n<title>Lora Toma\u0161 - Svjetske putospisateljice: po\u010deci, konteksti i suvremene iteracije - Agencija za elektroni\u010dke medije<\/title>\n<meta name=\"robots\" content=\"index, follow, max-snippet:-1, max-image-preview:large, max-video-preview:-1\" \/>\n<link rel=\"canonical\" href=\"https:\/\/aem.hr\/lora-tomas-svjetske-putospisateljice-poceci-konteksti-i-suvremene-iteracije\/\" \/>\n<meta property=\"og:locale\" content=\"en_US\" \/>\n<meta property=\"og:type\" content=\"article\" \/>\n<meta property=\"og:title\" content=\"Lora Toma\u0161 - Svjetske putospisateljice: po\u010deci, konteksti i suvremene iteracije - Agencija za elektroni\u010dke medije\" \/>\n<meta property=\"og:url\" content=\"https:\/\/aem.hr\/lora-tomas-svjetske-putospisateljice-poceci-konteksti-i-suvremene-iteracije\/\" \/>\n<meta property=\"og:site_name\" content=\"Agencija za elektroni\u010dke medije\" \/>\n<meta property=\"article:modified_time\" content=\"2023-01-31T11:21:31+00:00\" \/>\n<meta name=\"twitter:card\" content=\"summary_large_image\" \/>\n<meta name=\"twitter:label1\" content=\"Est. reading time\" \/>\n\t<meta name=\"twitter:data1\" content=\"1 minute\" \/>\n<script type=\"application\/ld+json\" class=\"yoast-schema-graph\">{\"@context\":\"https:\/\/schema.org\",\"@graph\":[{\"@type\":\"WebPage\",\"@id\":\"https:\/\/aem.hr\/lora-tomas-svjetske-putospisateljice-poceci-konteksti-i-suvremene-iteracije\/\",\"url\":\"https:\/\/aem.hr\/lora-tomas-svjetske-putospisateljice-poceci-konteksti-i-suvremene-iteracije\/\",\"name\":\"Lora Toma\u0161 - Svjetske putospisateljice: po\u010deci, konteksti i suvremene iteracije - Agencija za elektroni\u010dke medije\",\"isPartOf\":{\"@id\":\"https:\/\/aem.hr\/#website\"},\"datePublished\":\"2023-01-31T11:21:30+00:00\",\"dateModified\":\"2023-01-31T11:21:31+00:00\",\"breadcrumb\":{\"@id\":\"https:\/\/aem.hr\/lora-tomas-svjetske-putospisateljice-poceci-konteksti-i-suvremene-iteracije\/#breadcrumb\"},\"inLanguage\":\"en-US\",\"potentialAction\":[{\"@type\":\"ReadAction\",\"target\":[\"https:\/\/aem.hr\/lora-tomas-svjetske-putospisateljice-poceci-konteksti-i-suvremene-iteracije\/\"]}]},{\"@type\":\"BreadcrumbList\",\"@id\":\"https:\/\/aem.hr\/lora-tomas-svjetske-putospisateljice-poceci-konteksti-i-suvremene-iteracije\/#breadcrumb\",\"itemListElement\":[{\"@type\":\"ListItem\",\"position\":1,\"name\":\"Po\u010detna stranica\",\"item\":\"https:\/\/aem.hr\/\"},{\"@type\":\"ListItem\",\"position\":2,\"name\":\"Lora Toma\u0161 &#8211; Svjetske putospisateljice: po\u010deci, konteksti i suvremene iteracije\"}]},{\"@type\":\"WebSite\",\"@id\":\"https:\/\/aem.hr\/#website\",\"url\":\"https:\/\/aem.hr\/\",\"name\":\"Agencija za elektroni\u010dke medije\",\"description\":\"\",\"potentialAction\":[{\"@type\":\"SearchAction\",\"target\":{\"@type\":\"EntryPoint\",\"urlTemplate\":\"https:\/\/aem.hr\/?s={search_term_string}\"},\"query-input\":{\"@type\":\"PropertyValueSpecification\",\"valueRequired\":true,\"valueName\":\"search_term_string\"}}],\"inLanguage\":\"en-US\"}]}<\/script>\n<!-- \/ Yoast SEO plugin. -->","yoast_head_json":{"title":"Lora Toma\u0161 - Svjetske putospisateljice: po\u010deci, konteksti i suvremene iteracije - Agencija za elektroni\u010dke medije","robots":{"index":"index","follow":"follow","max-snippet":"max-snippet:-1","max-image-preview":"max-image-preview:large","max-video-preview":"max-video-preview:-1"},"canonical":"https:\/\/aem.hr\/lora-tomas-svjetske-putospisateljice-poceci-konteksti-i-suvremene-iteracije\/","og_locale":"en_US","og_type":"article","og_title":"Lora Toma\u0161 - Svjetske putospisateljice: po\u010deci, konteksti i suvremene iteracije - Agencija za elektroni\u010dke medije","og_url":"https:\/\/aem.hr\/lora-tomas-svjetske-putospisateljice-poceci-konteksti-i-suvremene-iteracije\/","og_site_name":"Agencija za elektroni\u010dke medije","article_modified_time":"2023-01-31T11:21:31+00:00","twitter_card":"summary_large_image","twitter_misc":{"Est. reading time":"1 minute"},"schema":{"@context":"https:\/\/schema.org","@graph":[{"@type":"WebPage","@id":"https:\/\/aem.hr\/lora-tomas-svjetske-putospisateljice-poceci-konteksti-i-suvremene-iteracije\/","url":"https:\/\/aem.hr\/lora-tomas-svjetske-putospisateljice-poceci-konteksti-i-suvremene-iteracije\/","name":"Lora Toma\u0161 - Svjetske putospisateljice: po\u010deci, konteksti i suvremene iteracije - Agencija za elektroni\u010dke medije","isPartOf":{"@id":"https:\/\/aem.hr\/#website"},"datePublished":"2023-01-31T11:21:30+00:00","dateModified":"2023-01-31T11:21:31+00:00","breadcrumb":{"@id":"https:\/\/aem.hr\/lora-tomas-svjetske-putospisateljice-poceci-konteksti-i-suvremene-iteracije\/#breadcrumb"},"inLanguage":"en-US","potentialAction":[{"@type":"ReadAction","target":["https:\/\/aem.hr\/lora-tomas-svjetske-putospisateljice-poceci-konteksti-i-suvremene-iteracije\/"]}]},{"@type":"BreadcrumbList","@id":"https:\/\/aem.hr\/lora-tomas-svjetske-putospisateljice-poceci-konteksti-i-suvremene-iteracije\/#breadcrumb","itemListElement":[{"@type":"ListItem","position":1,"name":"Po\u010detna stranica","item":"https:\/\/aem.hr\/"},{"@type":"ListItem","position":2,"name":"Lora Toma\u0161 &#8211; Svjetske putospisateljice: po\u010deci, konteksti i suvremene iteracije"}]},{"@type":"WebSite","@id":"https:\/\/aem.hr\/#website","url":"https:\/\/aem.hr\/","name":"Agencija za elektroni\u010dke medije","description":"","potentialAction":[{"@type":"SearchAction","target":{"@type":"EntryPoint","urlTemplate":"https:\/\/aem.hr\/?s={search_term_string}"},"query-input":{"@type":"PropertyValueSpecification","valueRequired":true,"valueName":"search_term_string"}}],"inLanguage":"en-US"}]}},"coauthors":[],"author_meta":{"author_link":"https:\/\/aem.hr\/en\/blog\/author\/mkirac\/","display_name":"Matko Kirac"},"relative_dates":{"created":"Posted 3 years ago","modified":"Updated 3 years ago"},"absolute_dates":{"created":"Posted on 31. January 2023.","modified":"Updated on 31. January 2023."},"absolute_dates_time":{"created":"Posted on 31. January 2023. 12:21","modified":"Updated on 31. January 2023. 12:21"},"featured_img_caption":"","featured_img":false,"series_order":"","_links":{"self":[{"href":"https:\/\/aem.hr\/en\/wp-json\/wp\/v2\/pages\/14854","targetHints":{"allow":["GET"]}}],"collection":[{"href":"https:\/\/aem.hr\/en\/wp-json\/wp\/v2\/pages"}],"about":[{"href":"https:\/\/aem.hr\/en\/wp-json\/wp\/v2\/types\/page"}],"author":[{"embeddable":true,"href":"https:\/\/aem.hr\/en\/wp-json\/wp\/v2\/users\/18"}],"replies":[{"embeddable":true,"href":"https:\/\/aem.hr\/en\/wp-json\/wp\/v2\/comments?post=14854"}],"version-history":[{"count":1,"href":"https:\/\/aem.hr\/en\/wp-json\/wp\/v2\/pages\/14854\/revisions"}],"predecessor-version":[{"id":14874,"href":"https:\/\/aem.hr\/en\/wp-json\/wp\/v2\/pages\/14854\/revisions\/14874"}],"wp:attachment":[{"href":"https:\/\/aem.hr\/en\/wp-json\/wp\/v2\/media?parent=14854"}],"curies":[{"name":"wp","href":"https:\/\/api.w.org\/{rel}","templated":true}]}}