{"id":14894,"date":"2023-01-31T12:27:26","date_gmt":"2023-01-31T11:27:26","guid":{"rendered":"http:\/\/aem.hr\/?page_id=14894"},"modified":"2023-01-31T12:27:27","modified_gmt":"2023-01-31T11:27:27","slug":"branka-sobodic-promicanje-kulture-i-tradicijskih-obicaja-nacionalne-manjine-ceske-obeci-bjelovar","status":"publish","type":"page","link":"https:\/\/aem.hr\/en\/branka-sobodic-promicanje-kulture-i-tradicijskih-obicaja-nacionalne-manjine-ceske-obeci-bjelovar\/","title":{"rendered":"Branka Sobodi\u0107 &#8211; Promicanje kulture i tradicijskih obi\u010daja nacionalne manjine \u010ce\u0161ke obeci Bjelovar"},"content":{"rendered":"\n<div class=\"wp-block-file\"><a id=\"wp-block-file--media-f259f21f-1554-4288-b446-286d44c086f7\" href=\"https:\/\/aem.hr\/wp-content\/uploads\/2023\/01\/1.-Ceske-goste-iz-grada-Domazlice.pdf\">1. \u010ce\u0161ke goste iz grada Doma\u017elice<\/a><a href=\"https:\/\/aem.hr\/wp-content\/uploads\/2023\/01\/1.-Ceske-goste-iz-grada-Domazlice.pdf\" class=\"wp-block-file__button wp-element-button\" download aria-describedby=\"wp-block-file--media-f259f21f-1554-4288-b446-286d44c086f7\">Preuzimanje<\/a><\/div>\n\n\n\n<div class=\"wp-block-file\"><a id=\"wp-block-file--media-103d934f-37e6-4e76-8d07-98252f7e5114\" href=\"https:\/\/aem.hr\/wp-content\/uploads\/2023\/01\/2.-Ovogodisnja-manifestacija-VECER-FOLKLORA.pdf\">2. Ovogodi\u0161nja manifestacija VE\u010cER FOLKLORA<\/a><a href=\"https:\/\/aem.hr\/wp-content\/uploads\/2023\/01\/2.-Ovogodisnja-manifestacija-VECER-FOLKLORA.pdf\" class=\"wp-block-file__button wp-element-button\" download aria-describedby=\"wp-block-file--media-103d934f-37e6-4e76-8d07-98252f7e5114\">Preuzimanje<\/a><\/div>\n\n\n\n<div class=\"wp-block-file\"><a id=\"wp-block-file--media-ef4eb65a-97b8-4daa-854a-ae9950283a26\" href=\"https:\/\/aem.hr\/wp-content\/uploads\/2023\/01\/3.-Zdenko-Trnka-iz-Ceske-obeci-Bjelovar.pdf\">3. Zdenko Trnka iz \u010ce\u0161ke obeci Bjelovar<\/a><a href=\"https:\/\/aem.hr\/wp-content\/uploads\/2023\/01\/3.-Zdenko-Trnka-iz-Ceske-obeci-Bjelovar.pdf\" class=\"wp-block-file__button wp-element-button\" download aria-describedby=\"wp-block-file--media-ef4eb65a-97b8-4daa-854a-ae9950283a26\">Preuzimanje<\/a><\/div>\n\n\n\n<div class=\"wp-block-file\"><a id=\"wp-block-file--media-e4017af7-3024-410b-89bd-83c0c3304d70\" href=\"https:\/\/aem.hr\/wp-content\/uploads\/2023\/01\/4.-Ceska-obec-Bjelovar-njeguje-ceski-jezik.pdf\">4. \u010ce\u0161ka obec Bjelovar njeguje \u010de\u0161ki jezik<\/a><a href=\"https:\/\/aem.hr\/wp-content\/uploads\/2023\/01\/4.-Ceska-obec-Bjelovar-njeguje-ceski-jezik.pdf\" class=\"wp-block-file__button wp-element-button\" download aria-describedby=\"wp-block-file--media-e4017af7-3024-410b-89bd-83c0c3304d70\">Preuzimanje<\/a><\/div>\n\n\n\n<div class=\"wp-block-file\"><a id=\"wp-block-file--media-eea747ed-d24d-4f6f-a300-96bdf4483fdf\" href=\"https:\/\/aem.hr\/wp-content\/uploads\/2023\/01\/5.-Cuvari-bastine-Ceske-obeci-Bjelovar.pdf\">5. \u010cuvari ba\u0161tine \u010ce\u0161ke obeci Bjelovar<\/a><a href=\"https:\/\/aem.hr\/wp-content\/uploads\/2023\/01\/5.-Cuvari-bastine-Ceske-obeci-Bjelovar.pdf\" class=\"wp-block-file__button wp-element-button\" download aria-describedby=\"wp-block-file--media-eea747ed-d24d-4f6f-a300-96bdf4483fdf\">Preuzimanje<\/a><\/div>\n\n\n\n<div class=\"wp-block-file\"><a id=\"wp-block-file--media-de5a39a1-ca4f-4671-b31d-7ac7fb65625f\" href=\"https:\/\/aem.hr\/wp-content\/uploads\/2023\/01\/6.-Nakon-dvije-godine-stanke-dobra-organizacija.pdf\">6. Nakon dvije godine stanke dobra organizacija<\/a><a href=\"https:\/\/aem.hr\/wp-content\/uploads\/2023\/01\/6.-Nakon-dvije-godine-stanke-dobra-organizacija.pdf\" class=\"wp-block-file__button wp-element-button\" download aria-describedby=\"wp-block-file--media-de5a39a1-ca4f-4671-b31d-7ac7fb65625f\">Preuzimanje<\/a><\/div>\n\n\n\n<div class=\"wp-block-file\"><a id=\"wp-block-file--media-fa39a121-8d44-4d5c-ad33-107c09e0a204\" href=\"https:\/\/aem.hr\/wp-content\/uploads\/2023\/01\/7.-Donosimo-po-cemu-se-razlikuju-bogate.pdf\">7. Donosimo po \u010demu se razlikuju bogate<\/a><a href=\"https:\/\/aem.hr\/wp-content\/uploads\/2023\/01\/7.-Donosimo-po-cemu-se-razlikuju-bogate.pdf\" class=\"wp-block-file__button wp-element-button\" download aria-describedby=\"wp-block-file--media-fa39a121-8d44-4d5c-ad33-107c09e0a204\">Preuzimanje<\/a><\/div>\n\n\n\n<div class=\"wp-block-file\"><a id=\"wp-block-file--media-752cbc40-1b47-4a17-af03-439cedf0ccc7\" href=\"https:\/\/aem.hr\/wp-content\/uploads\/2023\/01\/8.-Ceska-obec-Bjelovar-je-medu-najaktivnijim.pdf\">8. \u010ce\u0161ka obec Bjelovar je me\u0111u najaktivnijim<\/a><a href=\"https:\/\/aem.hr\/wp-content\/uploads\/2023\/01\/8.-Ceska-obec-Bjelovar-je-medu-najaktivnijim.pdf\" class=\"wp-block-file__button wp-element-button\" download aria-describedby=\"wp-block-file--media-752cbc40-1b47-4a17-af03-439cedf0ccc7\">Preuzimanje<\/a><\/div>\n\n\n\n<div class=\"wp-block-file\"><a id=\"wp-block-file--media-9a362775-9ca5-44e3-902d-f56778ca7c38\" href=\"https:\/\/aem.hr\/wp-content\/uploads\/2023\/01\/9.-Ceska-obec-Bjelovar-vise-od-sto-godina.pdf\">9. \u010ce\u0161ka obec Bjelovar vi\u0161e od sto godina<\/a><a href=\"https:\/\/aem.hr\/wp-content\/uploads\/2023\/01\/9.-Ceska-obec-Bjelovar-vise-od-sto-godina.pdf\" class=\"wp-block-file__button wp-element-button\" download aria-describedby=\"wp-block-file--media-9a362775-9ca5-44e3-902d-f56778ca7c38\">Preuzimanje<\/a><\/div>\n\n\n\n<div class=\"wp-block-file\"><a id=\"wp-block-file--media-9913c335-f807-4462-9ea4-42d1651cb1c8\" href=\"https:\/\/aem.hr\/wp-content\/uploads\/2023\/01\/10.-Upoznajte-kulturu-zivljenja-Ceske-obeci-Bjelovar.pdf\">10. Upoznajte kulturu \u017eivljenja \u010ce\u0161ke obeci Bjelovar<\/a><a href=\"https:\/\/aem.hr\/wp-content\/uploads\/2023\/01\/10.-Upoznajte-kulturu-zivljenja-Ceske-obeci-Bjelovar.pdf\" class=\"wp-block-file__button wp-element-button\" download aria-describedby=\"wp-block-file--media-9913c335-f807-4462-9ea4-42d1651cb1c8\">Preuzimanje<\/a><\/div>\n\n\n\n<p><\/p>\n","protected":false},"excerpt":{"rendered":"","protected":false},"author":18,"featured_media":0,"parent":0,"menu_order":0,"comment_status":"closed","ping_status":"closed","template":"","meta":{"_acf_changed":false,"inline_featured_image":false,"advgb_blocks_editor_width":"","advgb_blocks_columns_visual_guide":"","_links_to":"","_links_to_type":0,"footnotes":""},"class_list":["post-14894","page","type-page","status-publish","hentry"],"acf":[],"yoast_head":"<!-- This site is optimized with the Yoast SEO plugin v25.7 - https:\/\/yoast.com\/wordpress\/plugins\/seo\/ -->\n<title>Branka Sobodi\u0107 - Promicanje kulture i tradicijskih obi\u010daja nacionalne manjine \u010ce\u0161ke obeci Bjelovar - Agencija za elektroni\u010dke medije<\/title>\n<meta name=\"robots\" content=\"index, follow, max-snippet:-1, max-image-preview:large, max-video-preview:-1\" \/>\n<link rel=\"canonical\" href=\"https:\/\/aem.hr\/branka-sobodic-promicanje-kulture-i-tradicijskih-obicaja-nacionalne-manjine-ceske-obeci-bjelovar\/\" \/>\n<meta property=\"og:locale\" content=\"en_US\" \/>\n<meta property=\"og:type\" content=\"article\" \/>\n<meta property=\"og:title\" content=\"Branka Sobodi\u0107 - Promicanje kulture i tradicijskih obi\u010daja nacionalne manjine \u010ce\u0161ke obeci Bjelovar - Agencija za elektroni\u010dke medije\" \/>\n<meta property=\"og:url\" content=\"https:\/\/aem.hr\/branka-sobodic-promicanje-kulture-i-tradicijskih-obicaja-nacionalne-manjine-ceske-obeci-bjelovar\/\" \/>\n<meta property=\"og:site_name\" content=\"Agencija za elektroni\u010dke medije\" \/>\n<meta property=\"article:modified_time\" content=\"2023-01-31T11:27:27+00:00\" \/>\n<meta name=\"twitter:card\" content=\"summary_large_image\" \/>\n<meta name=\"twitter:label1\" content=\"Est. reading time\" \/>\n\t<meta name=\"twitter:data1\" content=\"1 minute\" \/>\n<script type=\"application\/ld+json\" class=\"yoast-schema-graph\">{\"@context\":\"https:\/\/schema.org\",\"@graph\":[{\"@type\":\"WebPage\",\"@id\":\"https:\/\/aem.hr\/branka-sobodic-promicanje-kulture-i-tradicijskih-obicaja-nacionalne-manjine-ceske-obeci-bjelovar\/\",\"url\":\"https:\/\/aem.hr\/branka-sobodic-promicanje-kulture-i-tradicijskih-obicaja-nacionalne-manjine-ceske-obeci-bjelovar\/\",\"name\":\"Branka Sobodi\u0107 - Promicanje kulture i tradicijskih obi\u010daja nacionalne manjine \u010ce\u0161ke obeci Bjelovar - Agencija za elektroni\u010dke medije\",\"isPartOf\":{\"@id\":\"https:\/\/aem.hr\/#website\"},\"datePublished\":\"2023-01-31T11:27:26+00:00\",\"dateModified\":\"2023-01-31T11:27:27+00:00\",\"breadcrumb\":{\"@id\":\"https:\/\/aem.hr\/branka-sobodic-promicanje-kulture-i-tradicijskih-obicaja-nacionalne-manjine-ceske-obeci-bjelovar\/#breadcrumb\"},\"inLanguage\":\"en-US\",\"potentialAction\":[{\"@type\":\"ReadAction\",\"target\":[\"https:\/\/aem.hr\/branka-sobodic-promicanje-kulture-i-tradicijskih-obicaja-nacionalne-manjine-ceske-obeci-bjelovar\/\"]}]},{\"@type\":\"BreadcrumbList\",\"@id\":\"https:\/\/aem.hr\/branka-sobodic-promicanje-kulture-i-tradicijskih-obicaja-nacionalne-manjine-ceske-obeci-bjelovar\/#breadcrumb\",\"itemListElement\":[{\"@type\":\"ListItem\",\"position\":1,\"name\":\"Po\u010detna stranica\",\"item\":\"https:\/\/aem.hr\/\"},{\"@type\":\"ListItem\",\"position\":2,\"name\":\"Branka Sobodi\u0107 &#8211; Promicanje kulture i tradicijskih obi\u010daja nacionalne manjine \u010ce\u0161ke obeci Bjelovar\"}]},{\"@type\":\"WebSite\",\"@id\":\"https:\/\/aem.hr\/#website\",\"url\":\"https:\/\/aem.hr\/\",\"name\":\"Agencija za elektroni\u010dke medije\",\"description\":\"\",\"potentialAction\":[{\"@type\":\"SearchAction\",\"target\":{\"@type\":\"EntryPoint\",\"urlTemplate\":\"https:\/\/aem.hr\/?s={search_term_string}\"},\"query-input\":{\"@type\":\"PropertyValueSpecification\",\"valueRequired\":true,\"valueName\":\"search_term_string\"}}],\"inLanguage\":\"en-US\"}]}<\/script>\n<!-- \/ Yoast SEO plugin. -->","yoast_head_json":{"title":"Branka Sobodi\u0107 - Promicanje kulture i tradicijskih obi\u010daja nacionalne manjine \u010ce\u0161ke obeci Bjelovar - Agencija za elektroni\u010dke medije","robots":{"index":"index","follow":"follow","max-snippet":"max-snippet:-1","max-image-preview":"max-image-preview:large","max-video-preview":"max-video-preview:-1"},"canonical":"https:\/\/aem.hr\/branka-sobodic-promicanje-kulture-i-tradicijskih-obicaja-nacionalne-manjine-ceske-obeci-bjelovar\/","og_locale":"en_US","og_type":"article","og_title":"Branka Sobodi\u0107 - Promicanje kulture i tradicijskih obi\u010daja nacionalne manjine \u010ce\u0161ke obeci Bjelovar - Agencija za elektroni\u010dke medije","og_url":"https:\/\/aem.hr\/branka-sobodic-promicanje-kulture-i-tradicijskih-obicaja-nacionalne-manjine-ceske-obeci-bjelovar\/","og_site_name":"Agencija za elektroni\u010dke medije","article_modified_time":"2023-01-31T11:27:27+00:00","twitter_card":"summary_large_image","twitter_misc":{"Est. reading time":"1 minute"},"schema":{"@context":"https:\/\/schema.org","@graph":[{"@type":"WebPage","@id":"https:\/\/aem.hr\/branka-sobodic-promicanje-kulture-i-tradicijskih-obicaja-nacionalne-manjine-ceske-obeci-bjelovar\/","url":"https:\/\/aem.hr\/branka-sobodic-promicanje-kulture-i-tradicijskih-obicaja-nacionalne-manjine-ceske-obeci-bjelovar\/","name":"Branka Sobodi\u0107 - Promicanje kulture i tradicijskih obi\u010daja nacionalne manjine \u010ce\u0161ke obeci Bjelovar - Agencija za elektroni\u010dke medije","isPartOf":{"@id":"https:\/\/aem.hr\/#website"},"datePublished":"2023-01-31T11:27:26+00:00","dateModified":"2023-01-31T11:27:27+00:00","breadcrumb":{"@id":"https:\/\/aem.hr\/branka-sobodic-promicanje-kulture-i-tradicijskih-obicaja-nacionalne-manjine-ceske-obeci-bjelovar\/#breadcrumb"},"inLanguage":"en-US","potentialAction":[{"@type":"ReadAction","target":["https:\/\/aem.hr\/branka-sobodic-promicanje-kulture-i-tradicijskih-obicaja-nacionalne-manjine-ceske-obeci-bjelovar\/"]}]},{"@type":"BreadcrumbList","@id":"https:\/\/aem.hr\/branka-sobodic-promicanje-kulture-i-tradicijskih-obicaja-nacionalne-manjine-ceske-obeci-bjelovar\/#breadcrumb","itemListElement":[{"@type":"ListItem","position":1,"name":"Po\u010detna stranica","item":"https:\/\/aem.hr\/"},{"@type":"ListItem","position":2,"name":"Branka Sobodi\u0107 &#8211; Promicanje kulture i tradicijskih obi\u010daja nacionalne manjine \u010ce\u0161ke obeci Bjelovar"}]},{"@type":"WebSite","@id":"https:\/\/aem.hr\/#website","url":"https:\/\/aem.hr\/","name":"Agencija za elektroni\u010dke medije","description":"","potentialAction":[{"@type":"SearchAction","target":{"@type":"EntryPoint","urlTemplate":"https:\/\/aem.hr\/?s={search_term_string}"},"query-input":{"@type":"PropertyValueSpecification","valueRequired":true,"valueName":"search_term_string"}}],"inLanguage":"en-US"}]}},"coauthors":[],"author_meta":{"author_link":"https:\/\/aem.hr\/en\/blog\/author\/mkirac\/","display_name":"Matko Kirac"},"relative_dates":{"created":"Posted 3 years ago","modified":"Updated 3 years ago"},"absolute_dates":{"created":"Posted on 31. January 2023.","modified":"Updated on 31. January 2023."},"absolute_dates_time":{"created":"Posted on 31. January 2023. 12:27","modified":"Updated on 31. January 2023. 12:27"},"featured_img_caption":"","featured_img":false,"series_order":"","_links":{"self":[{"href":"https:\/\/aem.hr\/en\/wp-json\/wp\/v2\/pages\/14894","targetHints":{"allow":["GET"]}}],"collection":[{"href":"https:\/\/aem.hr\/en\/wp-json\/wp\/v2\/pages"}],"about":[{"href":"https:\/\/aem.hr\/en\/wp-json\/wp\/v2\/types\/page"}],"author":[{"embeddable":true,"href":"https:\/\/aem.hr\/en\/wp-json\/wp\/v2\/users\/18"}],"replies":[{"embeddable":true,"href":"https:\/\/aem.hr\/en\/wp-json\/wp\/v2\/comments?post=14894"}],"version-history":[{"count":1,"href":"https:\/\/aem.hr\/en\/wp-json\/wp\/v2\/pages\/14894\/revisions"}],"predecessor-version":[{"id":14916,"href":"https:\/\/aem.hr\/en\/wp-json\/wp\/v2\/pages\/14894\/revisions\/14916"}],"wp:attachment":[{"href":"https:\/\/aem.hr\/en\/wp-json\/wp\/v2\/media?parent=14894"}],"curies":[{"name":"wp","href":"https:\/\/api.w.org\/{rel}","templated":true}]}}