{"id":14972,"date":"2023-02-02T10:59:16","date_gmt":"2023-02-02T09:59:16","guid":{"rendered":"http:\/\/aem.hr\/?page_id=14972"},"modified":"2023-02-02T10:59:17","modified_gmt":"2023-02-02T09:59:17","slug":"velibor-mandic-tehnologija-i-demokracija","status":"publish","type":"page","link":"https:\/\/aem.hr\/en\/velibor-mandic-tehnologija-i-demokracija\/","title":{"rendered":"Velibor Mandi\u0107 &#8211; Tehnologija i demokracija"},"content":{"rendered":"\n<div class=\"wp-block-file\"><a id=\"wp-block-file--media-71451907-bc41-45ce-9c3e-7a5ce2fb87b1\" href=\"https:\/\/aem.hr\/wp-content\/uploads\/2023\/02\/1.-Hoce-li-Elon-Musk-postivati-novo-europsko.pdf\">1. Ho\u0107e li Elon Musk po\u0161tivati novo europsko<\/a><a href=\"https:\/\/aem.hr\/wp-content\/uploads\/2023\/02\/1.-Hoce-li-Elon-Musk-postivati-novo-europsko.pdf\" class=\"wp-block-file__button wp-element-button\" download aria-describedby=\"wp-block-file--media-71451907-bc41-45ce-9c3e-7a5ce2fb87b1\">Preuzimanje<\/a><\/div>\n\n\n\n<div class=\"wp-block-file\"><a id=\"wp-block-file--media-efe7fa49-c340-4e20-ab64-c093727178bc\" href=\"https:\/\/aem.hr\/wp-content\/uploads\/2023\/02\/2.-Od-pluga-i-motike.pdf\">2. Od pluga i motike<\/a><a href=\"https:\/\/aem.hr\/wp-content\/uploads\/2023\/02\/2.-Od-pluga-i-motike.pdf\" class=\"wp-block-file__button wp-element-button\" download aria-describedby=\"wp-block-file--media-efe7fa49-c340-4e20-ab64-c093727178bc\">Preuzimanje<\/a><\/div>\n\n\n\n<div class=\"wp-block-file\"><a id=\"wp-block-file--media-0a47c42c-9a1e-4373-b4ac-9cc140fe4490\" href=\"https:\/\/aem.hr\/wp-content\/uploads\/2023\/02\/3.-Utjecaj-tehnodivova-na-izbore.pdf\">3. Utjecaj tehnodivova na izbore<\/a><a href=\"https:\/\/aem.hr\/wp-content\/uploads\/2023\/02\/3.-Utjecaj-tehnodivova-na-izbore.pdf\" class=\"wp-block-file__button wp-element-button\" download aria-describedby=\"wp-block-file--media-0a47c42c-9a1e-4373-b4ac-9cc140fe4490\">Preuzimanje<\/a><\/div>\n\n\n\n<div class=\"wp-block-file\"><a id=\"wp-block-file--media-8455f1e9-bf28-48dd-a2e8-66dd9b9dfc16\" href=\"https:\/\/aem.hr\/wp-content\/uploads\/2023\/02\/4.-Zlatno-doba-spijuniranja.pdf\">4. Zlatno doba \u0161pijuniranja<\/a><a href=\"https:\/\/aem.hr\/wp-content\/uploads\/2023\/02\/4.-Zlatno-doba-spijuniranja.pdf\" class=\"wp-block-file__button wp-element-button\" download aria-describedby=\"wp-block-file--media-8455f1e9-bf28-48dd-a2e8-66dd9b9dfc16\">Preuzimanje<\/a><\/div>\n\n\n\n<div class=\"wp-block-file\"><a id=\"wp-block-file--media-b38a1c31-e312-4524-bf25-6fb545a790d3\" href=\"https:\/\/aem.hr\/wp-content\/uploads\/2023\/02\/5.-Kruh-nas-svagdasnji-doraden-genomsk.pdf\">5. Kruh na\u0161 svagda\u0161nji dora\u0111en genomsk<\/a><a href=\"https:\/\/aem.hr\/wp-content\/uploads\/2023\/02\/5.-Kruh-nas-svagdasnji-doraden-genomsk.pdf\" class=\"wp-block-file__button wp-element-button\" download aria-describedby=\"wp-block-file--media-b38a1c31-e312-4524-bf25-6fb545a790d3\">Preuzimanje<\/a><\/div>\n\n\n\n<div class=\"wp-block-file\"><a id=\"wp-block-file--media-d2c14cc6-d9b6-46f9-9ced-1b8d5db96fad\" href=\"https:\/\/aem.hr\/wp-content\/uploads\/2023\/02\/6.-Umjetna-inteligencija-i-pojeftinjenje-kile-mozga.pdf\">6. Umjetna inteligencija i pojeftinjenje kile mozga<\/a><a href=\"https:\/\/aem.hr\/wp-content\/uploads\/2023\/02\/6.-Umjetna-inteligencija-i-pojeftinjenje-kile-mozga.pdf\" class=\"wp-block-file__button wp-element-button\" download aria-describedby=\"wp-block-file--media-d2c14cc6-d9b6-46f9-9ced-1b8d5db96fad\">Preuzimanje<\/a><\/div>\n\n\n\n<p><\/p>\n","protected":false},"excerpt":{"rendered":"","protected":false},"author":18,"featured_media":0,"parent":0,"menu_order":0,"comment_status":"closed","ping_status":"closed","template":"","meta":{"_acf_changed":false,"inline_featured_image":false,"advgb_blocks_editor_width":"","advgb_blocks_columns_visual_guide":"","_links_to":"","_links_to_type":0,"footnotes":""},"class_list":["post-14972","page","type-page","status-publish","hentry"],"acf":[],"yoast_head":"<!-- This site is optimized with the Yoast SEO plugin v25.7 - https:\/\/yoast.com\/wordpress\/plugins\/seo\/ -->\n<title>Velibor Mandi\u0107 - Tehnologija i demokracija - Agencija za elektroni\u010dke medije<\/title>\n<meta name=\"robots\" content=\"index, follow, max-snippet:-1, max-image-preview:large, max-video-preview:-1\" \/>\n<link rel=\"canonical\" href=\"https:\/\/aem.hr\/velibor-mandic-tehnologija-i-demokracija\/\" \/>\n<meta property=\"og:locale\" content=\"en_US\" \/>\n<meta property=\"og:type\" content=\"article\" \/>\n<meta property=\"og:title\" content=\"Velibor Mandi\u0107 - Tehnologija i demokracija - Agencija za elektroni\u010dke medije\" \/>\n<meta property=\"og:url\" content=\"https:\/\/aem.hr\/velibor-mandic-tehnologija-i-demokracija\/\" \/>\n<meta property=\"og:site_name\" content=\"Agencija za elektroni\u010dke medije\" \/>\n<meta property=\"article:modified_time\" content=\"2023-02-02T09:59:17+00:00\" \/>\n<meta name=\"twitter:card\" content=\"summary_large_image\" \/>\n<meta name=\"twitter:label1\" content=\"Est. reading time\" \/>\n\t<meta name=\"twitter:data1\" content=\"1 minute\" \/>\n<script type=\"application\/ld+json\" class=\"yoast-schema-graph\">{\"@context\":\"https:\/\/schema.org\",\"@graph\":[{\"@type\":\"WebPage\",\"@id\":\"https:\/\/aem.hr\/velibor-mandic-tehnologija-i-demokracija\/\",\"url\":\"https:\/\/aem.hr\/velibor-mandic-tehnologija-i-demokracija\/\",\"name\":\"Velibor Mandi\u0107 - Tehnologija i demokracija - Agencija za elektroni\u010dke medije\",\"isPartOf\":{\"@id\":\"https:\/\/aem.hr\/#website\"},\"datePublished\":\"2023-02-02T09:59:16+00:00\",\"dateModified\":\"2023-02-02T09:59:17+00:00\",\"breadcrumb\":{\"@id\":\"https:\/\/aem.hr\/velibor-mandic-tehnologija-i-demokracija\/#breadcrumb\"},\"inLanguage\":\"en-US\",\"potentialAction\":[{\"@type\":\"ReadAction\",\"target\":[\"https:\/\/aem.hr\/velibor-mandic-tehnologija-i-demokracija\/\"]}]},{\"@type\":\"BreadcrumbList\",\"@id\":\"https:\/\/aem.hr\/velibor-mandic-tehnologija-i-demokracija\/#breadcrumb\",\"itemListElement\":[{\"@type\":\"ListItem\",\"position\":1,\"name\":\"Po\u010detna stranica\",\"item\":\"https:\/\/aem.hr\/\"},{\"@type\":\"ListItem\",\"position\":2,\"name\":\"Velibor Mandi\u0107 &#8211; Tehnologija i demokracija\"}]},{\"@type\":\"WebSite\",\"@id\":\"https:\/\/aem.hr\/#website\",\"url\":\"https:\/\/aem.hr\/\",\"name\":\"Agencija za elektroni\u010dke medije\",\"description\":\"\",\"potentialAction\":[{\"@type\":\"SearchAction\",\"target\":{\"@type\":\"EntryPoint\",\"urlTemplate\":\"https:\/\/aem.hr\/?s={search_term_string}\"},\"query-input\":{\"@type\":\"PropertyValueSpecification\",\"valueRequired\":true,\"valueName\":\"search_term_string\"}}],\"inLanguage\":\"en-US\"}]}<\/script>\n<!-- \/ Yoast SEO plugin. -->","yoast_head_json":{"title":"Velibor Mandi\u0107 - Tehnologija i demokracija - Agencija za elektroni\u010dke medije","robots":{"index":"index","follow":"follow","max-snippet":"max-snippet:-1","max-image-preview":"max-image-preview:large","max-video-preview":"max-video-preview:-1"},"canonical":"https:\/\/aem.hr\/velibor-mandic-tehnologija-i-demokracija\/","og_locale":"en_US","og_type":"article","og_title":"Velibor Mandi\u0107 - Tehnologija i demokracija - Agencija za elektroni\u010dke medije","og_url":"https:\/\/aem.hr\/velibor-mandic-tehnologija-i-demokracija\/","og_site_name":"Agencija za elektroni\u010dke medije","article_modified_time":"2023-02-02T09:59:17+00:00","twitter_card":"summary_large_image","twitter_misc":{"Est. reading time":"1 minute"},"schema":{"@context":"https:\/\/schema.org","@graph":[{"@type":"WebPage","@id":"https:\/\/aem.hr\/velibor-mandic-tehnologija-i-demokracija\/","url":"https:\/\/aem.hr\/velibor-mandic-tehnologija-i-demokracija\/","name":"Velibor Mandi\u0107 - Tehnologija i demokracija - Agencija za elektroni\u010dke medije","isPartOf":{"@id":"https:\/\/aem.hr\/#website"},"datePublished":"2023-02-02T09:59:16+00:00","dateModified":"2023-02-02T09:59:17+00:00","breadcrumb":{"@id":"https:\/\/aem.hr\/velibor-mandic-tehnologija-i-demokracija\/#breadcrumb"},"inLanguage":"en-US","potentialAction":[{"@type":"ReadAction","target":["https:\/\/aem.hr\/velibor-mandic-tehnologija-i-demokracija\/"]}]},{"@type":"BreadcrumbList","@id":"https:\/\/aem.hr\/velibor-mandic-tehnologija-i-demokracija\/#breadcrumb","itemListElement":[{"@type":"ListItem","position":1,"name":"Po\u010detna stranica","item":"https:\/\/aem.hr\/"},{"@type":"ListItem","position":2,"name":"Velibor Mandi\u0107 &#8211; Tehnologija i demokracija"}]},{"@type":"WebSite","@id":"https:\/\/aem.hr\/#website","url":"https:\/\/aem.hr\/","name":"Agencija za elektroni\u010dke medije","description":"","potentialAction":[{"@type":"SearchAction","target":{"@type":"EntryPoint","urlTemplate":"https:\/\/aem.hr\/?s={search_term_string}"},"query-input":{"@type":"PropertyValueSpecification","valueRequired":true,"valueName":"search_term_string"}}],"inLanguage":"en-US"}]}},"coauthors":[],"author_meta":{"author_link":"https:\/\/aem.hr\/en\/blog\/author\/mkirac\/","display_name":"Matko Kirac"},"relative_dates":{"created":"Posted 3 years ago","modified":"Updated 3 years ago"},"absolute_dates":{"created":"Posted on 2. February 2023.","modified":"Updated on 2. February 2023."},"absolute_dates_time":{"created":"Posted on 2. February 2023. 10:59","modified":"Updated on 2. February 2023. 10:59"},"featured_img_caption":"","featured_img":false,"series_order":"","_links":{"self":[{"href":"https:\/\/aem.hr\/en\/wp-json\/wp\/v2\/pages\/14972","targetHints":{"allow":["GET"]}}],"collection":[{"href":"https:\/\/aem.hr\/en\/wp-json\/wp\/v2\/pages"}],"about":[{"href":"https:\/\/aem.hr\/en\/wp-json\/wp\/v2\/types\/page"}],"author":[{"embeddable":true,"href":"https:\/\/aem.hr\/en\/wp-json\/wp\/v2\/users\/18"}],"replies":[{"embeddable":true,"href":"https:\/\/aem.hr\/en\/wp-json\/wp\/v2\/comments?post=14972"}],"version-history":[{"count":1,"href":"https:\/\/aem.hr\/en\/wp-json\/wp\/v2\/pages\/14972\/revisions"}],"predecessor-version":[{"id":14985,"href":"https:\/\/aem.hr\/en\/wp-json\/wp\/v2\/pages\/14972\/revisions\/14985"}],"wp:attachment":[{"href":"https:\/\/aem.hr\/en\/wp-json\/wp\/v2\/media?parent=14972"}],"curies":[{"name":"wp","href":"https:\/\/api.w.org\/{rel}","templated":true}]}}