{"id":14986,"date":"2023-02-02T11:01:06","date_gmt":"2023-02-02T10:01:06","guid":{"rendered":"http:\/\/aem.hr\/?page_id=14986"},"modified":"2023-02-02T11:01:08","modified_gmt":"2023-02-02T10:01:08","slug":"augustin-basic-manjinske-religijske-zajednice-izazov-sekularnom-drustvu","status":"publish","type":"page","link":"https:\/\/aem.hr\/en\/augustin-basic-manjinske-religijske-zajednice-izazov-sekularnom-drustvu\/","title":{"rendered":"Augustin Ba\u0161i\u0107 &#8211; Manjinske religijske zajednice \u2013 izazov sekularnom dru\u0161tvu?"},"content":{"rendered":"\n<div class=\"wp-block-file\"><a id=\"wp-block-file--media-a5d1848b-6077-449d-8bf4-262efc9e66e0\" href=\"https:\/\/aem.hr\/wp-content\/uploads\/2023\/02\/1.-Matak_-Treba-upoznati-i-razumjeti-drugoga.pdf\">1. Matak_ Treba upoznati i razumjeti drugoga<\/a><a href=\"https:\/\/aem.hr\/wp-content\/uploads\/2023\/02\/1.-Matak_-Treba-upoznati-i-razumjeti-drugoga.pdf\" class=\"wp-block-file__button wp-element-button\" download aria-describedby=\"wp-block-file--media-a5d1848b-6077-449d-8bf4-262efc9e66e0\">Preuzimanje<\/a><\/div>\n\n\n\n<div class=\"wp-block-file\"><a id=\"wp-block-file--media-40891323-f93a-4225-982f-88968d39534b\" href=\"https:\/\/aem.hr\/wp-content\/uploads\/2023\/02\/2.-Uzinic_-Nitko-nema-monopol-na-javni-moral.pdf\">2. Uzini\u0107_ Nitko nema monopol na javni moral<\/a><a href=\"https:\/\/aem.hr\/wp-content\/uploads\/2023\/02\/2.-Uzinic_-Nitko-nema-monopol-na-javni-moral.pdf\" class=\"wp-block-file__button wp-element-button\" download aria-describedby=\"wp-block-file--media-40891323-f93a-4225-982f-88968d39534b\">Preuzimanje<\/a><\/div>\n\n\n\n<div class=\"wp-block-file\"><a id=\"wp-block-file--media-6c75a12c-8afd-4416-bce8-ebe8ebee9909\" href=\"https:\/\/aem.hr\/wp-content\/uploads\/2023\/02\/3.-Kolaric_-Korupciju-treba-katalogizirati-kao-strasno-zlo.pdf\">3. Kolari\u0107_ Korupciju treba katalogizirati kao stra\u0161no zlo<\/a><a href=\"https:\/\/aem.hr\/wp-content\/uploads\/2023\/02\/3.-Kolaric_-Korupciju-treba-katalogizirati-kao-strasno-zlo.pdf\" class=\"wp-block-file__button wp-element-button\" download aria-describedby=\"wp-block-file--media-6c75a12c-8afd-4416-bce8-ebe8ebee9909\">Preuzimanje<\/a><\/div>\n\n\n\n<div class=\"wp-block-file\"><a id=\"wp-block-file--media-1bfdc038-6ba7-4aaa-b84f-d9f13ade3485\" href=\"https:\/\/aem.hr\/wp-content\/uploads\/2023\/02\/4.-Vucetic_-Solidarnost-je-temelj-nase-ljudskosti.pdf\">4. Vu\u010deti\u0107_ Solidarnost je temelj na\u0161e ljudskosti<\/a><a href=\"https:\/\/aem.hr\/wp-content\/uploads\/2023\/02\/4.-Vucetic_-Solidarnost-je-temelj-nase-ljudskosti.pdf\" class=\"wp-block-file__button wp-element-button\" download aria-describedby=\"wp-block-file--media-1bfdc038-6ba7-4aaa-b84f-d9f13ade3485\">Preuzimanje<\/a><\/div>\n\n\n\n<div class=\"wp-block-file\"><a id=\"wp-block-file--media-e72910c9-2a66-4dc6-bd26-f28264171f94\" href=\"https:\/\/aem.hr\/wp-content\/uploads\/2023\/02\/5.-Mejaski_-Mlade-treba-odgajati-na-osjetljivost.pdf\">5. Meja\u0161ki_ Mlade treba odgajati na osjetljivost<\/a><a href=\"https:\/\/aem.hr\/wp-content\/uploads\/2023\/02\/5.-Mejaski_-Mlade-treba-odgajati-na-osjetljivost.pdf\" class=\"wp-block-file__button wp-element-button\" download aria-describedby=\"wp-block-file--media-e72910c9-2a66-4dc6-bd26-f28264171f94\">Preuzimanje<\/a><\/div>\n\n\n\n<div class=\"wp-block-file\"><a id=\"wp-block-file--media-ba372dd4-ec15-4f04-93ae-18b21ffced5c\" href=\"https:\/\/aem.hr\/wp-content\/uploads\/2023\/02\/6.-Brncic_-Demokracija-ne-moze-funkcionirati.pdf\">6. Brn\u010di\u0107_ Demokracija ne mo\u017ee funkcionirati<\/a><a href=\"https:\/\/aem.hr\/wp-content\/uploads\/2023\/02\/6.-Brncic_-Demokracija-ne-moze-funkcionirati.pdf\" class=\"wp-block-file__button wp-element-button\" download aria-describedby=\"wp-block-file--media-ba372dd4-ec15-4f04-93ae-18b21ffced5c\">Preuzimanje<\/a><\/div>\n\n\n\n<p><\/p>\n","protected":false},"excerpt":{"rendered":"","protected":false},"author":18,"featured_media":0,"parent":0,"menu_order":0,"comment_status":"closed","ping_status":"closed","template":"","meta":{"_acf_changed":false,"inline_featured_image":false,"advgb_blocks_editor_width":"","advgb_blocks_columns_visual_guide":"","_links_to":"","_links_to_type":0,"footnotes":""},"class_list":["post-14986","page","type-page","status-publish","hentry"],"acf":[],"yoast_head":"<!-- This site is optimized with the Yoast SEO plugin v25.7 - https:\/\/yoast.com\/wordpress\/plugins\/seo\/ -->\n<title>Augustin Ba\u0161i\u0107 - Manjinske religijske zajednice \u2013 izazov sekularnom dru\u0161tvu? - Agencija za elektroni\u010dke medije<\/title>\n<meta name=\"robots\" content=\"index, follow, max-snippet:-1, max-image-preview:large, max-video-preview:-1\" \/>\n<link rel=\"canonical\" href=\"https:\/\/aem.hr\/augustin-basic-manjinske-religijske-zajednice-izazov-sekularnom-drustvu\/\" \/>\n<meta property=\"og:locale\" content=\"en_US\" \/>\n<meta property=\"og:type\" content=\"article\" \/>\n<meta property=\"og:title\" content=\"Augustin Ba\u0161i\u0107 - Manjinske religijske zajednice \u2013 izazov sekularnom dru\u0161tvu? - Agencija za elektroni\u010dke medije\" \/>\n<meta property=\"og:url\" content=\"https:\/\/aem.hr\/augustin-basic-manjinske-religijske-zajednice-izazov-sekularnom-drustvu\/\" \/>\n<meta property=\"og:site_name\" content=\"Agencija za elektroni\u010dke medije\" \/>\n<meta property=\"article:modified_time\" content=\"2023-02-02T10:01:08+00:00\" \/>\n<meta name=\"twitter:card\" content=\"summary_large_image\" \/>\n<meta name=\"twitter:label1\" content=\"Est. reading time\" \/>\n\t<meta name=\"twitter:data1\" content=\"1 minute\" \/>\n<script type=\"application\/ld+json\" class=\"yoast-schema-graph\">{\"@context\":\"https:\/\/schema.org\",\"@graph\":[{\"@type\":\"WebPage\",\"@id\":\"https:\/\/aem.hr\/augustin-basic-manjinske-religijske-zajednice-izazov-sekularnom-drustvu\/\",\"url\":\"https:\/\/aem.hr\/augustin-basic-manjinske-religijske-zajednice-izazov-sekularnom-drustvu\/\",\"name\":\"Augustin Ba\u0161i\u0107 - Manjinske religijske zajednice \u2013 izazov sekularnom dru\u0161tvu? - Agencija za elektroni\u010dke medije\",\"isPartOf\":{\"@id\":\"https:\/\/aem.hr\/#website\"},\"datePublished\":\"2023-02-02T10:01:06+00:00\",\"dateModified\":\"2023-02-02T10:01:08+00:00\",\"breadcrumb\":{\"@id\":\"https:\/\/aem.hr\/augustin-basic-manjinske-religijske-zajednice-izazov-sekularnom-drustvu\/#breadcrumb\"},\"inLanguage\":\"en-US\",\"potentialAction\":[{\"@type\":\"ReadAction\",\"target\":[\"https:\/\/aem.hr\/augustin-basic-manjinske-religijske-zajednice-izazov-sekularnom-drustvu\/\"]}]},{\"@type\":\"BreadcrumbList\",\"@id\":\"https:\/\/aem.hr\/augustin-basic-manjinske-religijske-zajednice-izazov-sekularnom-drustvu\/#breadcrumb\",\"itemListElement\":[{\"@type\":\"ListItem\",\"position\":1,\"name\":\"Po\u010detna stranica\",\"item\":\"https:\/\/aem.hr\/\"},{\"@type\":\"ListItem\",\"position\":2,\"name\":\"Augustin Ba\u0161i\u0107 &#8211; Manjinske religijske zajednice \u2013 izazov sekularnom dru\u0161tvu?\"}]},{\"@type\":\"WebSite\",\"@id\":\"https:\/\/aem.hr\/#website\",\"url\":\"https:\/\/aem.hr\/\",\"name\":\"Agencija za elektroni\u010dke medije\",\"description\":\"\",\"potentialAction\":[{\"@type\":\"SearchAction\",\"target\":{\"@type\":\"EntryPoint\",\"urlTemplate\":\"https:\/\/aem.hr\/?s={search_term_string}\"},\"query-input\":{\"@type\":\"PropertyValueSpecification\",\"valueRequired\":true,\"valueName\":\"search_term_string\"}}],\"inLanguage\":\"en-US\"}]}<\/script>\n<!-- \/ Yoast SEO plugin. -->","yoast_head_json":{"title":"Augustin Ba\u0161i\u0107 - Manjinske religijske zajednice \u2013 izazov sekularnom dru\u0161tvu? - Agencija za elektroni\u010dke medije","robots":{"index":"index","follow":"follow","max-snippet":"max-snippet:-1","max-image-preview":"max-image-preview:large","max-video-preview":"max-video-preview:-1"},"canonical":"https:\/\/aem.hr\/augustin-basic-manjinske-religijske-zajednice-izazov-sekularnom-drustvu\/","og_locale":"en_US","og_type":"article","og_title":"Augustin Ba\u0161i\u0107 - Manjinske religijske zajednice \u2013 izazov sekularnom dru\u0161tvu? - Agencija za elektroni\u010dke medije","og_url":"https:\/\/aem.hr\/augustin-basic-manjinske-religijske-zajednice-izazov-sekularnom-drustvu\/","og_site_name":"Agencija za elektroni\u010dke medije","article_modified_time":"2023-02-02T10:01:08+00:00","twitter_card":"summary_large_image","twitter_misc":{"Est. reading time":"1 minute"},"schema":{"@context":"https:\/\/schema.org","@graph":[{"@type":"WebPage","@id":"https:\/\/aem.hr\/augustin-basic-manjinske-religijske-zajednice-izazov-sekularnom-drustvu\/","url":"https:\/\/aem.hr\/augustin-basic-manjinske-religijske-zajednice-izazov-sekularnom-drustvu\/","name":"Augustin Ba\u0161i\u0107 - Manjinske religijske zajednice \u2013 izazov sekularnom dru\u0161tvu? - Agencija za elektroni\u010dke medije","isPartOf":{"@id":"https:\/\/aem.hr\/#website"},"datePublished":"2023-02-02T10:01:06+00:00","dateModified":"2023-02-02T10:01:08+00:00","breadcrumb":{"@id":"https:\/\/aem.hr\/augustin-basic-manjinske-religijske-zajednice-izazov-sekularnom-drustvu\/#breadcrumb"},"inLanguage":"en-US","potentialAction":[{"@type":"ReadAction","target":["https:\/\/aem.hr\/augustin-basic-manjinske-religijske-zajednice-izazov-sekularnom-drustvu\/"]}]},{"@type":"BreadcrumbList","@id":"https:\/\/aem.hr\/augustin-basic-manjinske-religijske-zajednice-izazov-sekularnom-drustvu\/#breadcrumb","itemListElement":[{"@type":"ListItem","position":1,"name":"Po\u010detna stranica","item":"https:\/\/aem.hr\/"},{"@type":"ListItem","position":2,"name":"Augustin Ba\u0161i\u0107 &#8211; Manjinske religijske zajednice \u2013 izazov sekularnom dru\u0161tvu?"}]},{"@type":"WebSite","@id":"https:\/\/aem.hr\/#website","url":"https:\/\/aem.hr\/","name":"Agencija za elektroni\u010dke medije","description":"","potentialAction":[{"@type":"SearchAction","target":{"@type":"EntryPoint","urlTemplate":"https:\/\/aem.hr\/?s={search_term_string}"},"query-input":{"@type":"PropertyValueSpecification","valueRequired":true,"valueName":"search_term_string"}}],"inLanguage":"en-US"}]}},"coauthors":[],"author_meta":{"author_link":"https:\/\/aem.hr\/en\/blog\/author\/mkirac\/","display_name":"Matko Kirac"},"relative_dates":{"created":"Posted 3 years ago","modified":"Updated 3 years ago"},"absolute_dates":{"created":"Posted on 2. February 2023.","modified":"Updated on 2. February 2023."},"absolute_dates_time":{"created":"Posted on 2. February 2023. 11:01","modified":"Updated on 2. February 2023. 11:01"},"featured_img_caption":"","featured_img":false,"series_order":"","_links":{"self":[{"href":"https:\/\/aem.hr\/en\/wp-json\/wp\/v2\/pages\/14986","targetHints":{"allow":["GET"]}}],"collection":[{"href":"https:\/\/aem.hr\/en\/wp-json\/wp\/v2\/pages"}],"about":[{"href":"https:\/\/aem.hr\/en\/wp-json\/wp\/v2\/types\/page"}],"author":[{"embeddable":true,"href":"https:\/\/aem.hr\/en\/wp-json\/wp\/v2\/users\/18"}],"replies":[{"embeddable":true,"href":"https:\/\/aem.hr\/en\/wp-json\/wp\/v2\/comments?post=14986"}],"version-history":[{"count":1,"href":"https:\/\/aem.hr\/en\/wp-json\/wp\/v2\/pages\/14986\/revisions"}],"predecessor-version":[{"id":14998,"href":"https:\/\/aem.hr\/en\/wp-json\/wp\/v2\/pages\/14986\/revisions\/14998"}],"wp:attachment":[{"href":"https:\/\/aem.hr\/en\/wp-json\/wp\/v2\/media?parent=14986"}],"curies":[{"name":"wp","href":"https:\/\/api.w.org\/{rel}","templated":true}]}}