{"id":14999,"date":"2023-02-02T11:03:41","date_gmt":"2023-02-02T10:03:41","guid":{"rendered":"http:\/\/aem.hr\/?page_id=14999"},"modified":"2023-02-02T11:03:42","modified_gmt":"2023-02-02T10:03:42","slug":"ivan-adluk-pomorska-bastina-dalmatinske-obale-i-otoka-kroz-povijest","status":"publish","type":"page","link":"https:\/\/aem.hr\/en\/ivan-adluk-pomorska-bastina-dalmatinske-obale-i-otoka-kroz-povijest\/","title":{"rendered":"Ivan Adluk &#8211; Pomorska ba\u0161tina dalmatinske obale i otoka kroz povijest"},"content":{"rendered":"\n<div class=\"wp-block-file\"><a id=\"wp-block-file--media-835d9ae5-6256-4ac1-bd98-82a0ad875b6c\" href=\"https:\/\/aem.hr\/wp-content\/uploads\/2023\/02\/1.-LUKA-ANTICKE-SALONE-1.-dio.pdf\">1. LUKA ANTI\u010cKE SALONE (1. dio)<\/a><a href=\"https:\/\/aem.hr\/wp-content\/uploads\/2023\/02\/1.-LUKA-ANTICKE-SALONE-1.-dio.pdf\" class=\"wp-block-file__button wp-element-button\" download aria-describedby=\"wp-block-file--media-835d9ae5-6256-4ac1-bd98-82a0ad875b6c\">Preuzimanje<\/a><\/div>\n\n\n\n<div class=\"wp-block-file\"><a id=\"wp-block-file--media-019850e0-91a7-4f53-8fc1-e56009db45ef\" href=\"https:\/\/aem.hr\/wp-content\/uploads\/2023\/02\/2.-LUKA-ANTICKE-SALONE-2.-dio.pdf\">2. LUKA ANTI\u010cKE SALONE (2. dio)<\/a><a href=\"https:\/\/aem.hr\/wp-content\/uploads\/2023\/02\/2.-LUKA-ANTICKE-SALONE-2.-dio.pdf\" class=\"wp-block-file__button wp-element-button\" download aria-describedby=\"wp-block-file--media-019850e0-91a7-4f53-8fc1-e56009db45ef\">Preuzimanje<\/a><\/div>\n\n\n\n<div class=\"wp-block-file\"><a id=\"wp-block-file--media-6ca61eef-36d6-465e-8c79-2cfcccb237f4\" href=\"https:\/\/aem.hr\/wp-content\/uploads\/2023\/02\/3.-ZVONO-S-DNA-MORA.pdf\">3. ZVONO S DNA MORA<\/a><a href=\"https:\/\/aem.hr\/wp-content\/uploads\/2023\/02\/3.-ZVONO-S-DNA-MORA.pdf\" class=\"wp-block-file__button wp-element-button\" download aria-describedby=\"wp-block-file--media-6ca61eef-36d6-465e-8c79-2cfcccb237f4\">Preuzimanje<\/a><\/div>\n\n\n\n<div class=\"wp-block-file\"><a id=\"wp-block-file--media-ade8ddb7-c5b5-41ed-ac6d-068dd1c16e9c\" href=\"https:\/\/aem.hr\/wp-content\/uploads\/2023\/02\/4.-TROGIRANI-NA-EGEJSKOM-MORU-1.-dio.pdf\">4. TROGIRANI NA EGEJSKOM MORU (1. dio)<\/a><a href=\"https:\/\/aem.hr\/wp-content\/uploads\/2023\/02\/4.-TROGIRANI-NA-EGEJSKOM-MORU-1.-dio.pdf\" class=\"wp-block-file__button wp-element-button\" download aria-describedby=\"wp-block-file--media-ade8ddb7-c5b5-41ed-ac6d-068dd1c16e9c\">Preuzimanje<\/a><\/div>\n\n\n\n<div class=\"wp-block-file\"><a id=\"wp-block-file--media-ca0c84c9-8443-4a3c-9c3f-a99241669a11\" href=\"https:\/\/aem.hr\/wp-content\/uploads\/2023\/02\/5.-TROGIRANI-NA-EGEJSKOM-MORU-2.-dio.pdf\">5. TROGIRANI NA EGEJSKOM MORU (2. dio)<\/a><a href=\"https:\/\/aem.hr\/wp-content\/uploads\/2023\/02\/5.-TROGIRANI-NA-EGEJSKOM-MORU-2.-dio.pdf\" class=\"wp-block-file__button wp-element-button\" download aria-describedby=\"wp-block-file--media-ca0c84c9-8443-4a3c-9c3f-a99241669a11\">Preuzimanje<\/a><\/div>\n\n\n\n<div class=\"wp-block-file\"><a id=\"wp-block-file--media-3c5071d6-a50b-45c4-ad7b-70da09d6446f\" href=\"https:\/\/aem.hr\/wp-content\/uploads\/2023\/02\/6.-RIBARI-I-UTVRDE.pdf\">6. RIBARI I UTVRDE<\/a><a href=\"https:\/\/aem.hr\/wp-content\/uploads\/2023\/02\/6.-RIBARI-I-UTVRDE.pdf\" class=\"wp-block-file__button wp-element-button\" download aria-describedby=\"wp-block-file--media-3c5071d6-a50b-45c4-ad7b-70da09d6446f\">Preuzimanje<\/a><\/div>\n\n\n\n<div class=\"wp-block-file\"><a id=\"wp-block-file--media-9dd63924-5693-450c-bed0-51c89a051d3e\" href=\"https:\/\/aem.hr\/wp-content\/uploads\/2023\/02\/7.-OMISKA-LUKA.pdf\">7. OMI\u0160KA LUKA<\/a><a href=\"https:\/\/aem.hr\/wp-content\/uploads\/2023\/02\/7.-OMISKA-LUKA.pdf\" class=\"wp-block-file__button wp-element-button\" download aria-describedby=\"wp-block-file--media-9dd63924-5693-450c-bed0-51c89a051d3e\">Preuzimanje<\/a><\/div>\n\n\n\n<div class=\"wp-block-file\"><a id=\"wp-block-file--media-e4d6f3c5-8a43-41eb-9e66-bef2ff3272fd\" href=\"https:\/\/aem.hr\/wp-content\/uploads\/2023\/02\/8.-PRAVI-\u201eGOSPODAR-I-RATNIK.pdf\">8. PRAVI \u201eGOSPODAR I RATNIK\u201c<\/a><a href=\"https:\/\/aem.hr\/wp-content\/uploads\/2023\/02\/8.-PRAVI-\u201eGOSPODAR-I-RATNIK.pdf\" class=\"wp-block-file__button wp-element-button\" download aria-describedby=\"wp-block-file--media-e4d6f3c5-8a43-41eb-9e66-bef2ff3272fd\">Preuzimanje<\/a><\/div>\n\n\n\n<div class=\"wp-block-file\"><a id=\"wp-block-file--media-d050fbb2-a957-42fe-a679-f893d34bf594\" href=\"https:\/\/aem.hr\/wp-content\/uploads\/2023\/02\/9.-BITKA-KOD-TROGIRA-I-MLETACKA-PREVLAST.pdf\">9. BITKA KOD TROGIRA I MLETA\u010cKA PREVLAST<\/a><a href=\"https:\/\/aem.hr\/wp-content\/uploads\/2023\/02\/9.-BITKA-KOD-TROGIRA-I-MLETACKA-PREVLAST.pdf\" class=\"wp-block-file__button wp-element-button\" download aria-describedby=\"wp-block-file--media-d050fbb2-a957-42fe-a679-f893d34bf594\">Preuzimanje<\/a><\/div>\n\n\n\n<div class=\"wp-block-file\"><a id=\"wp-block-file--media-aa3df08c-62a2-49de-b942-106dd19d3558\" href=\"https:\/\/aem.hr\/wp-content\/uploads\/2023\/02\/10.-SADASNJOST-I-BUDUCNOST-POMORSKE-PROSLOSTI.pdf\">10. SADA\u0160NJOST I BUDU\u0106NOST POMORSKE PRO\u0160LOSTI<\/a><a href=\"https:\/\/aem.hr\/wp-content\/uploads\/2023\/02\/10.-SADASNJOST-I-BUDUCNOST-POMORSKE-PROSLOSTI.pdf\" class=\"wp-block-file__button wp-element-button\" download aria-describedby=\"wp-block-file--media-aa3df08c-62a2-49de-b942-106dd19d3558\">Preuzimanje<\/a><\/div>\n\n\n\n<p><\/p>\n","protected":false},"excerpt":{"rendered":"","protected":false},"author":18,"featured_media":0,"parent":0,"menu_order":0,"comment_status":"closed","ping_status":"closed","template":"","meta":{"_acf_changed":false,"inline_featured_image":false,"advgb_blocks_editor_width":"","advgb_blocks_columns_visual_guide":"","_links_to":"","_links_to_type":0,"footnotes":""},"class_list":["post-14999","page","type-page","status-publish","hentry"],"acf":[],"yoast_head":"<!-- This site is optimized with the Yoast SEO plugin v25.7 - https:\/\/yoast.com\/wordpress\/plugins\/seo\/ -->\n<title>Ivan Adluk - Pomorska ba\u0161tina dalmatinske obale i otoka kroz povijest - Agencija za elektroni\u010dke medije<\/title>\n<meta name=\"robots\" content=\"index, follow, max-snippet:-1, max-image-preview:large, max-video-preview:-1\" \/>\n<link rel=\"canonical\" href=\"https:\/\/aem.hr\/ivan-adluk-pomorska-bastina-dalmatinske-obale-i-otoka-kroz-povijest\/\" \/>\n<meta property=\"og:locale\" content=\"en_US\" \/>\n<meta property=\"og:type\" content=\"article\" \/>\n<meta property=\"og:title\" content=\"Ivan Adluk - Pomorska ba\u0161tina dalmatinske obale i otoka kroz povijest - Agencija za elektroni\u010dke medije\" \/>\n<meta property=\"og:url\" content=\"https:\/\/aem.hr\/ivan-adluk-pomorska-bastina-dalmatinske-obale-i-otoka-kroz-povijest\/\" \/>\n<meta property=\"og:site_name\" content=\"Agencija za elektroni\u010dke medije\" \/>\n<meta property=\"article:modified_time\" content=\"2023-02-02T10:03:42+00:00\" \/>\n<meta name=\"twitter:card\" content=\"summary_large_image\" \/>\n<meta name=\"twitter:label1\" content=\"Est. reading time\" \/>\n\t<meta name=\"twitter:data1\" content=\"1 minute\" \/>\n<script type=\"application\/ld+json\" class=\"yoast-schema-graph\">{\"@context\":\"https:\/\/schema.org\",\"@graph\":[{\"@type\":\"WebPage\",\"@id\":\"https:\/\/aem.hr\/ivan-adluk-pomorska-bastina-dalmatinske-obale-i-otoka-kroz-povijest\/\",\"url\":\"https:\/\/aem.hr\/ivan-adluk-pomorska-bastina-dalmatinske-obale-i-otoka-kroz-povijest\/\",\"name\":\"Ivan Adluk - Pomorska ba\u0161tina dalmatinske obale i otoka kroz povijest - Agencija za elektroni\u010dke medije\",\"isPartOf\":{\"@id\":\"https:\/\/aem.hr\/#website\"},\"datePublished\":\"2023-02-02T10:03:41+00:00\",\"dateModified\":\"2023-02-02T10:03:42+00:00\",\"breadcrumb\":{\"@id\":\"https:\/\/aem.hr\/ivan-adluk-pomorska-bastina-dalmatinske-obale-i-otoka-kroz-povijest\/#breadcrumb\"},\"inLanguage\":\"en-US\",\"potentialAction\":[{\"@type\":\"ReadAction\",\"target\":[\"https:\/\/aem.hr\/ivan-adluk-pomorska-bastina-dalmatinske-obale-i-otoka-kroz-povijest\/\"]}]},{\"@type\":\"BreadcrumbList\",\"@id\":\"https:\/\/aem.hr\/ivan-adluk-pomorska-bastina-dalmatinske-obale-i-otoka-kroz-povijest\/#breadcrumb\",\"itemListElement\":[{\"@type\":\"ListItem\",\"position\":1,\"name\":\"Po\u010detna stranica\",\"item\":\"https:\/\/aem.hr\/\"},{\"@type\":\"ListItem\",\"position\":2,\"name\":\"Ivan Adluk &#8211; Pomorska ba\u0161tina dalmatinske obale i otoka kroz povijest\"}]},{\"@type\":\"WebSite\",\"@id\":\"https:\/\/aem.hr\/#website\",\"url\":\"https:\/\/aem.hr\/\",\"name\":\"Agencija za elektroni\u010dke medije\",\"description\":\"\",\"potentialAction\":[{\"@type\":\"SearchAction\",\"target\":{\"@type\":\"EntryPoint\",\"urlTemplate\":\"https:\/\/aem.hr\/?s={search_term_string}\"},\"query-input\":{\"@type\":\"PropertyValueSpecification\",\"valueRequired\":true,\"valueName\":\"search_term_string\"}}],\"inLanguage\":\"en-US\"}]}<\/script>\n<!-- \/ Yoast SEO plugin. -->","yoast_head_json":{"title":"Ivan Adluk - Pomorska ba\u0161tina dalmatinske obale i otoka kroz povijest - Agencija za elektroni\u010dke medije","robots":{"index":"index","follow":"follow","max-snippet":"max-snippet:-1","max-image-preview":"max-image-preview:large","max-video-preview":"max-video-preview:-1"},"canonical":"https:\/\/aem.hr\/ivan-adluk-pomorska-bastina-dalmatinske-obale-i-otoka-kroz-povijest\/","og_locale":"en_US","og_type":"article","og_title":"Ivan Adluk - Pomorska ba\u0161tina dalmatinske obale i otoka kroz povijest - Agencija za elektroni\u010dke medije","og_url":"https:\/\/aem.hr\/ivan-adluk-pomorska-bastina-dalmatinske-obale-i-otoka-kroz-povijest\/","og_site_name":"Agencija za elektroni\u010dke medije","article_modified_time":"2023-02-02T10:03:42+00:00","twitter_card":"summary_large_image","twitter_misc":{"Est. reading time":"1 minute"},"schema":{"@context":"https:\/\/schema.org","@graph":[{"@type":"WebPage","@id":"https:\/\/aem.hr\/ivan-adluk-pomorska-bastina-dalmatinske-obale-i-otoka-kroz-povijest\/","url":"https:\/\/aem.hr\/ivan-adluk-pomorska-bastina-dalmatinske-obale-i-otoka-kroz-povijest\/","name":"Ivan Adluk - Pomorska ba\u0161tina dalmatinske obale i otoka kroz povijest - Agencija za elektroni\u010dke medije","isPartOf":{"@id":"https:\/\/aem.hr\/#website"},"datePublished":"2023-02-02T10:03:41+00:00","dateModified":"2023-02-02T10:03:42+00:00","breadcrumb":{"@id":"https:\/\/aem.hr\/ivan-adluk-pomorska-bastina-dalmatinske-obale-i-otoka-kroz-povijest\/#breadcrumb"},"inLanguage":"en-US","potentialAction":[{"@type":"ReadAction","target":["https:\/\/aem.hr\/ivan-adluk-pomorska-bastina-dalmatinske-obale-i-otoka-kroz-povijest\/"]}]},{"@type":"BreadcrumbList","@id":"https:\/\/aem.hr\/ivan-adluk-pomorska-bastina-dalmatinske-obale-i-otoka-kroz-povijest\/#breadcrumb","itemListElement":[{"@type":"ListItem","position":1,"name":"Po\u010detna stranica","item":"https:\/\/aem.hr\/"},{"@type":"ListItem","position":2,"name":"Ivan Adluk &#8211; Pomorska ba\u0161tina dalmatinske obale i otoka kroz povijest"}]},{"@type":"WebSite","@id":"https:\/\/aem.hr\/#website","url":"https:\/\/aem.hr\/","name":"Agencija za elektroni\u010dke medije","description":"","potentialAction":[{"@type":"SearchAction","target":{"@type":"EntryPoint","urlTemplate":"https:\/\/aem.hr\/?s={search_term_string}"},"query-input":{"@type":"PropertyValueSpecification","valueRequired":true,"valueName":"search_term_string"}}],"inLanguage":"en-US"}]}},"coauthors":[],"author_meta":{"author_link":"https:\/\/aem.hr\/en\/blog\/author\/mkirac\/","display_name":"Matko Kirac"},"relative_dates":{"created":"Posted 3 years ago","modified":"Updated 3 years ago"},"absolute_dates":{"created":"Posted on 2. February 2023.","modified":"Updated on 2. February 2023."},"absolute_dates_time":{"created":"Posted on 2. February 2023. 11:03","modified":"Updated on 2. February 2023. 11:03"},"featured_img_caption":"","featured_img":false,"series_order":"","_links":{"self":[{"href":"https:\/\/aem.hr\/en\/wp-json\/wp\/v2\/pages\/14999","targetHints":{"allow":["GET"]}}],"collection":[{"href":"https:\/\/aem.hr\/en\/wp-json\/wp\/v2\/pages"}],"about":[{"href":"https:\/\/aem.hr\/en\/wp-json\/wp\/v2\/types\/page"}],"author":[{"embeddable":true,"href":"https:\/\/aem.hr\/en\/wp-json\/wp\/v2\/users\/18"}],"replies":[{"embeddable":true,"href":"https:\/\/aem.hr\/en\/wp-json\/wp\/v2\/comments?post=14999"}],"version-history":[{"count":1,"href":"https:\/\/aem.hr\/en\/wp-json\/wp\/v2\/pages\/14999\/revisions"}],"predecessor-version":[{"id":15020,"href":"https:\/\/aem.hr\/en\/wp-json\/wp\/v2\/pages\/14999\/revisions\/15020"}],"wp:attachment":[{"href":"https:\/\/aem.hr\/en\/wp-json\/wp\/v2\/media?parent=14999"}],"curies":[{"name":"wp","href":"https:\/\/api.w.org\/{rel}","templated":true}]}}