{"id":15022,"date":"2023-02-02T11:10:00","date_gmt":"2023-02-02T10:10:00","guid":{"rendered":"http:\/\/aem.hr\/?page_id=15022"},"modified":"2023-05-22T07:50:12","modified_gmt":"2023-05-22T05:50:12","slug":"danijel-prerad-pracenje-javne-nabave-kod-projekata-obnove-potresom-stradalih-podrucja","status":"publish","type":"page","link":"https:\/\/aem.hr\/en\/danijel-prerad-pracenje-javne-nabave-kod-projekata-obnove-potresom-stradalih-podrucja\/","title":{"rendered":"Danijel Prerad &#8211; Javna nabava u projektima obnove Banovine i Sisa\u010dko-moslova\u010dke \u017eupanije nakon potresa"},"content":{"rendered":"\n<div class=\"wp-block-file\"><a id=\"wp-block-file--media-be198ab3-8fab-4219-91af-9f7e79a67b8a\" href=\"https:\/\/aem.hr\/wp-content\/uploads\/2023\/02\/1.-JAVNA-NABAVA-OBNOVA-ZDRAVSTVO-SMZ.pdf\">1. JAVNA NABAVA OBNOVA ZDRAVSTVO SMZ<\/a><a href=\"https:\/\/aem.hr\/wp-content\/uploads\/2023\/02\/1.-JAVNA-NABAVA-OBNOVA-ZDRAVSTVO-SMZ.pdf\" class=\"wp-block-file__button wp-element-button\" download aria-describedby=\"wp-block-file--media-be198ab3-8fab-4219-91af-9f7e79a67b8a\">Preuzimanje<\/a><\/div>\n\n\n\n<div class=\"wp-block-file\"><a id=\"wp-block-file--media-8eaa6c44-f5f0-4819-860f-109bce7a6ee1\" href=\"https:\/\/aem.hr\/wp-content\/uploads\/2023\/02\/2.-JAVNA-NABAVA-OBNOVA-GRAD-SISAK.pdf\">2. JAVNA NABAVA OBNOVA GRAD SISAK<\/a><a href=\"https:\/\/aem.hr\/wp-content\/uploads\/2023\/02\/2.-JAVNA-NABAVA-OBNOVA-GRAD-SISAK.pdf\" class=\"wp-block-file__button wp-element-button\" download aria-describedby=\"wp-block-file--media-8eaa6c44-f5f0-4819-860f-109bce7a6ee1\">Preuzimanje<\/a><\/div>\n\n\n\n<div class=\"wp-block-file\"><a id=\"wp-block-file--media-2618ac25-28bf-4207-a856-f353845e1fbc\" href=\"https:\/\/aem.hr\/wp-content\/uploads\/2023\/02\/3.-JAVNA-NABAVA-OBNOVA-DOMOVI-UMIROVLJENIKA-SMZ.pdf\">3. JAVNA NABAVA OBNOVA DOMOVI UMIROVLJENIKA SMZ<\/a><a href=\"https:\/\/aem.hr\/wp-content\/uploads\/2023\/02\/3.-JAVNA-NABAVA-OBNOVA-DOMOVI-UMIROVLJENIKA-SMZ.pdf\" class=\"wp-block-file__button wp-element-button\" download aria-describedby=\"wp-block-file--media-2618ac25-28bf-4207-a856-f353845e1fbc\">Preuzimanje<\/a><\/div>\n\n\n\n<div class=\"wp-block-file\"><a id=\"wp-block-file--media-c036d8d5-cd4a-4edf-9ac6-708b3529c99b\" href=\"https:\/\/aem.hr\/wp-content\/uploads\/2023\/02\/4.-JAVNA-NABAVA-OBNOVA-GRAD-GLINA.pdf\">4. JAVNA NABAVA OBNOVA GRAD GLINA<\/a><a href=\"https:\/\/aem.hr\/wp-content\/uploads\/2023\/02\/4.-JAVNA-NABAVA-OBNOVA-GRAD-GLINA.pdf\" class=\"wp-block-file__button wp-element-button\" download aria-describedby=\"wp-block-file--media-c036d8d5-cd4a-4edf-9ac6-708b3529c99b\">Preuzimanje<\/a><\/div>\n\n\n\n<div class=\"wp-block-file\"><a id=\"wp-block-file--media-98a746d7-e30e-4414-bccc-e8963e3691ee\" href=\"https:\/\/aem.hr\/wp-content\/uploads\/2023\/02\/5.-JAVNA-NABAVA-DOSADASNJI-TIJEK.pdf\">5. JAVNA NABAVA DOSADA\u0160NJI TIJEK<\/a><a href=\"https:\/\/aem.hr\/wp-content\/uploads\/2023\/02\/5.-JAVNA-NABAVA-DOSADASNJI-TIJEK.pdf\" class=\"wp-block-file__button wp-element-button\" download aria-describedby=\"wp-block-file--media-98a746d7-e30e-4414-bccc-e8963e3691ee\">Preuzimanje<\/a><\/div>\n\n\n\n<div class=\"wp-block-file\"><a id=\"wp-block-file--media-459507d0-bc0f-48a4-b83d-6290cc53da20\" href=\"https:\/\/aem.hr\/wp-content\/uploads\/2023\/02\/6.-JAVNA-NABAVA-OBNOVA-DRZAVA-BISKUPIJA-OPCINE.pdf\">6. JAVNA NABAVA OBNOVA DRZAVA BISKUPIJA OPCINE<\/a><a href=\"https:\/\/aem.hr\/wp-content\/uploads\/2023\/02\/6.-JAVNA-NABAVA-OBNOVA-DRZAVA-BISKUPIJA-OPCINE.pdf\" class=\"wp-block-file__button wp-element-button\" download aria-describedby=\"wp-block-file--media-459507d0-bc0f-48a4-b83d-6290cc53da20\">Preuzimanje<\/a><\/div>\n\n\n\n<div class=\"wp-block-file\"><a id=\"wp-block-file--media-068548f4-d74e-452d-8c17-cf1e4f90a519\" href=\"https:\/\/aem.hr\/wp-content\/uploads\/2023\/02\/7.-JAVNA-NABAVA-OBNOVA-USTANOVE-ZUPANIJA-SMZ.pdf\">7. JAVNA NABAVA OBNOVA USTANOVE ZUPANIJA SMZ<\/a><a href=\"https:\/\/aem.hr\/wp-content\/uploads\/2023\/02\/7.-JAVNA-NABAVA-OBNOVA-USTANOVE-ZUPANIJA-SMZ.pdf\" class=\"wp-block-file__button wp-element-button\" download aria-describedby=\"wp-block-file--media-068548f4-d74e-452d-8c17-cf1e4f90a519\">Preuzimanje<\/a><\/div>\n\n\n\n<div class=\"wp-block-file\"><a id=\"wp-block-file--media-5eac0b6b-7a9c-4084-bc89-5a427bd20bd0\" href=\"https:\/\/aem.hr\/wp-content\/uploads\/2023\/02\/8.-JAVNA-NABAVA-OBNOVA-GRAD-PETRINJA.pdf\">8. JAVNA NABAVA OBNOVA GRAD PETRINJA<\/a><a href=\"https:\/\/aem.hr\/wp-content\/uploads\/2023\/02\/8.-JAVNA-NABAVA-OBNOVA-GRAD-PETRINJA.pdf\" class=\"wp-block-file__button wp-element-button\" download aria-describedby=\"wp-block-file--media-5eac0b6b-7a9c-4084-bc89-5a427bd20bd0\">Preuzimanje<\/a><\/div>\n\n\n\n<div class=\"wp-block-file\"><a id=\"wp-block-file--media-b09ead21-6677-4399-869b-a944577bdf82\" href=\"https:\/\/aem.hr\/wp-content\/uploads\/2023\/02\/9.-JAVNA-NABAVA-OBNOVA-SPORNA-POTVRDA-DOVELA.pdf\">9. JAVNA NABAVA OBNOVA SPORNA POTVRDA DOVELA<\/a><a href=\"https:\/\/aem.hr\/wp-content\/uploads\/2023\/02\/9.-JAVNA-NABAVA-OBNOVA-SPORNA-POTVRDA-DOVELA.pdf\" class=\"wp-block-file__button wp-element-button\" download aria-describedby=\"wp-block-file--media-b09ead21-6677-4399-869b-a944577bdf82\">Preuzimanje<\/a><\/div>\n\n\n\n<div class=\"wp-block-file\"><a id=\"wp-block-file--media-94f7268c-105d-4041-89a2-848bcef4f914\" href=\"https:\/\/aem.hr\/wp-content\/uploads\/2023\/02\/10.-JAVNA-NABAVA-OBNOVA-MINISTARSTVO-KULTURE.pdf\">10. JAVNA NABAVA OBNOVA MINISTARSTVO KULTURE<\/a><a href=\"https:\/\/aem.hr\/wp-content\/uploads\/2023\/02\/10.-JAVNA-NABAVA-OBNOVA-MINISTARSTVO-KULTURE.pdf\" class=\"wp-block-file__button wp-element-button\" download aria-describedby=\"wp-block-file--media-94f7268c-105d-4041-89a2-848bcef4f914\">Preuzimanje<\/a><\/div>\n\n\n\n<p><\/p>\n","protected":false},"excerpt":{"rendered":"","protected":false},"author":18,"featured_media":0,"parent":0,"menu_order":0,"comment_status":"closed","ping_status":"closed","template":"","meta":{"_acf_changed":false,"inline_featured_image":false,"advgb_blocks_editor_width":"","advgb_blocks_columns_visual_guide":"","_links_to":"","_links_to_type":0,"footnotes":""},"class_list":["post-15022","page","type-page","status-publish","hentry"],"acf":[],"yoast_head":"<!-- This site is optimized with the Yoast SEO plugin v25.7 - https:\/\/yoast.com\/wordpress\/plugins\/seo\/ -->\n<title>Danijel Prerad - Javna nabava u projektima obnove Banovine i Sisa\u010dko-moslova\u010dke \u017eupanije nakon potresa - Agencija za elektroni\u010dke medije<\/title>\n<meta name=\"robots\" content=\"index, follow, max-snippet:-1, max-image-preview:large, max-video-preview:-1\" \/>\n<link rel=\"canonical\" href=\"https:\/\/aem.hr\/danijel-prerad-pracenje-javne-nabave-kod-projekata-obnove-potresom-stradalih-podrucja\/\" \/>\n<meta property=\"og:locale\" content=\"en_US\" \/>\n<meta property=\"og:type\" content=\"article\" \/>\n<meta property=\"og:title\" content=\"Danijel Prerad - Javna nabava u projektima obnove Banovine i Sisa\u010dko-moslova\u010dke \u017eupanije nakon potresa - Agencija za elektroni\u010dke medije\" \/>\n<meta property=\"og:url\" content=\"https:\/\/aem.hr\/danijel-prerad-pracenje-javne-nabave-kod-projekata-obnove-potresom-stradalih-podrucja\/\" \/>\n<meta property=\"og:site_name\" content=\"Agencija za elektroni\u010dke medije\" \/>\n<meta property=\"article:modified_time\" content=\"2023-05-22T05:50:12+00:00\" \/>\n<meta name=\"twitter:card\" content=\"summary_large_image\" \/>\n<script type=\"application\/ld+json\" class=\"yoast-schema-graph\">{\"@context\":\"https:\/\/schema.org\",\"@graph\":[{\"@type\":\"WebPage\",\"@id\":\"https:\/\/aem.hr\/danijel-prerad-pracenje-javne-nabave-kod-projekata-obnove-potresom-stradalih-podrucja\/\",\"url\":\"https:\/\/aem.hr\/danijel-prerad-pracenje-javne-nabave-kod-projekata-obnove-potresom-stradalih-podrucja\/\",\"name\":\"Danijel Prerad - Javna nabava u projektima obnove Banovine i Sisa\u010dko-moslova\u010dke \u017eupanije nakon potresa - Agencija za elektroni\u010dke medije\",\"isPartOf\":{\"@id\":\"https:\/\/aem.hr\/#website\"},\"datePublished\":\"2023-02-02T10:10:00+00:00\",\"dateModified\":\"2023-05-22T05:50:12+00:00\",\"breadcrumb\":{\"@id\":\"https:\/\/aem.hr\/danijel-prerad-pracenje-javne-nabave-kod-projekata-obnove-potresom-stradalih-podrucja\/#breadcrumb\"},\"inLanguage\":\"en-US\",\"potentialAction\":[{\"@type\":\"ReadAction\",\"target\":[\"https:\/\/aem.hr\/danijel-prerad-pracenje-javne-nabave-kod-projekata-obnove-potresom-stradalih-podrucja\/\"]}]},{\"@type\":\"BreadcrumbList\",\"@id\":\"https:\/\/aem.hr\/danijel-prerad-pracenje-javne-nabave-kod-projekata-obnove-potresom-stradalih-podrucja\/#breadcrumb\",\"itemListElement\":[{\"@type\":\"ListItem\",\"position\":1,\"name\":\"Po\u010detna stranica\",\"item\":\"https:\/\/aem.hr\/\"},{\"@type\":\"ListItem\",\"position\":2,\"name\":\"Danijel Prerad &#8211; Javna nabava u projektima obnove Banovine i Sisa\u010dko-moslova\u010dke \u017eupanije nakon potresa\"}]},{\"@type\":\"WebSite\",\"@id\":\"https:\/\/aem.hr\/#website\",\"url\":\"https:\/\/aem.hr\/\",\"name\":\"Agencija za elektroni\u010dke medije\",\"description\":\"\",\"potentialAction\":[{\"@type\":\"SearchAction\",\"target\":{\"@type\":\"EntryPoint\",\"urlTemplate\":\"https:\/\/aem.hr\/?s={search_term_string}\"},\"query-input\":{\"@type\":\"PropertyValueSpecification\",\"valueRequired\":true,\"valueName\":\"search_term_string\"}}],\"inLanguage\":\"en-US\"}]}<\/script>\n<!-- \/ Yoast SEO plugin. -->","yoast_head_json":{"title":"Danijel Prerad - Javna nabava u projektima obnove Banovine i Sisa\u010dko-moslova\u010dke \u017eupanije nakon potresa - Agencija za elektroni\u010dke medije","robots":{"index":"index","follow":"follow","max-snippet":"max-snippet:-1","max-image-preview":"max-image-preview:large","max-video-preview":"max-video-preview:-1"},"canonical":"https:\/\/aem.hr\/danijel-prerad-pracenje-javne-nabave-kod-projekata-obnove-potresom-stradalih-podrucja\/","og_locale":"en_US","og_type":"article","og_title":"Danijel Prerad - Javna nabava u projektima obnove Banovine i Sisa\u010dko-moslova\u010dke \u017eupanije nakon potresa - Agencija za elektroni\u010dke medije","og_url":"https:\/\/aem.hr\/danijel-prerad-pracenje-javne-nabave-kod-projekata-obnove-potresom-stradalih-podrucja\/","og_site_name":"Agencija za elektroni\u010dke medije","article_modified_time":"2023-05-22T05:50:12+00:00","twitter_card":"summary_large_image","schema":{"@context":"https:\/\/schema.org","@graph":[{"@type":"WebPage","@id":"https:\/\/aem.hr\/danijel-prerad-pracenje-javne-nabave-kod-projekata-obnove-potresom-stradalih-podrucja\/","url":"https:\/\/aem.hr\/danijel-prerad-pracenje-javne-nabave-kod-projekata-obnove-potresom-stradalih-podrucja\/","name":"Danijel Prerad - Javna nabava u projektima obnove Banovine i Sisa\u010dko-moslova\u010dke \u017eupanije nakon potresa - Agencija za elektroni\u010dke medije","isPartOf":{"@id":"https:\/\/aem.hr\/#website"},"datePublished":"2023-02-02T10:10:00+00:00","dateModified":"2023-05-22T05:50:12+00:00","breadcrumb":{"@id":"https:\/\/aem.hr\/danijel-prerad-pracenje-javne-nabave-kod-projekata-obnove-potresom-stradalih-podrucja\/#breadcrumb"},"inLanguage":"en-US","potentialAction":[{"@type":"ReadAction","target":["https:\/\/aem.hr\/danijel-prerad-pracenje-javne-nabave-kod-projekata-obnove-potresom-stradalih-podrucja\/"]}]},{"@type":"BreadcrumbList","@id":"https:\/\/aem.hr\/danijel-prerad-pracenje-javne-nabave-kod-projekata-obnove-potresom-stradalih-podrucja\/#breadcrumb","itemListElement":[{"@type":"ListItem","position":1,"name":"Po\u010detna stranica","item":"https:\/\/aem.hr\/"},{"@type":"ListItem","position":2,"name":"Danijel Prerad &#8211; Javna nabava u projektima obnove Banovine i Sisa\u010dko-moslova\u010dke \u017eupanije nakon potresa"}]},{"@type":"WebSite","@id":"https:\/\/aem.hr\/#website","url":"https:\/\/aem.hr\/","name":"Agencija za elektroni\u010dke medije","description":"","potentialAction":[{"@type":"SearchAction","target":{"@type":"EntryPoint","urlTemplate":"https:\/\/aem.hr\/?s={search_term_string}"},"query-input":{"@type":"PropertyValueSpecification","valueRequired":true,"valueName":"search_term_string"}}],"inLanguage":"en-US"}]}},"coauthors":[],"author_meta":{"author_link":"https:\/\/aem.hr\/en\/blog\/author\/mkirac\/","display_name":"Matko Kirac"},"relative_dates":{"created":"Posted 3 years ago","modified":"Updated 3 years ago"},"absolute_dates":{"created":"Posted on 2. February 2023.","modified":"Updated on 22. May 2023."},"absolute_dates_time":{"created":"Posted on 2. February 2023. 11:10","modified":"Updated on 22. May 2023. 7:50"},"featured_img_caption":"","featured_img":false,"series_order":"","_links":{"self":[{"href":"https:\/\/aem.hr\/en\/wp-json\/wp\/v2\/pages\/15022","targetHints":{"allow":["GET"]}}],"collection":[{"href":"https:\/\/aem.hr\/en\/wp-json\/wp\/v2\/pages"}],"about":[{"href":"https:\/\/aem.hr\/en\/wp-json\/wp\/v2\/types\/page"}],"author":[{"embeddable":true,"href":"https:\/\/aem.hr\/en\/wp-json\/wp\/v2\/users\/18"}],"replies":[{"embeddable":true,"href":"https:\/\/aem.hr\/en\/wp-json\/wp\/v2\/comments?post=15022"}],"version-history":[{"count":2,"href":"https:\/\/aem.hr\/en\/wp-json\/wp\/v2\/pages\/15022\/revisions"}],"predecessor-version":[{"id":16457,"href":"https:\/\/aem.hr\/en\/wp-json\/wp\/v2\/pages\/15022\/revisions\/16457"}],"wp:attachment":[{"href":"https:\/\/aem.hr\/en\/wp-json\/wp\/v2\/media?parent=15022"}],"curies":[{"name":"wp","href":"https:\/\/api.w.org\/{rel}","templated":true}]}}