{"id":15090,"date":"2023-02-14T11:44:34","date_gmt":"2023-02-14T10:44:34","guid":{"rendered":"http:\/\/aem.hr\/?page_id=15090"},"modified":"2023-02-14T11:44:35","modified_gmt":"2023-02-14T10:44:35","slug":"gordana-arh-sami-epidemija-usamljenosti-u-trecoj-zivotnoj-dobi","status":"publish","type":"page","link":"https:\/\/aem.hr\/en\/gordana-arh-sami-epidemija-usamljenosti-u-trecoj-zivotnoj-dobi\/","title":{"rendered":"Gordana Arh &#8211; Sami \u2013 epidemija usamljenosti u tre\u0107oj \u017eivotnoj dobi"},"content":{"rendered":"\n<div class=\"wp-block-file\"><a id=\"wp-block-file--media-0a209815-1126-4bd9-8626-7c5f2ca2ae29\" href=\"https:\/\/aem.hr\/wp-content\/uploads\/2023\/02\/1.-Gospoda-Darinka-vise-ne-izlazi-iz-stana.pdf\">1. Gospo\u0111a Darinka vi\u0161e ne izlazi iz stana<\/a><a href=\"https:\/\/aem.hr\/wp-content\/uploads\/2023\/02\/1.-Gospoda-Darinka-vise-ne-izlazi-iz-stana.pdf\" class=\"wp-block-file__button wp-element-button\" download aria-describedby=\"wp-block-file--media-0a209815-1126-4bd9-8626-7c5f2ca2ae29\">Preuzimanje<\/a><\/div>\n\n\n\n<div class=\"wp-block-file\"><a id=\"wp-block-file--media-95017415-eb68-47d7-bcb1-e0dbd2336244\" href=\"https:\/\/aem.hr\/wp-content\/uploads\/2023\/02\/2.-Sanja-Poje_-\u2018sretna-sam-u-americi_-ali-jako.pdf\">2. Sanja Poje_ \u2018sretna sam u americi_ ali jako<\/a><a href=\"https:\/\/aem.hr\/wp-content\/uploads\/2023\/02\/2.-Sanja-Poje_-\u2018sretna-sam-u-americi_-ali-jako.pdf\" class=\"wp-block-file__button wp-element-button\" download aria-describedby=\"wp-block-file--media-95017415-eb68-47d7-bcb1-e0dbd2336244\">Preuzimanje<\/a><\/div>\n\n\n\n<div class=\"wp-block-file\"><a id=\"wp-block-file--media-1cd9d0e6-2c7d-4f33-befb-ce2f5ee3020b\" href=\"https:\/\/aem.hr\/wp-content\/uploads\/2023\/02\/3.-Unuci-gospode-Katice-zive-u-Engleskoj.pdf\">3. Unuci gospo\u0111e Katice \u017eive u Engleskoj<\/a><a href=\"https:\/\/aem.hr\/wp-content\/uploads\/2023\/02\/3.-Unuci-gospode-Katice-zive-u-Engleskoj.pdf\" class=\"wp-block-file__button wp-element-button\" download aria-describedby=\"wp-block-file--media-1cd9d0e6-2c7d-4f33-befb-ce2f5ee3020b\">Preuzimanje<\/a><\/div>\n\n\n\n<div class=\"wp-block-file\"><a id=\"wp-block-file--media-333c7a3e-cf69-4934-aefc-2053061844f0\" href=\"https:\/\/aem.hr\/wp-content\/uploads\/2023\/02\/4.-Gospoda-Marija-71-je-neutjesna.pdf\">4. Gospo\u0111a Marija (71) je neutje\u0161na<\/a><a href=\"https:\/\/aem.hr\/wp-content\/uploads\/2023\/02\/4.-Gospoda-Marija-71-je-neutjesna.pdf\" class=\"wp-block-file__button wp-element-button\" download aria-describedby=\"wp-block-file--media-333c7a3e-cf69-4934-aefc-2053061844f0\">Preuzimanje<\/a><\/div>\n\n\n\n<div class=\"wp-block-file\"><a id=\"wp-block-file--media-a52c6505-839e-4eff-85da-c4607d0f5407\" href=\"https:\/\/aem.hr\/wp-content\/uploads\/2023\/02\/5.-Gospoda-Nada-utjehu-je-pronasla-u-molitvi.pdf\">5. Gospo\u0111a Nada utjehu je prona\u0161la u molitvi<\/a><a href=\"https:\/\/aem.hr\/wp-content\/uploads\/2023\/02\/5.-Gospoda-Nada-utjehu-je-pronasla-u-molitvi.pdf\" class=\"wp-block-file__button wp-element-button\" download aria-describedby=\"wp-block-file--media-a52c6505-839e-4eff-85da-c4607d0f5407\">Preuzimanje<\/a><\/div>\n\n\n\n<div class=\"wp-block-file\"><a id=\"wp-block-file--media-2f859774-1e56-4cb6-86fe-e7967b404ebf\" href=\"https:\/\/aem.hr\/wp-content\/uploads\/2023\/02\/6.-Gospoda-Gordana-22-je-godine-udovica.pdf\">6. Gospo\u0111a Gordana 22 je godine udovica<\/a><a href=\"https:\/\/aem.hr\/wp-content\/uploads\/2023\/02\/6.-Gospoda-Gordana-22-je-godine-udovica.pdf\" class=\"wp-block-file__button wp-element-button\" download aria-describedby=\"wp-block-file--media-2f859774-1e56-4cb6-86fe-e7967b404ebf\">Preuzimanje<\/a><\/div>\n\n\n\n<div class=\"wp-block-file\"><a id=\"wp-block-file--media-b0418532-ed33-46d2-8303-7dda3d4babeb\" href=\"https:\/\/aem.hr\/wp-content\/uploads\/2023\/02\/7.-Zlata-Kipcic-89_-\u2018nakon-suprugove-smrti.pdf\">7. Zlata Kip\u010di\u0107 (89)_ \u2018nakon suprugove smrti<\/a><a href=\"https:\/\/aem.hr\/wp-content\/uploads\/2023\/02\/7.-Zlata-Kipcic-89_-\u2018nakon-suprugove-smrti.pdf\" class=\"wp-block-file__button wp-element-button\" download aria-describedby=\"wp-block-file--media-b0418532-ed33-46d2-8303-7dda3d4babeb\">Preuzimanje<\/a><\/div>\n\n\n\n<div class=\"wp-block-file\"><a id=\"wp-block-file--media-4c3a2647-1309-4a4a-b168-cf41ae0c1be9\" href=\"https:\/\/aem.hr\/wp-content\/uploads\/2023\/02\/8.-Vedran-Cvitanic-89_-\u2018lijepo-je-imati-nekoga.pdf\">8. Vedran Cvitani\u0107 (89)_ \u2018lijepo je imati nekoga<\/a><a href=\"https:\/\/aem.hr\/wp-content\/uploads\/2023\/02\/8.-Vedran-Cvitanic-89_-\u2018lijepo-je-imati-nekoga.pdf\" class=\"wp-block-file__button wp-element-button\" download aria-describedby=\"wp-block-file--media-4c3a2647-1309-4a4a-b168-cf41ae0c1be9\">Preuzimanje<\/a><\/div>\n\n\n\n<div class=\"wp-block-file\"><a id=\"wp-block-file--media-a9ddefaf-d34a-4e73-a825-f11fe14aff4d\" href=\"https:\/\/aem.hr\/wp-content\/uploads\/2023\/02\/9.-Za-blagdane-se-mnogi-osjecaju-usamljeno.pdf\">9. Za blagdane se mnogi osje\u0107aju usamljeno<\/a><a href=\"https:\/\/aem.hr\/wp-content\/uploads\/2023\/02\/9.-Za-blagdane-se-mnogi-osjecaju-usamljeno.pdf\" class=\"wp-block-file__button wp-element-button\" download aria-describedby=\"wp-block-file--media-a9ddefaf-d34a-4e73-a825-f11fe14aff4d\">Preuzimanje<\/a><\/div>\n\n\n\n<div class=\"wp-block-file\"><a id=\"wp-block-file--media-bbb588b9-c0fb-4ae4-b186-e3c4e6919e25\" href=\"https:\/\/aem.hr\/wp-content\/uploads\/2023\/02\/10.-Gospoda-Durdica-dvije-je-godine-udovica.pdf\">10. Gospo\u0111a \u0110ur\u0111ica dvije je godine udovica<\/a><a href=\"https:\/\/aem.hr\/wp-content\/uploads\/2023\/02\/10.-Gospoda-Durdica-dvije-je-godine-udovica.pdf\" class=\"wp-block-file__button wp-element-button\" download aria-describedby=\"wp-block-file--media-bbb588b9-c0fb-4ae4-b186-e3c4e6919e25\">Preuzimanje<\/a><\/div>\n\n\n\n<p><\/p>\n","protected":false},"excerpt":{"rendered":"","protected":false},"author":18,"featured_media":0,"parent":0,"menu_order":0,"comment_status":"closed","ping_status":"closed","template":"","meta":{"_acf_changed":false,"inline_featured_image":false,"advgb_blocks_editor_width":"","advgb_blocks_columns_visual_guide":"","_links_to":"","_links_to_type":0,"footnotes":""},"class_list":["post-15090","page","type-page","status-publish","hentry"],"acf":[],"yoast_head":"<!-- This site is optimized with the Yoast SEO plugin v25.7 - https:\/\/yoast.com\/wordpress\/plugins\/seo\/ -->\n<title>Gordana Arh - Sami \u2013 epidemija usamljenosti u tre\u0107oj \u017eivotnoj dobi - Agencija za elektroni\u010dke medije<\/title>\n<meta name=\"robots\" content=\"index, follow, max-snippet:-1, max-image-preview:large, max-video-preview:-1\" \/>\n<link rel=\"canonical\" href=\"https:\/\/aem.hr\/gordana-arh-sami-epidemija-usamljenosti-u-trecoj-zivotnoj-dobi\/\" \/>\n<meta property=\"og:locale\" content=\"en_US\" \/>\n<meta property=\"og:type\" content=\"article\" \/>\n<meta property=\"og:title\" content=\"Gordana Arh - Sami \u2013 epidemija usamljenosti u tre\u0107oj \u017eivotnoj dobi - Agencija za elektroni\u010dke medije\" \/>\n<meta property=\"og:url\" content=\"https:\/\/aem.hr\/gordana-arh-sami-epidemija-usamljenosti-u-trecoj-zivotnoj-dobi\/\" \/>\n<meta property=\"og:site_name\" content=\"Agencija za elektroni\u010dke medije\" \/>\n<meta property=\"article:modified_time\" content=\"2023-02-14T10:44:35+00:00\" \/>\n<meta name=\"twitter:card\" content=\"summary_large_image\" \/>\n<meta name=\"twitter:label1\" content=\"Est. reading time\" \/>\n\t<meta name=\"twitter:data1\" content=\"1 minute\" \/>\n<script type=\"application\/ld+json\" class=\"yoast-schema-graph\">{\"@context\":\"https:\/\/schema.org\",\"@graph\":[{\"@type\":\"WebPage\",\"@id\":\"https:\/\/aem.hr\/gordana-arh-sami-epidemija-usamljenosti-u-trecoj-zivotnoj-dobi\/\",\"url\":\"https:\/\/aem.hr\/gordana-arh-sami-epidemija-usamljenosti-u-trecoj-zivotnoj-dobi\/\",\"name\":\"Gordana Arh - Sami \u2013 epidemija usamljenosti u tre\u0107oj \u017eivotnoj dobi - Agencija za elektroni\u010dke medije\",\"isPartOf\":{\"@id\":\"https:\/\/aem.hr\/#website\"},\"datePublished\":\"2023-02-14T10:44:34+00:00\",\"dateModified\":\"2023-02-14T10:44:35+00:00\",\"breadcrumb\":{\"@id\":\"https:\/\/aem.hr\/gordana-arh-sami-epidemija-usamljenosti-u-trecoj-zivotnoj-dobi\/#breadcrumb\"},\"inLanguage\":\"en-US\",\"potentialAction\":[{\"@type\":\"ReadAction\",\"target\":[\"https:\/\/aem.hr\/gordana-arh-sami-epidemija-usamljenosti-u-trecoj-zivotnoj-dobi\/\"]}]},{\"@type\":\"BreadcrumbList\",\"@id\":\"https:\/\/aem.hr\/gordana-arh-sami-epidemija-usamljenosti-u-trecoj-zivotnoj-dobi\/#breadcrumb\",\"itemListElement\":[{\"@type\":\"ListItem\",\"position\":1,\"name\":\"Po\u010detna stranica\",\"item\":\"https:\/\/aem.hr\/\"},{\"@type\":\"ListItem\",\"position\":2,\"name\":\"Gordana Arh &#8211; Sami \u2013 epidemija usamljenosti u tre\u0107oj \u017eivotnoj dobi\"}]},{\"@type\":\"WebSite\",\"@id\":\"https:\/\/aem.hr\/#website\",\"url\":\"https:\/\/aem.hr\/\",\"name\":\"Agencija za elektroni\u010dke medije\",\"description\":\"\",\"potentialAction\":[{\"@type\":\"SearchAction\",\"target\":{\"@type\":\"EntryPoint\",\"urlTemplate\":\"https:\/\/aem.hr\/?s={search_term_string}\"},\"query-input\":{\"@type\":\"PropertyValueSpecification\",\"valueRequired\":true,\"valueName\":\"search_term_string\"}}],\"inLanguage\":\"en-US\"}]}<\/script>\n<!-- \/ Yoast SEO plugin. -->","yoast_head_json":{"title":"Gordana Arh - Sami \u2013 epidemija usamljenosti u tre\u0107oj \u017eivotnoj dobi - Agencija za elektroni\u010dke medije","robots":{"index":"index","follow":"follow","max-snippet":"max-snippet:-1","max-image-preview":"max-image-preview:large","max-video-preview":"max-video-preview:-1"},"canonical":"https:\/\/aem.hr\/gordana-arh-sami-epidemija-usamljenosti-u-trecoj-zivotnoj-dobi\/","og_locale":"en_US","og_type":"article","og_title":"Gordana Arh - Sami \u2013 epidemija usamljenosti u tre\u0107oj \u017eivotnoj dobi - Agencija za elektroni\u010dke medije","og_url":"https:\/\/aem.hr\/gordana-arh-sami-epidemija-usamljenosti-u-trecoj-zivotnoj-dobi\/","og_site_name":"Agencija za elektroni\u010dke medije","article_modified_time":"2023-02-14T10:44:35+00:00","twitter_card":"summary_large_image","twitter_misc":{"Est. reading time":"1 minute"},"schema":{"@context":"https:\/\/schema.org","@graph":[{"@type":"WebPage","@id":"https:\/\/aem.hr\/gordana-arh-sami-epidemija-usamljenosti-u-trecoj-zivotnoj-dobi\/","url":"https:\/\/aem.hr\/gordana-arh-sami-epidemija-usamljenosti-u-trecoj-zivotnoj-dobi\/","name":"Gordana Arh - Sami \u2013 epidemija usamljenosti u tre\u0107oj \u017eivotnoj dobi - Agencija za elektroni\u010dke medije","isPartOf":{"@id":"https:\/\/aem.hr\/#website"},"datePublished":"2023-02-14T10:44:34+00:00","dateModified":"2023-02-14T10:44:35+00:00","breadcrumb":{"@id":"https:\/\/aem.hr\/gordana-arh-sami-epidemija-usamljenosti-u-trecoj-zivotnoj-dobi\/#breadcrumb"},"inLanguage":"en-US","potentialAction":[{"@type":"ReadAction","target":["https:\/\/aem.hr\/gordana-arh-sami-epidemija-usamljenosti-u-trecoj-zivotnoj-dobi\/"]}]},{"@type":"BreadcrumbList","@id":"https:\/\/aem.hr\/gordana-arh-sami-epidemija-usamljenosti-u-trecoj-zivotnoj-dobi\/#breadcrumb","itemListElement":[{"@type":"ListItem","position":1,"name":"Po\u010detna stranica","item":"https:\/\/aem.hr\/"},{"@type":"ListItem","position":2,"name":"Gordana Arh &#8211; Sami \u2013 epidemija usamljenosti u tre\u0107oj \u017eivotnoj dobi"}]},{"@type":"WebSite","@id":"https:\/\/aem.hr\/#website","url":"https:\/\/aem.hr\/","name":"Agencija za elektroni\u010dke medije","description":"","potentialAction":[{"@type":"SearchAction","target":{"@type":"EntryPoint","urlTemplate":"https:\/\/aem.hr\/?s={search_term_string}"},"query-input":{"@type":"PropertyValueSpecification","valueRequired":true,"valueName":"search_term_string"}}],"inLanguage":"en-US"}]}},"coauthors":[],"author_meta":{"author_link":"https:\/\/aem.hr\/en\/blog\/author\/mkirac\/","display_name":"Matko Kirac"},"relative_dates":{"created":"Posted 3 years ago","modified":"Updated 3 years ago"},"absolute_dates":{"created":"Posted on 14. February 2023.","modified":"Updated on 14. February 2023."},"absolute_dates_time":{"created":"Posted on 14. February 2023. 11:44","modified":"Updated on 14. February 2023. 11:44"},"featured_img_caption":"","featured_img":false,"series_order":"","_links":{"self":[{"href":"https:\/\/aem.hr\/en\/wp-json\/wp\/v2\/pages\/15090","targetHints":{"allow":["GET"]}}],"collection":[{"href":"https:\/\/aem.hr\/en\/wp-json\/wp\/v2\/pages"}],"about":[{"href":"https:\/\/aem.hr\/en\/wp-json\/wp\/v2\/types\/page"}],"author":[{"embeddable":true,"href":"https:\/\/aem.hr\/en\/wp-json\/wp\/v2\/users\/18"}],"replies":[{"embeddable":true,"href":"https:\/\/aem.hr\/en\/wp-json\/wp\/v2\/comments?post=15090"}],"version-history":[{"count":1,"href":"https:\/\/aem.hr\/en\/wp-json\/wp\/v2\/pages\/15090\/revisions"}],"predecessor-version":[{"id":15110,"href":"https:\/\/aem.hr\/en\/wp-json\/wp\/v2\/pages\/15090\/revisions\/15110"}],"wp:attachment":[{"href":"https:\/\/aem.hr\/en\/wp-json\/wp\/v2\/media?parent=15090"}],"curies":[{"name":"wp","href":"https:\/\/api.w.org\/{rel}","templated":true}]}}