{"id":15135,"date":"2023-02-14T12:32:51","date_gmt":"2023-02-14T11:32:51","guid":{"rendered":"http:\/\/aem.hr\/?page_id=15135"},"modified":"2023-02-14T12:32:52","modified_gmt":"2023-02-14T11:32:52","slug":"davor-mladosic-utjecaj-izgradnje-zracne-luke-trebinje-na-sliv-rijeke-omble","status":"publish","type":"page","link":"https:\/\/aem.hr\/en\/davor-mladosic-utjecaj-izgradnje-zracne-luke-trebinje-na-sliv-rijeke-omble\/","title":{"rendered":"Davor Mlado\u0161i\u0107 &#8211; Utjecaj izgradnje Zra\u010dne luke Trebinje na sliv rijeke Omble"},"content":{"rendered":"\n<div class=\"wp-block-file\"><a id=\"wp-block-file--media-36962bb2-b627-4c29-adaf-e0dcdcf0cda3\" href=\"https:\/\/aem.hr\/wp-content\/uploads\/2023\/02\/1-Betonizacija-u-dubrovackom-zaledju.pdf\">1. Betonizacija u dubrova\u010dkom zale\u0111u<\/a><a href=\"https:\/\/aem.hr\/wp-content\/uploads\/2023\/02\/1-Betonizacija-u-dubrovackom-zaledju.pdf\" class=\"wp-block-file__button wp-element-button\" download aria-describedby=\"wp-block-file--media-36962bb2-b627-4c29-adaf-e0dcdcf0cda3\">Preuzimanje<\/a><\/div>\n\n\n\n<div class=\"wp-block-file\"><a id=\"wp-block-file--media-58ebc76e-a813-4537-8bdc-d82009b9093b\" href=\"https:\/\/aem.hr\/wp-content\/uploads\/2023\/02\/2.-istrazivanja_u_rs.pdf\">2. Istra\u017eivanja_u_rs<\/a><a href=\"https:\/\/aem.hr\/wp-content\/uploads\/2023\/02\/2.-istrazivanja_u_rs.pdf\" class=\"wp-block-file__button wp-element-button\" download aria-describedby=\"wp-block-file--media-58ebc76e-a813-4537-8bdc-d82009b9093b\">Preuzimanje<\/a><\/div>\n\n\n\n<div class=\"wp-block-file\"><a id=\"wp-block-file--media-7d364d35-2286-4882-bc11-d34adbe8f11a\" href=\"https:\/\/aem.hr\/wp-content\/uploads\/2023\/02\/3.-nemamo_zakon.pdf\">3. Nemamo_zakon<\/a><a href=\"https:\/\/aem.hr\/wp-content\/uploads\/2023\/02\/3.-nemamo_zakon.pdf\" class=\"wp-block-file__button wp-element-button\" download aria-describedby=\"wp-block-file--media-7d364d35-2286-4882-bc11-d34adbe8f11a\">Preuzimanje<\/a><\/div>\n\n\n\n<div class=\"wp-block-file\"><a id=\"wp-block-file--media-8eb9142a-d86a-4a6e-85f6-03a186a641c7\" href=\"https:\/\/aem.hr\/wp-content\/uploads\/2023\/02\/4.-giljaca_istice.pdf\">4. Gilja\u010da_isti\u010de<\/a><a href=\"https:\/\/aem.hr\/wp-content\/uploads\/2023\/02\/4.-giljaca_istice.pdf\" class=\"wp-block-file__button wp-element-button\" download aria-describedby=\"wp-block-file--media-8eb9142a-d86a-4a6e-85f6-03a186a641c7\">Preuzimanje<\/a><\/div>\n\n\n\n<div class=\"wp-block-file\"><a id=\"wp-block-file--media-18a23c9e-b636-41d5-9ce4-f65a325db6d4\" href=\"https:\/\/aem.hr\/wp-content\/uploads\/2023\/02\/5.-vojni_ekspert_berko_zecevic.pdf\">5. Vojni_ekspert_Berko_Ze\u010devi\u0107<\/a><a href=\"https:\/\/aem.hr\/wp-content\/uploads\/2023\/02\/5.-vojni_ekspert_berko_zecevic.pdf\" class=\"wp-block-file__button wp-element-button\" download aria-describedby=\"wp-block-file--media-18a23c9e-b636-41d5-9ce4-f65a325db6d4\">Preuzimanje<\/a><\/div>\n\n\n\n<p><\/p>\n","protected":false},"excerpt":{"rendered":"","protected":false},"author":18,"featured_media":0,"parent":0,"menu_order":0,"comment_status":"closed","ping_status":"closed","template":"","meta":{"_acf_changed":false,"inline_featured_image":false,"advgb_blocks_editor_width":"","advgb_blocks_columns_visual_guide":"","_links_to":"","_links_to_type":0,"footnotes":""},"class_list":["post-15135","page","type-page","status-publish","hentry"],"acf":[],"yoast_head":"<!-- This site is optimized with the Yoast SEO plugin v25.7 - https:\/\/yoast.com\/wordpress\/plugins\/seo\/ -->\n<title>Davor Mlado\u0161i\u0107 - Utjecaj izgradnje Zra\u010dne luke Trebinje na sliv rijeke Omble - Agencija za elektroni\u010dke medije<\/title>\n<meta name=\"robots\" content=\"index, follow, max-snippet:-1, max-image-preview:large, max-video-preview:-1\" \/>\n<link rel=\"canonical\" href=\"https:\/\/aem.hr\/davor-mladosic-utjecaj-izgradnje-zracne-luke-trebinje-na-sliv-rijeke-omble\/\" \/>\n<meta property=\"og:locale\" content=\"en_US\" \/>\n<meta property=\"og:type\" content=\"article\" \/>\n<meta property=\"og:title\" content=\"Davor Mlado\u0161i\u0107 - Utjecaj izgradnje Zra\u010dne luke Trebinje na sliv rijeke Omble - Agencija za elektroni\u010dke medije\" \/>\n<meta property=\"og:url\" content=\"https:\/\/aem.hr\/davor-mladosic-utjecaj-izgradnje-zracne-luke-trebinje-na-sliv-rijeke-omble\/\" \/>\n<meta property=\"og:site_name\" content=\"Agencija za elektroni\u010dke medije\" \/>\n<meta property=\"article:modified_time\" content=\"2023-02-14T11:32:52+00:00\" \/>\n<meta name=\"twitter:card\" content=\"summary_large_image\" \/>\n<meta name=\"twitter:label1\" content=\"Est. reading time\" \/>\n\t<meta name=\"twitter:data1\" content=\"1 minute\" \/>\n<script type=\"application\/ld+json\" class=\"yoast-schema-graph\">{\"@context\":\"https:\/\/schema.org\",\"@graph\":[{\"@type\":\"WebPage\",\"@id\":\"https:\/\/aem.hr\/davor-mladosic-utjecaj-izgradnje-zracne-luke-trebinje-na-sliv-rijeke-omble\/\",\"url\":\"https:\/\/aem.hr\/davor-mladosic-utjecaj-izgradnje-zracne-luke-trebinje-na-sliv-rijeke-omble\/\",\"name\":\"Davor Mlado\u0161i\u0107 - Utjecaj izgradnje Zra\u010dne luke Trebinje na sliv rijeke Omble - Agencija za elektroni\u010dke medije\",\"isPartOf\":{\"@id\":\"https:\/\/aem.hr\/#website\"},\"datePublished\":\"2023-02-14T11:32:51+00:00\",\"dateModified\":\"2023-02-14T11:32:52+00:00\",\"breadcrumb\":{\"@id\":\"https:\/\/aem.hr\/davor-mladosic-utjecaj-izgradnje-zracne-luke-trebinje-na-sliv-rijeke-omble\/#breadcrumb\"},\"inLanguage\":\"en-US\",\"potentialAction\":[{\"@type\":\"ReadAction\",\"target\":[\"https:\/\/aem.hr\/davor-mladosic-utjecaj-izgradnje-zracne-luke-trebinje-na-sliv-rijeke-omble\/\"]}]},{\"@type\":\"BreadcrumbList\",\"@id\":\"https:\/\/aem.hr\/davor-mladosic-utjecaj-izgradnje-zracne-luke-trebinje-na-sliv-rijeke-omble\/#breadcrumb\",\"itemListElement\":[{\"@type\":\"ListItem\",\"position\":1,\"name\":\"Po\u010detna stranica\",\"item\":\"https:\/\/aem.hr\/\"},{\"@type\":\"ListItem\",\"position\":2,\"name\":\"Davor Mlado\u0161i\u0107 &#8211; Utjecaj izgradnje Zra\u010dne luke Trebinje na sliv rijeke Omble\"}]},{\"@type\":\"WebSite\",\"@id\":\"https:\/\/aem.hr\/#website\",\"url\":\"https:\/\/aem.hr\/\",\"name\":\"Agencija za elektroni\u010dke medije\",\"description\":\"\",\"potentialAction\":[{\"@type\":\"SearchAction\",\"target\":{\"@type\":\"EntryPoint\",\"urlTemplate\":\"https:\/\/aem.hr\/?s={search_term_string}\"},\"query-input\":{\"@type\":\"PropertyValueSpecification\",\"valueRequired\":true,\"valueName\":\"search_term_string\"}}],\"inLanguage\":\"en-US\"}]}<\/script>\n<!-- \/ Yoast SEO plugin. -->","yoast_head_json":{"title":"Davor Mlado\u0161i\u0107 - Utjecaj izgradnje Zra\u010dne luke Trebinje na sliv rijeke Omble - Agencija za elektroni\u010dke medije","robots":{"index":"index","follow":"follow","max-snippet":"max-snippet:-1","max-image-preview":"max-image-preview:large","max-video-preview":"max-video-preview:-1"},"canonical":"https:\/\/aem.hr\/davor-mladosic-utjecaj-izgradnje-zracne-luke-trebinje-na-sliv-rijeke-omble\/","og_locale":"en_US","og_type":"article","og_title":"Davor Mlado\u0161i\u0107 - Utjecaj izgradnje Zra\u010dne luke Trebinje na sliv rijeke Omble - Agencija za elektroni\u010dke medije","og_url":"https:\/\/aem.hr\/davor-mladosic-utjecaj-izgradnje-zracne-luke-trebinje-na-sliv-rijeke-omble\/","og_site_name":"Agencija za elektroni\u010dke medije","article_modified_time":"2023-02-14T11:32:52+00:00","twitter_card":"summary_large_image","twitter_misc":{"Est. reading time":"1 minute"},"schema":{"@context":"https:\/\/schema.org","@graph":[{"@type":"WebPage","@id":"https:\/\/aem.hr\/davor-mladosic-utjecaj-izgradnje-zracne-luke-trebinje-na-sliv-rijeke-omble\/","url":"https:\/\/aem.hr\/davor-mladosic-utjecaj-izgradnje-zracne-luke-trebinje-na-sliv-rijeke-omble\/","name":"Davor Mlado\u0161i\u0107 - Utjecaj izgradnje Zra\u010dne luke Trebinje na sliv rijeke Omble - Agencija za elektroni\u010dke medije","isPartOf":{"@id":"https:\/\/aem.hr\/#website"},"datePublished":"2023-02-14T11:32:51+00:00","dateModified":"2023-02-14T11:32:52+00:00","breadcrumb":{"@id":"https:\/\/aem.hr\/davor-mladosic-utjecaj-izgradnje-zracne-luke-trebinje-na-sliv-rijeke-omble\/#breadcrumb"},"inLanguage":"en-US","potentialAction":[{"@type":"ReadAction","target":["https:\/\/aem.hr\/davor-mladosic-utjecaj-izgradnje-zracne-luke-trebinje-na-sliv-rijeke-omble\/"]}]},{"@type":"BreadcrumbList","@id":"https:\/\/aem.hr\/davor-mladosic-utjecaj-izgradnje-zracne-luke-trebinje-na-sliv-rijeke-omble\/#breadcrumb","itemListElement":[{"@type":"ListItem","position":1,"name":"Po\u010detna stranica","item":"https:\/\/aem.hr\/"},{"@type":"ListItem","position":2,"name":"Davor Mlado\u0161i\u0107 &#8211; Utjecaj izgradnje Zra\u010dne luke Trebinje na sliv rijeke Omble"}]},{"@type":"WebSite","@id":"https:\/\/aem.hr\/#website","url":"https:\/\/aem.hr\/","name":"Agencija za elektroni\u010dke medije","description":"","potentialAction":[{"@type":"SearchAction","target":{"@type":"EntryPoint","urlTemplate":"https:\/\/aem.hr\/?s={search_term_string}"},"query-input":{"@type":"PropertyValueSpecification","valueRequired":true,"valueName":"search_term_string"}}],"inLanguage":"en-US"}]}},"coauthors":[],"author_meta":{"author_link":"https:\/\/aem.hr\/en\/blog\/author\/mkirac\/","display_name":"Matko Kirac"},"relative_dates":{"created":"Posted 3 years ago","modified":"Updated 3 years ago"},"absolute_dates":{"created":"Posted on 14. February 2023.","modified":"Updated on 14. February 2023."},"absolute_dates_time":{"created":"Posted on 14. February 2023. 12:32","modified":"Updated on 14. February 2023. 12:32"},"featured_img_caption":"","featured_img":false,"series_order":"","_links":{"self":[{"href":"https:\/\/aem.hr\/en\/wp-json\/wp\/v2\/pages\/15135","targetHints":{"allow":["GET"]}}],"collection":[{"href":"https:\/\/aem.hr\/en\/wp-json\/wp\/v2\/pages"}],"about":[{"href":"https:\/\/aem.hr\/en\/wp-json\/wp\/v2\/types\/page"}],"author":[{"embeddable":true,"href":"https:\/\/aem.hr\/en\/wp-json\/wp\/v2\/users\/18"}],"replies":[{"embeddable":true,"href":"https:\/\/aem.hr\/en\/wp-json\/wp\/v2\/comments?post=15135"}],"version-history":[{"count":1,"href":"https:\/\/aem.hr\/en\/wp-json\/wp\/v2\/pages\/15135\/revisions"}],"predecessor-version":[{"id":15150,"href":"https:\/\/aem.hr\/en\/wp-json\/wp\/v2\/pages\/15135\/revisions\/15150"}],"wp:attachment":[{"href":"https:\/\/aem.hr\/en\/wp-json\/wp\/v2\/media?parent=15135"}],"curies":[{"name":"wp","href":"https:\/\/api.w.org\/{rel}","templated":true}]}}