{"id":15167,"date":"2023-02-14T12:39:06","date_gmt":"2023-02-14T11:39:06","guid":{"rendered":"http:\/\/aem.hr\/?page_id=15167"},"modified":"2023-05-22T07:49:30","modified_gmt":"2023-05-22T05:49:30","slug":"darko-markusic-koliko-stoji-lijesnik-koliko-profesor-ili-policajac-posto-politicar-ili-sudac","status":"publish","type":"page","link":"https:\/\/aem.hr\/en\/darko-markusic-koliko-stoji-lijesnik-koliko-profesor-ili-policajac-posto-politicar-ili-sudac\/","title":{"rendered":"Darko Marku\u0161i\u0107 &#8211; &#8220;Koliko stoji lije\u010dnik, koliko profesor ili policajac? Po\u0161to politi\u010dar ili sudac?&#8221;"},"content":{"rendered":"\n<div class=\"wp-block-file\"><a id=\"wp-block-file--media-e99b2c93-ec5f-43e4-a06e-156b4749b90a\" href=\"https:\/\/aem.hr\/wp-content\/uploads\/2023\/02\/1.-Gradani-ne-vjeruju-politicarima-i-sudovima.pdf\">1. Gra\u0111ani ne vjeruju politi\u010darima i sudovima<\/a><a href=\"https:\/\/aem.hr\/wp-content\/uploads\/2023\/02\/1.-Gradani-ne-vjeruju-politicarima-i-sudovima.pdf\" class=\"wp-block-file__button wp-element-button\" download aria-describedby=\"wp-block-file--media-e99b2c93-ec5f-43e4-a06e-156b4749b90a\">Preuzimanje<\/a><\/div>\n\n\n\n<div class=\"wp-block-file\"><a id=\"wp-block-file--media-06c34498-ae08-4af5-9293-37010bc58b9d\" href=\"https:\/\/aem.hr\/wp-content\/uploads\/2023\/02\/2.-Najcesce-primali-do-pet-tisuca-eura.pdf\">2. Naj\u010de\u0161\u0107e primali do pet tisu\u0107a eura<\/a><a href=\"https:\/\/aem.hr\/wp-content\/uploads\/2023\/02\/2.-Najcesce-primali-do-pet-tisuca-eura.pdf\" class=\"wp-block-file__button wp-element-button\" download aria-describedby=\"wp-block-file--media-06c34498-ae08-4af5-9293-37010bc58b9d\">Preuzimanje<\/a><\/div>\n\n\n\n<div class=\"wp-block-file\"><a id=\"wp-block-file--media-fb1f2776-ed67-4514-94fc-72cac5705544\" href=\"https:\/\/aem.hr\/wp-content\/uploads\/2023\/02\/3.-Do-fakultetske-diplome-bez-ucenja-za-9000-eura.pdf\">3. Do fakultetske diplome bez u\u010denja za 9000 eura<\/a><a href=\"https:\/\/aem.hr\/wp-content\/uploads\/2023\/02\/3.-Do-fakultetske-diplome-bez-ucenja-za-9000-eura.pdf\" class=\"wp-block-file__button wp-element-button\" download aria-describedby=\"wp-block-file--media-fb1f2776-ed67-4514-94fc-72cac5705544\">Preuzimanje<\/a><\/div>\n\n\n\n<div class=\"wp-block-file\"><a id=\"wp-block-file--media-294b6852-820b-4f7a-b11f-2cabbf1f96cc\" href=\"https:\/\/aem.hr\/wp-content\/uploads\/2023\/02\/4.-Koliko-stoji-policajac_-Posto-politicar-ili-sudac.pdf\">4. Koliko stoji policajac_ Po\u0161to politi\u010dar ili sudac<\/a><a href=\"https:\/\/aem.hr\/wp-content\/uploads\/2023\/02\/4.-Koliko-stoji-policajac_-Posto-politicar-ili-sudac.pdf\" class=\"wp-block-file__button wp-element-button\" download aria-describedby=\"wp-block-file--media-294b6852-820b-4f7a-b11f-2cabbf1f96cc\">Preuzimanje<\/a><\/div>\n\n\n\n<p><\/p>\n","protected":false},"excerpt":{"rendered":"","protected":false},"author":18,"featured_media":0,"parent":0,"menu_order":0,"comment_status":"closed","ping_status":"closed","template":"","meta":{"_acf_changed":false,"inline_featured_image":false,"advgb_blocks_editor_width":"","advgb_blocks_columns_visual_guide":"","_links_to":"","_links_to_type":0,"footnotes":""},"class_list":["post-15167","page","type-page","status-publish","hentry"],"acf":[],"yoast_head":"<!-- This site is optimized with the Yoast SEO plugin v25.7 - https:\/\/yoast.com\/wordpress\/plugins\/seo\/ -->\n<title>Darko Marku\u0161i\u0107 - &quot;Koliko stoji lije\u010dnik, koliko profesor ili policajac? Po\u0161to politi\u010dar ili sudac?&quot; - Agencija za elektroni\u010dke medije<\/title>\n<meta name=\"robots\" content=\"index, follow, max-snippet:-1, max-image-preview:large, max-video-preview:-1\" \/>\n<link rel=\"canonical\" href=\"https:\/\/aem.hr\/darko-markusic-koliko-stoji-lijesnik-koliko-profesor-ili-policajac-posto-politicar-ili-sudac\/\" \/>\n<meta property=\"og:locale\" content=\"en_US\" \/>\n<meta property=\"og:type\" content=\"article\" \/>\n<meta property=\"og:title\" content=\"Darko Marku\u0161i\u0107 - &quot;Koliko stoji lije\u010dnik, koliko profesor ili policajac? Po\u0161to politi\u010dar ili sudac?&quot; - Agencija za elektroni\u010dke medije\" \/>\n<meta property=\"og:url\" content=\"https:\/\/aem.hr\/darko-markusic-koliko-stoji-lijesnik-koliko-profesor-ili-policajac-posto-politicar-ili-sudac\/\" \/>\n<meta property=\"og:site_name\" content=\"Agencija za elektroni\u010dke medije\" \/>\n<meta property=\"article:modified_time\" content=\"2023-05-22T05:49:30+00:00\" \/>\n<meta name=\"twitter:card\" content=\"summary_large_image\" \/>\n<meta name=\"twitter:label1\" content=\"Est. reading time\" \/>\n\t<meta name=\"twitter:data1\" content=\"1 minute\" \/>\n<script type=\"application\/ld+json\" class=\"yoast-schema-graph\">{\"@context\":\"https:\/\/schema.org\",\"@graph\":[{\"@type\":\"WebPage\",\"@id\":\"https:\/\/aem.hr\/darko-markusic-koliko-stoji-lijesnik-koliko-profesor-ili-policajac-posto-politicar-ili-sudac\/\",\"url\":\"https:\/\/aem.hr\/darko-markusic-koliko-stoji-lijesnik-koliko-profesor-ili-policajac-posto-politicar-ili-sudac\/\",\"name\":\"Darko Marku\u0161i\u0107 - \\\"Koliko stoji lije\u010dnik, koliko profesor ili policajac? Po\u0161to politi\u010dar ili sudac?\\\" - Agencija za elektroni\u010dke medije\",\"isPartOf\":{\"@id\":\"https:\/\/aem.hr\/#website\"},\"datePublished\":\"2023-02-14T11:39:06+00:00\",\"dateModified\":\"2023-05-22T05:49:30+00:00\",\"breadcrumb\":{\"@id\":\"https:\/\/aem.hr\/darko-markusic-koliko-stoji-lijesnik-koliko-profesor-ili-policajac-posto-politicar-ili-sudac\/#breadcrumb\"},\"inLanguage\":\"en-US\",\"potentialAction\":[{\"@type\":\"ReadAction\",\"target\":[\"https:\/\/aem.hr\/darko-markusic-koliko-stoji-lijesnik-koliko-profesor-ili-policajac-posto-politicar-ili-sudac\/\"]}]},{\"@type\":\"BreadcrumbList\",\"@id\":\"https:\/\/aem.hr\/darko-markusic-koliko-stoji-lijesnik-koliko-profesor-ili-policajac-posto-politicar-ili-sudac\/#breadcrumb\",\"itemListElement\":[{\"@type\":\"ListItem\",\"position\":1,\"name\":\"Po\u010detna stranica\",\"item\":\"https:\/\/aem.hr\/\"},{\"@type\":\"ListItem\",\"position\":2,\"name\":\"Darko Marku\u0161i\u0107 &#8211; &#8220;Koliko stoji lije\u010dnik, koliko profesor ili policajac? Po\u0161to politi\u010dar ili sudac?&#8221;\"}]},{\"@type\":\"WebSite\",\"@id\":\"https:\/\/aem.hr\/#website\",\"url\":\"https:\/\/aem.hr\/\",\"name\":\"Agencija za elektroni\u010dke medije\",\"description\":\"\",\"potentialAction\":[{\"@type\":\"SearchAction\",\"target\":{\"@type\":\"EntryPoint\",\"urlTemplate\":\"https:\/\/aem.hr\/?s={search_term_string}\"},\"query-input\":{\"@type\":\"PropertyValueSpecification\",\"valueRequired\":true,\"valueName\":\"search_term_string\"}}],\"inLanguage\":\"en-US\"}]}<\/script>\n<!-- \/ Yoast SEO plugin. -->","yoast_head_json":{"title":"Darko Marku\u0161i\u0107 - \"Koliko stoji lije\u010dnik, koliko profesor ili policajac? Po\u0161to politi\u010dar ili sudac?\" - Agencija za elektroni\u010dke medije","robots":{"index":"index","follow":"follow","max-snippet":"max-snippet:-1","max-image-preview":"max-image-preview:large","max-video-preview":"max-video-preview:-1"},"canonical":"https:\/\/aem.hr\/darko-markusic-koliko-stoji-lijesnik-koliko-profesor-ili-policajac-posto-politicar-ili-sudac\/","og_locale":"en_US","og_type":"article","og_title":"Darko Marku\u0161i\u0107 - \"Koliko stoji lije\u010dnik, koliko profesor ili policajac? Po\u0161to politi\u010dar ili sudac?\" - Agencija za elektroni\u010dke medije","og_url":"https:\/\/aem.hr\/darko-markusic-koliko-stoji-lijesnik-koliko-profesor-ili-policajac-posto-politicar-ili-sudac\/","og_site_name":"Agencija za elektroni\u010dke medije","article_modified_time":"2023-05-22T05:49:30+00:00","twitter_card":"summary_large_image","twitter_misc":{"Est. reading time":"1 minute"},"schema":{"@context":"https:\/\/schema.org","@graph":[{"@type":"WebPage","@id":"https:\/\/aem.hr\/darko-markusic-koliko-stoji-lijesnik-koliko-profesor-ili-policajac-posto-politicar-ili-sudac\/","url":"https:\/\/aem.hr\/darko-markusic-koliko-stoji-lijesnik-koliko-profesor-ili-policajac-posto-politicar-ili-sudac\/","name":"Darko Marku\u0161i\u0107 - \"Koliko stoji lije\u010dnik, koliko profesor ili policajac? Po\u0161to politi\u010dar ili sudac?\" - Agencija za elektroni\u010dke medije","isPartOf":{"@id":"https:\/\/aem.hr\/#website"},"datePublished":"2023-02-14T11:39:06+00:00","dateModified":"2023-05-22T05:49:30+00:00","breadcrumb":{"@id":"https:\/\/aem.hr\/darko-markusic-koliko-stoji-lijesnik-koliko-profesor-ili-policajac-posto-politicar-ili-sudac\/#breadcrumb"},"inLanguage":"en-US","potentialAction":[{"@type":"ReadAction","target":["https:\/\/aem.hr\/darko-markusic-koliko-stoji-lijesnik-koliko-profesor-ili-policajac-posto-politicar-ili-sudac\/"]}]},{"@type":"BreadcrumbList","@id":"https:\/\/aem.hr\/darko-markusic-koliko-stoji-lijesnik-koliko-profesor-ili-policajac-posto-politicar-ili-sudac\/#breadcrumb","itemListElement":[{"@type":"ListItem","position":1,"name":"Po\u010detna stranica","item":"https:\/\/aem.hr\/"},{"@type":"ListItem","position":2,"name":"Darko Marku\u0161i\u0107 &#8211; &#8220;Koliko stoji lije\u010dnik, koliko profesor ili policajac? Po\u0161to politi\u010dar ili sudac?&#8221;"}]},{"@type":"WebSite","@id":"https:\/\/aem.hr\/#website","url":"https:\/\/aem.hr\/","name":"Agencija za elektroni\u010dke medije","description":"","potentialAction":[{"@type":"SearchAction","target":{"@type":"EntryPoint","urlTemplate":"https:\/\/aem.hr\/?s={search_term_string}"},"query-input":{"@type":"PropertyValueSpecification","valueRequired":true,"valueName":"search_term_string"}}],"inLanguage":"en-US"}]}},"coauthors":[],"author_meta":{"author_link":"https:\/\/aem.hr\/en\/blog\/author\/mkirac\/","display_name":"Matko Kirac"},"relative_dates":{"created":"Posted 3 years ago","modified":"Updated 3 years ago"},"absolute_dates":{"created":"Posted on 14. February 2023.","modified":"Updated on 22. May 2023."},"absolute_dates_time":{"created":"Posted on 14. February 2023. 12:39","modified":"Updated on 22. May 2023. 7:49"},"featured_img_caption":"","featured_img":false,"series_order":"","_links":{"self":[{"href":"https:\/\/aem.hr\/en\/wp-json\/wp\/v2\/pages\/15167","targetHints":{"allow":["GET"]}}],"collection":[{"href":"https:\/\/aem.hr\/en\/wp-json\/wp\/v2\/pages"}],"about":[{"href":"https:\/\/aem.hr\/en\/wp-json\/wp\/v2\/types\/page"}],"author":[{"embeddable":true,"href":"https:\/\/aem.hr\/en\/wp-json\/wp\/v2\/users\/18"}],"replies":[{"embeddable":true,"href":"https:\/\/aem.hr\/en\/wp-json\/wp\/v2\/comments?post=15167"}],"version-history":[{"count":2,"href":"https:\/\/aem.hr\/en\/wp-json\/wp\/v2\/pages\/15167\/revisions"}],"predecessor-version":[{"id":16455,"href":"https:\/\/aem.hr\/en\/wp-json\/wp\/v2\/pages\/15167\/revisions\/16455"}],"wp:attachment":[{"href":"https:\/\/aem.hr\/en\/wp-json\/wp\/v2\/media?parent=15167"}],"curies":[{"name":"wp","href":"https:\/\/api.w.org\/{rel}","templated":true}]}}