{"id":15181,"date":"2023-02-14T12:42:15","date_gmt":"2023-02-14T11:42:15","guid":{"rendered":"http:\/\/aem.hr\/?page_id=15181"},"modified":"2023-02-14T12:42:16","modified_gmt":"2023-02-14T11:42:16","slug":"petra-begovic-mentalno-zdravlje-zena-trudnica-i-majki-govorimo-glasnije-i-pruzajmo-podrsku-jasnije","status":"publish","type":"page","link":"https:\/\/aem.hr\/en\/petra-begovic-mentalno-zdravlje-zena-trudnica-i-majki-govorimo-glasnije-i-pruzajmo-podrsku-jasnije\/","title":{"rendered":"Petra Begovi\u0107 &#8211; Mentalno zdravlje \u017eena, trudnica i majki &#8211; govorimo glasnije i pru\u017eajmo podr\u0161ku jasnije"},"content":{"rendered":"\n<div class=\"wp-block-file\"><a id=\"wp-block-file--media-8d8618fe-ca7c-48c1-bbb8-a3671dbd04f7\" href=\"https:\/\/aem.hr\/wp-content\/uploads\/2023\/02\/1.-Mentalno-zdravlje-zena-trudnica-i-majki.pdf\">1. Mentalno zdravlje \u017eena, trudnica i majki<\/a><a href=\"https:\/\/aem.hr\/wp-content\/uploads\/2023\/02\/1.-Mentalno-zdravlje-zena-trudnica-i-majki.pdf\" class=\"wp-block-file__button wp-element-button\" download aria-describedby=\"wp-block-file--media-8d8618fe-ca7c-48c1-bbb8-a3671dbd04f7\">Preuzimanje<\/a><\/div>\n\n\n\n<div class=\"wp-block-file\"><a id=\"wp-block-file--media-e1208280-158d-4db7-b474-12a2ec4c1ec1\" href=\"https:\/\/aem.hr\/wp-content\/uploads\/2023\/02\/2.-Zrinka-Stetic-Grubisic_-Nikada-ne-smijemo-zaboraviti.pdf\">2. Zrinka \u0160teti\u0107 Grubi\u0161i\u0107_ Nikada ne smijemo zaboraviti<\/a><a href=\"https:\/\/aem.hr\/wp-content\/uploads\/2023\/02\/2.-Zrinka-Stetic-Grubisic_-Nikada-ne-smijemo-zaboraviti.pdf\" class=\"wp-block-file__button wp-element-button\" download aria-describedby=\"wp-block-file--media-e1208280-158d-4db7-b474-12a2ec4c1ec1\">Preuzimanje<\/a><\/div>\n\n\n\n<div class=\"wp-block-file\"><a id=\"wp-block-file--media-3bef523c-0425-45c2-8385-af57adebf0d4\" href=\"https:\/\/aem.hr\/wp-content\/uploads\/2023\/02\/3.-Sto-je-majcinska-krivnja-i-kako-je-smanjiti.pdf\">3. \u0160to je maj\u010dinska krivnja i kako je smanjiti<\/a><a href=\"https:\/\/aem.hr\/wp-content\/uploads\/2023\/02\/3.-Sto-je-majcinska-krivnja-i-kako-je-smanjiti.pdf\" class=\"wp-block-file__button wp-element-button\" download aria-describedby=\"wp-block-file--media-3bef523c-0425-45c2-8385-af57adebf0d4\">Preuzimanje<\/a><\/div>\n\n\n\n<div class=\"wp-block-file\"><a id=\"wp-block-file--media-8c666161-9d08-464f-8d7b-497c8d3ce3d6\" href=\"https:\/\/aem.hr\/wp-content\/uploads\/2023\/02\/4.-Karolina-Jaksic_-Kad-damo-sebi-priliku-za-bolje.pdf\">4. Karolina Jak\u0161i\u0107_ Kad damo sebi priliku za bolje<\/a><a href=\"https:\/\/aem.hr\/wp-content\/uploads\/2023\/02\/4.-Karolina-Jaksic_-Kad-damo-sebi-priliku-za-bolje.pdf\" class=\"wp-block-file__button wp-element-button\" download aria-describedby=\"wp-block-file--media-8c666161-9d08-464f-8d7b-497c8d3ce3d6\">Preuzimanje<\/a><\/div>\n\n\n\n<div class=\"wp-block-file\"><a id=\"wp-block-file--media-96effc86-ff20-4909-98eb-0958858a7250\" href=\"https:\/\/aem.hr\/wp-content\/uploads\/2023\/02\/5.-Andela-Jelic_-Vodimo-brigu-o-zdravlju.pdf\">5. An\u0111ela Jeli\u0107_ Vodimo brigu o zdravlju<\/a><a href=\"https:\/\/aem.hr\/wp-content\/uploads\/2023\/02\/5.-Andela-Jelic_-Vodimo-brigu-o-zdravlju.pdf\" class=\"wp-block-file__button wp-element-button\" download aria-describedby=\"wp-block-file--media-96effc86-ff20-4909-98eb-0958858a7250\">Preuzimanje<\/a><\/div>\n\n\n\n<div class=\"wp-block-file\"><a id=\"wp-block-file--media-6420761b-e9ba-49f9-91c9-e4556c651661\" href=\"https:\/\/aem.hr\/wp-content\/uploads\/2023\/02\/6.-Barbara-Slade-Jagodic_-Nisam-mislila.pdf\">6. Barbara Slade Jagodi\u0107_ Nisam mislila<\/a><a href=\"https:\/\/aem.hr\/wp-content\/uploads\/2023\/02\/6.-Barbara-Slade-Jagodic_-Nisam-mislila.pdf\" class=\"wp-block-file__button wp-element-button\" download aria-describedby=\"wp-block-file--media-6420761b-e9ba-49f9-91c9-e4556c651661\">Preuzimanje<\/a><\/div>\n\n\n\n<div class=\"wp-block-file\"><a id=\"wp-block-file--media-083cdb43-d5e5-4d7c-a42b-2b96e0506fa9\" href=\"https:\/\/aem.hr\/wp-content\/uploads\/2023\/02\/7.-Mama-s-Instagrama-Iva-Sutic_-Ne-opterecuj-se.pdf\">7. Mama s Instagrama Iva \u0160uti\u0107_ Ne optere\u0107uj se<\/a><a href=\"https:\/\/aem.hr\/wp-content\/uploads\/2023\/02\/7.-Mama-s-Instagrama-Iva-Sutic_-Ne-opterecuj-se.pdf\" class=\"wp-block-file__button wp-element-button\" download aria-describedby=\"wp-block-file--media-083cdb43-d5e5-4d7c-a42b-2b96e0506fa9\">Preuzimanje<\/a><\/div>\n\n\n\n<div class=\"wp-block-file\"><a id=\"wp-block-file--media-b22777a6-95dc-4edd-95fe-be9c0b59443f\" href=\"https:\/\/aem.hr\/wp-content\/uploads\/2023\/02\/8.-Una-Pasic-Gregovic_-Kucni-porod.pdf\">8. Una Pa\u0161i\u0107 Gregovi\u0107_ Ku\u0107ni porod<\/a><a href=\"https:\/\/aem.hr\/wp-content\/uploads\/2023\/02\/8.-Una-Pasic-Gregovic_-Kucni-porod.pdf\" class=\"wp-block-file__button wp-element-button\" download aria-describedby=\"wp-block-file--media-b22777a6-95dc-4edd-95fe-be9c0b59443f\">Preuzimanje<\/a><\/div>\n\n\n\n<div class=\"wp-block-file\"><a id=\"wp-block-file--media-0cfc252b-e395-4096-a1b9-5bc8d6a9a992\" href=\"https:\/\/aem.hr\/wp-content\/uploads\/2023\/02\/9.-Ivana-Igrec-Golub_-Za-svoje-mentalno-zdravlje.pdf\">9. Ivana Igrec Golub_ Za svoje mentalno zdravlje<\/a><a href=\"https:\/\/aem.hr\/wp-content\/uploads\/2023\/02\/9.-Ivana-Igrec-Golub_-Za-svoje-mentalno-zdravlje.pdf\" class=\"wp-block-file__button wp-element-button\" download aria-describedby=\"wp-block-file--media-0cfc252b-e395-4096-a1b9-5bc8d6a9a992\">Preuzimanje<\/a><\/div>\n\n\n\n<div class=\"wp-block-file\"><a id=\"wp-block-file--media-683c0a2c-3391-44b0-a703-d12fa23f27b7\" href=\"https:\/\/aem.hr\/wp-content\/uploads\/2023\/02\/10.-DR.-VESNA-GALL_-Problem-vezan-uz-porod.pdf\">10. DR. VESNA GALL_ Problem vezan uz porod<\/a><a href=\"https:\/\/aem.hr\/wp-content\/uploads\/2023\/02\/10.-DR.-VESNA-GALL_-Problem-vezan-uz-porod.pdf\" class=\"wp-block-file__button wp-element-button\" download aria-describedby=\"wp-block-file--media-683c0a2c-3391-44b0-a703-d12fa23f27b7\">Preuzimanje<\/a><\/div>\n\n\n\n<p><\/p>\n","protected":false},"excerpt":{"rendered":"","protected":false},"author":18,"featured_media":0,"parent":0,"menu_order":0,"comment_status":"closed","ping_status":"closed","template":"","meta":{"_acf_changed":false,"inline_featured_image":false,"advgb_blocks_editor_width":"","advgb_blocks_columns_visual_guide":"","_links_to":"","_links_to_type":0,"footnotes":""},"class_list":["post-15181","page","type-page","status-publish","hentry"],"acf":[],"yoast_head":"<!-- This site is optimized with the Yoast SEO plugin v25.7 - https:\/\/yoast.com\/wordpress\/plugins\/seo\/ -->\n<title>Petra Begovi\u0107 - Mentalno zdravlje \u017eena, trudnica i majki - govorimo glasnije i pru\u017eajmo podr\u0161ku jasnije - Agencija za elektroni\u010dke medije<\/title>\n<meta name=\"robots\" content=\"index, follow, max-snippet:-1, max-image-preview:large, max-video-preview:-1\" \/>\n<link rel=\"canonical\" href=\"https:\/\/aem.hr\/petra-begovic-mentalno-zdravlje-zena-trudnica-i-majki-govorimo-glasnije-i-pruzajmo-podrsku-jasnije\/\" \/>\n<meta property=\"og:locale\" content=\"en_US\" \/>\n<meta property=\"og:type\" content=\"article\" \/>\n<meta property=\"og:title\" content=\"Petra Begovi\u0107 - Mentalno zdravlje \u017eena, trudnica i majki - govorimo glasnije i pru\u017eajmo podr\u0161ku jasnije - Agencija za elektroni\u010dke medije\" \/>\n<meta property=\"og:url\" content=\"https:\/\/aem.hr\/petra-begovic-mentalno-zdravlje-zena-trudnica-i-majki-govorimo-glasnije-i-pruzajmo-podrsku-jasnije\/\" \/>\n<meta property=\"og:site_name\" content=\"Agencija za elektroni\u010dke medije\" \/>\n<meta property=\"article:modified_time\" content=\"2023-02-14T11:42:16+00:00\" \/>\n<meta name=\"twitter:card\" content=\"summary_large_image\" \/>\n<meta name=\"twitter:label1\" content=\"Est. reading time\" \/>\n\t<meta name=\"twitter:data1\" content=\"1 minute\" \/>\n<script type=\"application\/ld+json\" class=\"yoast-schema-graph\">{\"@context\":\"https:\/\/schema.org\",\"@graph\":[{\"@type\":\"WebPage\",\"@id\":\"https:\/\/aem.hr\/petra-begovic-mentalno-zdravlje-zena-trudnica-i-majki-govorimo-glasnije-i-pruzajmo-podrsku-jasnije\/\",\"url\":\"https:\/\/aem.hr\/petra-begovic-mentalno-zdravlje-zena-trudnica-i-majki-govorimo-glasnije-i-pruzajmo-podrsku-jasnije\/\",\"name\":\"Petra Begovi\u0107 - Mentalno zdravlje \u017eena, trudnica i majki - govorimo glasnije i pru\u017eajmo podr\u0161ku jasnije - Agencija za elektroni\u010dke medije\",\"isPartOf\":{\"@id\":\"https:\/\/aem.hr\/#website\"},\"datePublished\":\"2023-02-14T11:42:15+00:00\",\"dateModified\":\"2023-02-14T11:42:16+00:00\",\"breadcrumb\":{\"@id\":\"https:\/\/aem.hr\/petra-begovic-mentalno-zdravlje-zena-trudnica-i-majki-govorimo-glasnije-i-pruzajmo-podrsku-jasnije\/#breadcrumb\"},\"inLanguage\":\"en-US\",\"potentialAction\":[{\"@type\":\"ReadAction\",\"target\":[\"https:\/\/aem.hr\/petra-begovic-mentalno-zdravlje-zena-trudnica-i-majki-govorimo-glasnije-i-pruzajmo-podrsku-jasnije\/\"]}]},{\"@type\":\"BreadcrumbList\",\"@id\":\"https:\/\/aem.hr\/petra-begovic-mentalno-zdravlje-zena-trudnica-i-majki-govorimo-glasnije-i-pruzajmo-podrsku-jasnije\/#breadcrumb\",\"itemListElement\":[{\"@type\":\"ListItem\",\"position\":1,\"name\":\"Po\u010detna stranica\",\"item\":\"https:\/\/aem.hr\/\"},{\"@type\":\"ListItem\",\"position\":2,\"name\":\"Petra Begovi\u0107 &#8211; Mentalno zdravlje \u017eena, trudnica i majki &#8211; govorimo glasnije i pru\u017eajmo podr\u0161ku jasnije\"}]},{\"@type\":\"WebSite\",\"@id\":\"https:\/\/aem.hr\/#website\",\"url\":\"https:\/\/aem.hr\/\",\"name\":\"Agencija za elektroni\u010dke medije\",\"description\":\"\",\"potentialAction\":[{\"@type\":\"SearchAction\",\"target\":{\"@type\":\"EntryPoint\",\"urlTemplate\":\"https:\/\/aem.hr\/?s={search_term_string}\"},\"query-input\":{\"@type\":\"PropertyValueSpecification\",\"valueRequired\":true,\"valueName\":\"search_term_string\"}}],\"inLanguage\":\"en-US\"}]}<\/script>\n<!-- \/ Yoast SEO plugin. -->","yoast_head_json":{"title":"Petra Begovi\u0107 - Mentalno zdravlje \u017eena, trudnica i majki - govorimo glasnije i pru\u017eajmo podr\u0161ku jasnije - Agencija za elektroni\u010dke medije","robots":{"index":"index","follow":"follow","max-snippet":"max-snippet:-1","max-image-preview":"max-image-preview:large","max-video-preview":"max-video-preview:-1"},"canonical":"https:\/\/aem.hr\/petra-begovic-mentalno-zdravlje-zena-trudnica-i-majki-govorimo-glasnije-i-pruzajmo-podrsku-jasnije\/","og_locale":"en_US","og_type":"article","og_title":"Petra Begovi\u0107 - Mentalno zdravlje \u017eena, trudnica i majki - govorimo glasnije i pru\u017eajmo podr\u0161ku jasnije - Agencija za elektroni\u010dke medije","og_url":"https:\/\/aem.hr\/petra-begovic-mentalno-zdravlje-zena-trudnica-i-majki-govorimo-glasnije-i-pruzajmo-podrsku-jasnije\/","og_site_name":"Agencija za elektroni\u010dke medije","article_modified_time":"2023-02-14T11:42:16+00:00","twitter_card":"summary_large_image","twitter_misc":{"Est. reading time":"1 minute"},"schema":{"@context":"https:\/\/schema.org","@graph":[{"@type":"WebPage","@id":"https:\/\/aem.hr\/petra-begovic-mentalno-zdravlje-zena-trudnica-i-majki-govorimo-glasnije-i-pruzajmo-podrsku-jasnije\/","url":"https:\/\/aem.hr\/petra-begovic-mentalno-zdravlje-zena-trudnica-i-majki-govorimo-glasnije-i-pruzajmo-podrsku-jasnije\/","name":"Petra Begovi\u0107 - Mentalno zdravlje \u017eena, trudnica i majki - govorimo glasnije i pru\u017eajmo podr\u0161ku jasnije - Agencija za elektroni\u010dke medije","isPartOf":{"@id":"https:\/\/aem.hr\/#website"},"datePublished":"2023-02-14T11:42:15+00:00","dateModified":"2023-02-14T11:42:16+00:00","breadcrumb":{"@id":"https:\/\/aem.hr\/petra-begovic-mentalno-zdravlje-zena-trudnica-i-majki-govorimo-glasnije-i-pruzajmo-podrsku-jasnije\/#breadcrumb"},"inLanguage":"en-US","potentialAction":[{"@type":"ReadAction","target":["https:\/\/aem.hr\/petra-begovic-mentalno-zdravlje-zena-trudnica-i-majki-govorimo-glasnije-i-pruzajmo-podrsku-jasnije\/"]}]},{"@type":"BreadcrumbList","@id":"https:\/\/aem.hr\/petra-begovic-mentalno-zdravlje-zena-trudnica-i-majki-govorimo-glasnije-i-pruzajmo-podrsku-jasnije\/#breadcrumb","itemListElement":[{"@type":"ListItem","position":1,"name":"Po\u010detna stranica","item":"https:\/\/aem.hr\/"},{"@type":"ListItem","position":2,"name":"Petra Begovi\u0107 &#8211; Mentalno zdravlje \u017eena, trudnica i majki &#8211; govorimo glasnije i pru\u017eajmo podr\u0161ku jasnije"}]},{"@type":"WebSite","@id":"https:\/\/aem.hr\/#website","url":"https:\/\/aem.hr\/","name":"Agencija za elektroni\u010dke medije","description":"","potentialAction":[{"@type":"SearchAction","target":{"@type":"EntryPoint","urlTemplate":"https:\/\/aem.hr\/?s={search_term_string}"},"query-input":{"@type":"PropertyValueSpecification","valueRequired":true,"valueName":"search_term_string"}}],"inLanguage":"en-US"}]}},"coauthors":[],"author_meta":{"author_link":"https:\/\/aem.hr\/en\/blog\/author\/mkirac\/","display_name":"Matko Kirac"},"relative_dates":{"created":"Posted 3 years ago","modified":"Updated 3 years ago"},"absolute_dates":{"created":"Posted on 14. February 2023.","modified":"Updated on 14. February 2023."},"absolute_dates_time":{"created":"Posted on 14. February 2023. 12:42","modified":"Updated on 14. February 2023. 12:42"},"featured_img_caption":"","featured_img":false,"series_order":"","_links":{"self":[{"href":"https:\/\/aem.hr\/en\/wp-json\/wp\/v2\/pages\/15181","targetHints":{"allow":["GET"]}}],"collection":[{"href":"https:\/\/aem.hr\/en\/wp-json\/wp\/v2\/pages"}],"about":[{"href":"https:\/\/aem.hr\/en\/wp-json\/wp\/v2\/types\/page"}],"author":[{"embeddable":true,"href":"https:\/\/aem.hr\/en\/wp-json\/wp\/v2\/users\/18"}],"replies":[{"embeddable":true,"href":"https:\/\/aem.hr\/en\/wp-json\/wp\/v2\/comments?post=15181"}],"version-history":[{"count":1,"href":"https:\/\/aem.hr\/en\/wp-json\/wp\/v2\/pages\/15181\/revisions"}],"predecessor-version":[{"id":15202,"href":"https:\/\/aem.hr\/en\/wp-json\/wp\/v2\/pages\/15181\/revisions\/15202"}],"wp:attachment":[{"href":"https:\/\/aem.hr\/en\/wp-json\/wp\/v2\/media?parent=15181"}],"curies":[{"name":"wp","href":"https:\/\/api.w.org\/{rel}","templated":true}]}}