{"id":15204,"date":"2023-02-14T12:44:14","date_gmt":"2023-02-14T11:44:14","guid":{"rendered":"http:\/\/aem.hr\/?page_id=15204"},"modified":"2023-02-14T12:44:15","modified_gmt":"2023-02-14T11:44:15","slug":"nikolina-metkovic-utjecaj-projekta-gornji-horizonti-na-podrucje-duboracko-neretvanske-zupanije","status":"publish","type":"page","link":"https:\/\/aem.hr\/en\/nikolina-metkovic-utjecaj-projekta-gornji-horizonti-na-podrucje-duboracko-neretvanske-zupanije\/","title":{"rendered":"Nikolina Metkovi\u0107 &#8211; Utjecaj projekta gornji horizonti na podru\u010dje dubora\u010dko &#8211; neretvanske \u017eupanije"},"content":{"rendered":"\n<div class=\"wp-block-file\"><a id=\"wp-block-file--media-b214484d-6863-4a3c-a16b-8cd426d5d7f0\" href=\"https:\/\/aem.hr\/wp-content\/uploads\/2023\/02\/1.-Akademik-Muriz-Spahic.pdf\">1. Akademik Muriz Spahi\u0107<\/a><a href=\"https:\/\/aem.hr\/wp-content\/uploads\/2023\/02\/1.-Akademik-Muriz-Spahic.pdf\" class=\"wp-block-file__button wp-element-button\" download aria-describedby=\"wp-block-file--media-b214484d-6863-4a3c-a16b-8cd426d5d7f0\">Preuzimanje<\/a><\/div>\n\n\n\n<div class=\"wp-block-file\"><a id=\"wp-block-file--media-6d2dda05-635c-41a9-b91b-a7613df0e61f\" href=\"https:\/\/aem.hr\/wp-content\/uploads\/2023\/02\/2.-Ivo-Lucic.pdf\">2. Ivo Luci\u0107<\/a><a href=\"https:\/\/aem.hr\/wp-content\/uploads\/2023\/02\/2.-Ivo-Lucic.pdf\" class=\"wp-block-file__button wp-element-button\" download aria-describedby=\"wp-block-file--media-6d2dda05-635c-41a9-b91b-a7613df0e61f\">Preuzimanje<\/a><\/div>\n\n\n\n<div class=\"wp-block-file\"><a id=\"wp-block-file--media-fd77b3a0-7292-455f-af6a-610add454fbf\" href=\"https:\/\/aem.hr\/wp-content\/uploads\/2023\/02\/3.-Neven-Mataga.pdf\">3. Neven Mataga<\/a><a href=\"https:\/\/aem.hr\/wp-content\/uploads\/2023\/02\/3.-Neven-Mataga.pdf\" class=\"wp-block-file__button wp-element-button\" download aria-describedby=\"wp-block-file--media-fd77b3a0-7292-455f-af6a-610add454fbf\">Preuzimanje<\/a><\/div>\n\n\n\n<div class=\"wp-block-file\"><a id=\"wp-block-file--media-0ba63d6f-1a1d-4471-ade0-e5355c177b07\" href=\"https:\/\/aem.hr\/wp-content\/uploads\/2023\/02\/4.-Djuro-Capor.pdf\">4. Djuro Capor<\/a><a href=\"https:\/\/aem.hr\/wp-content\/uploads\/2023\/02\/4.-Djuro-Capor.pdf\" class=\"wp-block-file__button wp-element-button\" download aria-describedby=\"wp-block-file--media-0ba63d6f-1a1d-4471-ade0-e5355c177b07\">Preuzimanje<\/a><\/div>\n\n\n\n<div class=\"wp-block-file\"><a id=\"wp-block-file--media-cec2ed9c-1e97-403c-84ce-dbf0684f8807\" href=\"https:\/\/aem.hr\/wp-content\/uploads\/2023\/02\/5.-Malostonski-zaljev.pdf\">5. Malostonski zaljev<\/a><a href=\"https:\/\/aem.hr\/wp-content\/uploads\/2023\/02\/5.-Malostonski-zaljev.pdf\" class=\"wp-block-file__button wp-element-button\" download aria-describedby=\"wp-block-file--media-cec2ed9c-1e97-403c-84ce-dbf0684f8807\">Preuzimanje<\/a><\/div>\n\n\n\n<div class=\"wp-block-file\"><a id=\"wp-block-file--media-6001df59-2242-4207-b99e-6667b96e63cb\" href=\"https:\/\/aem.hr\/wp-content\/uploads\/2023\/02\/6.-Ana-Musa.pdf\">6. Ana Musa<\/a><a href=\"https:\/\/aem.hr\/wp-content\/uploads\/2023\/02\/6.-Ana-Musa.pdf\" class=\"wp-block-file__button wp-element-button\" download aria-describedby=\"wp-block-file--media-6001df59-2242-4207-b99e-6667b96e63cb\">Preuzimanje<\/a><\/div>\n\n\n\n<p><\/p>\n","protected":false},"excerpt":{"rendered":"","protected":false},"author":18,"featured_media":0,"parent":0,"menu_order":0,"comment_status":"closed","ping_status":"closed","template":"","meta":{"_acf_changed":false,"inline_featured_image":false,"advgb_blocks_editor_width":"","advgb_blocks_columns_visual_guide":"","_links_to":"","_links_to_type":0,"footnotes":""},"class_list":["post-15204","page","type-page","status-publish","hentry"],"acf":[],"yoast_head":"<!-- This site is optimized with the Yoast SEO plugin v25.7 - https:\/\/yoast.com\/wordpress\/plugins\/seo\/ -->\n<title>Nikolina Metkovi\u0107 - Utjecaj projekta gornji horizonti na podru\u010dje dubora\u010dko - neretvanske \u017eupanije - Agencija za elektroni\u010dke medije<\/title>\n<meta name=\"robots\" content=\"index, follow, max-snippet:-1, max-image-preview:large, max-video-preview:-1\" \/>\n<link rel=\"canonical\" href=\"https:\/\/aem.hr\/nikolina-metkovic-utjecaj-projekta-gornji-horizonti-na-podrucje-duboracko-neretvanske-zupanije\/\" \/>\n<meta property=\"og:locale\" content=\"en_US\" \/>\n<meta property=\"og:type\" content=\"article\" \/>\n<meta property=\"og:title\" content=\"Nikolina Metkovi\u0107 - Utjecaj projekta gornji horizonti na podru\u010dje dubora\u010dko - neretvanske \u017eupanije - Agencija za elektroni\u010dke medije\" \/>\n<meta property=\"og:url\" content=\"https:\/\/aem.hr\/nikolina-metkovic-utjecaj-projekta-gornji-horizonti-na-podrucje-duboracko-neretvanske-zupanije\/\" \/>\n<meta property=\"og:site_name\" content=\"Agencija za elektroni\u010dke medije\" \/>\n<meta property=\"article:modified_time\" content=\"2023-02-14T11:44:15+00:00\" \/>\n<meta name=\"twitter:card\" content=\"summary_large_image\" \/>\n<meta name=\"twitter:label1\" content=\"Est. reading time\" \/>\n\t<meta name=\"twitter:data1\" content=\"1 minute\" \/>\n<script type=\"application\/ld+json\" class=\"yoast-schema-graph\">{\"@context\":\"https:\/\/schema.org\",\"@graph\":[{\"@type\":\"WebPage\",\"@id\":\"https:\/\/aem.hr\/nikolina-metkovic-utjecaj-projekta-gornji-horizonti-na-podrucje-duboracko-neretvanske-zupanije\/\",\"url\":\"https:\/\/aem.hr\/nikolina-metkovic-utjecaj-projekta-gornji-horizonti-na-podrucje-duboracko-neretvanske-zupanije\/\",\"name\":\"Nikolina Metkovi\u0107 - Utjecaj projekta gornji horizonti na podru\u010dje dubora\u010dko - neretvanske \u017eupanije - Agencija za elektroni\u010dke medije\",\"isPartOf\":{\"@id\":\"https:\/\/aem.hr\/#website\"},\"datePublished\":\"2023-02-14T11:44:14+00:00\",\"dateModified\":\"2023-02-14T11:44:15+00:00\",\"breadcrumb\":{\"@id\":\"https:\/\/aem.hr\/nikolina-metkovic-utjecaj-projekta-gornji-horizonti-na-podrucje-duboracko-neretvanske-zupanije\/#breadcrumb\"},\"inLanguage\":\"en-US\",\"potentialAction\":[{\"@type\":\"ReadAction\",\"target\":[\"https:\/\/aem.hr\/nikolina-metkovic-utjecaj-projekta-gornji-horizonti-na-podrucje-duboracko-neretvanske-zupanije\/\"]}]},{\"@type\":\"BreadcrumbList\",\"@id\":\"https:\/\/aem.hr\/nikolina-metkovic-utjecaj-projekta-gornji-horizonti-na-podrucje-duboracko-neretvanske-zupanije\/#breadcrumb\",\"itemListElement\":[{\"@type\":\"ListItem\",\"position\":1,\"name\":\"Po\u010detna stranica\",\"item\":\"https:\/\/aem.hr\/\"},{\"@type\":\"ListItem\",\"position\":2,\"name\":\"Nikolina Metkovi\u0107 &#8211; Utjecaj projekta gornji horizonti na podru\u010dje dubora\u010dko &#8211; neretvanske \u017eupanije\"}]},{\"@type\":\"WebSite\",\"@id\":\"https:\/\/aem.hr\/#website\",\"url\":\"https:\/\/aem.hr\/\",\"name\":\"Agencija za elektroni\u010dke medije\",\"description\":\"\",\"potentialAction\":[{\"@type\":\"SearchAction\",\"target\":{\"@type\":\"EntryPoint\",\"urlTemplate\":\"https:\/\/aem.hr\/?s={search_term_string}\"},\"query-input\":{\"@type\":\"PropertyValueSpecification\",\"valueRequired\":true,\"valueName\":\"search_term_string\"}}],\"inLanguage\":\"en-US\"}]}<\/script>\n<!-- \/ Yoast SEO plugin. -->","yoast_head_json":{"title":"Nikolina Metkovi\u0107 - Utjecaj projekta gornji horizonti na podru\u010dje dubora\u010dko - neretvanske \u017eupanije - Agencija za elektroni\u010dke medije","robots":{"index":"index","follow":"follow","max-snippet":"max-snippet:-1","max-image-preview":"max-image-preview:large","max-video-preview":"max-video-preview:-1"},"canonical":"https:\/\/aem.hr\/nikolina-metkovic-utjecaj-projekta-gornji-horizonti-na-podrucje-duboracko-neretvanske-zupanije\/","og_locale":"en_US","og_type":"article","og_title":"Nikolina Metkovi\u0107 - Utjecaj projekta gornji horizonti na podru\u010dje dubora\u010dko - neretvanske \u017eupanije - Agencija za elektroni\u010dke medije","og_url":"https:\/\/aem.hr\/nikolina-metkovic-utjecaj-projekta-gornji-horizonti-na-podrucje-duboracko-neretvanske-zupanije\/","og_site_name":"Agencija za elektroni\u010dke medije","article_modified_time":"2023-02-14T11:44:15+00:00","twitter_card":"summary_large_image","twitter_misc":{"Est. reading time":"1 minute"},"schema":{"@context":"https:\/\/schema.org","@graph":[{"@type":"WebPage","@id":"https:\/\/aem.hr\/nikolina-metkovic-utjecaj-projekta-gornji-horizonti-na-podrucje-duboracko-neretvanske-zupanije\/","url":"https:\/\/aem.hr\/nikolina-metkovic-utjecaj-projekta-gornji-horizonti-na-podrucje-duboracko-neretvanske-zupanije\/","name":"Nikolina Metkovi\u0107 - Utjecaj projekta gornji horizonti na podru\u010dje dubora\u010dko - neretvanske \u017eupanije - Agencija za elektroni\u010dke medije","isPartOf":{"@id":"https:\/\/aem.hr\/#website"},"datePublished":"2023-02-14T11:44:14+00:00","dateModified":"2023-02-14T11:44:15+00:00","breadcrumb":{"@id":"https:\/\/aem.hr\/nikolina-metkovic-utjecaj-projekta-gornji-horizonti-na-podrucje-duboracko-neretvanske-zupanije\/#breadcrumb"},"inLanguage":"en-US","potentialAction":[{"@type":"ReadAction","target":["https:\/\/aem.hr\/nikolina-metkovic-utjecaj-projekta-gornji-horizonti-na-podrucje-duboracko-neretvanske-zupanije\/"]}]},{"@type":"BreadcrumbList","@id":"https:\/\/aem.hr\/nikolina-metkovic-utjecaj-projekta-gornji-horizonti-na-podrucje-duboracko-neretvanske-zupanije\/#breadcrumb","itemListElement":[{"@type":"ListItem","position":1,"name":"Po\u010detna stranica","item":"https:\/\/aem.hr\/"},{"@type":"ListItem","position":2,"name":"Nikolina Metkovi\u0107 &#8211; Utjecaj projekta gornji horizonti na podru\u010dje dubora\u010dko &#8211; neretvanske \u017eupanije"}]},{"@type":"WebSite","@id":"https:\/\/aem.hr\/#website","url":"https:\/\/aem.hr\/","name":"Agencija za elektroni\u010dke medije","description":"","potentialAction":[{"@type":"SearchAction","target":{"@type":"EntryPoint","urlTemplate":"https:\/\/aem.hr\/?s={search_term_string}"},"query-input":{"@type":"PropertyValueSpecification","valueRequired":true,"valueName":"search_term_string"}}],"inLanguage":"en-US"}]}},"coauthors":[],"author_meta":{"author_link":"https:\/\/aem.hr\/en\/blog\/author\/mkirac\/","display_name":"Matko Kirac"},"relative_dates":{"created":"Posted 3 years ago","modified":"Updated 3 years ago"},"absolute_dates":{"created":"Posted on 14. February 2023.","modified":"Updated on 14. February 2023."},"absolute_dates_time":{"created":"Posted on 14. February 2023. 12:44","modified":"Updated on 14. February 2023. 12:44"},"featured_img_caption":"","featured_img":false,"series_order":"","_links":{"self":[{"href":"https:\/\/aem.hr\/en\/wp-json\/wp\/v2\/pages\/15204","targetHints":{"allow":["GET"]}}],"collection":[{"href":"https:\/\/aem.hr\/en\/wp-json\/wp\/v2\/pages"}],"about":[{"href":"https:\/\/aem.hr\/en\/wp-json\/wp\/v2\/types\/page"}],"author":[{"embeddable":true,"href":"https:\/\/aem.hr\/en\/wp-json\/wp\/v2\/users\/18"}],"replies":[{"embeddable":true,"href":"https:\/\/aem.hr\/en\/wp-json\/wp\/v2\/comments?post=15204"}],"version-history":[{"count":1,"href":"https:\/\/aem.hr\/en\/wp-json\/wp\/v2\/pages\/15204\/revisions"}],"predecessor-version":[{"id":15217,"href":"https:\/\/aem.hr\/en\/wp-json\/wp\/v2\/pages\/15204\/revisions\/15217"}],"wp:attachment":[{"href":"https:\/\/aem.hr\/en\/wp-json\/wp\/v2\/media?parent=15204"}],"curies":[{"name":"wp","href":"https:\/\/api.w.org\/{rel}","templated":true}]}}