{"id":15249,"date":"2023-02-14T12:55:48","date_gmt":"2023-02-14T11:55:48","guid":{"rendered":"http:\/\/aem.hr\/?page_id=15249"},"modified":"2023-02-14T12:55:49","modified_gmt":"2023-02-14T11:55:49","slug":"ivana-kalogjera-brkic-zivjeti-s-rakom","status":"publish","type":"page","link":"https:\/\/aem.hr\/en\/ivana-kalogjera-brkic-zivjeti-s-rakom\/","title":{"rendered":"Ivana Kalogjera Brki\u0107 &#8211; \u017divjeti s rakom"},"content":{"rendered":"\n<div class=\"wp-block-file\"><a id=\"wp-block-file--media-303c14b6-e8bd-4491-8837-be29755d9f84\" href=\"https:\/\/aem.hr\/wp-content\/uploads\/2023\/02\/1.-Vesna-Ramljak-U-Hrvatskoj-jos-ne.pdf\">1. Vesna Ramljak U Hrvatskoj jo\u0161 ne<\/a><a href=\"https:\/\/aem.hr\/wp-content\/uploads\/2023\/02\/1.-Vesna-Ramljak-U-Hrvatskoj-jos-ne.pdf\" class=\"wp-block-file__button wp-element-button\" download aria-describedby=\"wp-block-file--media-303c14b6-e8bd-4491-8837-be29755d9f84\">Preuzimanje<\/a><\/div>\n\n\n\n<div class=\"wp-block-file\"><a id=\"wp-block-file--media-b3bbb052-8f25-4c08-9f9e-0fa30edbe1a3\" href=\"https:\/\/aem.hr\/wp-content\/uploads\/2023\/02\/2.-ZIVJETI-S-RAKOM_-Dijani-je-rak-dojke.pdf\">2. \u017dIVJETI S RAKOM_ Dijani je rak dojke<\/a><a href=\"https:\/\/aem.hr\/wp-content\/uploads\/2023\/02\/2.-ZIVJETI-S-RAKOM_-Dijani-je-rak-dojke.pdf\" class=\"wp-block-file__button wp-element-button\" download aria-describedby=\"wp-block-file--media-b3bbb052-8f25-4c08-9f9e-0fa30edbe1a3\">Preuzimanje<\/a><\/div>\n\n\n\n<div class=\"wp-block-file\"><a id=\"wp-block-file--media-3f93edbf-8f9b-4993-8338-e29c11688c26\" href=\"https:\/\/aem.hr\/wp-content\/uploads\/2023\/02\/3.-Dostojanstven-zivot-do-smrti.-Je-li-to-iluzija.pdf\">3. Dostojanstven \u017eivot do smrti. Je li to iluzija<\/a><a href=\"https:\/\/aem.hr\/wp-content\/uploads\/2023\/02\/3.-Dostojanstven-zivot-do-smrti.-Je-li-to-iluzija.pdf\" class=\"wp-block-file__button wp-element-button\" download aria-describedby=\"wp-block-file--media-3f93edbf-8f9b-4993-8338-e29c11688c26\">Preuzimanje<\/a><\/div>\n\n\n\n<div class=\"wp-block-file\"><a id=\"wp-block-file--media-6b9e004c-9a03-4065-852f-a2e2627e8dc6\" href=\"https:\/\/aem.hr\/wp-content\/uploads\/2023\/02\/4.-Mi-smo-drustvo-koje-nedovoljno.pdf\">4. Mi smo dru\u0161tvo koje nedovoljno<\/a><a href=\"https:\/\/aem.hr\/wp-content\/uploads\/2023\/02\/4.-Mi-smo-drustvo-koje-nedovoljno.pdf\" class=\"wp-block-file__button wp-element-button\" download aria-describedby=\"wp-block-file--media-6b9e004c-9a03-4065-852f-a2e2627e8dc6\">Preuzimanje<\/a><\/div>\n\n\n\n<div class=\"wp-block-file\"><a id=\"wp-block-file--media-140afe2e-2bdd-4d1d-b402-84abbfecce3d\" href=\"https:\/\/aem.hr\/wp-content\/uploads\/2023\/02\/5.-Renata-Sabljar-Dracevac-Rjesavanje-socijalnih-.pdf\">5. Renata Sabljar-Dra\u010devac Rje\u0161avanje socijalnih<\/a><a href=\"https:\/\/aem.hr\/wp-content\/uploads\/2023\/02\/5.-Renata-Sabljar-Dracevac-Rjesavanje-socijalnih-.pdf\" class=\"wp-block-file__button wp-element-button\" download aria-describedby=\"wp-block-file--media-140afe2e-2bdd-4d1d-b402-84abbfecce3d\">Preuzimanje<\/a><\/div>\n\n\n\n<div class=\"wp-block-file\"><a id=\"wp-block-file--media-67ccd7d0-ceb6-4481-aec1-ba4419adb9c4\" href=\"https:\/\/aem.hr\/wp-content\/uploads\/2023\/02\/6.-Mirjana-Pesec_-Moje-22-godine.pdf\">6. Mirjana Pe\u0161ec_ Moje 22 godine<\/a><a href=\"https:\/\/aem.hr\/wp-content\/uploads\/2023\/02\/6.-Mirjana-Pesec_-Moje-22-godine.pdf\" class=\"wp-block-file__button wp-element-button\" download aria-describedby=\"wp-block-file--media-67ccd7d0-ceb6-4481-aec1-ba4419adb9c4\">Preuzimanje<\/a><\/div>\n\n\n\n<div class=\"wp-block-file\"><a id=\"wp-block-file--media-41dfcf11-7866-4527-9815-9c2b8720181d\" href=\"https:\/\/aem.hr\/wp-content\/uploads\/2023\/02\/7.-Ispovijest-gerontodomacice-koja.pdf\">7. Ispovijest gerontodoma\u0107ice koja<\/a><a href=\"https:\/\/aem.hr\/wp-content\/uploads\/2023\/02\/7.-Ispovijest-gerontodomacice-koja.pdf\" class=\"wp-block-file__button wp-element-button\" download aria-describedby=\"wp-block-file--media-41dfcf11-7866-4527-9815-9c2b8720181d\">Preuzimanje<\/a><\/div>\n\n\n\n<p><\/p>\n","protected":false},"excerpt":{"rendered":"","protected":false},"author":18,"featured_media":0,"parent":0,"menu_order":0,"comment_status":"closed","ping_status":"closed","template":"","meta":{"_acf_changed":false,"inline_featured_image":false,"advgb_blocks_editor_width":"","advgb_blocks_columns_visual_guide":"","_links_to":"","_links_to_type":0,"footnotes":""},"class_list":["post-15249","page","type-page","status-publish","hentry"],"acf":[],"yoast_head":"<!-- This site is optimized with the Yoast SEO plugin v25.7 - https:\/\/yoast.com\/wordpress\/plugins\/seo\/ -->\n<title>Ivana Kalogjera Brki\u0107 - \u017divjeti s rakom - Agencija za elektroni\u010dke medije<\/title>\n<meta name=\"robots\" content=\"index, follow, max-snippet:-1, max-image-preview:large, max-video-preview:-1\" \/>\n<link rel=\"canonical\" href=\"https:\/\/aem.hr\/ivana-kalogjera-brkic-zivjeti-s-rakom\/\" \/>\n<meta property=\"og:locale\" content=\"en_US\" \/>\n<meta property=\"og:type\" content=\"article\" \/>\n<meta property=\"og:title\" content=\"Ivana Kalogjera Brki\u0107 - \u017divjeti s rakom - Agencija za elektroni\u010dke medije\" \/>\n<meta property=\"og:url\" content=\"https:\/\/aem.hr\/ivana-kalogjera-brkic-zivjeti-s-rakom\/\" \/>\n<meta property=\"og:site_name\" content=\"Agencija za elektroni\u010dke medije\" \/>\n<meta property=\"article:modified_time\" content=\"2023-02-14T11:55:49+00:00\" \/>\n<meta name=\"twitter:card\" content=\"summary_large_image\" \/>\n<meta name=\"twitter:label1\" content=\"Est. reading time\" \/>\n\t<meta name=\"twitter:data1\" content=\"1 minute\" \/>\n<script type=\"application\/ld+json\" class=\"yoast-schema-graph\">{\"@context\":\"https:\/\/schema.org\",\"@graph\":[{\"@type\":\"WebPage\",\"@id\":\"https:\/\/aem.hr\/ivana-kalogjera-brkic-zivjeti-s-rakom\/\",\"url\":\"https:\/\/aem.hr\/ivana-kalogjera-brkic-zivjeti-s-rakom\/\",\"name\":\"Ivana Kalogjera Brki\u0107 - \u017divjeti s rakom - Agencija za elektroni\u010dke medije\",\"isPartOf\":{\"@id\":\"https:\/\/aem.hr\/#website\"},\"datePublished\":\"2023-02-14T11:55:48+00:00\",\"dateModified\":\"2023-02-14T11:55:49+00:00\",\"breadcrumb\":{\"@id\":\"https:\/\/aem.hr\/ivana-kalogjera-brkic-zivjeti-s-rakom\/#breadcrumb\"},\"inLanguage\":\"en-US\",\"potentialAction\":[{\"@type\":\"ReadAction\",\"target\":[\"https:\/\/aem.hr\/ivana-kalogjera-brkic-zivjeti-s-rakom\/\"]}]},{\"@type\":\"BreadcrumbList\",\"@id\":\"https:\/\/aem.hr\/ivana-kalogjera-brkic-zivjeti-s-rakom\/#breadcrumb\",\"itemListElement\":[{\"@type\":\"ListItem\",\"position\":1,\"name\":\"Po\u010detna stranica\",\"item\":\"https:\/\/aem.hr\/\"},{\"@type\":\"ListItem\",\"position\":2,\"name\":\"Ivana Kalogjera Brki\u0107 &#8211; \u017divjeti s rakom\"}]},{\"@type\":\"WebSite\",\"@id\":\"https:\/\/aem.hr\/#website\",\"url\":\"https:\/\/aem.hr\/\",\"name\":\"Agencija za elektroni\u010dke medije\",\"description\":\"\",\"potentialAction\":[{\"@type\":\"SearchAction\",\"target\":{\"@type\":\"EntryPoint\",\"urlTemplate\":\"https:\/\/aem.hr\/?s={search_term_string}\"},\"query-input\":{\"@type\":\"PropertyValueSpecification\",\"valueRequired\":true,\"valueName\":\"search_term_string\"}}],\"inLanguage\":\"en-US\"}]}<\/script>\n<!-- \/ Yoast SEO plugin. -->","yoast_head_json":{"title":"Ivana Kalogjera Brki\u0107 - \u017divjeti s rakom - Agencija za elektroni\u010dke medije","robots":{"index":"index","follow":"follow","max-snippet":"max-snippet:-1","max-image-preview":"max-image-preview:large","max-video-preview":"max-video-preview:-1"},"canonical":"https:\/\/aem.hr\/ivana-kalogjera-brkic-zivjeti-s-rakom\/","og_locale":"en_US","og_type":"article","og_title":"Ivana Kalogjera Brki\u0107 - \u017divjeti s rakom - Agencija za elektroni\u010dke medije","og_url":"https:\/\/aem.hr\/ivana-kalogjera-brkic-zivjeti-s-rakom\/","og_site_name":"Agencija za elektroni\u010dke medije","article_modified_time":"2023-02-14T11:55:49+00:00","twitter_card":"summary_large_image","twitter_misc":{"Est. reading time":"1 minute"},"schema":{"@context":"https:\/\/schema.org","@graph":[{"@type":"WebPage","@id":"https:\/\/aem.hr\/ivana-kalogjera-brkic-zivjeti-s-rakom\/","url":"https:\/\/aem.hr\/ivana-kalogjera-brkic-zivjeti-s-rakom\/","name":"Ivana Kalogjera Brki\u0107 - \u017divjeti s rakom - Agencija za elektroni\u010dke medije","isPartOf":{"@id":"https:\/\/aem.hr\/#website"},"datePublished":"2023-02-14T11:55:48+00:00","dateModified":"2023-02-14T11:55:49+00:00","breadcrumb":{"@id":"https:\/\/aem.hr\/ivana-kalogjera-brkic-zivjeti-s-rakom\/#breadcrumb"},"inLanguage":"en-US","potentialAction":[{"@type":"ReadAction","target":["https:\/\/aem.hr\/ivana-kalogjera-brkic-zivjeti-s-rakom\/"]}]},{"@type":"BreadcrumbList","@id":"https:\/\/aem.hr\/ivana-kalogjera-brkic-zivjeti-s-rakom\/#breadcrumb","itemListElement":[{"@type":"ListItem","position":1,"name":"Po\u010detna stranica","item":"https:\/\/aem.hr\/"},{"@type":"ListItem","position":2,"name":"Ivana Kalogjera Brki\u0107 &#8211; \u017divjeti s rakom"}]},{"@type":"WebSite","@id":"https:\/\/aem.hr\/#website","url":"https:\/\/aem.hr\/","name":"Agencija za elektroni\u010dke medije","description":"","potentialAction":[{"@type":"SearchAction","target":{"@type":"EntryPoint","urlTemplate":"https:\/\/aem.hr\/?s={search_term_string}"},"query-input":{"@type":"PropertyValueSpecification","valueRequired":true,"valueName":"search_term_string"}}],"inLanguage":"en-US"}]}},"coauthors":[],"author_meta":{"author_link":"https:\/\/aem.hr\/en\/blog\/author\/mkirac\/","display_name":"Matko Kirac"},"relative_dates":{"created":"Posted 3 years ago","modified":"Updated 3 years ago"},"absolute_dates":{"created":"Posted on 14. February 2023.","modified":"Updated on 14. February 2023."},"absolute_dates_time":{"created":"Posted on 14. February 2023. 12:55","modified":"Updated on 14. February 2023. 12:55"},"featured_img_caption":"","featured_img":false,"series_order":"","_links":{"self":[{"href":"https:\/\/aem.hr\/en\/wp-json\/wp\/v2\/pages\/15249","targetHints":{"allow":["GET"]}}],"collection":[{"href":"https:\/\/aem.hr\/en\/wp-json\/wp\/v2\/pages"}],"about":[{"href":"https:\/\/aem.hr\/en\/wp-json\/wp\/v2\/types\/page"}],"author":[{"embeddable":true,"href":"https:\/\/aem.hr\/en\/wp-json\/wp\/v2\/users\/18"}],"replies":[{"embeddable":true,"href":"https:\/\/aem.hr\/en\/wp-json\/wp\/v2\/comments?post=15249"}],"version-history":[{"count":1,"href":"https:\/\/aem.hr\/en\/wp-json\/wp\/v2\/pages\/15249\/revisions"}],"predecessor-version":[{"id":15269,"href":"https:\/\/aem.hr\/en\/wp-json\/wp\/v2\/pages\/15249\/revisions\/15269"}],"wp:attachment":[{"href":"https:\/\/aem.hr\/en\/wp-json\/wp\/v2\/media?parent=15249"}],"curies":[{"name":"wp","href":"https:\/\/api.w.org\/{rel}","templated":true}]}}