{"id":15271,"date":"2023-02-14T12:58:33","date_gmt":"2023-02-14T11:58:33","guid":{"rendered":"http:\/\/aem.hr\/?page_id=15271"},"modified":"2023-05-22T07:51:15","modified_gmt":"2023-05-22T05:51:15","slug":"jadranka-jacimovic-ivan-sprkinje-i-drustveno-zenski-odnosi","status":"publish","type":"page","link":"https:\/\/aem.hr\/en\/jadranka-jacimovic-ivan-sprkinje-i-drustveno-zenski-odnosi\/","title":{"rendered":"Jadranka Ja\u0107imovi\u0107 &#8211; Ivan &#8211; &#8220;Srpkinje i dru\u0161tveno &#8211; \u017eenski odnosi&#8221;"},"content":{"rendered":"\n<div class=\"wp-block-file\"><a id=\"wp-block-file--media-b6ecded4-7e45-4fdb-9bd0-2c712b2a6696\" href=\"https:\/\/aem.hr\/wp-content\/uploads\/2023\/02\/1.-Zajednistvo-Srpkinja-koje-zive-u-selima-istocne-Hrvatske.pdf\">1. Zajedni\u0161tvo Srpkinja koje \u017eive u selima isto\u010dne Hrvatske<\/a><a href=\"https:\/\/aem.hr\/wp-content\/uploads\/2023\/02\/1.-Zajednistvo-Srpkinja-koje-zive-u-selima-istocne-Hrvatske.pdf\" class=\"wp-block-file__button wp-element-button\" download aria-describedby=\"wp-block-file--media-b6ecded4-7e45-4fdb-9bd0-2c712b2a6696\">Preuzimanje<\/a><\/div>\n\n\n\n<div class=\"wp-block-file\"><a id=\"wp-block-file--media-4a7c99d4-1f84-46cc-82f9-510715740f9b\" href=\"https:\/\/aem.hr\/wp-content\/uploads\/2023\/02\/2.-\u201eZene-pripadnice-manjina-izlozene-su-visestrukoj-diskriminaciji.pdf\">2. \u201e\u017dene pripadnice manjina izlo\u017eene su vi\u0161estrukoj diskriminaciji\u201c<\/a><a href=\"https:\/\/aem.hr\/wp-content\/uploads\/2023\/02\/2.-\u201eZene-pripadnice-manjina-izlozene-su-visestrukoj-diskriminaciji.pdf\" class=\"wp-block-file__button wp-element-button\" download aria-describedby=\"wp-block-file--media-4a7c99d4-1f84-46cc-82f9-510715740f9b\">Preuzimanje<\/a><\/div>\n\n\n\n<div class=\"wp-block-file\"><a id=\"wp-block-file--media-bb538f64-8883-4440-9bab-a0cc91725a26\" href=\"https:\/\/aem.hr\/wp-content\/uploads\/2023\/02\/3.-Zene-u-Ostrovu-udruzivanjem-menjaju-vlastiti.pdf\">3. \u017dene u Ostrovu udru\u017eivanjem menjaju vlastiti<\/a><a href=\"https:\/\/aem.hr\/wp-content\/uploads\/2023\/02\/3.-Zene-u-Ostrovu-udruzivanjem-menjaju-vlastiti.pdf\" class=\"wp-block-file__button wp-element-button\" download aria-describedby=\"wp-block-file--media-bb538f64-8883-4440-9bab-a0cc91725a26\">Preuzimanje<\/a><\/div>\n\n\n\n<div class=\"wp-block-file\"><a id=\"wp-block-file--media-2bf8daf7-2ad8-47f9-801b-960c6b94de2e\" href=\"https:\/\/aem.hr\/wp-content\/uploads\/2023\/02\/4.-Gordana-Pavic-srpska-pesnikinja-koja-ne-zna-za-prepreke.pdf\">4. Gordana Pavi\u0107 srpska pesnikinja koja ne zna za prepreke<\/a><a href=\"https:\/\/aem.hr\/wp-content\/uploads\/2023\/02\/4.-Gordana-Pavic-srpska-pesnikinja-koja-ne-zna-za-prepreke.pdf\" class=\"wp-block-file__button wp-element-button\" download aria-describedby=\"wp-block-file--media-2bf8daf7-2ad8-47f9-801b-960c6b94de2e\">Preuzimanje<\/a><\/div>\n\n\n\n<div class=\"wp-block-file\"><a id=\"wp-block-file--media-ffe11d86-f2dc-4f4e-9b90-7d8bffb325cf\" href=\"https:\/\/aem.hr\/wp-content\/uploads\/2023\/02\/5.-Zene-i-poslovni-svet.pdf\">5. \u017dene i poslovni svet<\/a><a href=\"https:\/\/aem.hr\/wp-content\/uploads\/2023\/02\/5.-Zene-i-poslovni-svet.pdf\" class=\"wp-block-file__button wp-element-button\" download aria-describedby=\"wp-block-file--media-ffe11d86-f2dc-4f4e-9b90-7d8bffb325cf\">Preuzimanje<\/a><\/div>\n\n\n\n<div class=\"wp-block-file\"><a id=\"wp-block-file--media-9b773a06-e247-49b2-845e-1de58de73a16\" href=\"https:\/\/aem.hr\/wp-content\/uploads\/2023\/02\/6.-Simpraga_-\u201eMoj-cilj-je-drustvo-u-kojem-govor-mrznje.pdf\">6. \u0160impraga_ \u201eMoj cilj je dru\u0161tvo u kojem govor mr\u017enje<\/a><a href=\"https:\/\/aem.hr\/wp-content\/uploads\/2023\/02\/6.-Simpraga_-\u201eMoj-cilj-je-drustvo-u-kojem-govor-mrznje.pdf\" class=\"wp-block-file__button wp-element-button\" download aria-describedby=\"wp-block-file--media-9b773a06-e247-49b2-845e-1de58de73a16\">Preuzimanje<\/a><\/div>\n\n\n\n<div class=\"wp-block-file\"><a id=\"wp-block-file--media-b29a80a8-230f-44ea-835a-cea72e4dfe99\" href=\"https:\/\/aem.hr\/wp-content\/uploads\/2023\/02\/7.-Srecna-vam-nova-ravnopravnija-i-drustveno-aktivnija-godina.pdf\">7. Sre\u0107na vam nova ravnopravnija i dru\u0161tveno aktivnija godina<\/a><a href=\"https:\/\/aem.hr\/wp-content\/uploads\/2023\/02\/7.-Srecna-vam-nova-ravnopravnija-i-drustveno-aktivnija-godina.pdf\" class=\"wp-block-file__button wp-element-button\" download aria-describedby=\"wp-block-file--media-b29a80a8-230f-44ea-835a-cea72e4dfe99\">Preuzimanje<\/a><\/div>\n\n\n\n<p><\/p>\n","protected":false},"excerpt":{"rendered":"","protected":false},"author":18,"featured_media":0,"parent":0,"menu_order":0,"comment_status":"closed","ping_status":"closed","template":"","meta":{"_acf_changed":false,"inline_featured_image":false,"advgb_blocks_editor_width":"","advgb_blocks_columns_visual_guide":"","_links_to":"","_links_to_type":0,"footnotes":""},"class_list":["post-15271","page","type-page","status-publish","hentry"],"acf":[],"yoast_head":"<!-- This site is optimized with the Yoast SEO plugin v25.7 - https:\/\/yoast.com\/wordpress\/plugins\/seo\/ -->\n<title>Jadranka Ja\u0107imovi\u0107 - Ivan - &quot;Srpkinje i dru\u0161tveno - \u017eenski odnosi&quot; - Agencija za elektroni\u010dke medije<\/title>\n<meta name=\"robots\" content=\"index, follow, max-snippet:-1, max-image-preview:large, max-video-preview:-1\" \/>\n<link rel=\"canonical\" href=\"https:\/\/aem.hr\/jadranka-jacimovic-ivan-sprkinje-i-drustveno-zenski-odnosi\/\" \/>\n<meta property=\"og:locale\" content=\"en_US\" \/>\n<meta property=\"og:type\" content=\"article\" \/>\n<meta property=\"og:title\" content=\"Jadranka Ja\u0107imovi\u0107 - Ivan - &quot;Srpkinje i dru\u0161tveno - \u017eenski odnosi&quot; - Agencija za elektroni\u010dke medije\" \/>\n<meta property=\"og:url\" content=\"https:\/\/aem.hr\/jadranka-jacimovic-ivan-sprkinje-i-drustveno-zenski-odnosi\/\" \/>\n<meta property=\"og:site_name\" content=\"Agencija za elektroni\u010dke medije\" \/>\n<meta property=\"article:modified_time\" content=\"2023-05-22T05:51:15+00:00\" \/>\n<meta name=\"twitter:card\" content=\"summary_large_image\" \/>\n<meta name=\"twitter:label1\" content=\"Est. reading time\" \/>\n\t<meta name=\"twitter:data1\" content=\"1 minute\" \/>\n<script type=\"application\/ld+json\" class=\"yoast-schema-graph\">{\"@context\":\"https:\/\/schema.org\",\"@graph\":[{\"@type\":\"WebPage\",\"@id\":\"https:\/\/aem.hr\/jadranka-jacimovic-ivan-sprkinje-i-drustveno-zenski-odnosi\/\",\"url\":\"https:\/\/aem.hr\/jadranka-jacimovic-ivan-sprkinje-i-drustveno-zenski-odnosi\/\",\"name\":\"Jadranka Ja\u0107imovi\u0107 - Ivan - \\\"Srpkinje i dru\u0161tveno - \u017eenski odnosi\\\" - Agencija za elektroni\u010dke medije\",\"isPartOf\":{\"@id\":\"https:\/\/aem.hr\/#website\"},\"datePublished\":\"2023-02-14T11:58:33+00:00\",\"dateModified\":\"2023-05-22T05:51:15+00:00\",\"breadcrumb\":{\"@id\":\"https:\/\/aem.hr\/jadranka-jacimovic-ivan-sprkinje-i-drustveno-zenski-odnosi\/#breadcrumb\"},\"inLanguage\":\"en-US\",\"potentialAction\":[{\"@type\":\"ReadAction\",\"target\":[\"https:\/\/aem.hr\/jadranka-jacimovic-ivan-sprkinje-i-drustveno-zenski-odnosi\/\"]}]},{\"@type\":\"BreadcrumbList\",\"@id\":\"https:\/\/aem.hr\/jadranka-jacimovic-ivan-sprkinje-i-drustveno-zenski-odnosi\/#breadcrumb\",\"itemListElement\":[{\"@type\":\"ListItem\",\"position\":1,\"name\":\"Po\u010detna stranica\",\"item\":\"https:\/\/aem.hr\/\"},{\"@type\":\"ListItem\",\"position\":2,\"name\":\"Jadranka Ja\u0107imovi\u0107 &#8211; Ivan &#8211; &#8220;Srpkinje i dru\u0161tveno &#8211; \u017eenski odnosi&#8221;\"}]},{\"@type\":\"WebSite\",\"@id\":\"https:\/\/aem.hr\/#website\",\"url\":\"https:\/\/aem.hr\/\",\"name\":\"Agencija za elektroni\u010dke medije\",\"description\":\"\",\"potentialAction\":[{\"@type\":\"SearchAction\",\"target\":{\"@type\":\"EntryPoint\",\"urlTemplate\":\"https:\/\/aem.hr\/?s={search_term_string}\"},\"query-input\":{\"@type\":\"PropertyValueSpecification\",\"valueRequired\":true,\"valueName\":\"search_term_string\"}}],\"inLanguage\":\"en-US\"}]}<\/script>\n<!-- \/ Yoast SEO plugin. -->","yoast_head_json":{"title":"Jadranka Ja\u0107imovi\u0107 - Ivan - \"Srpkinje i dru\u0161tveno - \u017eenski odnosi\" - Agencija za elektroni\u010dke medije","robots":{"index":"index","follow":"follow","max-snippet":"max-snippet:-1","max-image-preview":"max-image-preview:large","max-video-preview":"max-video-preview:-1"},"canonical":"https:\/\/aem.hr\/jadranka-jacimovic-ivan-sprkinje-i-drustveno-zenski-odnosi\/","og_locale":"en_US","og_type":"article","og_title":"Jadranka Ja\u0107imovi\u0107 - Ivan - \"Srpkinje i dru\u0161tveno - \u017eenski odnosi\" - Agencija za elektroni\u010dke medije","og_url":"https:\/\/aem.hr\/jadranka-jacimovic-ivan-sprkinje-i-drustveno-zenski-odnosi\/","og_site_name":"Agencija za elektroni\u010dke medije","article_modified_time":"2023-05-22T05:51:15+00:00","twitter_card":"summary_large_image","twitter_misc":{"Est. reading time":"1 minute"},"schema":{"@context":"https:\/\/schema.org","@graph":[{"@type":"WebPage","@id":"https:\/\/aem.hr\/jadranka-jacimovic-ivan-sprkinje-i-drustveno-zenski-odnosi\/","url":"https:\/\/aem.hr\/jadranka-jacimovic-ivan-sprkinje-i-drustveno-zenski-odnosi\/","name":"Jadranka Ja\u0107imovi\u0107 - Ivan - \"Srpkinje i dru\u0161tveno - \u017eenski odnosi\" - Agencija za elektroni\u010dke medije","isPartOf":{"@id":"https:\/\/aem.hr\/#website"},"datePublished":"2023-02-14T11:58:33+00:00","dateModified":"2023-05-22T05:51:15+00:00","breadcrumb":{"@id":"https:\/\/aem.hr\/jadranka-jacimovic-ivan-sprkinje-i-drustveno-zenski-odnosi\/#breadcrumb"},"inLanguage":"en-US","potentialAction":[{"@type":"ReadAction","target":["https:\/\/aem.hr\/jadranka-jacimovic-ivan-sprkinje-i-drustveno-zenski-odnosi\/"]}]},{"@type":"BreadcrumbList","@id":"https:\/\/aem.hr\/jadranka-jacimovic-ivan-sprkinje-i-drustveno-zenski-odnosi\/#breadcrumb","itemListElement":[{"@type":"ListItem","position":1,"name":"Po\u010detna stranica","item":"https:\/\/aem.hr\/"},{"@type":"ListItem","position":2,"name":"Jadranka Ja\u0107imovi\u0107 &#8211; Ivan &#8211; &#8220;Srpkinje i dru\u0161tveno &#8211; \u017eenski odnosi&#8221;"}]},{"@type":"WebSite","@id":"https:\/\/aem.hr\/#website","url":"https:\/\/aem.hr\/","name":"Agencija za elektroni\u010dke medije","description":"","potentialAction":[{"@type":"SearchAction","target":{"@type":"EntryPoint","urlTemplate":"https:\/\/aem.hr\/?s={search_term_string}"},"query-input":{"@type":"PropertyValueSpecification","valueRequired":true,"valueName":"search_term_string"}}],"inLanguage":"en-US"}]}},"coauthors":[],"author_meta":{"author_link":"https:\/\/aem.hr\/en\/blog\/author\/mkirac\/","display_name":"Matko Kirac"},"relative_dates":{"created":"Posted 3 years ago","modified":"Updated 3 years ago"},"absolute_dates":{"created":"Posted on 14. February 2023.","modified":"Updated on 22. May 2023."},"absolute_dates_time":{"created":"Posted on 14. February 2023. 12:58","modified":"Updated on 22. May 2023. 7:51"},"featured_img_caption":"","featured_img":false,"series_order":"","_links":{"self":[{"href":"https:\/\/aem.hr\/en\/wp-json\/wp\/v2\/pages\/15271","targetHints":{"allow":["GET"]}}],"collection":[{"href":"https:\/\/aem.hr\/en\/wp-json\/wp\/v2\/pages"}],"about":[{"href":"https:\/\/aem.hr\/en\/wp-json\/wp\/v2\/types\/page"}],"author":[{"embeddable":true,"href":"https:\/\/aem.hr\/en\/wp-json\/wp\/v2\/users\/18"}],"replies":[{"embeddable":true,"href":"https:\/\/aem.hr\/en\/wp-json\/wp\/v2\/comments?post=15271"}],"version-history":[{"count":2,"href":"https:\/\/aem.hr\/en\/wp-json\/wp\/v2\/pages\/15271\/revisions"}],"predecessor-version":[{"id":16458,"href":"https:\/\/aem.hr\/en\/wp-json\/wp\/v2\/pages\/15271\/revisions\/16458"}],"wp:attachment":[{"href":"https:\/\/aem.hr\/en\/wp-json\/wp\/v2\/media?parent=15271"}],"curies":[{"name":"wp","href":"https:\/\/api.w.org\/{rel}","templated":true}]}}