{"id":15289,"date":"2023-02-14T13:00:58","date_gmt":"2023-02-14T12:00:58","guid":{"rendered":"http:\/\/aem.hr\/?page_id=15289"},"modified":"2023-02-14T13:01:00","modified_gmt":"2023-02-14T12:01:00","slug":"marito-mihovil-letica-suzivot-s-turizmom-izmedu-autenticnosti-i-simulacije","status":"publish","type":"page","link":"https:\/\/aem.hr\/en\/marito-mihovil-letica-suzivot-s-turizmom-izmedu-autenticnosti-i-simulacije\/","title":{"rendered":"Marito Mihovil Letica &#8211; Su\u017eivot s turizmom izme\u0111u autenti\u010dnosti i simulacije"},"content":{"rendered":"\n<div class=\"wp-block-file\"><a id=\"wp-block-file--media-9eaf5e36-2a3a-4656-a0f5-a03a9ef42c37\" href=\"https:\/\/aem.hr\/wp-content\/uploads\/2023\/02\/1.-Turizam-kao-afirmacija-tradicije.pdf\">1. Turizam kao afirmacija tradicije<\/a><a href=\"https:\/\/aem.hr\/wp-content\/uploads\/2023\/02\/1.-Turizam-kao-afirmacija-tradicije.pdf\" class=\"wp-block-file__button wp-element-button\" download aria-describedby=\"wp-block-file--media-9eaf5e36-2a3a-4656-a0f5-a03a9ef42c37\">Preuzimanje<\/a><\/div>\n\n\n\n<div class=\"wp-block-file\"><a id=\"wp-block-file--media-9b349c4d-80ba-435a-a651-5498de5076b7\" href=\"https:\/\/aem.hr\/wp-content\/uploads\/2023\/02\/2.-Kroz-prizmu-kulturne-antropologije.pdf\">2. Kroz prizmu kulturne antropologije<\/a><a href=\"https:\/\/aem.hr\/wp-content\/uploads\/2023\/02\/2.-Kroz-prizmu-kulturne-antropologije.pdf\" class=\"wp-block-file__button wp-element-button\" download aria-describedby=\"wp-block-file--media-9b349c4d-80ba-435a-a651-5498de5076b7\">Preuzimanje<\/a><\/div>\n\n\n\n<div class=\"wp-block-file\"><a id=\"wp-block-file--media-291943b9-7cf5-486f-9397-cd331db037ce\" href=\"https:\/\/aem.hr\/wp-content\/uploads\/2023\/02\/3.-Kulturna-bastina-i-njezino-vrednovanje.pdf\">3. Kulturna ba\u0161tina i njezino vrednovanje<\/a><a href=\"https:\/\/aem.hr\/wp-content\/uploads\/2023\/02\/3.-Kulturna-bastina-i-njezino-vrednovanje.pdf\" class=\"wp-block-file__button wp-element-button\" download aria-describedby=\"wp-block-file--media-291943b9-7cf5-486f-9397-cd331db037ce\">Preuzimanje<\/a><\/div>\n\n\n\n<div class=\"wp-block-file\"><a id=\"wp-block-file--media-628d3e67-37f2-4fb1-b6d7-366e34dc65e1\" href=\"https:\/\/aem.hr\/wp-content\/uploads\/2023\/02\/4.-Turizam-izmedu-graditeljskog-nasljeda.pdf\">4. Turizam izme\u0111u graditeljskog naslje\u0111a<\/a><a href=\"https:\/\/aem.hr\/wp-content\/uploads\/2023\/02\/4.-Turizam-izmedu-graditeljskog-nasljeda.pdf\" class=\"wp-block-file__button wp-element-button\" download aria-describedby=\"wp-block-file--media-628d3e67-37f2-4fb1-b6d7-366e34dc65e1\">Preuzimanje<\/a><\/div>\n\n\n\n<div class=\"wp-block-file\"><a id=\"wp-block-file--media-f795877f-aa68-4355-bfff-fbd4eae85cf4\" href=\"https:\/\/aem.hr\/wp-content\/uploads\/2023\/02\/5.-Suzivot-s-turizmom-na-primjerima.pdf\">5. Su\u017eivot s turizmom na primjerima<\/a><a href=\"https:\/\/aem.hr\/wp-content\/uploads\/2023\/02\/5.-Suzivot-s-turizmom-na-primjerima.pdf\" class=\"wp-block-file__button wp-element-button\" download aria-describedby=\"wp-block-file--media-f795877f-aa68-4355-bfff-fbd4eae85cf4\">Preuzimanje<\/a><\/div>\n\n\n\n<div class=\"wp-block-file\"><a id=\"wp-block-file--media-4955a4db-15a3-4161-b679-a9de15b607c8\" href=\"https:\/\/aem.hr\/wp-content\/uploads\/2023\/02\/6.-Moze-li-turizam-uskladiti.pdf\">6. Mo\u017ee li turizam uskladiti<\/a><a href=\"https:\/\/aem.hr\/wp-content\/uploads\/2023\/02\/6.-Moze-li-turizam-uskladiti.pdf\" class=\"wp-block-file__button wp-element-button\" download aria-describedby=\"wp-block-file--media-4955a4db-15a3-4161-b679-a9de15b607c8\">Preuzimanje<\/a><\/div>\n\n\n\n<div class=\"wp-block-file\"><a id=\"wp-block-file--media-0efaef8f-0e38-406f-b177-c51d345c7c03\" href=\"https:\/\/aem.hr\/wp-content\/uploads\/2023\/02\/7.-Perspektive-razvoja-kulturnog-turizma.pdf\">7. Perspektive razvoja kulturnog turizma<\/a><a href=\"https:\/\/aem.hr\/wp-content\/uploads\/2023\/02\/7.-Perspektive-razvoja-kulturnog-turizma.pdf\" class=\"wp-block-file__button wp-element-button\" download aria-describedby=\"wp-block-file--media-0efaef8f-0e38-406f-b177-c51d345c7c03\">Preuzimanje<\/a><\/div>\n\n\n\n<p><\/p>\n","protected":false},"excerpt":{"rendered":"","protected":false},"author":18,"featured_media":0,"parent":0,"menu_order":0,"comment_status":"closed","ping_status":"closed","template":"","meta":{"_acf_changed":false,"inline_featured_image":false,"advgb_blocks_editor_width":"","advgb_blocks_columns_visual_guide":"","_links_to":"","_links_to_type":0,"footnotes":""},"class_list":["post-15289","page","type-page","status-publish","hentry"],"acf":[],"yoast_head":"<!-- This site is optimized with the Yoast SEO plugin v25.7 - https:\/\/yoast.com\/wordpress\/plugins\/seo\/ -->\n<title>Marito Mihovil Letica - Su\u017eivot s turizmom izme\u0111u autenti\u010dnosti i simulacije - Agencija za elektroni\u010dke medije<\/title>\n<meta name=\"robots\" content=\"index, follow, max-snippet:-1, max-image-preview:large, max-video-preview:-1\" \/>\n<link rel=\"canonical\" href=\"https:\/\/aem.hr\/marito-mihovil-letica-suzivot-s-turizmom-izmedu-autenticnosti-i-simulacije\/\" \/>\n<meta property=\"og:locale\" content=\"en_US\" \/>\n<meta property=\"og:type\" content=\"article\" \/>\n<meta property=\"og:title\" content=\"Marito Mihovil Letica - Su\u017eivot s turizmom izme\u0111u autenti\u010dnosti i simulacije - Agencija za elektroni\u010dke medije\" \/>\n<meta property=\"og:url\" content=\"https:\/\/aem.hr\/marito-mihovil-letica-suzivot-s-turizmom-izmedu-autenticnosti-i-simulacije\/\" \/>\n<meta property=\"og:site_name\" content=\"Agencija za elektroni\u010dke medije\" \/>\n<meta property=\"article:modified_time\" content=\"2023-02-14T12:01:00+00:00\" \/>\n<meta name=\"twitter:card\" content=\"summary_large_image\" \/>\n<meta name=\"twitter:label1\" content=\"Est. reading time\" \/>\n\t<meta name=\"twitter:data1\" content=\"1 minute\" \/>\n<script type=\"application\/ld+json\" class=\"yoast-schema-graph\">{\"@context\":\"https:\/\/schema.org\",\"@graph\":[{\"@type\":\"WebPage\",\"@id\":\"https:\/\/aem.hr\/marito-mihovil-letica-suzivot-s-turizmom-izmedu-autenticnosti-i-simulacije\/\",\"url\":\"https:\/\/aem.hr\/marito-mihovil-letica-suzivot-s-turizmom-izmedu-autenticnosti-i-simulacije\/\",\"name\":\"Marito Mihovil Letica - Su\u017eivot s turizmom izme\u0111u autenti\u010dnosti i simulacije - Agencija za elektroni\u010dke medije\",\"isPartOf\":{\"@id\":\"https:\/\/aem.hr\/#website\"},\"datePublished\":\"2023-02-14T12:00:58+00:00\",\"dateModified\":\"2023-02-14T12:01:00+00:00\",\"breadcrumb\":{\"@id\":\"https:\/\/aem.hr\/marito-mihovil-letica-suzivot-s-turizmom-izmedu-autenticnosti-i-simulacije\/#breadcrumb\"},\"inLanguage\":\"en-US\",\"potentialAction\":[{\"@type\":\"ReadAction\",\"target\":[\"https:\/\/aem.hr\/marito-mihovil-letica-suzivot-s-turizmom-izmedu-autenticnosti-i-simulacije\/\"]}]},{\"@type\":\"BreadcrumbList\",\"@id\":\"https:\/\/aem.hr\/marito-mihovil-letica-suzivot-s-turizmom-izmedu-autenticnosti-i-simulacije\/#breadcrumb\",\"itemListElement\":[{\"@type\":\"ListItem\",\"position\":1,\"name\":\"Po\u010detna stranica\",\"item\":\"https:\/\/aem.hr\/\"},{\"@type\":\"ListItem\",\"position\":2,\"name\":\"Marito Mihovil Letica &#8211; Su\u017eivot s turizmom izme\u0111u autenti\u010dnosti i simulacije\"}]},{\"@type\":\"WebSite\",\"@id\":\"https:\/\/aem.hr\/#website\",\"url\":\"https:\/\/aem.hr\/\",\"name\":\"Agencija za elektroni\u010dke medije\",\"description\":\"\",\"potentialAction\":[{\"@type\":\"SearchAction\",\"target\":{\"@type\":\"EntryPoint\",\"urlTemplate\":\"https:\/\/aem.hr\/?s={search_term_string}\"},\"query-input\":{\"@type\":\"PropertyValueSpecification\",\"valueRequired\":true,\"valueName\":\"search_term_string\"}}],\"inLanguage\":\"en-US\"}]}<\/script>\n<!-- \/ Yoast SEO plugin. -->","yoast_head_json":{"title":"Marito Mihovil Letica - Su\u017eivot s turizmom izme\u0111u autenti\u010dnosti i simulacije - Agencija za elektroni\u010dke medije","robots":{"index":"index","follow":"follow","max-snippet":"max-snippet:-1","max-image-preview":"max-image-preview:large","max-video-preview":"max-video-preview:-1"},"canonical":"https:\/\/aem.hr\/marito-mihovil-letica-suzivot-s-turizmom-izmedu-autenticnosti-i-simulacije\/","og_locale":"en_US","og_type":"article","og_title":"Marito Mihovil Letica - Su\u017eivot s turizmom izme\u0111u autenti\u010dnosti i simulacije - Agencija za elektroni\u010dke medije","og_url":"https:\/\/aem.hr\/marito-mihovil-letica-suzivot-s-turizmom-izmedu-autenticnosti-i-simulacije\/","og_site_name":"Agencija za elektroni\u010dke medije","article_modified_time":"2023-02-14T12:01:00+00:00","twitter_card":"summary_large_image","twitter_misc":{"Est. reading time":"1 minute"},"schema":{"@context":"https:\/\/schema.org","@graph":[{"@type":"WebPage","@id":"https:\/\/aem.hr\/marito-mihovil-letica-suzivot-s-turizmom-izmedu-autenticnosti-i-simulacije\/","url":"https:\/\/aem.hr\/marito-mihovil-letica-suzivot-s-turizmom-izmedu-autenticnosti-i-simulacije\/","name":"Marito Mihovil Letica - Su\u017eivot s turizmom izme\u0111u autenti\u010dnosti i simulacije - Agencija za elektroni\u010dke medije","isPartOf":{"@id":"https:\/\/aem.hr\/#website"},"datePublished":"2023-02-14T12:00:58+00:00","dateModified":"2023-02-14T12:01:00+00:00","breadcrumb":{"@id":"https:\/\/aem.hr\/marito-mihovil-letica-suzivot-s-turizmom-izmedu-autenticnosti-i-simulacije\/#breadcrumb"},"inLanguage":"en-US","potentialAction":[{"@type":"ReadAction","target":["https:\/\/aem.hr\/marito-mihovil-letica-suzivot-s-turizmom-izmedu-autenticnosti-i-simulacije\/"]}]},{"@type":"BreadcrumbList","@id":"https:\/\/aem.hr\/marito-mihovil-letica-suzivot-s-turizmom-izmedu-autenticnosti-i-simulacije\/#breadcrumb","itemListElement":[{"@type":"ListItem","position":1,"name":"Po\u010detna stranica","item":"https:\/\/aem.hr\/"},{"@type":"ListItem","position":2,"name":"Marito Mihovil Letica &#8211; Su\u017eivot s turizmom izme\u0111u autenti\u010dnosti i simulacije"}]},{"@type":"WebSite","@id":"https:\/\/aem.hr\/#website","url":"https:\/\/aem.hr\/","name":"Agencija za elektroni\u010dke medije","description":"","potentialAction":[{"@type":"SearchAction","target":{"@type":"EntryPoint","urlTemplate":"https:\/\/aem.hr\/?s={search_term_string}"},"query-input":{"@type":"PropertyValueSpecification","valueRequired":true,"valueName":"search_term_string"}}],"inLanguage":"en-US"}]}},"coauthors":[],"author_meta":{"author_link":"https:\/\/aem.hr\/en\/blog\/author\/mkirac\/","display_name":"Matko Kirac"},"relative_dates":{"created":"Posted 3 years ago","modified":"Updated 3 years ago"},"absolute_dates":{"created":"Posted on 14. February 2023.","modified":"Updated on 14. February 2023."},"absolute_dates_time":{"created":"Posted on 14. February 2023. 13:00","modified":"Updated on 14. February 2023. 13:01"},"featured_img_caption":"","featured_img":false,"series_order":"","_links":{"self":[{"href":"https:\/\/aem.hr\/en\/wp-json\/wp\/v2\/pages\/15289","targetHints":{"allow":["GET"]}}],"collection":[{"href":"https:\/\/aem.hr\/en\/wp-json\/wp\/v2\/pages"}],"about":[{"href":"https:\/\/aem.hr\/en\/wp-json\/wp\/v2\/types\/page"}],"author":[{"embeddable":true,"href":"https:\/\/aem.hr\/en\/wp-json\/wp\/v2\/users\/18"}],"replies":[{"embeddable":true,"href":"https:\/\/aem.hr\/en\/wp-json\/wp\/v2\/comments?post=15289"}],"version-history":[{"count":1,"href":"https:\/\/aem.hr\/en\/wp-json\/wp\/v2\/pages\/15289\/revisions"}],"predecessor-version":[{"id":15305,"href":"https:\/\/aem.hr\/en\/wp-json\/wp\/v2\/pages\/15289\/revisions\/15305"}],"wp:attachment":[{"href":"https:\/\/aem.hr\/en\/wp-json\/wp\/v2\/media?parent=15289"}],"curies":[{"name":"wp","href":"https:\/\/api.w.org\/{rel}","templated":true}]}}