{"id":15307,"date":"2023-02-14T13:04:48","date_gmt":"2023-02-14T12:04:48","guid":{"rendered":"http:\/\/aem.hr\/?page_id=15307"},"modified":"2023-05-31T13:57:51","modified_gmt":"2023-05-31T11:57:51","slug":"renata-ivanovic-reproduktivno-zdravlje-u-klincu-politika-ideologija-i-prava-na-zdravstvenu-zastitu","status":"publish","type":"page","link":"https:\/\/aem.hr\/en\/renata-ivanovic-reproduktivno-zdravlje-u-klincu-politika-ideologija-i-prava-na-zdravstvenu-zastitu\/","title":{"rendered":"Renata Ivanovi\u0107 &#8211; Reproduktivno zdravlje u klin\u010du politika, ideologija i prava na zdravstvenu za\u0161titu"},"content":{"rendered":"\n<div class=\"wp-block-file\"><a id=\"wp-block-file--media-466a5a0b-1005-4fbf-ac44-6af4f9826ee2\" href=\"https:\/\/aem.hr\/wp-content\/uploads\/2023\/02\/1.-Sto-uce-studenti-medicine_.pdf\">1. \u0160to u\u010de studenti medicine_&#8217;<\/a><a href=\"https:\/\/aem.hr\/wp-content\/uploads\/2023\/02\/1.-Sto-uce-studenti-medicine_.pdf\" class=\"wp-block-file__button wp-element-button\" download aria-describedby=\"wp-block-file--media-466a5a0b-1005-4fbf-ac44-6af4f9826ee2\">Preuzimanje<\/a><\/div>\n\n\n\n<div class=\"wp-block-file\"><a id=\"wp-block-file--media-6cdbf947-e1a8-485e-93fd-760fe2b3e0c8\" href=\"https:\/\/aem.hr\/wp-content\/uploads\/2023\/02\/2.-Sudska-praksa-o-krsenju-reproduktivnih-prava.pdf\">2. Sudska praksa o kr\u0161enju reproduktivnih prava<\/a><a href=\"https:\/\/aem.hr\/wp-content\/uploads\/2023\/02\/2.-Sudska-praksa-o-krsenju-reproduktivnih-prava.pdf\" class=\"wp-block-file__button wp-element-button\" download aria-describedby=\"wp-block-file--media-6cdbf947-e1a8-485e-93fd-760fe2b3e0c8\">Preuzimanje<\/a><\/div>\n\n\n\n<div class=\"wp-block-file\"><a id=\"wp-block-file--media-693a24f0-8f4f-40fc-978f-266a7a596cf5\" href=\"https:\/\/aem.hr\/wp-content\/uploads\/2023\/02\/3.-Crna-strana-progona-kontracepcije.pdf\">3. Crna strana progona kontracepcije&#8217;<\/a><a href=\"https:\/\/aem.hr\/wp-content\/uploads\/2023\/02\/3.-Crna-strana-progona-kontracepcije.pdf\" class=\"wp-block-file__button wp-element-button\" download aria-describedby=\"wp-block-file--media-693a24f0-8f4f-40fc-978f-266a7a596cf5\">Preuzimanje<\/a><\/div>\n\n\n\n<div class=\"wp-block-file\"><a id=\"wp-block-file--media-d0d8bcd8-7bfb-48e1-8d95-a963918e52f9\" href=\"https:\/\/aem.hr\/wp-content\/uploads\/2023\/02\/4.-Kako-je-DOSTA-jedne-hrabre-zene.pdf\">4. Kako je DOSTA jedne hrabre \u017eene<\/a><a href=\"https:\/\/aem.hr\/wp-content\/uploads\/2023\/02\/4.-Kako-je-DOSTA-jedne-hrabre-zene.pdf\" class=\"wp-block-file__button wp-element-button\" download aria-describedby=\"wp-block-file--media-d0d8bcd8-7bfb-48e1-8d95-a963918e52f9\">Preuzimanje<\/a><\/div>\n\n\n\n<div class=\"wp-block-file\"><a id=\"wp-block-file--media-e0499543-c97b-41d7-bf34-337c48c9bfc6\" href=\"https:\/\/aem.hr\/wp-content\/uploads\/2023\/02\/5.-Kako-je-priziv-savjesti-postao-prepreka-zdravlju-zena.pdf\">5. Kako je priziv savjesti postao prepreka zdravlju \u017eena<\/a><a href=\"https:\/\/aem.hr\/wp-content\/uploads\/2023\/02\/5.-Kako-je-priziv-savjesti-postao-prepreka-zdravlju-zena.pdf\" class=\"wp-block-file__button wp-element-button\" download aria-describedby=\"wp-block-file--media-e0499543-c97b-41d7-bf34-337c48c9bfc6\">Preuzimanje<\/a><\/div>\n\n\n\n<div class=\"wp-block-file\"><a id=\"wp-block-file--media-80e747ea-5c25-47fd-bffa-25a067ba334b\" href=\"https:\/\/aem.hr\/wp-content\/uploads\/2023\/02\/6.-Zasto-su-podcijenjene-primalje_.pdf\">6. Za\u0161to su podcijenjene primalje_&#8217;<\/a><a href=\"https:\/\/aem.hr\/wp-content\/uploads\/2023\/02\/6.-Zasto-su-podcijenjene-primalje_.pdf\" class=\"wp-block-file__button wp-element-button\" download aria-describedby=\"wp-block-file--media-80e747ea-5c25-47fd-bffa-25a067ba334b\">Preuzimanje<\/a><\/div>\n\n\n\n<div class=\"wp-block-file\"><a id=\"wp-block-file--media-c1cabdd9-7a72-4040-a0e0-668984d3a375\" href=\"https:\/\/aem.hr\/wp-content\/uploads\/2023\/02\/7.-Prvi-svjetski-romski-zenski-bend-Pretty-Loud-protiv.pdf\">7. Prvi svjetski romski \u017eenski bend Pretty Loud protiv<\/a><a href=\"https:\/\/aem.hr\/wp-content\/uploads\/2023\/02\/7.-Prvi-svjetski-romski-zenski-bend-Pretty-Loud-protiv.pdf\" class=\"wp-block-file__button wp-element-button\" download aria-describedby=\"wp-block-file--media-c1cabdd9-7a72-4040-a0e0-668984d3a375\">Preuzimanje<\/a><\/div>\n\n\n\n<div class=\"wp-block-file\"><a id=\"wp-block-file--media-639f27b3-1280-4c4f-85ec-37860334568e\" href=\"https:\/\/aem.hr\/wp-content\/uploads\/2023\/05\/8.-VAN-ROKA-Samo-26-posto-ordinacija-ima-prilagodenu-opremu-osobama-s-invaliditetom.pdf\">8. (VAN ROKA) Samo 26 posto ordinacija ima prilago\u0111enu opremu osobama s invaliditetom<\/a><a href=\"https:\/\/aem.hr\/wp-content\/uploads\/2023\/05\/8.-VAN-ROKA-Samo-26-posto-ordinacija-ima-prilagodenu-opremu-osobama-s-invaliditetom.pdf\" class=\"wp-block-file__button wp-element-button\" download aria-describedby=\"wp-block-file--media-639f27b3-1280-4c4f-85ec-37860334568e\">Preuzimanje<\/a><\/div>\n\n\n\n<div class=\"wp-block-file\"><a id=\"wp-block-file--media-c480f0fd-2e84-4ae4-aed1-6ac0a32442f0\" href=\"https:\/\/aem.hr\/wp-content\/uploads\/2023\/05\/9.-VAN-ROKA-Kako-se-osobama-s-invaliditetom-radi-sterilizacija-bez-pristanka.pdf\">9. (VAN ROKA) Kako se osobama s invaliditetom radi sterilizacija bez pristanka<\/a><a href=\"https:\/\/aem.hr\/wp-content\/uploads\/2023\/05\/9.-VAN-ROKA-Kako-se-osobama-s-invaliditetom-radi-sterilizacija-bez-pristanka.pdf\" class=\"wp-block-file__button wp-element-button\" download aria-describedby=\"wp-block-file--media-c480f0fd-2e84-4ae4-aed1-6ac0a32442f0\">Preuzimanje<\/a><\/div>\n","protected":false},"excerpt":{"rendered":"","protected":false},"author":18,"featured_media":0,"parent":0,"menu_order":0,"comment_status":"closed","ping_status":"closed","template":"","meta":{"_acf_changed":false,"inline_featured_image":false,"advgb_blocks_editor_width":"","advgb_blocks_columns_visual_guide":"","_links_to":"","_links_to_type":0,"footnotes":""},"class_list":["post-15307","page","type-page","status-publish","hentry"],"acf":[],"yoast_head":"<!-- This site is optimized with the Yoast SEO plugin v25.7 - https:\/\/yoast.com\/wordpress\/plugins\/seo\/ -->\n<title>Renata Ivanovi\u0107 - Reproduktivno zdravlje u klin\u010du politika, ideologija i prava na zdravstvenu za\u0161titu - Agencija za elektroni\u010dke medije<\/title>\n<meta name=\"robots\" content=\"index, follow, max-snippet:-1, max-image-preview:large, max-video-preview:-1\" \/>\n<link rel=\"canonical\" href=\"https:\/\/aem.hr\/renata-ivanovic-reproduktivno-zdravlje-u-klincu-politika-ideologija-i-prava-na-zdravstvenu-zastitu\/\" \/>\n<meta property=\"og:locale\" content=\"en_US\" \/>\n<meta property=\"og:type\" content=\"article\" \/>\n<meta property=\"og:title\" content=\"Renata Ivanovi\u0107 - Reproduktivno zdravlje u klin\u010du politika, ideologija i prava na zdravstvenu za\u0161titu - Agencija za elektroni\u010dke medije\" \/>\n<meta property=\"og:url\" content=\"https:\/\/aem.hr\/renata-ivanovic-reproduktivno-zdravlje-u-klincu-politika-ideologija-i-prava-na-zdravstvenu-zastitu\/\" \/>\n<meta property=\"og:site_name\" content=\"Agencija za elektroni\u010dke medije\" \/>\n<meta property=\"article:modified_time\" content=\"2023-05-31T11:57:51+00:00\" \/>\n<meta name=\"twitter:card\" content=\"summary_large_image\" \/>\n<meta name=\"twitter:label1\" content=\"Est. reading time\" \/>\n\t<meta name=\"twitter:data1\" content=\"1 minute\" \/>\n<script type=\"application\/ld+json\" class=\"yoast-schema-graph\">{\"@context\":\"https:\/\/schema.org\",\"@graph\":[{\"@type\":\"WebPage\",\"@id\":\"https:\/\/aem.hr\/renata-ivanovic-reproduktivno-zdravlje-u-klincu-politika-ideologija-i-prava-na-zdravstvenu-zastitu\/\",\"url\":\"https:\/\/aem.hr\/renata-ivanovic-reproduktivno-zdravlje-u-klincu-politika-ideologija-i-prava-na-zdravstvenu-zastitu\/\",\"name\":\"Renata Ivanovi\u0107 - Reproduktivno zdravlje u klin\u010du politika, ideologija i prava na zdravstvenu za\u0161titu - Agencija za elektroni\u010dke medije\",\"isPartOf\":{\"@id\":\"https:\/\/aem.hr\/#website\"},\"datePublished\":\"2023-02-14T12:04:48+00:00\",\"dateModified\":\"2023-05-31T11:57:51+00:00\",\"breadcrumb\":{\"@id\":\"https:\/\/aem.hr\/renata-ivanovic-reproduktivno-zdravlje-u-klincu-politika-ideologija-i-prava-na-zdravstvenu-zastitu\/#breadcrumb\"},\"inLanguage\":\"en-US\",\"potentialAction\":[{\"@type\":\"ReadAction\",\"target\":[\"https:\/\/aem.hr\/renata-ivanovic-reproduktivno-zdravlje-u-klincu-politika-ideologija-i-prava-na-zdravstvenu-zastitu\/\"]}]},{\"@type\":\"BreadcrumbList\",\"@id\":\"https:\/\/aem.hr\/renata-ivanovic-reproduktivno-zdravlje-u-klincu-politika-ideologija-i-prava-na-zdravstvenu-zastitu\/#breadcrumb\",\"itemListElement\":[{\"@type\":\"ListItem\",\"position\":1,\"name\":\"Po\u010detna stranica\",\"item\":\"https:\/\/aem.hr\/\"},{\"@type\":\"ListItem\",\"position\":2,\"name\":\"Renata Ivanovi\u0107 &#8211; Reproduktivno zdravlje u klin\u010du politika, ideologija i prava na zdravstvenu za\u0161titu\"}]},{\"@type\":\"WebSite\",\"@id\":\"https:\/\/aem.hr\/#website\",\"url\":\"https:\/\/aem.hr\/\",\"name\":\"Agencija za elektroni\u010dke medije\",\"description\":\"\",\"potentialAction\":[{\"@type\":\"SearchAction\",\"target\":{\"@type\":\"EntryPoint\",\"urlTemplate\":\"https:\/\/aem.hr\/?s={search_term_string}\"},\"query-input\":{\"@type\":\"PropertyValueSpecification\",\"valueRequired\":true,\"valueName\":\"search_term_string\"}}],\"inLanguage\":\"en-US\"}]}<\/script>\n<!-- \/ Yoast SEO plugin. -->","yoast_head_json":{"title":"Renata Ivanovi\u0107 - Reproduktivno zdravlje u klin\u010du politika, ideologija i prava na zdravstvenu za\u0161titu - Agencija za elektroni\u010dke medije","robots":{"index":"index","follow":"follow","max-snippet":"max-snippet:-1","max-image-preview":"max-image-preview:large","max-video-preview":"max-video-preview:-1"},"canonical":"https:\/\/aem.hr\/renata-ivanovic-reproduktivno-zdravlje-u-klincu-politika-ideologija-i-prava-na-zdravstvenu-zastitu\/","og_locale":"en_US","og_type":"article","og_title":"Renata Ivanovi\u0107 - Reproduktivno zdravlje u klin\u010du politika, ideologija i prava na zdravstvenu za\u0161titu - Agencija za elektroni\u010dke medije","og_url":"https:\/\/aem.hr\/renata-ivanovic-reproduktivno-zdravlje-u-klincu-politika-ideologija-i-prava-na-zdravstvenu-zastitu\/","og_site_name":"Agencija za elektroni\u010dke medije","article_modified_time":"2023-05-31T11:57:51+00:00","twitter_card":"summary_large_image","twitter_misc":{"Est. reading time":"1 minute"},"schema":{"@context":"https:\/\/schema.org","@graph":[{"@type":"WebPage","@id":"https:\/\/aem.hr\/renata-ivanovic-reproduktivno-zdravlje-u-klincu-politika-ideologija-i-prava-na-zdravstvenu-zastitu\/","url":"https:\/\/aem.hr\/renata-ivanovic-reproduktivno-zdravlje-u-klincu-politika-ideologija-i-prava-na-zdravstvenu-zastitu\/","name":"Renata Ivanovi\u0107 - Reproduktivno zdravlje u klin\u010du politika, ideologija i prava na zdravstvenu za\u0161titu - Agencija za elektroni\u010dke medije","isPartOf":{"@id":"https:\/\/aem.hr\/#website"},"datePublished":"2023-02-14T12:04:48+00:00","dateModified":"2023-05-31T11:57:51+00:00","breadcrumb":{"@id":"https:\/\/aem.hr\/renata-ivanovic-reproduktivno-zdravlje-u-klincu-politika-ideologija-i-prava-na-zdravstvenu-zastitu\/#breadcrumb"},"inLanguage":"en-US","potentialAction":[{"@type":"ReadAction","target":["https:\/\/aem.hr\/renata-ivanovic-reproduktivno-zdravlje-u-klincu-politika-ideologija-i-prava-na-zdravstvenu-zastitu\/"]}]},{"@type":"BreadcrumbList","@id":"https:\/\/aem.hr\/renata-ivanovic-reproduktivno-zdravlje-u-klincu-politika-ideologija-i-prava-na-zdravstvenu-zastitu\/#breadcrumb","itemListElement":[{"@type":"ListItem","position":1,"name":"Po\u010detna stranica","item":"https:\/\/aem.hr\/"},{"@type":"ListItem","position":2,"name":"Renata Ivanovi\u0107 &#8211; Reproduktivno zdravlje u klin\u010du politika, ideologija i prava na zdravstvenu za\u0161titu"}]},{"@type":"WebSite","@id":"https:\/\/aem.hr\/#website","url":"https:\/\/aem.hr\/","name":"Agencija za elektroni\u010dke medije","description":"","potentialAction":[{"@type":"SearchAction","target":{"@type":"EntryPoint","urlTemplate":"https:\/\/aem.hr\/?s={search_term_string}"},"query-input":{"@type":"PropertyValueSpecification","valueRequired":true,"valueName":"search_term_string"}}],"inLanguage":"en-US"}]}},"coauthors":[],"author_meta":{"author_link":"https:\/\/aem.hr\/en\/blog\/author\/mkirac\/","display_name":"Matko Kirac"},"relative_dates":{"created":"Posted 3 years ago","modified":"Updated 3 years ago"},"absolute_dates":{"created":"Posted on 14. February 2023.","modified":"Updated on 31. May 2023."},"absolute_dates_time":{"created":"Posted on 14. February 2023. 13:04","modified":"Updated on 31. May 2023. 13:57"},"featured_img_caption":"","featured_img":false,"series_order":"","_links":{"self":[{"href":"https:\/\/aem.hr\/en\/wp-json\/wp\/v2\/pages\/15307","targetHints":{"allow":["GET"]}}],"collection":[{"href":"https:\/\/aem.hr\/en\/wp-json\/wp\/v2\/pages"}],"about":[{"href":"https:\/\/aem.hr\/en\/wp-json\/wp\/v2\/types\/page"}],"author":[{"embeddable":true,"href":"https:\/\/aem.hr\/en\/wp-json\/wp\/v2\/users\/18"}],"replies":[{"embeddable":true,"href":"https:\/\/aem.hr\/en\/wp-json\/wp\/v2\/comments?post=15307"}],"version-history":[{"count":2,"href":"https:\/\/aem.hr\/en\/wp-json\/wp\/v2\/pages\/15307\/revisions"}],"predecessor-version":[{"id":16499,"href":"https:\/\/aem.hr\/en\/wp-json\/wp\/v2\/pages\/15307\/revisions\/16499"}],"wp:attachment":[{"href":"https:\/\/aem.hr\/en\/wp-json\/wp\/v2\/media?parent=15307"}],"curies":[{"name":"wp","href":"https:\/\/api.w.org\/{rel}","templated":true}]}}