{"id":15335,"date":"2023-02-14T13:08:12","date_gmt":"2023-02-14T12:08:12","guid":{"rendered":"http:\/\/aem.hr\/?page_id=15335"},"modified":"2023-02-14T13:08:13","modified_gmt":"2023-02-14T12:08:13","slug":"lucija-coric-zena-2-0","status":"publish","type":"page","link":"https:\/\/aem.hr\/en\/lucija-coric-zena-2-0\/","title":{"rendered":"Lucija \u0106ori\u0107 &#8211; \u017dena 2.0"},"content":{"rendered":"\n<div class=\"wp-block-file\"><a id=\"wp-block-file--media-045877e6-51ad-4638-9b7e-b90c754ecbf5\" href=\"https:\/\/aem.hr\/wp-content\/uploads\/2023\/02\/1.-Ako-u-pocetku-bijase-muskarac-sto-je.pdf\">1. Ako &#8216;u po\u010detku bija\u0161e mu\u0161karac&#8217;, \u0161to je<\/a><a href=\"https:\/\/aem.hr\/wp-content\/uploads\/2023\/02\/1.-Ako-u-pocetku-bijase-muskarac-sto-je.pdf\" class=\"wp-block-file__button wp-element-button\" download aria-describedby=\"wp-block-file--media-045877e6-51ad-4638-9b7e-b90c754ecbf5\">Preuzimanje<\/a><\/div>\n\n\n\n<div class=\"wp-block-file\"><a id=\"wp-block-file--media-58b31910-f8c3-4c5c-914c-4d06de53b53e\" href=\"https:\/\/aem.hr\/wp-content\/uploads\/2023\/02\/2.-Ako-se-zelimo-boriti-protiv-nasilja-nad-zenama.pdf\">2. Ako se \u017eelimo boriti protiv nasilja nad \u017eenama<\/a><a href=\"https:\/\/aem.hr\/wp-content\/uploads\/2023\/02\/2.-Ako-se-zelimo-boriti-protiv-nasilja-nad-zenama.pdf\" class=\"wp-block-file__button wp-element-button\" download aria-describedby=\"wp-block-file--media-58b31910-f8c3-4c5c-914c-4d06de53b53e\">Preuzimanje<\/a><\/div>\n\n\n\n<div class=\"wp-block-file\"><a id=\"wp-block-file--media-8073a665-cb73-4e89-9cdb-93d0df543495\" href=\"https:\/\/aem.hr\/wp-content\/uploads\/2023\/02\/3.-Ima-li-u-UN-ovoj-agendi-za-2030.-mjesta-za-snazne-zene.pdf\">3. Ima li u UN-ovoj agendi za 2030. mjesta za sna\u017ene \u017eene<\/a><a href=\"https:\/\/aem.hr\/wp-content\/uploads\/2023\/02\/3.-Ima-li-u-UN-ovoj-agendi-za-2030.-mjesta-za-snazne-zene.pdf\" class=\"wp-block-file__button wp-element-button\" download aria-describedby=\"wp-block-file--media-8073a665-cb73-4e89-9cdb-93d0df543495\">Preuzimanje<\/a><\/div>\n\n\n\n<div class=\"wp-block-file\"><a id=\"wp-block-file--media-891e9d2f-1554-457c-938e-1d8d594ce898\" href=\"https:\/\/aem.hr\/wp-content\/uploads\/2023\/02\/4.-Imamo-problem-Sve-vise-zena-je-samo.pdf\">4. Imamo problem &#8211; Sve vi\u0161e \u017eena je samo<\/a><a href=\"https:\/\/aem.hr\/wp-content\/uploads\/2023\/02\/4.-Imamo-problem-Sve-vise-zena-je-samo.pdf\" class=\"wp-block-file__button wp-element-button\" download aria-describedby=\"wp-block-file--media-891e9d2f-1554-457c-938e-1d8d594ce898\">Preuzimanje<\/a><\/div>\n\n\n\n<div class=\"wp-block-file\"><a id=\"wp-block-file--media-8c715eee-6fa0-447d-98b9-48c34bea66ac\" href=\"https:\/\/aem.hr\/wp-content\/uploads\/2023\/02\/5.-Marijina-poslusnost-mozda-je.pdf\">5. Marijina poslu\u0161nost mo\u017eda je<\/a><a href=\"https:\/\/aem.hr\/wp-content\/uploads\/2023\/02\/5.-Marijina-poslusnost-mozda-je.pdf\" class=\"wp-block-file__button wp-element-button\" download aria-describedby=\"wp-block-file--media-8c715eee-6fa0-447d-98b9-48c34bea66ac\">Preuzimanje<\/a><\/div>\n\n\n\n<div class=\"wp-block-file\"><a id=\"wp-block-file--media-1e242f76-faec-4de2-837d-513692a8d765\" href=\"https:\/\/aem.hr\/wp-content\/uploads\/2023\/02\/6.-Musko-zenski-rat-pokusava-se-u-Hrvatskoj-prosiriti.pdf\">6. Mu\u0161ko-\u017eenski rat poku\u0161ava se u Hrvatskoj pro\u0161iriti<\/a><a href=\"https:\/\/aem.hr\/wp-content\/uploads\/2023\/02\/6.-Musko-zenski-rat-pokusava-se-u-Hrvatskoj-prosiriti.pdf\" class=\"wp-block-file__button wp-element-button\" download aria-describedby=\"wp-block-file--media-1e242f76-faec-4de2-837d-513692a8d765\">Preuzimanje<\/a><\/div>\n\n\n\n<p><\/p>\n","protected":false},"excerpt":{"rendered":"","protected":false},"author":18,"featured_media":0,"parent":0,"menu_order":0,"comment_status":"closed","ping_status":"closed","template":"","meta":{"_acf_changed":false,"inline_featured_image":false,"advgb_blocks_editor_width":"","advgb_blocks_columns_visual_guide":"","_links_to":"","_links_to_type":0,"footnotes":""},"class_list":["post-15335","page","type-page","status-publish","hentry"],"acf":[],"yoast_head":"<!-- This site is optimized with the Yoast SEO plugin v25.7 - https:\/\/yoast.com\/wordpress\/plugins\/seo\/ -->\n<title>Lucija \u0106ori\u0107 - \u017dena 2.0 - Agencija za elektroni\u010dke medije<\/title>\n<meta name=\"robots\" content=\"index, follow, max-snippet:-1, max-image-preview:large, max-video-preview:-1\" \/>\n<link rel=\"canonical\" href=\"https:\/\/aem.hr\/lucija-coric-zena-2-0\/\" \/>\n<meta property=\"og:locale\" content=\"en_US\" \/>\n<meta property=\"og:type\" content=\"article\" \/>\n<meta property=\"og:title\" content=\"Lucija \u0106ori\u0107 - \u017dena 2.0 - Agencija za elektroni\u010dke medije\" \/>\n<meta property=\"og:url\" content=\"https:\/\/aem.hr\/lucija-coric-zena-2-0\/\" \/>\n<meta property=\"og:site_name\" content=\"Agencija za elektroni\u010dke medije\" \/>\n<meta property=\"article:modified_time\" content=\"2023-02-14T12:08:13+00:00\" \/>\n<meta name=\"twitter:card\" content=\"summary_large_image\" \/>\n<meta name=\"twitter:label1\" content=\"Est. reading time\" \/>\n\t<meta name=\"twitter:data1\" content=\"1 minute\" \/>\n<script type=\"application\/ld+json\" class=\"yoast-schema-graph\">{\"@context\":\"https:\/\/schema.org\",\"@graph\":[{\"@type\":\"WebPage\",\"@id\":\"https:\/\/aem.hr\/lucija-coric-zena-2-0\/\",\"url\":\"https:\/\/aem.hr\/lucija-coric-zena-2-0\/\",\"name\":\"Lucija \u0106ori\u0107 - \u017dena 2.0 - Agencija za elektroni\u010dke medije\",\"isPartOf\":{\"@id\":\"https:\/\/aem.hr\/#website\"},\"datePublished\":\"2023-02-14T12:08:12+00:00\",\"dateModified\":\"2023-02-14T12:08:13+00:00\",\"breadcrumb\":{\"@id\":\"https:\/\/aem.hr\/lucija-coric-zena-2-0\/#breadcrumb\"},\"inLanguage\":\"en-US\",\"potentialAction\":[{\"@type\":\"ReadAction\",\"target\":[\"https:\/\/aem.hr\/lucija-coric-zena-2-0\/\"]}]},{\"@type\":\"BreadcrumbList\",\"@id\":\"https:\/\/aem.hr\/lucija-coric-zena-2-0\/#breadcrumb\",\"itemListElement\":[{\"@type\":\"ListItem\",\"position\":1,\"name\":\"Po\u010detna stranica\",\"item\":\"https:\/\/aem.hr\/\"},{\"@type\":\"ListItem\",\"position\":2,\"name\":\"Lucija \u0106ori\u0107 &#8211; \u017dena 2.0\"}]},{\"@type\":\"WebSite\",\"@id\":\"https:\/\/aem.hr\/#website\",\"url\":\"https:\/\/aem.hr\/\",\"name\":\"Agencija za elektroni\u010dke medije\",\"description\":\"\",\"potentialAction\":[{\"@type\":\"SearchAction\",\"target\":{\"@type\":\"EntryPoint\",\"urlTemplate\":\"https:\/\/aem.hr\/?s={search_term_string}\"},\"query-input\":{\"@type\":\"PropertyValueSpecification\",\"valueRequired\":true,\"valueName\":\"search_term_string\"}}],\"inLanguage\":\"en-US\"}]}<\/script>\n<!-- \/ Yoast SEO plugin. -->","yoast_head_json":{"title":"Lucija \u0106ori\u0107 - \u017dena 2.0 - Agencija za elektroni\u010dke medije","robots":{"index":"index","follow":"follow","max-snippet":"max-snippet:-1","max-image-preview":"max-image-preview:large","max-video-preview":"max-video-preview:-1"},"canonical":"https:\/\/aem.hr\/lucija-coric-zena-2-0\/","og_locale":"en_US","og_type":"article","og_title":"Lucija \u0106ori\u0107 - \u017dena 2.0 - Agencija za elektroni\u010dke medije","og_url":"https:\/\/aem.hr\/lucija-coric-zena-2-0\/","og_site_name":"Agencija za elektroni\u010dke medije","article_modified_time":"2023-02-14T12:08:13+00:00","twitter_card":"summary_large_image","twitter_misc":{"Est. reading time":"1 minute"},"schema":{"@context":"https:\/\/schema.org","@graph":[{"@type":"WebPage","@id":"https:\/\/aem.hr\/lucija-coric-zena-2-0\/","url":"https:\/\/aem.hr\/lucija-coric-zena-2-0\/","name":"Lucija \u0106ori\u0107 - \u017dena 2.0 - Agencija za elektroni\u010dke medije","isPartOf":{"@id":"https:\/\/aem.hr\/#website"},"datePublished":"2023-02-14T12:08:12+00:00","dateModified":"2023-02-14T12:08:13+00:00","breadcrumb":{"@id":"https:\/\/aem.hr\/lucija-coric-zena-2-0\/#breadcrumb"},"inLanguage":"en-US","potentialAction":[{"@type":"ReadAction","target":["https:\/\/aem.hr\/lucija-coric-zena-2-0\/"]}]},{"@type":"BreadcrumbList","@id":"https:\/\/aem.hr\/lucija-coric-zena-2-0\/#breadcrumb","itemListElement":[{"@type":"ListItem","position":1,"name":"Po\u010detna stranica","item":"https:\/\/aem.hr\/"},{"@type":"ListItem","position":2,"name":"Lucija \u0106ori\u0107 &#8211; \u017dena 2.0"}]},{"@type":"WebSite","@id":"https:\/\/aem.hr\/#website","url":"https:\/\/aem.hr\/","name":"Agencija za elektroni\u010dke medije","description":"","potentialAction":[{"@type":"SearchAction","target":{"@type":"EntryPoint","urlTemplate":"https:\/\/aem.hr\/?s={search_term_string}"},"query-input":{"@type":"PropertyValueSpecification","valueRequired":true,"valueName":"search_term_string"}}],"inLanguage":"en-US"}]}},"coauthors":[],"author_meta":{"author_link":"https:\/\/aem.hr\/en\/blog\/author\/mkirac\/","display_name":"Matko Kirac"},"relative_dates":{"created":"Posted 3 years ago","modified":"Updated 3 years ago"},"absolute_dates":{"created":"Posted on 14. February 2023.","modified":"Updated on 14. February 2023."},"absolute_dates_time":{"created":"Posted on 14. February 2023. 13:08","modified":"Updated on 14. February 2023. 13:08"},"featured_img_caption":"","featured_img":false,"series_order":"","_links":{"self":[{"href":"https:\/\/aem.hr\/en\/wp-json\/wp\/v2\/pages\/15335","targetHints":{"allow":["GET"]}}],"collection":[{"href":"https:\/\/aem.hr\/en\/wp-json\/wp\/v2\/pages"}],"about":[{"href":"https:\/\/aem.hr\/en\/wp-json\/wp\/v2\/types\/page"}],"author":[{"embeddable":true,"href":"https:\/\/aem.hr\/en\/wp-json\/wp\/v2\/users\/18"}],"replies":[{"embeddable":true,"href":"https:\/\/aem.hr\/en\/wp-json\/wp\/v2\/comments?post=15335"}],"version-history":[{"count":1,"href":"https:\/\/aem.hr\/en\/wp-json\/wp\/v2\/pages\/15335\/revisions"}],"predecessor-version":[{"id":15349,"href":"https:\/\/aem.hr\/en\/wp-json\/wp\/v2\/pages\/15335\/revisions\/15349"}],"wp:attachment":[{"href":"https:\/\/aem.hr\/en\/wp-json\/wp\/v2\/media?parent=15335"}],"curies":[{"name":"wp","href":"https:\/\/api.w.org\/{rel}","templated":true}]}}