{"id":15351,"date":"2023-02-14T13:13:05","date_gmt":"2023-02-14T12:13:05","guid":{"rendered":"http:\/\/aem.hr\/?page_id=15351"},"modified":"2023-02-14T13:13:07","modified_gmt":"2023-02-14T12:13:07","slug":"alen-juricic-dostupnost-sportskih-sadrzaja-u-ruralnim-dijelovima-dalmacije","status":"publish","type":"page","link":"https:\/\/aem.hr\/en\/alen-juricic-dostupnost-sportskih-sadrzaja-u-ruralnim-dijelovima-dalmacije\/","title":{"rendered":"Alen Juri\u010di\u0107 &#8211; Dostupnost sportskih sadr\u017eaja u ruralnim dijelovima Dalmacije"},"content":{"rendered":"\n<div class=\"wp-block-file\"><a id=\"wp-block-file--media-7b179517-56b4-4ae8-b600-4df3fa831745\" href=\"https:\/\/aem.hr\/wp-content\/uploads\/2023\/02\/1.-NOGOMETNI-KLUB-VRCEVO.pdf\">1. NOGOMETNI KLUB VR\u010cEVO<\/a><a href=\"https:\/\/aem.hr\/wp-content\/uploads\/2023\/02\/1.-NOGOMETNI-KLUB-VRCEVO.pdf\" class=\"wp-block-file__button wp-element-button\" download aria-describedby=\"wp-block-file--media-7b179517-56b4-4ae8-b600-4df3fa831745\">Preuzimanje<\/a><\/div>\n\n\n\n<div class=\"wp-block-file\"><a id=\"wp-block-file--media-99d843ce-6df9-4eee-86e4-62a5b6b8524a\" href=\"https:\/\/aem.hr\/wp-content\/uploads\/2023\/02\/2.-BK-PovljanaKlub-duge-tradicije.pdf\">2. BK PovljanaKlub duge tradicije<\/a><a href=\"https:\/\/aem.hr\/wp-content\/uploads\/2023\/02\/2.-BK-PovljanaKlub-duge-tradicije.pdf\" class=\"wp-block-file__button wp-element-button\" download aria-describedby=\"wp-block-file--media-99d843ce-6df9-4eee-86e4-62a5b6b8524a\">Preuzimanje<\/a><\/div>\n\n\n\n<div class=\"wp-block-file\"><a id=\"wp-block-file--media-f0625cde-d773-4221-ae08-a0babe756857\" href=\"https:\/\/aem.hr\/wp-content\/uploads\/2023\/02\/3.-Bocarski-klub-Debeljak.pdf\">3. Bo\u0107arski klub Debeljak<\/a><a href=\"https:\/\/aem.hr\/wp-content\/uploads\/2023\/02\/3.-Bocarski-klub-Debeljak.pdf\" class=\"wp-block-file__button wp-element-button\" download aria-describedby=\"wp-block-file--media-f0625cde-d773-4221-ae08-a0babe756857\">Preuzimanje<\/a><\/div>\n\n\n\n<div class=\"wp-block-file\"><a id=\"wp-block-file--media-0ee0b4b9-5b50-43d3-82e7-e2d0bdd652a7\" href=\"https:\/\/aem.hr\/wp-content\/uploads\/2023\/02\/4.-BICIKLISTICKI-KLUB-POSEDARJE.pdf\">4. BICIKLISTI\u010cKI KLUB POSEDARJE<\/a><a href=\"https:\/\/aem.hr\/wp-content\/uploads\/2023\/02\/4.-BICIKLISTICKI-KLUB-POSEDARJE.pdf\" class=\"wp-block-file__button wp-element-button\" download aria-describedby=\"wp-block-file--media-0ee0b4b9-5b50-43d3-82e7-e2d0bdd652a7\">Preuzimanje<\/a><\/div>\n\n\n\n<div class=\"wp-block-file\"><a id=\"wp-block-file--media-77ad64ed-15d0-45e2-aa44-0bad5ca1c922\" href=\"https:\/\/aem.hr\/wp-content\/uploads\/2023\/02\/5.-SKOLA-NOGOMETA-NK-ZRMANJA.pdf\">5. \u0160KOLA NOGOMETA NK ZRMANJA<\/a><a href=\"https:\/\/aem.hr\/wp-content\/uploads\/2023\/02\/5.-SKOLA-NOGOMETA-NK-ZRMANJA.pdf\" class=\"wp-block-file__button wp-element-button\" download aria-describedby=\"wp-block-file--media-77ad64ed-15d0-45e2-aa44-0bad5ca1c922\">Preuzimanje<\/a><\/div>\n\n\n\n<div class=\"wp-block-file\"><a id=\"wp-block-file--media-b27ff346-7dde-4a1d-9a86-1db94c22c10e\" href=\"https:\/\/aem.hr\/wp-content\/uploads\/2023\/02\/6.-Liga-Futsal-Dugi-Rat.pdf\">6. Liga Futsal Dugi Rat<\/a><a href=\"https:\/\/aem.hr\/wp-content\/uploads\/2023\/02\/6.-Liga-Futsal-Dugi-Rat.pdf\" class=\"wp-block-file__button wp-element-button\" download aria-describedby=\"wp-block-file--media-b27ff346-7dde-4a1d-9a86-1db94c22c10e\">Preuzimanje<\/a><\/div>\n\n\n\n<div class=\"wp-block-file\"><a id=\"wp-block-file--media-939a3aec-cf1c-4c1a-8360-f010d625033d\" href=\"https:\/\/aem.hr\/wp-content\/uploads\/2023\/02\/7.-ZENSKA-KOSARKA-U-SRCU-R.-KOTARA.pdf\">7. \u017dENSKA KO\u0160ARKA U SRCU R. KOTARA<\/a><a href=\"https:\/\/aem.hr\/wp-content\/uploads\/2023\/02\/7.-ZENSKA-KOSARKA-U-SRCU-R.-KOTARA.pdf\" class=\"wp-block-file__button wp-element-button\" download aria-describedby=\"wp-block-file--media-939a3aec-cf1c-4c1a-8360-f010d625033d\">Preuzimanje<\/a><\/div>\n\n\n\n<div class=\"wp-block-file\"><a id=\"wp-block-file--media-c176dc9c-094f-49a9-b54e-41e3ebc7707c\" href=\"https:\/\/aem.hr\/wp-content\/uploads\/2023\/02\/8.-BICIKLISTICKI-KLUB-BENKOVAC.pdf\">8. BICIKLISTI\u010cKI KLUB BENKOVAC<\/a><a href=\"https:\/\/aem.hr\/wp-content\/uploads\/2023\/02\/8.-BICIKLISTICKI-KLUB-BENKOVAC.pdf\" class=\"wp-block-file__button wp-element-button\" download aria-describedby=\"wp-block-file--media-c176dc9c-094f-49a9-b54e-41e3ebc7707c\">Preuzimanje<\/a><\/div>\n\n\n\n<div class=\"wp-block-file\"><a id=\"wp-block-file--media-2e300b3c-dc3c-4fef-aea1-dc683b4dda50\" href=\"https:\/\/aem.hr\/wp-content\/uploads\/2023\/02\/9.-NOGOMETNI-KLUB-ABECEDA-ZDC.pdf\">9. NOGOMETNI KLUB ABECEDA ZDC<\/a><a href=\"https:\/\/aem.hr\/wp-content\/uploads\/2023\/02\/9.-NOGOMETNI-KLUB-ABECEDA-ZDC.pdf\" class=\"wp-block-file__button wp-element-button\" download aria-describedby=\"wp-block-file--media-2e300b3c-dc3c-4fef-aea1-dc683b4dda50\">Preuzimanje<\/a><\/div>\n\n\n\n<div class=\"wp-block-file\"><a id=\"wp-block-file--media-a6f25088-feee-416f-b36a-be27de0c2a4b\" href=\"https:\/\/aem.hr\/wp-content\/uploads\/2023\/02\/10.-FUTSAL-SUPER-CHICKS.pdf\">10. FUTSAL SUPER CHICKS<\/a><a href=\"https:\/\/aem.hr\/wp-content\/uploads\/2023\/02\/10.-FUTSAL-SUPER-CHICKS.pdf\" class=\"wp-block-file__button wp-element-button\" download aria-describedby=\"wp-block-file--media-a6f25088-feee-416f-b36a-be27de0c2a4b\">Preuzimanje<\/a><\/div>\n\n\n\n<p><\/p>\n","protected":false},"excerpt":{"rendered":"","protected":false},"author":18,"featured_media":0,"parent":0,"menu_order":0,"comment_status":"closed","ping_status":"closed","template":"","meta":{"_acf_changed":false,"inline_featured_image":false,"advgb_blocks_editor_width":"","advgb_blocks_columns_visual_guide":"","_links_to":"","_links_to_type":0,"footnotes":""},"class_list":["post-15351","page","type-page","status-publish","hentry"],"acf":[],"yoast_head":"<!-- This site is optimized with the Yoast SEO plugin v25.7 - https:\/\/yoast.com\/wordpress\/plugins\/seo\/ -->\n<title>Alen Juri\u010di\u0107 - Dostupnost sportskih sadr\u017eaja u ruralnim dijelovima Dalmacije - Agencija za elektroni\u010dke medije<\/title>\n<meta name=\"robots\" content=\"index, follow, max-snippet:-1, max-image-preview:large, max-video-preview:-1\" \/>\n<link rel=\"canonical\" href=\"https:\/\/aem.hr\/alen-juricic-dostupnost-sportskih-sadrzaja-u-ruralnim-dijelovima-dalmacije\/\" \/>\n<meta property=\"og:locale\" content=\"en_US\" \/>\n<meta property=\"og:type\" content=\"article\" \/>\n<meta property=\"og:title\" content=\"Alen Juri\u010di\u0107 - Dostupnost sportskih sadr\u017eaja u ruralnim dijelovima Dalmacije - Agencija za elektroni\u010dke medije\" \/>\n<meta property=\"og:url\" content=\"https:\/\/aem.hr\/alen-juricic-dostupnost-sportskih-sadrzaja-u-ruralnim-dijelovima-dalmacije\/\" \/>\n<meta property=\"og:site_name\" content=\"Agencija za elektroni\u010dke medije\" \/>\n<meta property=\"article:modified_time\" content=\"2023-02-14T12:13:07+00:00\" \/>\n<meta name=\"twitter:card\" content=\"summary_large_image\" \/>\n<meta name=\"twitter:label1\" content=\"Est. reading time\" \/>\n\t<meta name=\"twitter:data1\" content=\"1 minute\" \/>\n<script type=\"application\/ld+json\" class=\"yoast-schema-graph\">{\"@context\":\"https:\/\/schema.org\",\"@graph\":[{\"@type\":\"WebPage\",\"@id\":\"https:\/\/aem.hr\/alen-juricic-dostupnost-sportskih-sadrzaja-u-ruralnim-dijelovima-dalmacije\/\",\"url\":\"https:\/\/aem.hr\/alen-juricic-dostupnost-sportskih-sadrzaja-u-ruralnim-dijelovima-dalmacije\/\",\"name\":\"Alen Juri\u010di\u0107 - Dostupnost sportskih sadr\u017eaja u ruralnim dijelovima Dalmacije - Agencija za elektroni\u010dke medije\",\"isPartOf\":{\"@id\":\"https:\/\/aem.hr\/#website\"},\"datePublished\":\"2023-02-14T12:13:05+00:00\",\"dateModified\":\"2023-02-14T12:13:07+00:00\",\"breadcrumb\":{\"@id\":\"https:\/\/aem.hr\/alen-juricic-dostupnost-sportskih-sadrzaja-u-ruralnim-dijelovima-dalmacije\/#breadcrumb\"},\"inLanguage\":\"en-US\",\"potentialAction\":[{\"@type\":\"ReadAction\",\"target\":[\"https:\/\/aem.hr\/alen-juricic-dostupnost-sportskih-sadrzaja-u-ruralnim-dijelovima-dalmacije\/\"]}]},{\"@type\":\"BreadcrumbList\",\"@id\":\"https:\/\/aem.hr\/alen-juricic-dostupnost-sportskih-sadrzaja-u-ruralnim-dijelovima-dalmacije\/#breadcrumb\",\"itemListElement\":[{\"@type\":\"ListItem\",\"position\":1,\"name\":\"Po\u010detna stranica\",\"item\":\"https:\/\/aem.hr\/\"},{\"@type\":\"ListItem\",\"position\":2,\"name\":\"Alen Juri\u010di\u0107 &#8211; Dostupnost sportskih sadr\u017eaja u ruralnim dijelovima Dalmacije\"}]},{\"@type\":\"WebSite\",\"@id\":\"https:\/\/aem.hr\/#website\",\"url\":\"https:\/\/aem.hr\/\",\"name\":\"Agencija za elektroni\u010dke medije\",\"description\":\"\",\"potentialAction\":[{\"@type\":\"SearchAction\",\"target\":{\"@type\":\"EntryPoint\",\"urlTemplate\":\"https:\/\/aem.hr\/?s={search_term_string}\"},\"query-input\":{\"@type\":\"PropertyValueSpecification\",\"valueRequired\":true,\"valueName\":\"search_term_string\"}}],\"inLanguage\":\"en-US\"}]}<\/script>\n<!-- \/ Yoast SEO plugin. -->","yoast_head_json":{"title":"Alen Juri\u010di\u0107 - Dostupnost sportskih sadr\u017eaja u ruralnim dijelovima Dalmacije - Agencija za elektroni\u010dke medije","robots":{"index":"index","follow":"follow","max-snippet":"max-snippet:-1","max-image-preview":"max-image-preview:large","max-video-preview":"max-video-preview:-1"},"canonical":"https:\/\/aem.hr\/alen-juricic-dostupnost-sportskih-sadrzaja-u-ruralnim-dijelovima-dalmacije\/","og_locale":"en_US","og_type":"article","og_title":"Alen Juri\u010di\u0107 - Dostupnost sportskih sadr\u017eaja u ruralnim dijelovima Dalmacije - Agencija za elektroni\u010dke medije","og_url":"https:\/\/aem.hr\/alen-juricic-dostupnost-sportskih-sadrzaja-u-ruralnim-dijelovima-dalmacije\/","og_site_name":"Agencija za elektroni\u010dke medije","article_modified_time":"2023-02-14T12:13:07+00:00","twitter_card":"summary_large_image","twitter_misc":{"Est. reading time":"1 minute"},"schema":{"@context":"https:\/\/schema.org","@graph":[{"@type":"WebPage","@id":"https:\/\/aem.hr\/alen-juricic-dostupnost-sportskih-sadrzaja-u-ruralnim-dijelovima-dalmacije\/","url":"https:\/\/aem.hr\/alen-juricic-dostupnost-sportskih-sadrzaja-u-ruralnim-dijelovima-dalmacije\/","name":"Alen Juri\u010di\u0107 - Dostupnost sportskih sadr\u017eaja u ruralnim dijelovima Dalmacije - Agencija za elektroni\u010dke medije","isPartOf":{"@id":"https:\/\/aem.hr\/#website"},"datePublished":"2023-02-14T12:13:05+00:00","dateModified":"2023-02-14T12:13:07+00:00","breadcrumb":{"@id":"https:\/\/aem.hr\/alen-juricic-dostupnost-sportskih-sadrzaja-u-ruralnim-dijelovima-dalmacije\/#breadcrumb"},"inLanguage":"en-US","potentialAction":[{"@type":"ReadAction","target":["https:\/\/aem.hr\/alen-juricic-dostupnost-sportskih-sadrzaja-u-ruralnim-dijelovima-dalmacije\/"]}]},{"@type":"BreadcrumbList","@id":"https:\/\/aem.hr\/alen-juricic-dostupnost-sportskih-sadrzaja-u-ruralnim-dijelovima-dalmacije\/#breadcrumb","itemListElement":[{"@type":"ListItem","position":1,"name":"Po\u010detna stranica","item":"https:\/\/aem.hr\/"},{"@type":"ListItem","position":2,"name":"Alen Juri\u010di\u0107 &#8211; Dostupnost sportskih sadr\u017eaja u ruralnim dijelovima Dalmacije"}]},{"@type":"WebSite","@id":"https:\/\/aem.hr\/#website","url":"https:\/\/aem.hr\/","name":"Agencija za elektroni\u010dke medije","description":"","potentialAction":[{"@type":"SearchAction","target":{"@type":"EntryPoint","urlTemplate":"https:\/\/aem.hr\/?s={search_term_string}"},"query-input":{"@type":"PropertyValueSpecification","valueRequired":true,"valueName":"search_term_string"}}],"inLanguage":"en-US"}]}},"coauthors":[],"author_meta":{"author_link":"https:\/\/aem.hr\/en\/blog\/author\/mkirac\/","display_name":"Matko Kirac"},"relative_dates":{"created":"Posted 3 years ago","modified":"Updated 3 years ago"},"absolute_dates":{"created":"Posted on 14. February 2023.","modified":"Updated on 14. February 2023."},"absolute_dates_time":{"created":"Posted on 14. February 2023. 13:13","modified":"Updated on 14. February 2023. 13:13"},"featured_img_caption":"","featured_img":false,"series_order":"","_links":{"self":[{"href":"https:\/\/aem.hr\/en\/wp-json\/wp\/v2\/pages\/15351","targetHints":{"allow":["GET"]}}],"collection":[{"href":"https:\/\/aem.hr\/en\/wp-json\/wp\/v2\/pages"}],"about":[{"href":"https:\/\/aem.hr\/en\/wp-json\/wp\/v2\/types\/page"}],"author":[{"embeddable":true,"href":"https:\/\/aem.hr\/en\/wp-json\/wp\/v2\/users\/18"}],"replies":[{"embeddable":true,"href":"https:\/\/aem.hr\/en\/wp-json\/wp\/v2\/comments?post=15351"}],"version-history":[{"count":1,"href":"https:\/\/aem.hr\/en\/wp-json\/wp\/v2\/pages\/15351\/revisions"}],"predecessor-version":[{"id":15372,"href":"https:\/\/aem.hr\/en\/wp-json\/wp\/v2\/pages\/15351\/revisions\/15372"}],"wp:attachment":[{"href":"https:\/\/aem.hr\/en\/wp-json\/wp\/v2\/media?parent=15351"}],"curies":[{"name":"wp","href":"https:\/\/api.w.org\/{rel}","templated":true}]}}