{"id":15374,"date":"2023-02-14T13:15:21","date_gmt":"2023-02-14T12:15:21","guid":{"rendered":"http:\/\/aem.hr\/?page_id=15374"},"modified":"2023-02-14T13:15:23","modified_gmt":"2023-02-14T12:15:23","slug":"stojan-obradovic-izazovi-i-dileme-manjinske-politike-u-hrvatskom-drustvu","status":"publish","type":"page","link":"https:\/\/aem.hr\/en\/stojan-obradovic-izazovi-i-dileme-manjinske-politike-u-hrvatskom-drustvu\/","title":{"rendered":"Stojan Obradovi\u0107 &#8211; Izazovi i dileme manjinske politike u hrvatskom dru\u0161tvu"},"content":{"rendered":"\n<div class=\"wp-block-file\"><a id=\"wp-block-file--media-4c0b39c9-d157-467e-8c28-1a84fba49f3d\" href=\"https:\/\/aem.hr\/wp-content\/uploads\/2023\/02\/1.-Otvaraju-li-podaci.pdf\">1. Otvaraju li podaci<\/a><a href=\"https:\/\/aem.hr\/wp-content\/uploads\/2023\/02\/1.-Otvaraju-li-podaci.pdf\" class=\"wp-block-file__button wp-element-button\" download aria-describedby=\"wp-block-file--media-4c0b39c9-d157-467e-8c28-1a84fba49f3d\">Preuzimanje<\/a><\/div>\n\n\n\n<div class=\"wp-block-file\"><a id=\"wp-block-file--media-f8e5ed5f-665e-4c1f-ada0-c6cdba289e67\" href=\"https:\/\/aem.hr\/wp-content\/uploads\/2023\/02\/2.-Znacaj-politickog.pdf\">2. Zna\u010daj politi\u010dkog<\/a><a href=\"https:\/\/aem.hr\/wp-content\/uploads\/2023\/02\/2.-Znacaj-politickog.pdf\" class=\"wp-block-file__button wp-element-button\" download aria-describedby=\"wp-block-file--media-f8e5ed5f-665e-4c1f-ada0-c6cdba289e67\">Preuzimanje<\/a><\/div>\n\n\n\n<div class=\"wp-block-file\"><a id=\"wp-block-file--media-0e9c955e-eb39-4d21-9fc4-e9fff18584ea\" href=\"https:\/\/aem.hr\/wp-content\/uploads\/2023\/02\/3.-Kulturu-tolerancije.pdf\">3. Kulturu tolerancije<\/a><a href=\"https:\/\/aem.hr\/wp-content\/uploads\/2023\/02\/3.-Kulturu-tolerancije.pdf\" class=\"wp-block-file__button wp-element-button\" download aria-describedby=\"wp-block-file--media-0e9c955e-eb39-4d21-9fc4-e9fff18584ea\">Preuzimanje<\/a><\/div>\n\n\n\n<div class=\"wp-block-file\"><a id=\"wp-block-file--media-2e7c0edb-4383-402a-a3f4-39c5a2767df1\" href=\"https:\/\/aem.hr\/wp-content\/uploads\/2023\/02\/4.-Glorifikaciju-formalno-dobro.pdf\">4. Glorifikaciju formalno dobro<\/a><a href=\"https:\/\/aem.hr\/wp-content\/uploads\/2023\/02\/4.-Glorifikaciju-formalno-dobro.pdf\" class=\"wp-block-file__button wp-element-button\" download aria-describedby=\"wp-block-file--media-2e7c0edb-4383-402a-a3f4-39c5a2767df1\">Preuzimanje<\/a><\/div>\n\n\n\n<div class=\"wp-block-file\"><a id=\"wp-block-file--media-209c9ec7-c234-4c8f-8504-081cb08d639b\" href=\"https:\/\/aem.hr\/wp-content\/uploads\/2023\/02\/5.-Pravo-na-obrazovanje.pdf\">5. Pravo na obrazovanje<\/a><a href=\"https:\/\/aem.hr\/wp-content\/uploads\/2023\/02\/5.-Pravo-na-obrazovanje.pdf\" class=\"wp-block-file__button wp-element-button\" download aria-describedby=\"wp-block-file--media-209c9ec7-c234-4c8f-8504-081cb08d639b\">Preuzimanje<\/a><\/div>\n\n\n\n<div class=\"wp-block-file\"><a id=\"wp-block-file--media-ea8f928f-c461-407a-930e-1672bf7e4799\" href=\"https:\/\/aem.hr\/wp-content\/uploads\/2023\/02\/6.-Defekti-pluralizma.pdf\">6. Defekti pluralizma<\/a><a href=\"https:\/\/aem.hr\/wp-content\/uploads\/2023\/02\/6.-Defekti-pluralizma.pdf\" class=\"wp-block-file__button wp-element-button\" download aria-describedby=\"wp-block-file--media-ea8f928f-c461-407a-930e-1672bf7e4799\">Preuzimanje<\/a><\/div>\n\n\n\n<div class=\"wp-block-file\"><a id=\"wp-block-file--media-3b2e2708-7a57-43e9-a178-4b46a73ddc05\" href=\"https:\/\/aem.hr\/wp-content\/uploads\/2023\/02\/7.-Izmedu-asimilacije.pdf\">7. Izme\u0111u asimilacije<\/a><a href=\"https:\/\/aem.hr\/wp-content\/uploads\/2023\/02\/7.-Izmedu-asimilacije.pdf\" class=\"wp-block-file__button wp-element-button\" download aria-describedby=\"wp-block-file--media-3b2e2708-7a57-43e9-a178-4b46a73ddc05\">Preuzimanje<\/a><\/div>\n\n\n\n<div class=\"wp-block-file\"><a id=\"wp-block-file--media-3c0b4625-6e6e-462f-a547-3e81bd1beb4c\" href=\"https:\/\/aem.hr\/wp-content\/uploads\/2023\/02\/8.-Vijeca-i-predstavnici.pdf\">8. Vije\u0107a i predstavnici<\/a><a href=\"https:\/\/aem.hr\/wp-content\/uploads\/2023\/02\/8.-Vijeca-i-predstavnici.pdf\" class=\"wp-block-file__button wp-element-button\" download aria-describedby=\"wp-block-file--media-3c0b4625-6e6e-462f-a547-3e81bd1beb4c\">Preuzimanje<\/a><\/div>\n\n\n\n<p><\/p>\n","protected":false},"excerpt":{"rendered":"","protected":false},"author":18,"featured_media":0,"parent":0,"menu_order":0,"comment_status":"closed","ping_status":"closed","template":"","meta":{"_acf_changed":false,"inline_featured_image":false,"advgb_blocks_editor_width":"","advgb_blocks_columns_visual_guide":"","_links_to":"","_links_to_type":0,"footnotes":""},"class_list":["post-15374","page","type-page","status-publish","hentry"],"acf":[],"yoast_head":"<!-- This site is optimized with the Yoast SEO plugin v25.7 - https:\/\/yoast.com\/wordpress\/plugins\/seo\/ -->\n<title>Stojan Obradovi\u0107 - Izazovi i dileme manjinske politike u hrvatskom dru\u0161tvu - Agencija za elektroni\u010dke medije<\/title>\n<meta name=\"robots\" content=\"index, follow, max-snippet:-1, max-image-preview:large, max-video-preview:-1\" \/>\n<link rel=\"canonical\" href=\"https:\/\/aem.hr\/stojan-obradovic-izazovi-i-dileme-manjinske-politike-u-hrvatskom-drustvu\/\" \/>\n<meta property=\"og:locale\" content=\"en_US\" \/>\n<meta property=\"og:type\" content=\"article\" \/>\n<meta property=\"og:title\" content=\"Stojan Obradovi\u0107 - Izazovi i dileme manjinske politike u hrvatskom dru\u0161tvu - Agencija za elektroni\u010dke medije\" \/>\n<meta property=\"og:url\" content=\"https:\/\/aem.hr\/stojan-obradovic-izazovi-i-dileme-manjinske-politike-u-hrvatskom-drustvu\/\" \/>\n<meta property=\"og:site_name\" content=\"Agencija za elektroni\u010dke medije\" \/>\n<meta property=\"article:modified_time\" content=\"2023-02-14T12:15:23+00:00\" \/>\n<meta name=\"twitter:card\" content=\"summary_large_image\" \/>\n<meta name=\"twitter:label1\" content=\"Est. reading time\" \/>\n\t<meta name=\"twitter:data1\" content=\"1 minute\" \/>\n<script type=\"application\/ld+json\" class=\"yoast-schema-graph\">{\"@context\":\"https:\/\/schema.org\",\"@graph\":[{\"@type\":\"WebPage\",\"@id\":\"https:\/\/aem.hr\/stojan-obradovic-izazovi-i-dileme-manjinske-politike-u-hrvatskom-drustvu\/\",\"url\":\"https:\/\/aem.hr\/stojan-obradovic-izazovi-i-dileme-manjinske-politike-u-hrvatskom-drustvu\/\",\"name\":\"Stojan Obradovi\u0107 - Izazovi i dileme manjinske politike u hrvatskom dru\u0161tvu - Agencija za elektroni\u010dke medije\",\"isPartOf\":{\"@id\":\"https:\/\/aem.hr\/#website\"},\"datePublished\":\"2023-02-14T12:15:21+00:00\",\"dateModified\":\"2023-02-14T12:15:23+00:00\",\"breadcrumb\":{\"@id\":\"https:\/\/aem.hr\/stojan-obradovic-izazovi-i-dileme-manjinske-politike-u-hrvatskom-drustvu\/#breadcrumb\"},\"inLanguage\":\"en-US\",\"potentialAction\":[{\"@type\":\"ReadAction\",\"target\":[\"https:\/\/aem.hr\/stojan-obradovic-izazovi-i-dileme-manjinske-politike-u-hrvatskom-drustvu\/\"]}]},{\"@type\":\"BreadcrumbList\",\"@id\":\"https:\/\/aem.hr\/stojan-obradovic-izazovi-i-dileme-manjinske-politike-u-hrvatskom-drustvu\/#breadcrumb\",\"itemListElement\":[{\"@type\":\"ListItem\",\"position\":1,\"name\":\"Po\u010detna stranica\",\"item\":\"https:\/\/aem.hr\/\"},{\"@type\":\"ListItem\",\"position\":2,\"name\":\"Stojan Obradovi\u0107 &#8211; Izazovi i dileme manjinske politike u hrvatskom dru\u0161tvu\"}]},{\"@type\":\"WebSite\",\"@id\":\"https:\/\/aem.hr\/#website\",\"url\":\"https:\/\/aem.hr\/\",\"name\":\"Agencija za elektroni\u010dke medije\",\"description\":\"\",\"potentialAction\":[{\"@type\":\"SearchAction\",\"target\":{\"@type\":\"EntryPoint\",\"urlTemplate\":\"https:\/\/aem.hr\/?s={search_term_string}\"},\"query-input\":{\"@type\":\"PropertyValueSpecification\",\"valueRequired\":true,\"valueName\":\"search_term_string\"}}],\"inLanguage\":\"en-US\"}]}<\/script>\n<!-- \/ Yoast SEO plugin. -->","yoast_head_json":{"title":"Stojan Obradovi\u0107 - Izazovi i dileme manjinske politike u hrvatskom dru\u0161tvu - Agencija za elektroni\u010dke medije","robots":{"index":"index","follow":"follow","max-snippet":"max-snippet:-1","max-image-preview":"max-image-preview:large","max-video-preview":"max-video-preview:-1"},"canonical":"https:\/\/aem.hr\/stojan-obradovic-izazovi-i-dileme-manjinske-politike-u-hrvatskom-drustvu\/","og_locale":"en_US","og_type":"article","og_title":"Stojan Obradovi\u0107 - Izazovi i dileme manjinske politike u hrvatskom dru\u0161tvu - Agencija za elektroni\u010dke medije","og_url":"https:\/\/aem.hr\/stojan-obradovic-izazovi-i-dileme-manjinske-politike-u-hrvatskom-drustvu\/","og_site_name":"Agencija za elektroni\u010dke medije","article_modified_time":"2023-02-14T12:15:23+00:00","twitter_card":"summary_large_image","twitter_misc":{"Est. reading time":"1 minute"},"schema":{"@context":"https:\/\/schema.org","@graph":[{"@type":"WebPage","@id":"https:\/\/aem.hr\/stojan-obradovic-izazovi-i-dileme-manjinske-politike-u-hrvatskom-drustvu\/","url":"https:\/\/aem.hr\/stojan-obradovic-izazovi-i-dileme-manjinske-politike-u-hrvatskom-drustvu\/","name":"Stojan Obradovi\u0107 - Izazovi i dileme manjinske politike u hrvatskom dru\u0161tvu - Agencija za elektroni\u010dke medije","isPartOf":{"@id":"https:\/\/aem.hr\/#website"},"datePublished":"2023-02-14T12:15:21+00:00","dateModified":"2023-02-14T12:15:23+00:00","breadcrumb":{"@id":"https:\/\/aem.hr\/stojan-obradovic-izazovi-i-dileme-manjinske-politike-u-hrvatskom-drustvu\/#breadcrumb"},"inLanguage":"en-US","potentialAction":[{"@type":"ReadAction","target":["https:\/\/aem.hr\/stojan-obradovic-izazovi-i-dileme-manjinske-politike-u-hrvatskom-drustvu\/"]}]},{"@type":"BreadcrumbList","@id":"https:\/\/aem.hr\/stojan-obradovic-izazovi-i-dileme-manjinske-politike-u-hrvatskom-drustvu\/#breadcrumb","itemListElement":[{"@type":"ListItem","position":1,"name":"Po\u010detna stranica","item":"https:\/\/aem.hr\/"},{"@type":"ListItem","position":2,"name":"Stojan Obradovi\u0107 &#8211; Izazovi i dileme manjinske politike u hrvatskom dru\u0161tvu"}]},{"@type":"WebSite","@id":"https:\/\/aem.hr\/#website","url":"https:\/\/aem.hr\/","name":"Agencija za elektroni\u010dke medije","description":"","potentialAction":[{"@type":"SearchAction","target":{"@type":"EntryPoint","urlTemplate":"https:\/\/aem.hr\/?s={search_term_string}"},"query-input":{"@type":"PropertyValueSpecification","valueRequired":true,"valueName":"search_term_string"}}],"inLanguage":"en-US"}]}},"coauthors":[],"author_meta":{"author_link":"https:\/\/aem.hr\/en\/blog\/author\/mkirac\/","display_name":"Matko Kirac"},"relative_dates":{"created":"Posted 3 years ago","modified":"Updated 3 years ago"},"absolute_dates":{"created":"Posted on 14. February 2023.","modified":"Updated on 14. February 2023."},"absolute_dates_time":{"created":"Posted on 14. February 2023. 13:15","modified":"Updated on 14. February 2023. 13:15"},"featured_img_caption":"","featured_img":false,"series_order":"","_links":{"self":[{"href":"https:\/\/aem.hr\/en\/wp-json\/wp\/v2\/pages\/15374","targetHints":{"allow":["GET"]}}],"collection":[{"href":"https:\/\/aem.hr\/en\/wp-json\/wp\/v2\/pages"}],"about":[{"href":"https:\/\/aem.hr\/en\/wp-json\/wp\/v2\/types\/page"}],"author":[{"embeddable":true,"href":"https:\/\/aem.hr\/en\/wp-json\/wp\/v2\/users\/18"}],"replies":[{"embeddable":true,"href":"https:\/\/aem.hr\/en\/wp-json\/wp\/v2\/comments?post=15374"}],"version-history":[{"count":1,"href":"https:\/\/aem.hr\/en\/wp-json\/wp\/v2\/pages\/15374\/revisions"}],"predecessor-version":[{"id":15392,"href":"https:\/\/aem.hr\/en\/wp-json\/wp\/v2\/pages\/15374\/revisions\/15392"}],"wp:attachment":[{"href":"https:\/\/aem.hr\/en\/wp-json\/wp\/v2\/media?parent=15374"}],"curies":[{"name":"wp","href":"https:\/\/api.w.org\/{rel}","templated":true}]}}