{"id":15432,"date":"2023-02-14T13:22:18","date_gmt":"2023-02-14T12:22:18","guid":{"rendered":"http:\/\/aem.hr\/?page_id=15432"},"modified":"2023-02-14T13:22:19","modified_gmt":"2023-02-14T12:22:19","slug":"aleksandar-tesic-djelomicno-suncano-i-razmjerno-vjetrovito","status":"publish","type":"page","link":"https:\/\/aem.hr\/en\/aleksandar-tesic-djelomicno-suncano-i-razmjerno-vjetrovito\/","title":{"rendered":"Aleksandar Te\u0161i\u0107 &#8211; Djelomi\u010dno sun\u010dano i razmjerno vjetrovito"},"content":{"rendered":"\n<div class=\"wp-block-file\"><a id=\"wp-block-file--media-1aea3ca9-d17a-4ad1-8087-467ecc762fbe\" href=\"https:\/\/aem.hr\/wp-content\/uploads\/2023\/02\/1.-Kako-lokalna-zajednica....pdf\">1. Kako lokalna zajednica\u2026<\/a><a href=\"https:\/\/aem.hr\/wp-content\/uploads\/2023\/02\/1.-Kako-lokalna-zajednica....pdf\" class=\"wp-block-file__button wp-element-button\" download aria-describedby=\"wp-block-file--media-1aea3ca9-d17a-4ad1-8087-467ecc762fbe\">Preuzimanje<\/a><\/div>\n\n\n\n<div class=\"wp-block-file\"><a id=\"wp-block-file--media-cf77234e-6953-43b9-b563-55feb5a9fafb\" href=\"https:\/\/aem.hr\/wp-content\/uploads\/2023\/02\/2.-Krizevci-ozbiljno-grabe....pdf\">2. Kri\u017eevci ozbiljno grabe\u2026<\/a><a href=\"https:\/\/aem.hr\/wp-content\/uploads\/2023\/02\/2.-Krizevci-ozbiljno-grabe....pdf\" class=\"wp-block-file__button wp-element-button\" download aria-describedby=\"wp-block-file--media-cf77234e-6953-43b9-b563-55feb5a9fafb\">Preuzimanje<\/a><\/div>\n\n\n\n<div class=\"wp-block-file\"><a id=\"wp-block-file--media-6cf1d27f-a9f4-4f4c-962a-aab3e0e7d178\" href=\"https:\/\/aem.hr\/wp-content\/uploads\/2023\/02\/3.-Sto-je-gradanska-energija....pdf\">3. \u0160to je gra\u0111anska energija\u2026<\/a><a href=\"https:\/\/aem.hr\/wp-content\/uploads\/2023\/02\/3.-Sto-je-gradanska-energija....pdf\" class=\"wp-block-file__button wp-element-button\" download aria-describedby=\"wp-block-file--media-6cf1d27f-a9f4-4f4c-962a-aab3e0e7d178\">Preuzimanje<\/a><\/div>\n\n\n\n<div class=\"wp-block-file\"><a id=\"wp-block-file--media-fef425fb-4585-4cbf-bf96-7854f18d3729\" href=\"https:\/\/aem.hr\/wp-content\/uploads\/2023\/02\/4.-Investitor-tri-godine-proizvodi....pdf\">4. Investitor tri godine proizvodi\u2026<\/a><a href=\"https:\/\/aem.hr\/wp-content\/uploads\/2023\/02\/4.-Investitor-tri-godine-proizvodi....pdf\" class=\"wp-block-file__button wp-element-button\" download aria-describedby=\"wp-block-file--media-fef425fb-4585-4cbf-bf96-7854f18d3729\">Preuzimanje<\/a><\/div>\n\n\n\n<div class=\"wp-block-file\"><a id=\"wp-block-file--media-4c3bfe41-a4f4-4491-b7e7-8024a7b3cc50\" href=\"https:\/\/aem.hr\/wp-content\/uploads\/2023\/02\/5.-Milijunski-profiti-i-sve-jaci-igraci....pdf\">5. Milijunski profiti i sve ja\u010di igra\u010di\u2026<\/a><a href=\"https:\/\/aem.hr\/wp-content\/uploads\/2023\/02\/5.-Milijunski-profiti-i-sve-jaci-igraci....pdf\" class=\"wp-block-file__button wp-element-button\" download aria-describedby=\"wp-block-file--media-4c3bfe41-a4f4-4491-b7e7-8024a7b3cc50\">Preuzimanje<\/a><\/div>\n\n\n\n<div class=\"wp-block-file\"><a id=\"wp-block-file--media-13720202-beb6-4d45-8574-bf1611d48ca2\" href=\"https:\/\/aem.hr\/wp-content\/uploads\/2023\/02\/6.-Proizvodaci-struje-u-vjetroelektranama....pdf\">6. Proizvo\u0111a\u010di struje u vjetroelektranama\u2026<\/a><a href=\"https:\/\/aem.hr\/wp-content\/uploads\/2023\/02\/6.-Proizvodaci-struje-u-vjetroelektranama....pdf\" class=\"wp-block-file__button wp-element-button\" download aria-describedby=\"wp-block-file--media-13720202-beb6-4d45-8574-bf1611d48ca2\">Preuzimanje<\/a><\/div>\n\n\n\n<div class=\"wp-block-file\"><a id=\"wp-block-file--media-7d276d20-9bb0-471e-a86a-c933a4b2a3aa\" href=\"https:\/\/aem.hr\/wp-content\/uploads\/2023\/02\/7.-Pomamu-ulagaca-u-solare....pdf\">7. Pomamu ulaga\u010da u solare\u2026<\/a><a href=\"https:\/\/aem.hr\/wp-content\/uploads\/2023\/02\/7.-Pomamu-ulagaca-u-solare....pdf\" class=\"wp-block-file__button wp-element-button\" download aria-describedby=\"wp-block-file--media-7d276d20-9bb0-471e-a86a-c933a4b2a3aa\">Preuzimanje<\/a><\/div>\n\n\n\n<div class=\"wp-block-file\"><a id=\"wp-block-file--media-69bd46fb-8b1b-4c05-bd5a-e5ead873f008\" href=\"https:\/\/aem.hr\/wp-content\/uploads\/2023\/02\/8.-Lokalna-zajednica-Cresa....pdf\">8. Lokalna zajednica Cresa\u2026<\/a><a href=\"https:\/\/aem.hr\/wp-content\/uploads\/2023\/02\/8.-Lokalna-zajednica-Cresa....pdf\" class=\"wp-block-file__button wp-element-button\" download aria-describedby=\"wp-block-file--media-69bd46fb-8b1b-4c05-bd5a-e5ead873f008\">Preuzimanje<\/a><\/div>\n\n\n\n<div class=\"wp-block-file\"><a id=\"wp-block-file--media-976b7cc6-de87-4cb5-87d5-296222385030\" href=\"https:\/\/aem.hr\/wp-content\/uploads\/2023\/02\/9.-Ispituju-se-potencijali-vjetrova....pdf\">9. Ispituju se potencijali vjetrova\u2026<\/a><a href=\"https:\/\/aem.hr\/wp-content\/uploads\/2023\/02\/9.-Ispituju-se-potencijali-vjetrova....pdf\" class=\"wp-block-file__button wp-element-button\" download aria-describedby=\"wp-block-file--media-976b7cc6-de87-4cb5-87d5-296222385030\">Preuzimanje<\/a><\/div>\n\n\n\n<div class=\"wp-block-file\"><a id=\"wp-block-file--media-1fa3bb64-675f-463a-b28b-6e37c17fdd7b\" href=\"https:\/\/aem.hr\/wp-content\/uploads\/2023\/02\/10.-Narod-navalio-na-kucne-solare....pdf\">10. Narod navalio na ku\u0107ne solare\u2026<\/a><a href=\"https:\/\/aem.hr\/wp-content\/uploads\/2023\/02\/10.-Narod-navalio-na-kucne-solare....pdf\" class=\"wp-block-file__button wp-element-button\" download aria-describedby=\"wp-block-file--media-1fa3bb64-675f-463a-b28b-6e37c17fdd7b\">Preuzimanje<\/a><\/div>\n\n\n\n<p><\/p>\n","protected":false},"excerpt":{"rendered":"","protected":false},"author":18,"featured_media":0,"parent":0,"menu_order":0,"comment_status":"closed","ping_status":"closed","template":"","meta":{"_acf_changed":false,"inline_featured_image":false,"advgb_blocks_editor_width":"","advgb_blocks_columns_visual_guide":"","_links_to":"","_links_to_type":0,"footnotes":""},"class_list":["post-15432","page","type-page","status-publish","hentry"],"acf":[],"yoast_head":"<!-- This site is optimized with the Yoast SEO plugin v25.7 - https:\/\/yoast.com\/wordpress\/plugins\/seo\/ -->\n<title>Aleksandar Te\u0161i\u0107 - Djelomi\u010dno sun\u010dano i razmjerno vjetrovito - Agencija za elektroni\u010dke medije<\/title>\n<meta name=\"robots\" content=\"index, follow, max-snippet:-1, max-image-preview:large, max-video-preview:-1\" \/>\n<link rel=\"canonical\" href=\"https:\/\/aem.hr\/aleksandar-tesic-djelomicno-suncano-i-razmjerno-vjetrovito\/\" \/>\n<meta property=\"og:locale\" content=\"en_US\" \/>\n<meta property=\"og:type\" content=\"article\" \/>\n<meta property=\"og:title\" content=\"Aleksandar Te\u0161i\u0107 - Djelomi\u010dno sun\u010dano i razmjerno vjetrovito - Agencija za elektroni\u010dke medije\" \/>\n<meta property=\"og:url\" content=\"https:\/\/aem.hr\/aleksandar-tesic-djelomicno-suncano-i-razmjerno-vjetrovito\/\" \/>\n<meta property=\"og:site_name\" content=\"Agencija za elektroni\u010dke medije\" \/>\n<meta property=\"article:modified_time\" content=\"2023-02-14T12:22:19+00:00\" \/>\n<meta name=\"twitter:card\" content=\"summary_large_image\" \/>\n<meta name=\"twitter:label1\" content=\"Est. reading time\" \/>\n\t<meta name=\"twitter:data1\" content=\"1 minute\" \/>\n<script type=\"application\/ld+json\" class=\"yoast-schema-graph\">{\"@context\":\"https:\/\/schema.org\",\"@graph\":[{\"@type\":\"WebPage\",\"@id\":\"https:\/\/aem.hr\/aleksandar-tesic-djelomicno-suncano-i-razmjerno-vjetrovito\/\",\"url\":\"https:\/\/aem.hr\/aleksandar-tesic-djelomicno-suncano-i-razmjerno-vjetrovito\/\",\"name\":\"Aleksandar Te\u0161i\u0107 - Djelomi\u010dno sun\u010dano i razmjerno vjetrovito - Agencija za elektroni\u010dke medije\",\"isPartOf\":{\"@id\":\"https:\/\/aem.hr\/#website\"},\"datePublished\":\"2023-02-14T12:22:18+00:00\",\"dateModified\":\"2023-02-14T12:22:19+00:00\",\"breadcrumb\":{\"@id\":\"https:\/\/aem.hr\/aleksandar-tesic-djelomicno-suncano-i-razmjerno-vjetrovito\/#breadcrumb\"},\"inLanguage\":\"en-US\",\"potentialAction\":[{\"@type\":\"ReadAction\",\"target\":[\"https:\/\/aem.hr\/aleksandar-tesic-djelomicno-suncano-i-razmjerno-vjetrovito\/\"]}]},{\"@type\":\"BreadcrumbList\",\"@id\":\"https:\/\/aem.hr\/aleksandar-tesic-djelomicno-suncano-i-razmjerno-vjetrovito\/#breadcrumb\",\"itemListElement\":[{\"@type\":\"ListItem\",\"position\":1,\"name\":\"Po\u010detna stranica\",\"item\":\"https:\/\/aem.hr\/\"},{\"@type\":\"ListItem\",\"position\":2,\"name\":\"Aleksandar Te\u0161i\u0107 &#8211; Djelomi\u010dno sun\u010dano i razmjerno vjetrovito\"}]},{\"@type\":\"WebSite\",\"@id\":\"https:\/\/aem.hr\/#website\",\"url\":\"https:\/\/aem.hr\/\",\"name\":\"Agencija za elektroni\u010dke medije\",\"description\":\"\",\"potentialAction\":[{\"@type\":\"SearchAction\",\"target\":{\"@type\":\"EntryPoint\",\"urlTemplate\":\"https:\/\/aem.hr\/?s={search_term_string}\"},\"query-input\":{\"@type\":\"PropertyValueSpecification\",\"valueRequired\":true,\"valueName\":\"search_term_string\"}}],\"inLanguage\":\"en-US\"}]}<\/script>\n<!-- \/ Yoast SEO plugin. -->","yoast_head_json":{"title":"Aleksandar Te\u0161i\u0107 - Djelomi\u010dno sun\u010dano i razmjerno vjetrovito - Agencija za elektroni\u010dke medije","robots":{"index":"index","follow":"follow","max-snippet":"max-snippet:-1","max-image-preview":"max-image-preview:large","max-video-preview":"max-video-preview:-1"},"canonical":"https:\/\/aem.hr\/aleksandar-tesic-djelomicno-suncano-i-razmjerno-vjetrovito\/","og_locale":"en_US","og_type":"article","og_title":"Aleksandar Te\u0161i\u0107 - Djelomi\u010dno sun\u010dano i razmjerno vjetrovito - Agencija za elektroni\u010dke medije","og_url":"https:\/\/aem.hr\/aleksandar-tesic-djelomicno-suncano-i-razmjerno-vjetrovito\/","og_site_name":"Agencija za elektroni\u010dke medije","article_modified_time":"2023-02-14T12:22:19+00:00","twitter_card":"summary_large_image","twitter_misc":{"Est. reading time":"1 minute"},"schema":{"@context":"https:\/\/schema.org","@graph":[{"@type":"WebPage","@id":"https:\/\/aem.hr\/aleksandar-tesic-djelomicno-suncano-i-razmjerno-vjetrovito\/","url":"https:\/\/aem.hr\/aleksandar-tesic-djelomicno-suncano-i-razmjerno-vjetrovito\/","name":"Aleksandar Te\u0161i\u0107 - Djelomi\u010dno sun\u010dano i razmjerno vjetrovito - Agencija za elektroni\u010dke medije","isPartOf":{"@id":"https:\/\/aem.hr\/#website"},"datePublished":"2023-02-14T12:22:18+00:00","dateModified":"2023-02-14T12:22:19+00:00","breadcrumb":{"@id":"https:\/\/aem.hr\/aleksandar-tesic-djelomicno-suncano-i-razmjerno-vjetrovito\/#breadcrumb"},"inLanguage":"en-US","potentialAction":[{"@type":"ReadAction","target":["https:\/\/aem.hr\/aleksandar-tesic-djelomicno-suncano-i-razmjerno-vjetrovito\/"]}]},{"@type":"BreadcrumbList","@id":"https:\/\/aem.hr\/aleksandar-tesic-djelomicno-suncano-i-razmjerno-vjetrovito\/#breadcrumb","itemListElement":[{"@type":"ListItem","position":1,"name":"Po\u010detna stranica","item":"https:\/\/aem.hr\/"},{"@type":"ListItem","position":2,"name":"Aleksandar Te\u0161i\u0107 &#8211; Djelomi\u010dno sun\u010dano i razmjerno vjetrovito"}]},{"@type":"WebSite","@id":"https:\/\/aem.hr\/#website","url":"https:\/\/aem.hr\/","name":"Agencija za elektroni\u010dke medije","description":"","potentialAction":[{"@type":"SearchAction","target":{"@type":"EntryPoint","urlTemplate":"https:\/\/aem.hr\/?s={search_term_string}"},"query-input":{"@type":"PropertyValueSpecification","valueRequired":true,"valueName":"search_term_string"}}],"inLanguage":"en-US"}]}},"coauthors":[],"author_meta":{"author_link":"https:\/\/aem.hr\/en\/blog\/author\/mkirac\/","display_name":"Matko Kirac"},"relative_dates":{"created":"Posted 3 years ago","modified":"Updated 3 years ago"},"absolute_dates":{"created":"Posted on 14. February 2023.","modified":"Updated on 14. February 2023."},"absolute_dates_time":{"created":"Posted on 14. February 2023. 13:22","modified":"Updated on 14. February 2023. 13:22"},"featured_img_caption":"","featured_img":false,"series_order":"","_links":{"self":[{"href":"https:\/\/aem.hr\/en\/wp-json\/wp\/v2\/pages\/15432","targetHints":{"allow":["GET"]}}],"collection":[{"href":"https:\/\/aem.hr\/en\/wp-json\/wp\/v2\/pages"}],"about":[{"href":"https:\/\/aem.hr\/en\/wp-json\/wp\/v2\/types\/page"}],"author":[{"embeddable":true,"href":"https:\/\/aem.hr\/en\/wp-json\/wp\/v2\/users\/18"}],"replies":[{"embeddable":true,"href":"https:\/\/aem.hr\/en\/wp-json\/wp\/v2\/comments?post=15432"}],"version-history":[{"count":1,"href":"https:\/\/aem.hr\/en\/wp-json\/wp\/v2\/pages\/15432\/revisions"}],"predecessor-version":[{"id":15454,"href":"https:\/\/aem.hr\/en\/wp-json\/wp\/v2\/pages\/15432\/revisions\/15454"}],"wp:attachment":[{"href":"https:\/\/aem.hr\/en\/wp-json\/wp\/v2\/media?parent=15432"}],"curies":[{"name":"wp","href":"https:\/\/api.w.org\/{rel}","templated":true}]}}