{"id":15492,"date":"2023-02-14T13:30:05","date_gmt":"2023-02-14T12:30:05","guid":{"rendered":"http:\/\/aem.hr\/?page_id=15492"},"modified":"2023-02-14T13:30:06","modified_gmt":"2023-02-14T12:30:06","slug":"margarita-weisz-mjesna-samouprava-u-zagrebu","status":"publish","type":"page","link":"https:\/\/aem.hr\/en\/margarita-weisz-mjesna-samouprava-u-zagrebu\/","title":{"rendered":"Margarita Weisz &#8211; Mjesna samouprava u Zagrebu"},"content":{"rendered":"\n<div class=\"wp-block-file\"><a id=\"wp-block-file--media-206e38d3-1f8b-4d32-8b34-29e87a557643\" href=\"https:\/\/aem.hr\/wp-content\/uploads\/2023\/02\/1.-Kako-se-glasa-u-Zagrebu.pdf\">1. Kako se glasa u Zagrebu<\/a><a href=\"https:\/\/aem.hr\/wp-content\/uploads\/2023\/02\/1.-Kako-se-glasa-u-Zagrebu.pdf\" class=\"wp-block-file__button wp-element-button\" download aria-describedby=\"wp-block-file--media-206e38d3-1f8b-4d32-8b34-29e87a557643\">Preuzimanje<\/a><\/div>\n\n\n\n<div class=\"wp-block-file\"><a id=\"wp-block-file--media-c6933bc0-563a-4429-b61e-7ee11a0f6b77\" href=\"https:\/\/aem.hr\/wp-content\/uploads\/2023\/02\/2.-Koliko-iznose-naknade.pdf\">2. Koliko iznose naknade<\/a><a href=\"https:\/\/aem.hr\/wp-content\/uploads\/2023\/02\/2.-Koliko-iznose-naknade.pdf\" class=\"wp-block-file__button wp-element-button\" download aria-describedby=\"wp-block-file--media-c6933bc0-563a-4429-b61e-7ee11a0f6b77\">Preuzimanje<\/a><\/div>\n\n\n\n<div class=\"wp-block-file\"><a id=\"wp-block-file--media-c6a0573a-9c31-44c9-a18e-f3b1df53589c\" href=\"https:\/\/aem.hr\/wp-content\/uploads\/2023\/02\/3.-Predstavljen-novi-procelnik.pdf\">3. Predstavljen novi pro\u010delnik<\/a><a href=\"https:\/\/aem.hr\/wp-content\/uploads\/2023\/02\/3.-Predstavljen-novi-procelnik.pdf\" class=\"wp-block-file__button wp-element-button\" download aria-describedby=\"wp-block-file--media-c6a0573a-9c31-44c9-a18e-f3b1df53589c\">Preuzimanje<\/a><\/div>\n\n\n\n<div class=\"wp-block-file\"><a id=\"wp-block-file--media-a1cc262a-f805-4fa4-993f-d68beea31337\" href=\"https:\/\/aem.hr\/wp-content\/uploads\/2023\/02\/4.-Uloga-mjesnih-odbora-i-gradskih-cetvrti.pdf\">4. Uloga mjesnih odbora i gradskih \u010detvrti<\/a><a href=\"https:\/\/aem.hr\/wp-content\/uploads\/2023\/02\/4.-Uloga-mjesnih-odbora-i-gradskih-cetvrti.pdf\" class=\"wp-block-file__button wp-element-button\" download aria-describedby=\"wp-block-file--media-a1cc262a-f805-4fa4-993f-d68beea31337\">Preuzimanje<\/a><\/div>\n\n\n\n<div class=\"wp-block-file\"><a id=\"wp-block-file--media-a016c6a5-4c16-4f57-8e9e-dc30f10fa120\" href=\"https:\/\/aem.hr\/wp-content\/uploads\/2023\/02\/5.-Gradani-jos-uvijek-ne-prepoznaju.pdf\">5. Gra\u0111ani jo\u0161 uvijek ne prepoznaju<\/a><a href=\"https:\/\/aem.hr\/wp-content\/uploads\/2023\/02\/5.-Gradani-jos-uvijek-ne-prepoznaju.pdf\" class=\"wp-block-file__button wp-element-button\" download aria-describedby=\"wp-block-file--media-a016c6a5-4c16-4f57-8e9e-dc30f10fa120\">Preuzimanje<\/a><\/div>\n\n\n\n<div class=\"wp-block-file\"><a id=\"wp-block-file--media-daec1fec-a02f-471c-9d1c-b84d2c6f7735\" href=\"https:\/\/aem.hr\/wp-content\/uploads\/2023\/02\/6.-Vijeca-gradskih-cetvrti-i-mjesnih-odbora.pdf\">6. Vije\u0107a gradskih \u010detvrti i mjesnih odbora<\/a><a href=\"https:\/\/aem.hr\/wp-content\/uploads\/2023\/02\/6.-Vijeca-gradskih-cetvrti-i-mjesnih-odbora.pdf\" class=\"wp-block-file__button wp-element-button\" download aria-describedby=\"wp-block-file--media-daec1fec-a02f-471c-9d1c-b84d2c6f7735\">Preuzimanje<\/a><\/div>\n\n\n\n<div class=\"wp-block-file\"><a id=\"wp-block-file--media-7749d351-9f5d-4cde-9523-863ad16b5103\" href=\"https:\/\/aem.hr\/wp-content\/uploads\/2023\/02\/7.-Kada-se-obratiti-Mjesnom-odboru.pdf\">7. Kada se obratiti Mjesnom odboru<\/a><a href=\"https:\/\/aem.hr\/wp-content\/uploads\/2023\/02\/7.-Kada-se-obratiti-Mjesnom-odboru.pdf\" class=\"wp-block-file__button wp-element-button\" download aria-describedby=\"wp-block-file--media-7749d351-9f5d-4cde-9523-863ad16b5103\">Preuzimanje<\/a><\/div>\n\n\n\n<div class=\"wp-block-file\"><a id=\"wp-block-file--media-050edf19-850a-4cba-8752-0d5662630d16\" href=\"https:\/\/aem.hr\/wp-content\/uploads\/2023\/02\/8.-Gradani-bi-zeljeli-vise-komunalnih-tema.pdf\">8. Gra\u0111ani bi \u017eeljeli vi\u0161e komunalnih tema<\/a><a href=\"https:\/\/aem.hr\/wp-content\/uploads\/2023\/02\/8.-Gradani-bi-zeljeli-vise-komunalnih-tema.pdf\" class=\"wp-block-file__button wp-element-button\" download aria-describedby=\"wp-block-file--media-050edf19-850a-4cba-8752-0d5662630d16\">Preuzimanje<\/a><\/div>\n\n\n\n<div class=\"wp-block-file\"><a id=\"wp-block-file--media-22a9183a-d7b2-4e02-a11d-00dd5fe16f73\" href=\"https:\/\/aem.hr\/wp-content\/uploads\/2023\/02\/9.-Faber-VGC-i-VMO.pdf\">9. Faber VG\u010c i VMO<\/a><a href=\"https:\/\/aem.hr\/wp-content\/uploads\/2023\/02\/9.-Faber-VGC-i-VMO.pdf\" class=\"wp-block-file__button wp-element-button\" download aria-describedby=\"wp-block-file--media-22a9183a-d7b2-4e02-a11d-00dd5fe16f73\">Preuzimanje<\/a><\/div>\n\n\n\n<div class=\"wp-block-file\"><a id=\"wp-block-file--media-a4ab84d0-11e6-4503-a8e6-1c7f128a83fe\" href=\"https:\/\/aem.hr\/wp-content\/uploads\/2023\/02\/10.-Predsjednici-VGC-a.pdf\">10. Predsjednici VG\u010c-a<\/a><a href=\"https:\/\/aem.hr\/wp-content\/uploads\/2023\/02\/10.-Predsjednici-VGC-a.pdf\" class=\"wp-block-file__button wp-element-button\" download aria-describedby=\"wp-block-file--media-a4ab84d0-11e6-4503-a8e6-1c7f128a83fe\">Preuzimanje<\/a><\/div>\n\n\n\n<p><\/p>\n","protected":false},"excerpt":{"rendered":"","protected":false},"author":18,"featured_media":0,"parent":0,"menu_order":0,"comment_status":"closed","ping_status":"closed","template":"","meta":{"_acf_changed":false,"inline_featured_image":false,"advgb_blocks_editor_width":"","advgb_blocks_columns_visual_guide":"","_links_to":"","_links_to_type":0,"footnotes":""},"class_list":["post-15492","page","type-page","status-publish","hentry"],"acf":[],"yoast_head":"<!-- This site is optimized with the Yoast SEO plugin v25.7 - https:\/\/yoast.com\/wordpress\/plugins\/seo\/ -->\n<title>Margarita Weisz - Mjesna samouprava u Zagrebu - Agencija za elektroni\u010dke medije<\/title>\n<meta name=\"robots\" content=\"index, follow, max-snippet:-1, max-image-preview:large, max-video-preview:-1\" \/>\n<link rel=\"canonical\" href=\"https:\/\/aem.hr\/margarita-weisz-mjesna-samouprava-u-zagrebu\/\" \/>\n<meta property=\"og:locale\" content=\"en_US\" \/>\n<meta property=\"og:type\" content=\"article\" \/>\n<meta property=\"og:title\" content=\"Margarita Weisz - Mjesna samouprava u Zagrebu - Agencija za elektroni\u010dke medije\" \/>\n<meta property=\"og:url\" content=\"https:\/\/aem.hr\/margarita-weisz-mjesna-samouprava-u-zagrebu\/\" \/>\n<meta property=\"og:site_name\" content=\"Agencija za elektroni\u010dke medije\" \/>\n<meta property=\"article:modified_time\" content=\"2023-02-14T12:30:06+00:00\" \/>\n<meta name=\"twitter:card\" content=\"summary_large_image\" \/>\n<meta name=\"twitter:label1\" content=\"Est. reading time\" \/>\n\t<meta name=\"twitter:data1\" content=\"1 minute\" \/>\n<script type=\"application\/ld+json\" class=\"yoast-schema-graph\">{\"@context\":\"https:\/\/schema.org\",\"@graph\":[{\"@type\":\"WebPage\",\"@id\":\"https:\/\/aem.hr\/margarita-weisz-mjesna-samouprava-u-zagrebu\/\",\"url\":\"https:\/\/aem.hr\/margarita-weisz-mjesna-samouprava-u-zagrebu\/\",\"name\":\"Margarita Weisz - Mjesna samouprava u Zagrebu - Agencija za elektroni\u010dke medije\",\"isPartOf\":{\"@id\":\"https:\/\/aem.hr\/#website\"},\"datePublished\":\"2023-02-14T12:30:05+00:00\",\"dateModified\":\"2023-02-14T12:30:06+00:00\",\"breadcrumb\":{\"@id\":\"https:\/\/aem.hr\/margarita-weisz-mjesna-samouprava-u-zagrebu\/#breadcrumb\"},\"inLanguage\":\"en-US\",\"potentialAction\":[{\"@type\":\"ReadAction\",\"target\":[\"https:\/\/aem.hr\/margarita-weisz-mjesna-samouprava-u-zagrebu\/\"]}]},{\"@type\":\"BreadcrumbList\",\"@id\":\"https:\/\/aem.hr\/margarita-weisz-mjesna-samouprava-u-zagrebu\/#breadcrumb\",\"itemListElement\":[{\"@type\":\"ListItem\",\"position\":1,\"name\":\"Po\u010detna stranica\",\"item\":\"https:\/\/aem.hr\/\"},{\"@type\":\"ListItem\",\"position\":2,\"name\":\"Margarita Weisz &#8211; Mjesna samouprava u Zagrebu\"}]},{\"@type\":\"WebSite\",\"@id\":\"https:\/\/aem.hr\/#website\",\"url\":\"https:\/\/aem.hr\/\",\"name\":\"Agencija za elektroni\u010dke medije\",\"description\":\"\",\"potentialAction\":[{\"@type\":\"SearchAction\",\"target\":{\"@type\":\"EntryPoint\",\"urlTemplate\":\"https:\/\/aem.hr\/?s={search_term_string}\"},\"query-input\":{\"@type\":\"PropertyValueSpecification\",\"valueRequired\":true,\"valueName\":\"search_term_string\"}}],\"inLanguage\":\"en-US\"}]}<\/script>\n<!-- \/ Yoast SEO plugin. -->","yoast_head_json":{"title":"Margarita Weisz - Mjesna samouprava u Zagrebu - Agencija za elektroni\u010dke medije","robots":{"index":"index","follow":"follow","max-snippet":"max-snippet:-1","max-image-preview":"max-image-preview:large","max-video-preview":"max-video-preview:-1"},"canonical":"https:\/\/aem.hr\/margarita-weisz-mjesna-samouprava-u-zagrebu\/","og_locale":"en_US","og_type":"article","og_title":"Margarita Weisz - Mjesna samouprava u Zagrebu - Agencija za elektroni\u010dke medije","og_url":"https:\/\/aem.hr\/margarita-weisz-mjesna-samouprava-u-zagrebu\/","og_site_name":"Agencija za elektroni\u010dke medije","article_modified_time":"2023-02-14T12:30:06+00:00","twitter_card":"summary_large_image","twitter_misc":{"Est. reading time":"1 minute"},"schema":{"@context":"https:\/\/schema.org","@graph":[{"@type":"WebPage","@id":"https:\/\/aem.hr\/margarita-weisz-mjesna-samouprava-u-zagrebu\/","url":"https:\/\/aem.hr\/margarita-weisz-mjesna-samouprava-u-zagrebu\/","name":"Margarita Weisz - Mjesna samouprava u Zagrebu - Agencija za elektroni\u010dke medije","isPartOf":{"@id":"https:\/\/aem.hr\/#website"},"datePublished":"2023-02-14T12:30:05+00:00","dateModified":"2023-02-14T12:30:06+00:00","breadcrumb":{"@id":"https:\/\/aem.hr\/margarita-weisz-mjesna-samouprava-u-zagrebu\/#breadcrumb"},"inLanguage":"en-US","potentialAction":[{"@type":"ReadAction","target":["https:\/\/aem.hr\/margarita-weisz-mjesna-samouprava-u-zagrebu\/"]}]},{"@type":"BreadcrumbList","@id":"https:\/\/aem.hr\/margarita-weisz-mjesna-samouprava-u-zagrebu\/#breadcrumb","itemListElement":[{"@type":"ListItem","position":1,"name":"Po\u010detna stranica","item":"https:\/\/aem.hr\/"},{"@type":"ListItem","position":2,"name":"Margarita Weisz &#8211; Mjesna samouprava u Zagrebu"}]},{"@type":"WebSite","@id":"https:\/\/aem.hr\/#website","url":"https:\/\/aem.hr\/","name":"Agencija za elektroni\u010dke medije","description":"","potentialAction":[{"@type":"SearchAction","target":{"@type":"EntryPoint","urlTemplate":"https:\/\/aem.hr\/?s={search_term_string}"},"query-input":{"@type":"PropertyValueSpecification","valueRequired":true,"valueName":"search_term_string"}}],"inLanguage":"en-US"}]}},"coauthors":[],"author_meta":{"author_link":"https:\/\/aem.hr\/en\/blog\/author\/mkirac\/","display_name":"Matko Kirac"},"relative_dates":{"created":"Posted 3 years ago","modified":"Updated 3 years ago"},"absolute_dates":{"created":"Posted on 14. February 2023.","modified":"Updated on 14. February 2023."},"absolute_dates_time":{"created":"Posted on 14. February 2023. 13:30","modified":"Updated on 14. February 2023. 13:30"},"featured_img_caption":"","featured_img":false,"series_order":"","_links":{"self":[{"href":"https:\/\/aem.hr\/en\/wp-json\/wp\/v2\/pages\/15492","targetHints":{"allow":["GET"]}}],"collection":[{"href":"https:\/\/aem.hr\/en\/wp-json\/wp\/v2\/pages"}],"about":[{"href":"https:\/\/aem.hr\/en\/wp-json\/wp\/v2\/types\/page"}],"author":[{"embeddable":true,"href":"https:\/\/aem.hr\/en\/wp-json\/wp\/v2\/users\/18"}],"replies":[{"embeddable":true,"href":"https:\/\/aem.hr\/en\/wp-json\/wp\/v2\/comments?post=15492"}],"version-history":[{"count":1,"href":"https:\/\/aem.hr\/en\/wp-json\/wp\/v2\/pages\/15492\/revisions"}],"predecessor-version":[{"id":15515,"href":"https:\/\/aem.hr\/en\/wp-json\/wp\/v2\/pages\/15492\/revisions\/15515"}],"wp:attachment":[{"href":"https:\/\/aem.hr\/en\/wp-json\/wp\/v2\/media?parent=15492"}],"curies":[{"name":"wp","href":"https:\/\/api.w.org\/{rel}","templated":true}]}}