{"id":15563,"date":"2023-02-14T13:36:44","date_gmt":"2023-02-14T12:36:44","guid":{"rendered":"http:\/\/aem.hr\/?page_id=15563"},"modified":"2023-02-14T13:36:45","modified_gmt":"2023-02-14T12:36:45","slug":"drazena-lejo-psiho-socijalne-posljedice-pandemije-i-kriza-na-mentalno-zdravlje-gradana","status":"publish","type":"page","link":"https:\/\/aem.hr\/en\/drazena-lejo-psiho-socijalne-posljedice-pandemije-i-kriza-na-mentalno-zdravlje-gradana\/","title":{"rendered":"Dra\u017eena Lejo &#8211; Psiho-socijalne posljedice pandemije i kriza na mentalno zdravlje gra\u0111ana"},"content":{"rendered":"\n<div class=\"wp-block-file\"><a id=\"wp-block-file--media-d066c2a9-1f22-495b-a885-e44f0e903e0d\" href=\"https:\/\/aem.hr\/wp-content\/uploads\/2023\/02\/1.-Pandemiju-virusa-zamijenila-je.pdf\">1. Pandemiju virusa zamijenila je<\/a><a href=\"https:\/\/aem.hr\/wp-content\/uploads\/2023\/02\/1.-Pandemiju-virusa-zamijenila-je.pdf\" class=\"wp-block-file__button wp-element-button\" download aria-describedby=\"wp-block-file--media-d066c2a9-1f22-495b-a885-e44f0e903e0d\">Preuzimanje<\/a><\/div>\n\n\n\n<div class=\"wp-block-file\"><a id=\"wp-block-file--media-7d83e894-fc49-45f5-83d7-bf555999d00a\" href=\"https:\/\/aem.hr\/wp-content\/uploads\/2023\/02\/2.-Znamo-li-emocionalno-komunicirati.pdf\">2. Znamo li emocionalno komunicirati<\/a><a href=\"https:\/\/aem.hr\/wp-content\/uploads\/2023\/02\/2.-Znamo-li-emocionalno-komunicirati.pdf\" class=\"wp-block-file__button wp-element-button\" download aria-describedby=\"wp-block-file--media-7d83e894-fc49-45f5-83d7-bf555999d00a\">Preuzimanje<\/a><\/div>\n\n\n\n<div class=\"wp-block-file\"><a id=\"wp-block-file--media-071dd9ff-041b-40af-bc7b-c6c345a3588c\" href=\"https:\/\/aem.hr\/wp-content\/uploads\/2023\/02\/3.-Pandemija-je-posebno-lose-utjecala.pdf\">3. Pandemija je posebno lo\u0161e utjecala<\/a><a href=\"https:\/\/aem.hr\/wp-content\/uploads\/2023\/02\/3.-Pandemija-je-posebno-lose-utjecala.pdf\" class=\"wp-block-file__button wp-element-button\" download aria-describedby=\"wp-block-file--media-071dd9ff-041b-40af-bc7b-c6c345a3588c\">Preuzimanje<\/a><\/div>\n\n\n\n<div class=\"wp-block-file\"><a id=\"wp-block-file--media-82db02e2-10e6-4cd9-973d-8991b2104cb8\" href=\"https:\/\/aem.hr\/wp-content\/uploads\/2023\/02\/4_Zasto-su-posljedice-covida-19.pdf\">4. 4_Za\u0161to su posljedice covida-19<\/a><a href=\"https:\/\/aem.hr\/wp-content\/uploads\/2023\/02\/4_Zasto-su-posljedice-covida-19.pdf\" class=\"wp-block-file__button wp-element-button\" download aria-describedby=\"wp-block-file--media-82db02e2-10e6-4cd9-973d-8991b2104cb8\">Preuzimanje<\/a><\/div>\n\n\n\n<div class=\"wp-block-file\"><a id=\"wp-block-file--media-fd38b189-4a25-49ca-9e3d-e0fad13ddde4\" href=\"https:\/\/aem.hr\/wp-content\/uploads\/2023\/02\/5.-Gradani-nisu-krivi.pdf\">5. Gra\u0111ani nisu krivi<\/a><a href=\"https:\/\/aem.hr\/wp-content\/uploads\/2023\/02\/5.-Gradani-nisu-krivi.pdf\" class=\"wp-block-file__button wp-element-button\" download aria-describedby=\"wp-block-file--media-fd38b189-4a25-49ca-9e3d-e0fad13ddde4\">Preuzimanje<\/a><\/div>\n\n\n\n<p><\/p>\n","protected":false},"excerpt":{"rendered":"","protected":false},"author":18,"featured_media":0,"parent":0,"menu_order":0,"comment_status":"closed","ping_status":"closed","template":"","meta":{"_acf_changed":false,"inline_featured_image":false,"advgb_blocks_editor_width":"","advgb_blocks_columns_visual_guide":"","_links_to":"","_links_to_type":0,"footnotes":""},"class_list":["post-15563","page","type-page","status-publish","hentry"],"acf":[],"yoast_head":"<!-- This site is optimized with the Yoast SEO plugin v25.7 - https:\/\/yoast.com\/wordpress\/plugins\/seo\/ -->\n<title>Dra\u017eena Lejo - Psiho-socijalne posljedice pandemije i kriza na mentalno zdravlje gra\u0111ana - Agencija za elektroni\u010dke medije<\/title>\n<meta name=\"robots\" content=\"index, follow, max-snippet:-1, max-image-preview:large, max-video-preview:-1\" \/>\n<link rel=\"canonical\" href=\"https:\/\/aem.hr\/drazena-lejo-psiho-socijalne-posljedice-pandemije-i-kriza-na-mentalno-zdravlje-gradana\/\" \/>\n<meta property=\"og:locale\" content=\"en_US\" \/>\n<meta property=\"og:type\" content=\"article\" \/>\n<meta property=\"og:title\" content=\"Dra\u017eena Lejo - Psiho-socijalne posljedice pandemije i kriza na mentalno zdravlje gra\u0111ana - Agencija za elektroni\u010dke medije\" \/>\n<meta property=\"og:url\" content=\"https:\/\/aem.hr\/drazena-lejo-psiho-socijalne-posljedice-pandemije-i-kriza-na-mentalno-zdravlje-gradana\/\" \/>\n<meta property=\"og:site_name\" content=\"Agencija za elektroni\u010dke medije\" \/>\n<meta property=\"article:modified_time\" content=\"2023-02-14T12:36:45+00:00\" \/>\n<meta name=\"twitter:card\" content=\"summary_large_image\" \/>\n<meta name=\"twitter:label1\" content=\"Est. reading time\" \/>\n\t<meta name=\"twitter:data1\" content=\"1 minute\" \/>\n<script type=\"application\/ld+json\" class=\"yoast-schema-graph\">{\"@context\":\"https:\/\/schema.org\",\"@graph\":[{\"@type\":\"WebPage\",\"@id\":\"https:\/\/aem.hr\/drazena-lejo-psiho-socijalne-posljedice-pandemije-i-kriza-na-mentalno-zdravlje-gradana\/\",\"url\":\"https:\/\/aem.hr\/drazena-lejo-psiho-socijalne-posljedice-pandemije-i-kriza-na-mentalno-zdravlje-gradana\/\",\"name\":\"Dra\u017eena Lejo - Psiho-socijalne posljedice pandemije i kriza na mentalno zdravlje gra\u0111ana - Agencija za elektroni\u010dke medije\",\"isPartOf\":{\"@id\":\"https:\/\/aem.hr\/#website\"},\"datePublished\":\"2023-02-14T12:36:44+00:00\",\"dateModified\":\"2023-02-14T12:36:45+00:00\",\"breadcrumb\":{\"@id\":\"https:\/\/aem.hr\/drazena-lejo-psiho-socijalne-posljedice-pandemije-i-kriza-na-mentalno-zdravlje-gradana\/#breadcrumb\"},\"inLanguage\":\"en-US\",\"potentialAction\":[{\"@type\":\"ReadAction\",\"target\":[\"https:\/\/aem.hr\/drazena-lejo-psiho-socijalne-posljedice-pandemije-i-kriza-na-mentalno-zdravlje-gradana\/\"]}]},{\"@type\":\"BreadcrumbList\",\"@id\":\"https:\/\/aem.hr\/drazena-lejo-psiho-socijalne-posljedice-pandemije-i-kriza-na-mentalno-zdravlje-gradana\/#breadcrumb\",\"itemListElement\":[{\"@type\":\"ListItem\",\"position\":1,\"name\":\"Po\u010detna stranica\",\"item\":\"https:\/\/aem.hr\/\"},{\"@type\":\"ListItem\",\"position\":2,\"name\":\"Dra\u017eena Lejo &#8211; Psiho-socijalne posljedice pandemije i kriza na mentalno zdravlje gra\u0111ana\"}]},{\"@type\":\"WebSite\",\"@id\":\"https:\/\/aem.hr\/#website\",\"url\":\"https:\/\/aem.hr\/\",\"name\":\"Agencija za elektroni\u010dke medije\",\"description\":\"\",\"potentialAction\":[{\"@type\":\"SearchAction\",\"target\":{\"@type\":\"EntryPoint\",\"urlTemplate\":\"https:\/\/aem.hr\/?s={search_term_string}\"},\"query-input\":{\"@type\":\"PropertyValueSpecification\",\"valueRequired\":true,\"valueName\":\"search_term_string\"}}],\"inLanguage\":\"en-US\"}]}<\/script>\n<!-- \/ Yoast SEO plugin. -->","yoast_head_json":{"title":"Dra\u017eena Lejo - Psiho-socijalne posljedice pandemije i kriza na mentalno zdravlje gra\u0111ana - Agencija za elektroni\u010dke medije","robots":{"index":"index","follow":"follow","max-snippet":"max-snippet:-1","max-image-preview":"max-image-preview:large","max-video-preview":"max-video-preview:-1"},"canonical":"https:\/\/aem.hr\/drazena-lejo-psiho-socijalne-posljedice-pandemije-i-kriza-na-mentalno-zdravlje-gradana\/","og_locale":"en_US","og_type":"article","og_title":"Dra\u017eena Lejo - Psiho-socijalne posljedice pandemije i kriza na mentalno zdravlje gra\u0111ana - Agencija za elektroni\u010dke medije","og_url":"https:\/\/aem.hr\/drazena-lejo-psiho-socijalne-posljedice-pandemije-i-kriza-na-mentalno-zdravlje-gradana\/","og_site_name":"Agencija za elektroni\u010dke medije","article_modified_time":"2023-02-14T12:36:45+00:00","twitter_card":"summary_large_image","twitter_misc":{"Est. reading time":"1 minute"},"schema":{"@context":"https:\/\/schema.org","@graph":[{"@type":"WebPage","@id":"https:\/\/aem.hr\/drazena-lejo-psiho-socijalne-posljedice-pandemije-i-kriza-na-mentalno-zdravlje-gradana\/","url":"https:\/\/aem.hr\/drazena-lejo-psiho-socijalne-posljedice-pandemije-i-kriza-na-mentalno-zdravlje-gradana\/","name":"Dra\u017eena Lejo - Psiho-socijalne posljedice pandemije i kriza na mentalno zdravlje gra\u0111ana - Agencija za elektroni\u010dke medije","isPartOf":{"@id":"https:\/\/aem.hr\/#website"},"datePublished":"2023-02-14T12:36:44+00:00","dateModified":"2023-02-14T12:36:45+00:00","breadcrumb":{"@id":"https:\/\/aem.hr\/drazena-lejo-psiho-socijalne-posljedice-pandemije-i-kriza-na-mentalno-zdravlje-gradana\/#breadcrumb"},"inLanguage":"en-US","potentialAction":[{"@type":"ReadAction","target":["https:\/\/aem.hr\/drazena-lejo-psiho-socijalne-posljedice-pandemije-i-kriza-na-mentalno-zdravlje-gradana\/"]}]},{"@type":"BreadcrumbList","@id":"https:\/\/aem.hr\/drazena-lejo-psiho-socijalne-posljedice-pandemije-i-kriza-na-mentalno-zdravlje-gradana\/#breadcrumb","itemListElement":[{"@type":"ListItem","position":1,"name":"Po\u010detna stranica","item":"https:\/\/aem.hr\/"},{"@type":"ListItem","position":2,"name":"Dra\u017eena Lejo &#8211; Psiho-socijalne posljedice pandemije i kriza na mentalno zdravlje gra\u0111ana"}]},{"@type":"WebSite","@id":"https:\/\/aem.hr\/#website","url":"https:\/\/aem.hr\/","name":"Agencija za elektroni\u010dke medije","description":"","potentialAction":[{"@type":"SearchAction","target":{"@type":"EntryPoint","urlTemplate":"https:\/\/aem.hr\/?s={search_term_string}"},"query-input":{"@type":"PropertyValueSpecification","valueRequired":true,"valueName":"search_term_string"}}],"inLanguage":"en-US"}]}},"coauthors":[],"author_meta":{"author_link":"https:\/\/aem.hr\/en\/blog\/author\/mkirac\/","display_name":"Matko Kirac"},"relative_dates":{"created":"Posted 3 years ago","modified":"Updated 3 years ago"},"absolute_dates":{"created":"Posted on 14. February 2023.","modified":"Updated on 14. February 2023."},"absolute_dates_time":{"created":"Posted on 14. February 2023. 13:36","modified":"Updated on 14. February 2023. 13:36"},"featured_img_caption":"","featured_img":false,"series_order":"","_links":{"self":[{"href":"https:\/\/aem.hr\/en\/wp-json\/wp\/v2\/pages\/15563","targetHints":{"allow":["GET"]}}],"collection":[{"href":"https:\/\/aem.hr\/en\/wp-json\/wp\/v2\/pages"}],"about":[{"href":"https:\/\/aem.hr\/en\/wp-json\/wp\/v2\/types\/page"}],"author":[{"embeddable":true,"href":"https:\/\/aem.hr\/en\/wp-json\/wp\/v2\/users\/18"}],"replies":[{"embeddable":true,"href":"https:\/\/aem.hr\/en\/wp-json\/wp\/v2\/comments?post=15563"}],"version-history":[{"count":1,"href":"https:\/\/aem.hr\/en\/wp-json\/wp\/v2\/pages\/15563\/revisions"}],"predecessor-version":[{"id":15574,"href":"https:\/\/aem.hr\/en\/wp-json\/wp\/v2\/pages\/15563\/revisions\/15574"}],"wp:attachment":[{"href":"https:\/\/aem.hr\/en\/wp-json\/wp\/v2\/media?parent=15563"}],"curies":[{"name":"wp","href":"https:\/\/api.w.org\/{rel}","templated":true}]}}