{"id":15576,"date":"2023-02-14T13:39:41","date_gmt":"2023-02-14T12:39:41","guid":{"rendered":"http:\/\/aem.hr\/?page_id=15576"},"modified":"2023-02-14T13:39:42","modified_gmt":"2023-02-14T12:39:42","slug":"sasa-paparella-slapp-tuzbe-zlouporaba-pravosuda-kojom-mocnici-pokusavaju-usutkati-medije","status":"publish","type":"page","link":"https:\/\/aem.hr\/en\/sasa-paparella-slapp-tuzbe-zlouporaba-pravosuda-kojom-mocnici-pokusavaju-usutkati-medije\/","title":{"rendered":"Sa\u0161a Paparella &#8211; &#8220;SLAPP tu\u017ebe &#8211; zlouporaba pravosu\u0111a kojom mo\u0107nici poku\u0161avaju u\u0161utkati medije&#8221;"},"content":{"rendered":"\n<div class=\"wp-block-file\"><a id=\"wp-block-file--media-77980e93-90f2-47b4-816c-c317f190b05f\" href=\"https:\/\/aem.hr\/wp-content\/uploads\/2023\/02\/1.-Desecima-neosnovanih-tuzbi.pdf\">1. Desecima neosnovanih tu\u017ebi<\/a><a href=\"https:\/\/aem.hr\/wp-content\/uploads\/2023\/02\/1.-Desecima-neosnovanih-tuzbi.pdf\" class=\"wp-block-file__button wp-element-button\" download aria-describedby=\"wp-block-file--media-77980e93-90f2-47b4-816c-c317f190b05f\">Preuzimanje<\/a><\/div>\n\n\n\n<div class=\"wp-block-file\"><a id=\"wp-block-file--media-1d4e52a3-617b-4b53-b10a-a554e8688824\" href=\"https:\/\/aem.hr\/wp-content\/uploads\/2023\/02\/2.-Kao-potpredsjednik-Sabora.pdf\">2. Kao potpredsjednik Sabora<\/a><a href=\"https:\/\/aem.hr\/wp-content\/uploads\/2023\/02\/2.-Kao-potpredsjednik-Sabora.pdf\" class=\"wp-block-file__button wp-element-button\" download aria-describedby=\"wp-block-file--media-1d4e52a3-617b-4b53-b10a-a554e8688824\">Preuzimanje<\/a><\/div>\n\n\n\n<div class=\"wp-block-file\"><a id=\"wp-block-file--media-d4aa5abc-0d43-4a23-aad1-bfea7a242443\" href=\"https:\/\/aem.hr\/wp-content\/uploads\/2023\/02\/3.-Tek-je-Europski-sud.pdf\">3. Tek je Europski sud<\/a><a href=\"https:\/\/aem.hr\/wp-content\/uploads\/2023\/02\/3.-Tek-je-Europski-sud.pdf\" class=\"wp-block-file__button wp-element-button\" download aria-describedby=\"wp-block-file--media-d4aa5abc-0d43-4a23-aad1-bfea7a242443\">Preuzimanje<\/a><\/div>\n\n\n\n<div class=\"wp-block-file\"><a id=\"wp-block-file--media-b3f62cba-67b9-4d65-8292-3d7b2e1e5a10\" href=\"https:\/\/aem.hr\/wp-content\/uploads\/2023\/02\/4.-HRT-je-tuzio-vlastite-novinare.pdf\">4. HRT je tu\u017eio vlastite novinare<\/a><a href=\"https:\/\/aem.hr\/wp-content\/uploads\/2023\/02\/4.-HRT-je-tuzio-vlastite-novinare.pdf\" class=\"wp-block-file__button wp-element-button\" download aria-describedby=\"wp-block-file--media-b3f62cba-67b9-4d65-8292-3d7b2e1e5a10\">Preuzimanje<\/a><\/div>\n\n\n\n<p><\/p>\n","protected":false},"excerpt":{"rendered":"","protected":false},"author":18,"featured_media":0,"parent":0,"menu_order":0,"comment_status":"closed","ping_status":"closed","template":"","meta":{"_acf_changed":false,"inline_featured_image":false,"advgb_blocks_editor_width":"","advgb_blocks_columns_visual_guide":"","_links_to":"","_links_to_type":0,"footnotes":""},"class_list":["post-15576","page","type-page","status-publish","hentry"],"acf":[],"yoast_head":"<!-- This site is optimized with the Yoast SEO plugin v25.7 - https:\/\/yoast.com\/wordpress\/plugins\/seo\/ -->\n<title>Sa\u0161a Paparella - &quot;SLAPP tu\u017ebe - zlouporaba pravosu\u0111a kojom mo\u0107nici poku\u0161avaju u\u0161utkati medije&quot; - Agencija za elektroni\u010dke medije<\/title>\n<meta name=\"robots\" content=\"index, follow, max-snippet:-1, max-image-preview:large, max-video-preview:-1\" \/>\n<link rel=\"canonical\" href=\"https:\/\/aem.hr\/sasa-paparella-slapp-tuzbe-zlouporaba-pravosuda-kojom-mocnici-pokusavaju-usutkati-medije\/\" \/>\n<meta property=\"og:locale\" content=\"en_US\" \/>\n<meta property=\"og:type\" content=\"article\" \/>\n<meta property=\"og:title\" content=\"Sa\u0161a Paparella - &quot;SLAPP tu\u017ebe - zlouporaba pravosu\u0111a kojom mo\u0107nici poku\u0161avaju u\u0161utkati medije&quot; - Agencija za elektroni\u010dke medije\" \/>\n<meta property=\"og:url\" content=\"https:\/\/aem.hr\/sasa-paparella-slapp-tuzbe-zlouporaba-pravosuda-kojom-mocnici-pokusavaju-usutkati-medije\/\" \/>\n<meta property=\"og:site_name\" content=\"Agencija za elektroni\u010dke medije\" \/>\n<meta property=\"article:modified_time\" content=\"2023-02-14T12:39:42+00:00\" \/>\n<meta name=\"twitter:card\" content=\"summary_large_image\" \/>\n<meta name=\"twitter:label1\" content=\"Est. reading time\" \/>\n\t<meta name=\"twitter:data1\" content=\"1 minute\" \/>\n<script type=\"application\/ld+json\" class=\"yoast-schema-graph\">{\"@context\":\"https:\/\/schema.org\",\"@graph\":[{\"@type\":\"WebPage\",\"@id\":\"https:\/\/aem.hr\/sasa-paparella-slapp-tuzbe-zlouporaba-pravosuda-kojom-mocnici-pokusavaju-usutkati-medije\/\",\"url\":\"https:\/\/aem.hr\/sasa-paparella-slapp-tuzbe-zlouporaba-pravosuda-kojom-mocnici-pokusavaju-usutkati-medije\/\",\"name\":\"Sa\u0161a Paparella - \\\"SLAPP tu\u017ebe - zlouporaba pravosu\u0111a kojom mo\u0107nici poku\u0161avaju u\u0161utkati medije\\\" - Agencija za elektroni\u010dke medije\",\"isPartOf\":{\"@id\":\"https:\/\/aem.hr\/#website\"},\"datePublished\":\"2023-02-14T12:39:41+00:00\",\"dateModified\":\"2023-02-14T12:39:42+00:00\",\"breadcrumb\":{\"@id\":\"https:\/\/aem.hr\/sasa-paparella-slapp-tuzbe-zlouporaba-pravosuda-kojom-mocnici-pokusavaju-usutkati-medije\/#breadcrumb\"},\"inLanguage\":\"en-US\",\"potentialAction\":[{\"@type\":\"ReadAction\",\"target\":[\"https:\/\/aem.hr\/sasa-paparella-slapp-tuzbe-zlouporaba-pravosuda-kojom-mocnici-pokusavaju-usutkati-medije\/\"]}]},{\"@type\":\"BreadcrumbList\",\"@id\":\"https:\/\/aem.hr\/sasa-paparella-slapp-tuzbe-zlouporaba-pravosuda-kojom-mocnici-pokusavaju-usutkati-medije\/#breadcrumb\",\"itemListElement\":[{\"@type\":\"ListItem\",\"position\":1,\"name\":\"Po\u010detna stranica\",\"item\":\"https:\/\/aem.hr\/\"},{\"@type\":\"ListItem\",\"position\":2,\"name\":\"Sa\u0161a Paparella &#8211; &#8220;SLAPP tu\u017ebe &#8211; zlouporaba pravosu\u0111a kojom mo\u0107nici poku\u0161avaju u\u0161utkati medije&#8221;\"}]},{\"@type\":\"WebSite\",\"@id\":\"https:\/\/aem.hr\/#website\",\"url\":\"https:\/\/aem.hr\/\",\"name\":\"Agencija za elektroni\u010dke medije\",\"description\":\"\",\"potentialAction\":[{\"@type\":\"SearchAction\",\"target\":{\"@type\":\"EntryPoint\",\"urlTemplate\":\"https:\/\/aem.hr\/?s={search_term_string}\"},\"query-input\":{\"@type\":\"PropertyValueSpecification\",\"valueRequired\":true,\"valueName\":\"search_term_string\"}}],\"inLanguage\":\"en-US\"}]}<\/script>\n<!-- \/ Yoast SEO plugin. -->","yoast_head_json":{"title":"Sa\u0161a Paparella - \"SLAPP tu\u017ebe - zlouporaba pravosu\u0111a kojom mo\u0107nici poku\u0161avaju u\u0161utkati medije\" - Agencija za elektroni\u010dke medije","robots":{"index":"index","follow":"follow","max-snippet":"max-snippet:-1","max-image-preview":"max-image-preview:large","max-video-preview":"max-video-preview:-1"},"canonical":"https:\/\/aem.hr\/sasa-paparella-slapp-tuzbe-zlouporaba-pravosuda-kojom-mocnici-pokusavaju-usutkati-medije\/","og_locale":"en_US","og_type":"article","og_title":"Sa\u0161a Paparella - \"SLAPP tu\u017ebe - zlouporaba pravosu\u0111a kojom mo\u0107nici poku\u0161avaju u\u0161utkati medije\" - Agencija za elektroni\u010dke medije","og_url":"https:\/\/aem.hr\/sasa-paparella-slapp-tuzbe-zlouporaba-pravosuda-kojom-mocnici-pokusavaju-usutkati-medije\/","og_site_name":"Agencija za elektroni\u010dke medije","article_modified_time":"2023-02-14T12:39:42+00:00","twitter_card":"summary_large_image","twitter_misc":{"Est. reading time":"1 minute"},"schema":{"@context":"https:\/\/schema.org","@graph":[{"@type":"WebPage","@id":"https:\/\/aem.hr\/sasa-paparella-slapp-tuzbe-zlouporaba-pravosuda-kojom-mocnici-pokusavaju-usutkati-medije\/","url":"https:\/\/aem.hr\/sasa-paparella-slapp-tuzbe-zlouporaba-pravosuda-kojom-mocnici-pokusavaju-usutkati-medije\/","name":"Sa\u0161a Paparella - \"SLAPP tu\u017ebe - zlouporaba pravosu\u0111a kojom mo\u0107nici poku\u0161avaju u\u0161utkati medije\" - Agencija za elektroni\u010dke medije","isPartOf":{"@id":"https:\/\/aem.hr\/#website"},"datePublished":"2023-02-14T12:39:41+00:00","dateModified":"2023-02-14T12:39:42+00:00","breadcrumb":{"@id":"https:\/\/aem.hr\/sasa-paparella-slapp-tuzbe-zlouporaba-pravosuda-kojom-mocnici-pokusavaju-usutkati-medije\/#breadcrumb"},"inLanguage":"en-US","potentialAction":[{"@type":"ReadAction","target":["https:\/\/aem.hr\/sasa-paparella-slapp-tuzbe-zlouporaba-pravosuda-kojom-mocnici-pokusavaju-usutkati-medije\/"]}]},{"@type":"BreadcrumbList","@id":"https:\/\/aem.hr\/sasa-paparella-slapp-tuzbe-zlouporaba-pravosuda-kojom-mocnici-pokusavaju-usutkati-medije\/#breadcrumb","itemListElement":[{"@type":"ListItem","position":1,"name":"Po\u010detna stranica","item":"https:\/\/aem.hr\/"},{"@type":"ListItem","position":2,"name":"Sa\u0161a Paparella &#8211; &#8220;SLAPP tu\u017ebe &#8211; zlouporaba pravosu\u0111a kojom mo\u0107nici poku\u0161avaju u\u0161utkati medije&#8221;"}]},{"@type":"WebSite","@id":"https:\/\/aem.hr\/#website","url":"https:\/\/aem.hr\/","name":"Agencija za elektroni\u010dke medije","description":"","potentialAction":[{"@type":"SearchAction","target":{"@type":"EntryPoint","urlTemplate":"https:\/\/aem.hr\/?s={search_term_string}"},"query-input":{"@type":"PropertyValueSpecification","valueRequired":true,"valueName":"search_term_string"}}],"inLanguage":"en-US"}]}},"coauthors":[],"author_meta":{"author_link":"https:\/\/aem.hr\/en\/blog\/author\/mkirac\/","display_name":"Matko Kirac"},"relative_dates":{"created":"Posted 3 years ago","modified":"Updated 3 years ago"},"absolute_dates":{"created":"Posted on 14. February 2023.","modified":"Updated on 14. February 2023."},"absolute_dates_time":{"created":"Posted on 14. February 2023. 13:39","modified":"Updated on 14. February 2023. 13:39"},"featured_img_caption":"","featured_img":false,"series_order":"","_links":{"self":[{"href":"https:\/\/aem.hr\/en\/wp-json\/wp\/v2\/pages\/15576","targetHints":{"allow":["GET"]}}],"collection":[{"href":"https:\/\/aem.hr\/en\/wp-json\/wp\/v2\/pages"}],"about":[{"href":"https:\/\/aem.hr\/en\/wp-json\/wp\/v2\/types\/page"}],"author":[{"embeddable":true,"href":"https:\/\/aem.hr\/en\/wp-json\/wp\/v2\/users\/18"}],"replies":[{"embeddable":true,"href":"https:\/\/aem.hr\/en\/wp-json\/wp\/v2\/comments?post=15576"}],"version-history":[{"count":1,"href":"https:\/\/aem.hr\/en\/wp-json\/wp\/v2\/pages\/15576\/revisions"}],"predecessor-version":[{"id":15585,"href":"https:\/\/aem.hr\/en\/wp-json\/wp\/v2\/pages\/15576\/revisions\/15585"}],"wp:attachment":[{"href":"https:\/\/aem.hr\/en\/wp-json\/wp\/v2\/media?parent=15576"}],"curies":[{"name":"wp","href":"https:\/\/api.w.org\/{rel}","templated":true}]}}