{"id":15599,"date":"2023-02-14T13:46:15","date_gmt":"2023-02-14T12:46:15","guid":{"rendered":"http:\/\/aem.hr\/?page_id=15599"},"modified":"2023-02-14T13:46:16","modified_gmt":"2023-02-14T12:46:16","slug":"zeljko-buksa-hoce-li-nuklearke-od-atomske-bombe-postati-rjesenje","status":"publish","type":"page","link":"https:\/\/aem.hr\/en\/zeljko-buksa-hoce-li-nuklearke-od-atomske-bombe-postati-rjesenje\/","title":{"rendered":"\u017deljko Buk\u0161a &#8211; Ho\u0107e li nuklearke od \u201eatomske bombe\u201c postati rje\u0161enje?"},"content":{"rendered":"\n<div class=\"wp-block-file\"><a id=\"wp-block-file--media-93396f58-665b-4475-a76a-c2b47a4b31af\" href=\"https:\/\/aem.hr\/wp-content\/uploads\/2023\/02\/1.-Hoce-li-nuklearke-od-atomske-bombe.pdf\">1. Ho\u0107e li nuklearke od atomske bombe<\/a><a href=\"https:\/\/aem.hr\/wp-content\/uploads\/2023\/02\/1.-Hoce-li-nuklearke-od-atomske-bombe.pdf\" class=\"wp-block-file__button wp-element-button\" download aria-describedby=\"wp-block-file--media-93396f58-665b-4475-a76a-c2b47a4b31af\">Preuzimanje<\/a><\/div>\n\n\n\n<div class=\"wp-block-file\"><a id=\"wp-block-file--media-75297b47-c870-4a97-bb87-3273f2d9a585\" href=\"https:\/\/aem.hr\/wp-content\/uploads\/2023\/02\/2.-Zbog-energetske-krize-i-klime.pdf\">2. Zbog energetske krize i klime<\/a><a href=\"https:\/\/aem.hr\/wp-content\/uploads\/2023\/02\/2.-Zbog-energetske-krize-i-klime.pdf\" class=\"wp-block-file__button wp-element-button\" download aria-describedby=\"wp-block-file--media-75297b47-c870-4a97-bb87-3273f2d9a585\">Preuzimanje<\/a><\/div>\n\n\n\n<div class=\"wp-block-file\"><a id=\"wp-block-file--media-88ef5b88-1d83-4b32-a874-5e69e1e8cac3\" href=\"https:\/\/aem.hr\/wp-content\/uploads\/2023\/02\/3.-EU-Nuklearke-su-okolisno-odrzive.pdf\">3. EU &#8211; Nuklearke su okoli\u0161no odr\u017eive<\/a><a href=\"https:\/\/aem.hr\/wp-content\/uploads\/2023\/02\/3.-EU-Nuklearke-su-okolisno-odrzive.pdf\" class=\"wp-block-file__button wp-element-button\" download aria-describedby=\"wp-block-file--media-88ef5b88-1d83-4b32-a874-5e69e1e8cac3\">Preuzimanje<\/a><\/div>\n\n\n\n<div class=\"wp-block-file\"><a id=\"wp-block-file--media-36704037-5c7a-4652-bd93-dca8247fd3da\" href=\"https:\/\/aem.hr\/wp-content\/uploads\/2023\/02\/4.-Nuklearke-i-obnovljivi-izvori.pdf\">4. Nuklearke i obnovljivi izvori<\/a><a href=\"https:\/\/aem.hr\/wp-content\/uploads\/2023\/02\/4.-Nuklearke-i-obnovljivi-izvori.pdf\" class=\"wp-block-file__button wp-element-button\" download aria-describedby=\"wp-block-file--media-36704037-5c7a-4652-bd93-dca8247fd3da\">Preuzimanje<\/a><\/div>\n\n\n\n<div class=\"wp-block-file\"><a id=\"wp-block-file--media-52b56bad-9644-4798-bbb3-8c31bf579b8a\" href=\"https:\/\/aem.hr\/wp-content\/uploads\/2023\/02\/5.-Elektricna-energija-iz-obnovljivih-izvora.pdf\">5. Elektri\u010dna energija iz obnovljivih izvora<\/a><a href=\"https:\/\/aem.hr\/wp-content\/uploads\/2023\/02\/5.-Elektricna-energija-iz-obnovljivih-izvora.pdf\" class=\"wp-block-file__button wp-element-button\" download aria-describedby=\"wp-block-file--media-52b56bad-9644-4798-bbb3-8c31bf579b8a\">Preuzimanje<\/a><\/div>\n\n\n\n<div class=\"wp-block-file\"><a id=\"wp-block-file--media-da001d02-670b-4c2e-915b-ef7ec33641f7\" href=\"https:\/\/aem.hr\/wp-content\/uploads\/2023\/02\/6.-Hoce-li-Hrvatska-biti-partner.pdf\">6. Ho\u0107e li Hrvatska biti partner<\/a><a href=\"https:\/\/aem.hr\/wp-content\/uploads\/2023\/02\/6.-Hoce-li-Hrvatska-biti-partner.pdf\" class=\"wp-block-file__button wp-element-button\" download aria-describedby=\"wp-block-file--media-da001d02-670b-4c2e-915b-ef7ec33641f7\">Preuzimanje<\/a><\/div>\n\n\n\n<div class=\"wp-block-file\"><a id=\"wp-block-file--media-254db80c-6858-46e2-a8fd-a40def2d035d\" href=\"https:\/\/aem.hr\/wp-content\/uploads\/2023\/02\/7.-Hoce-li-fuzija-u-buducnosti.pdf\">7. Ho\u0107e li fuzija u budu\u0107nosti<\/a><a href=\"https:\/\/aem.hr\/wp-content\/uploads\/2023\/02\/7.-Hoce-li-fuzija-u-buducnosti.pdf\" class=\"wp-block-file__button wp-element-button\" download aria-describedby=\"wp-block-file--media-254db80c-6858-46e2-a8fd-a40def2d035d\">Preuzimanje<\/a><\/div>\n\n\n\n<p><\/p>\n","protected":false},"excerpt":{"rendered":"","protected":false},"author":18,"featured_media":0,"parent":0,"menu_order":0,"comment_status":"closed","ping_status":"closed","template":"","meta":{"_acf_changed":false,"inline_featured_image":false,"advgb_blocks_editor_width":"","advgb_blocks_columns_visual_guide":"","_links_to":"","_links_to_type":0,"footnotes":""},"class_list":["post-15599","page","type-page","status-publish","hentry"],"acf":[],"yoast_head":"<!-- This site is optimized with the Yoast SEO plugin v25.7 - https:\/\/yoast.com\/wordpress\/plugins\/seo\/ -->\n<title>\u017deljko Buk\u0161a - Ho\u0107e li nuklearke od \u201eatomske bombe\u201c postati rje\u0161enje? - Agencija za elektroni\u010dke medije<\/title>\n<meta name=\"robots\" content=\"index, follow, max-snippet:-1, max-image-preview:large, max-video-preview:-1\" \/>\n<link rel=\"canonical\" href=\"https:\/\/aem.hr\/zeljko-buksa-hoce-li-nuklearke-od-atomske-bombe-postati-rjesenje\/\" \/>\n<meta property=\"og:locale\" content=\"en_US\" \/>\n<meta property=\"og:type\" content=\"article\" \/>\n<meta property=\"og:title\" content=\"\u017deljko Buk\u0161a - Ho\u0107e li nuklearke od \u201eatomske bombe\u201c postati rje\u0161enje? - Agencija za elektroni\u010dke medije\" \/>\n<meta property=\"og:url\" content=\"https:\/\/aem.hr\/zeljko-buksa-hoce-li-nuklearke-od-atomske-bombe-postati-rjesenje\/\" \/>\n<meta property=\"og:site_name\" content=\"Agencija za elektroni\u010dke medije\" \/>\n<meta property=\"article:modified_time\" content=\"2023-02-14T12:46:16+00:00\" \/>\n<meta name=\"twitter:card\" content=\"summary_large_image\" \/>\n<meta name=\"twitter:label1\" content=\"Est. reading time\" \/>\n\t<meta name=\"twitter:data1\" content=\"1 minute\" \/>\n<script type=\"application\/ld+json\" class=\"yoast-schema-graph\">{\"@context\":\"https:\/\/schema.org\",\"@graph\":[{\"@type\":\"WebPage\",\"@id\":\"https:\/\/aem.hr\/zeljko-buksa-hoce-li-nuklearke-od-atomske-bombe-postati-rjesenje\/\",\"url\":\"https:\/\/aem.hr\/zeljko-buksa-hoce-li-nuklearke-od-atomske-bombe-postati-rjesenje\/\",\"name\":\"\u017deljko Buk\u0161a - Ho\u0107e li nuklearke od \u201eatomske bombe\u201c postati rje\u0161enje? - Agencija za elektroni\u010dke medije\",\"isPartOf\":{\"@id\":\"https:\/\/aem.hr\/#website\"},\"datePublished\":\"2023-02-14T12:46:15+00:00\",\"dateModified\":\"2023-02-14T12:46:16+00:00\",\"breadcrumb\":{\"@id\":\"https:\/\/aem.hr\/zeljko-buksa-hoce-li-nuklearke-od-atomske-bombe-postati-rjesenje\/#breadcrumb\"},\"inLanguage\":\"en-US\",\"potentialAction\":[{\"@type\":\"ReadAction\",\"target\":[\"https:\/\/aem.hr\/zeljko-buksa-hoce-li-nuklearke-od-atomske-bombe-postati-rjesenje\/\"]}]},{\"@type\":\"BreadcrumbList\",\"@id\":\"https:\/\/aem.hr\/zeljko-buksa-hoce-li-nuklearke-od-atomske-bombe-postati-rjesenje\/#breadcrumb\",\"itemListElement\":[{\"@type\":\"ListItem\",\"position\":1,\"name\":\"Po\u010detna stranica\",\"item\":\"https:\/\/aem.hr\/\"},{\"@type\":\"ListItem\",\"position\":2,\"name\":\"\u017deljko Buk\u0161a &#8211; Ho\u0107e li nuklearke od \u201eatomske bombe\u201c postati rje\u0161enje?\"}]},{\"@type\":\"WebSite\",\"@id\":\"https:\/\/aem.hr\/#website\",\"url\":\"https:\/\/aem.hr\/\",\"name\":\"Agencija za elektroni\u010dke medije\",\"description\":\"\",\"potentialAction\":[{\"@type\":\"SearchAction\",\"target\":{\"@type\":\"EntryPoint\",\"urlTemplate\":\"https:\/\/aem.hr\/?s={search_term_string}\"},\"query-input\":{\"@type\":\"PropertyValueSpecification\",\"valueRequired\":true,\"valueName\":\"search_term_string\"}}],\"inLanguage\":\"en-US\"}]}<\/script>\n<!-- \/ Yoast SEO plugin. -->","yoast_head_json":{"title":"\u017deljko Buk\u0161a - Ho\u0107e li nuklearke od \u201eatomske bombe\u201c postati rje\u0161enje? - Agencija za elektroni\u010dke medije","robots":{"index":"index","follow":"follow","max-snippet":"max-snippet:-1","max-image-preview":"max-image-preview:large","max-video-preview":"max-video-preview:-1"},"canonical":"https:\/\/aem.hr\/zeljko-buksa-hoce-li-nuklearke-od-atomske-bombe-postati-rjesenje\/","og_locale":"en_US","og_type":"article","og_title":"\u017deljko Buk\u0161a - Ho\u0107e li nuklearke od \u201eatomske bombe\u201c postati rje\u0161enje? - Agencija za elektroni\u010dke medije","og_url":"https:\/\/aem.hr\/zeljko-buksa-hoce-li-nuklearke-od-atomske-bombe-postati-rjesenje\/","og_site_name":"Agencija za elektroni\u010dke medije","article_modified_time":"2023-02-14T12:46:16+00:00","twitter_card":"summary_large_image","twitter_misc":{"Est. reading time":"1 minute"},"schema":{"@context":"https:\/\/schema.org","@graph":[{"@type":"WebPage","@id":"https:\/\/aem.hr\/zeljko-buksa-hoce-li-nuklearke-od-atomske-bombe-postati-rjesenje\/","url":"https:\/\/aem.hr\/zeljko-buksa-hoce-li-nuklearke-od-atomske-bombe-postati-rjesenje\/","name":"\u017deljko Buk\u0161a - Ho\u0107e li nuklearke od \u201eatomske bombe\u201c postati rje\u0161enje? - Agencija za elektroni\u010dke medije","isPartOf":{"@id":"https:\/\/aem.hr\/#website"},"datePublished":"2023-02-14T12:46:15+00:00","dateModified":"2023-02-14T12:46:16+00:00","breadcrumb":{"@id":"https:\/\/aem.hr\/zeljko-buksa-hoce-li-nuklearke-od-atomske-bombe-postati-rjesenje\/#breadcrumb"},"inLanguage":"en-US","potentialAction":[{"@type":"ReadAction","target":["https:\/\/aem.hr\/zeljko-buksa-hoce-li-nuklearke-od-atomske-bombe-postati-rjesenje\/"]}]},{"@type":"BreadcrumbList","@id":"https:\/\/aem.hr\/zeljko-buksa-hoce-li-nuklearke-od-atomske-bombe-postati-rjesenje\/#breadcrumb","itemListElement":[{"@type":"ListItem","position":1,"name":"Po\u010detna stranica","item":"https:\/\/aem.hr\/"},{"@type":"ListItem","position":2,"name":"\u017deljko Buk\u0161a &#8211; Ho\u0107e li nuklearke od \u201eatomske bombe\u201c postati rje\u0161enje?"}]},{"@type":"WebSite","@id":"https:\/\/aem.hr\/#website","url":"https:\/\/aem.hr\/","name":"Agencija za elektroni\u010dke medije","description":"","potentialAction":[{"@type":"SearchAction","target":{"@type":"EntryPoint","urlTemplate":"https:\/\/aem.hr\/?s={search_term_string}"},"query-input":{"@type":"PropertyValueSpecification","valueRequired":true,"valueName":"search_term_string"}}],"inLanguage":"en-US"}]}},"coauthors":[],"author_meta":{"author_link":"https:\/\/aem.hr\/en\/blog\/author\/mkirac\/","display_name":"Matko Kirac"},"relative_dates":{"created":"Posted 3 years ago","modified":"Updated 3 years ago"},"absolute_dates":{"created":"Posted on 14. February 2023.","modified":"Updated on 14. February 2023."},"absolute_dates_time":{"created":"Posted on 14. February 2023. 13:46","modified":"Updated on 14. February 2023. 13:46"},"featured_img_caption":"","featured_img":false,"series_order":"","_links":{"self":[{"href":"https:\/\/aem.hr\/en\/wp-json\/wp\/v2\/pages\/15599","targetHints":{"allow":["GET"]}}],"collection":[{"href":"https:\/\/aem.hr\/en\/wp-json\/wp\/v2\/pages"}],"about":[{"href":"https:\/\/aem.hr\/en\/wp-json\/wp\/v2\/types\/page"}],"author":[{"embeddable":true,"href":"https:\/\/aem.hr\/en\/wp-json\/wp\/v2\/users\/18"}],"replies":[{"embeddable":true,"href":"https:\/\/aem.hr\/en\/wp-json\/wp\/v2\/comments?post=15599"}],"version-history":[{"count":1,"href":"https:\/\/aem.hr\/en\/wp-json\/wp\/v2\/pages\/15599\/revisions"}],"predecessor-version":[{"id":15614,"href":"https:\/\/aem.hr\/en\/wp-json\/wp\/v2\/pages\/15599\/revisions\/15614"}],"wp:attachment":[{"href":"https:\/\/aem.hr\/en\/wp-json\/wp\/v2\/media?parent=15599"}],"curies":[{"name":"wp","href":"https:\/\/api.w.org\/{rel}","templated":true}]}}